{"id":41138,"date":"2020-07-15T10:45:12","date_gmt":"2020-07-15T08:45:12","guid":{"rendered":"https:\/\/dellaroveregioielli.it\/non class\u00e9\/pendentif-agate-violette-avec-argent\/"},"modified":"2020-07-15T10:45:12","modified_gmt":"2020-07-15T08:45:12","slug":"pendentif-agate-violette-avec-argent","status":"publish","type":"product","link":"https:\/\/dellaroveregioielli.it\/fr\/pendentifs-en-pierres-semi-dures\/pendentif-agate-violette-avec-argent\/","title":{"rendered":"Pendentif Agate violette avec argent"},"content":{"rendered":"<p>Pendentif en agate violette arrondie, mont\u00e9 sur argent 925\u2030 rhodi\u00e9. Collier en argent vendu s\u00e9par\u00e9ment.<\/p>\n<p><em>Dimensions 3,7&#215;2,2 cm<\/em><\/p>","protected":false},"excerpt":{"rendered":"<p>Pendentif en agate violette arrondie, mont\u00e9 sur argent 925\u2030 rhodi\u00e9. Collier en argent vendu s\u00e9par\u00e9ment. Dimensions 3,7&#215;2,2 cm<\/p>","protected":false},"featured_media":14215,"comment_status":"open","ping_status":"closed","template":"","meta":[],"product_brand":[],"product_cat":[757,707,925,926],"product_tag":[],"class_list":{"0":"post-41138","1":"product","2":"type-product","3":"status-publish","4":"has-post-thumbnail","6":"product_cat-bijoux-en-argent","7":"product_cat-bijoux-en-pierres-dures","8":"product_cat-pendentifs","9":"product_cat-pendentifs-en-pierres-semi-dures","11":"first","12":"instock","13":"sale","14":"sold-individually","15":"taxable","16":"shipping-taxable","17":"purchasable","18":"product-type-simple"},"yoast_head":"<!-- This site is optimized with the Yoast SEO plugin v27.3 - https:\/\/yoast.com\/product\/yoast-seo-wordpress\/ -->\n<title>Pendentif Agate violette avec argent - Della Rovere<\/title>\n<meta name=\"description\" content=\"Pendentif en Agate violette avec argent. Produits artisanaux fabriqu\u00e9s en Italie. D\u00e9couvrez notre catalogue en ligne. Livraison rapide ! Coupon de r\u00e9duction pour le premier achat.\" \/>\n<meta name=\"robots\" content=\"index, follow, max-snippet:-1, max-image-preview:large, max-video-preview:-1\" \/>\n<link rel=\"canonical\" href=\"https:\/\/dellaroveregioielli.it\/fr\/pendentifs-en-pierres-semi-dures\/pendentif-agate-violette-avec-argent\/\" \/>\n<meta property=\"og:locale\" content=\"fr_FR\" \/>\n<meta property=\"og:type\" content=\"article\" \/>\n<meta property=\"og:title\" content=\"Pendentif Agate violette avec argent - Della Rovere\" \/>\n<meta property=\"og:description\" content=\"Pendentif en Agate violette avec argent. Produits artisanaux fabriqu\u00e9s en Italie. D\u00e9couvrez notre catalogue en ligne. Livraison rapide ! Coupon de r\u00e9duction pour le premier achat.\" \/>\n<meta property=\"og:url\" content=\"https:\/\/dellaroveregioielli.it\/fr\/pendentifs-en-pierres-semi-dures\/pendentif-agate-violette-avec-argent\/\" \/>\n<meta property=\"og:site_name\" content=\"Della Rovere\" \/>\n<meta property=\"og:image\" content=\"https:\/\/dellaroveregioielli.it\/wp-content\/uploads\/2022\/10\/PS72.jpg\" \/>\n\t<meta property=\"og:image:width\" content=\"2000\" \/>\n\t<meta property=\"og:image:height\" content=\"2000\" \/>\n\t<meta property=\"og:image:type\" content=\"image\/jpeg\" \/>\n<script type=\"application\/ld+json\" class=\"yoast-schema-graph\">{\"@context\":\"https:\\\/\\\/schema.org\",\"@graph\":[{\"@type\":\"WebPage\",\"@id\":\"https:\\\/\\\/dellaroveregioielli.it\\\/fr\\\/pendentifs-en-pierres-semi-dures\\\/pendentif-agate-violette-avec-argent\\\/\",\"url\":\"https:\\\/\\\/dellaroveregioielli.it\\\/fr\\\/pendentifs-en-pierres-semi-dures\\\/pendentif-agate-violette-avec-argent\\\/\",\"name\":\"Pendentif Agate violette avec argent - Della Rovere\",\"isPartOf\":{\"@id\":\"https:\\\/\\\/dellaroveregioielli.it\\\/fr\\\/#website\"},\"primaryImageOfPage\":{\"@id\":\"https:\\\/\\\/dellaroveregioielli.it\\\/fr\\\/pendentifs-en-pierres-semi-dures\\\/pendentif-agate-violette-avec-argent\\\/#primaryimage\"},\"image\":{\"@id\":\"https:\\\/\\\/dellaroveregioielli.it\\\/fr\\\/pendentifs-en-pierres-semi-dures\\\/pendentif-agate-violette-avec-argent\\\/#primaryimage\"},\"thumbnailUrl\":\"https:\\\/\\\/dellaroveregioielli.it\\\/wp-content\\\/uploads\\\/2022\\\/10\\\/PS72.jpg\",\"datePublished\":\"2020-07-15T08:45:12+00:00\",\"description\":\"Pendentif en Agate violette avec argent. Produits artisanaux fabriqu\u00e9s en Italie. D\u00e9couvrez notre catalogue en ligne. Livraison rapide ! Coupon de r\u00e9duction pour le premier achat.\",\"breadcrumb\":{\"@id\":\"https:\\\/\\\/dellaroveregioielli.it\\\/fr\\\/pendentifs-en-pierres-semi-dures\\\/pendentif-agate-violette-avec-argent\\\/#breadcrumb\"},\"inLanguage\":\"fr-FR\",\"potentialAction\":[{\"@type\":\"ReadAction\",\"target\":[\"https:\\\/\\\/dellaroveregioielli.it\\\/fr\\\/pendentifs-en-pierres-semi-dures\\\/pendentif-agate-violette-avec-argent\\\/\"]}]},{\"@type\":\"ImageObject\",\"inLanguage\":\"fr-FR\",\"@id\":\"https:\\\/\\\/dellaroveregioielli.it\\\/fr\\\/pendentifs-en-pierres-semi-dures\\\/pendentif-agate-violette-avec-argent\\\/#primaryimage\",\"url\":\"https:\\\/\\\/dellaroveregioielli.it\\\/wp-content\\\/uploads\\\/2022\\\/10\\\/PS72.jpg\",\"contentUrl\":\"https:\\\/\\\/dellaroveregioielli.it\\\/wp-content\\\/uploads\\\/2022\\\/10\\\/PS72.jpg\",\"width\":2000,\"height\":2000,\"caption\":\"Ciondolo in Agata Viola con Argento\"},{\"@type\":\"BreadcrumbList\",\"@id\":\"https:\\\/\\\/dellaroveregioielli.it\\\/fr\\\/pendentifs-en-pierres-semi-dures\\\/pendentif-agate-violette-avec-argent\\\/#breadcrumb\",\"itemListElement\":[{\"@type\":\"ListItem\",\"position\":1,\"name\":\"Homepage\",\"item\":\"https:\\\/\\\/dellaroveregioielli.it\\\/fr\\\/\"},{\"@type\":\"ListItem\",\"position\":2,\"name\":\"Shop\",\"item\":\"https:\\\/\\\/dellaroveregioielli.it\\\/negozio\\\/\"},{\"@type\":\"ListItem\",\"position\":3,\"name\":\"Pendentif Agate violette avec argent\"}]},{\"@type\":\"WebSite\",\"@id\":\"https:\\\/\\\/dellaroveregioielli.it\\\/fr\\\/#website\",\"url\":\"https:\\\/\\\/dellaroveregioielli.it\\\/fr\\\/\",\"name\":\"Della Rovere\",\"description\":\"Gioielli in argento e pietre dure\",\"publisher\":{\"@id\":\"https:\\\/\\\/dellaroveregioielli.it\\\/fr\\\/#organization\"},\"potentialAction\":[{\"@type\":\"SearchAction\",\"target\":{\"@type\":\"EntryPoint\",\"urlTemplate\":\"https:\\\/\\\/dellaroveregioielli.it\\\/fr\\\/?s={search_term_string}\"},\"query-input\":{\"@type\":\"PropertyValueSpecification\",\"valueRequired\":true,\"valueName\":\"search_term_string\"}}],\"inLanguage\":\"fr-FR\"},{\"@type\":\"Organization\",\"@id\":\"https:\\\/\\\/dellaroveregioielli.it\\\/fr\\\/#organization\",\"name\":\"Della Rovere\",\"url\":\"https:\\\/\\\/dellaroveregioielli.it\\\/fr\\\/\",\"logo\":{\"@type\":\"ImageObject\",\"inLanguage\":\"fr-FR\",\"@id\":\"https:\\\/\\\/dellaroveregioielli.it\\\/fr\\\/#\\\/schema\\\/logo\\\/image\\\/\",\"url\":\"https:\\\/\\\/dellaroveregioielli.it\\\/wp-content\\\/uploads\\\/2020\\\/08\\\/logo-dellarovere-completo.png\",\"contentUrl\":\"https:\\\/\\\/dellaroveregioielli.it\\\/wp-content\\\/uploads\\\/2020\\\/08\\\/logo-dellarovere-completo.png\",\"width\":904,\"height\":199,\"caption\":\"Della Rovere\"},\"image\":{\"@id\":\"https:\\\/\\\/dellaroveregioielli.it\\\/fr\\\/#\\\/schema\\\/logo\\\/image\\\/\"}}]}<\/script>\n<!-- \/ Yoast SEO plugin. -->","yoast_head_json":{"title":"Pendentif Agate violette avec argent - Della Rovere","description":"Pendentif en Agate violette avec argent. Produits artisanaux fabriqu\u00e9s en Italie. D\u00e9couvrez notre catalogue en ligne. Livraison rapide ! Coupon de r\u00e9duction pour le premier achat.","robots":{"index":"index","follow":"follow","max-snippet":"max-snippet:-1","max-image-preview":"max-image-preview:large","max-video-preview":"max-video-preview:-1"},"canonical":"https:\/\/dellaroveregioielli.it\/fr\/pendentifs-en-pierres-semi-dures\/pendentif-agate-violette-avec-argent\/","og_locale":"fr_FR","og_type":"article","og_title":"Pendentif Agate violette avec argent - Della Rovere","og_description":"Pendentif en Agate violette avec argent. Produits artisanaux fabriqu\u00e9s en Italie. D\u00e9couvrez notre catalogue en ligne. Livraison rapide ! Coupon de r\u00e9duction pour le premier achat.","og_url":"https:\/\/dellaroveregioielli.it\/fr\/pendentifs-en-pierres-semi-dures\/pendentif-agate-violette-avec-argent\/","og_site_name":"Della Rovere","og_image":[{"width":2000,"height":2000,"url":"https:\/\/dellaroveregioielli.it\/wp-content\/uploads\/2022\/10\/PS72.jpg","type":"image\/jpeg"}],"schema":{"@context":"https:\/\/schema.org","@graph":[{"@type":"WebPage","@id":"https:\/\/dellaroveregioielli.it\/fr\/pendentifs-en-pierres-semi-dures\/pendentif-agate-violette-avec-argent\/","url":"https:\/\/dellaroveregioielli.it\/fr\/pendentifs-en-pierres-semi-dures\/pendentif-agate-violette-avec-argent\/","name":"Pendentif Agate violette avec argent - Della Rovere","isPartOf":{"@id":"https:\/\/dellaroveregioielli.it\/fr\/#website"},"primaryImageOfPage":{"@id":"https:\/\/dellaroveregioielli.it\/fr\/pendentifs-en-pierres-semi-dures\/pendentif-agate-violette-avec-argent\/#primaryimage"},"image":{"@id":"https:\/\/dellaroveregioielli.it\/fr\/pendentifs-en-pierres-semi-dures\/pendentif-agate-violette-avec-argent\/#primaryimage"},"thumbnailUrl":"https:\/\/dellaroveregioielli.it\/wp-content\/uploads\/2022\/10\/PS72.jpg","datePublished":"2020-07-15T08:45:12+00:00","description":"Pendentif en Agate violette avec argent. Produits artisanaux fabriqu\u00e9s en Italie. D\u00e9couvrez notre catalogue en ligne. Livraison rapide ! Coupon de r\u00e9duction pour le premier achat.","breadcrumb":{"@id":"https:\/\/dellaroveregioielli.it\/fr\/pendentifs-en-pierres-semi-dures\/pendentif-agate-violette-avec-argent\/#breadcrumb"},"inLanguage":"fr-FR","potentialAction":[{"@type":"ReadAction","target":["https:\/\/dellaroveregioielli.it\/fr\/pendentifs-en-pierres-semi-dures\/pendentif-agate-violette-avec-argent\/"]}]},{"@type":"ImageObject","inLanguage":"fr-FR","@id":"https:\/\/dellaroveregioielli.it\/fr\/pendentifs-en-pierres-semi-dures\/pendentif-agate-violette-avec-argent\/#primaryimage","url":"https:\/\/dellaroveregioielli.it\/wp-content\/uploads\/2022\/10\/PS72.jpg","contentUrl":"https:\/\/dellaroveregioielli.it\/wp-content\/uploads\/2022\/10\/PS72.jpg","width":2000,"height":2000,"caption":"Ciondolo in Agata Viola con Argento"},{"@type":"BreadcrumbList","@id":"https:\/\/dellaroveregioielli.it\/fr\/pendentifs-en-pierres-semi-dures\/pendentif-agate-violette-avec-argent\/#breadcrumb","itemListElement":[{"@type":"ListItem","position":1,"name":"Homepage","item":"https:\/\/dellaroveregioielli.it\/fr\/"},{"@type":"ListItem","position":2,"name":"Shop","item":"https:\/\/dellaroveregioielli.it\/negozio\/"},{"@type":"ListItem","position":3,"name":"Pendentif Agate violette avec argent"}]},{"@type":"WebSite","@id":"https:\/\/dellaroveregioielli.it\/fr\/#website","url":"https:\/\/dellaroveregioielli.it\/fr\/","name":"Della Rovere","description":"Gioielli in argento e pietre dure","publisher":{"@id":"https:\/\/dellaroveregioielli.it\/fr\/#organization"},"potentialAction":[{"@type":"SearchAction","target":{"@type":"EntryPoint","urlTemplate":"https:\/\/dellaroveregioielli.it\/fr\/?s={search_term_string}"},"query-input":{"@type":"PropertyValueSpecification","valueRequired":true,"valueName":"search_term_string"}}],"inLanguage":"fr-FR"},{"@type":"Organization","@id":"https:\/\/dellaroveregioielli.it\/fr\/#organization","name":"Della Rovere","url":"https:\/\/dellaroveregioielli.it\/fr\/","logo":{"@type":"ImageObject","inLanguage":"fr-FR","@id":"https:\/\/dellaroveregioielli.it\/fr\/#\/schema\/logo\/image\/","url":"https:\/\/dellaroveregioielli.it\/wp-content\/uploads\/2020\/08\/logo-dellarovere-completo.png","contentUrl":"https:\/\/dellaroveregioielli.it\/wp-content\/uploads\/2020\/08\/logo-dellarovere-completo.png","width":904,"height":199,"caption":"Della Rovere"},"image":{"@id":"https:\/\/dellaroveregioielli.it\/fr\/#\/schema\/logo\/image\/"}}]}},"_links":{"self":[{"href":"https:\/\/dellaroveregioielli.it\/fr\/wp-json\/wp\/v2\/product\/41138","targetHints":{"allow":["GET"]}}],"collection":[{"href":"https:\/\/dellaroveregioielli.it\/fr\/wp-json\/wp\/v2\/product"}],"about":[{"href":"https:\/\/dellaroveregioielli.it\/fr\/wp-json\/wp\/v2\/types\/product"}],"replies":[{"embeddable":true,"href":"https:\/\/dellaroveregioielli.it\/fr\/wp-json\/wp\/v2\/comments?post=41138"}],"version-history":[{"count":0,"href":"https:\/\/dellaroveregioielli.it\/fr\/wp-json\/wp\/v2\/product\/41138\/revisions"}],"wp:featuredmedia":[{"embeddable":true,"href":"https:\/\/dellaroveregioielli.it\/fr\/wp-json\/wp\/v2\/media\/14215"}],"wp:attachment":[{"href":"https:\/\/dellaroveregioielli.it\/fr\/wp-json\/wp\/v2\/media?parent=41138"}],"wp:term":[{"taxonomy":"product_brand","embeddable":true,"href":"https:\/\/dellaroveregioielli.it\/fr\/wp-json\/wp\/v2\/product_brand?post=41138"},{"taxonomy":"product_cat","embeddable":true,"href":"https:\/\/dellaroveregioielli.it\/fr\/wp-json\/wp\/v2\/product_cat?post=41138"},{"taxonomy":"product_tag","embeddable":true,"href":"https:\/\/dellaroveregioielli.it\/fr\/wp-json\/wp\/v2\/product_tag?post=41138"}],"curies":[{"name":"wp","href":"https:\/\/api.w.org\/{rel}","templated":true}]}}