{"id":41014,"date":"2020-07-08T17:56:32","date_gmt":"2020-07-08T15:56:32","guid":{"rendered":"https:\/\/dellaroveregioielli.it\/non class\u00e9\/collier-a-six-brins-compose-de-rhodochrosite-dagate-de-feu-de-pierre-de-lune-et-de-quartz-hematoide-avec-piece-dargent-artisanale\/"},"modified":"2020-07-08T17:56:32","modified_gmt":"2020-07-08T15:56:32","slug":"collier-a-six-brins-compose-de-rhodochrosite-dagate-de-feu-de-pierre-de-lune-et-de-quartz-hematoide-avec-piece-dargent-artisanale","status":"publish","type":"product","link":"https:\/\/dellaroveregioielli.it\/fr\/colliers-de-pierres-dures\/collier-a-six-brins-compose-de-rhodochrosite-dagate-de-feu-de-pierre-de-lune-et-de-quartz-hematoide-avec-piece-dargent-artisanale\/","title":{"rendered":"Collier \u00e0 six brins compos\u00e9 de rhodochrosite, d&rsquo;agate de feu, de pierre de lune et de quartz h\u00e9mato\u00efde avec pi\u00e8ce d&rsquo;argent artisanale."},"content":{"rendered":"<p>Collier \u00e0 six brins en rhodochrosite, agate de feu, pierre de lune et quartz h\u00e9mato\u00efde, avec des pi\u00e8ces lat\u00e9rales en argent fabriqu\u00e9es \u00e0 la main. Fermoir en argent 925\u2030 rhodi\u00e9.  Fabriqu\u00e9 en Italie.<\/p>","protected":false},"excerpt":{"rendered":"<p>Collier \u00e0 six brins en rhodochrosite, agate de feu, pierre de lune et quartz h\u00e9mato\u00efde, avec des pi\u00e8ces lat\u00e9rales en argent fabriqu\u00e9es \u00e0 la main. Fermoir en argent 925\u2030 rhodi\u00e9. Fabriqu\u00e9 en Italie.<\/p>","protected":false},"featured_media":2055,"comment_status":"open","ping_status":"closed","template":"","meta":[],"product_brand":[],"product_cat":[757,707,706,708],"product_tag":[],"class_list":{"0":"post-41014","1":"product","2":"type-product","3":"status-publish","4":"has-post-thumbnail","6":"product_cat-bijoux-en-argent","7":"product_cat-bijoux-en-pierres-dures","8":"product_cat-colliers-pour-femmes","9":"product_cat-colliers-de-pierres-dures","11":"first","12":"instock","13":"sale","14":"sold-individually","15":"taxable","16":"shipping-taxable","17":"purchasable","18":"product-type-simple"},"yoast_head":"<!-- This site is optimized with the Yoast SEO plugin v27.3 - https:\/\/yoast.com\/product\/yoast-seo-wordpress\/ -->\n<title>Collier de Rhodochrosite et Quartz h\u00e9mato\u00efde avec argent - Della Rovere<\/title>\n<meta name=\"description\" content=\"Collier \u00e0 six brins en rhodochrosite, agate de feu, pierre de lune et quartz h\u00e9mato\u00efde avec un c\u00f4t\u00e9 en argent fait \u00e0 la main. Produits artisanaux fabriqu\u00e9s en Italie. D\u00e9couvrez notre catalogue en ligne. Livraison rapide ! Coupon de r\u00e9duction pour le premier achat.\" \/>\n<meta name=\"robots\" content=\"index, follow, max-snippet:-1, max-image-preview:large, max-video-preview:-1\" \/>\n<link rel=\"canonical\" href=\"https:\/\/dellaroveregioielli.it\/fr\/colliers-de-pierres-dures\/collier-a-six-brins-compose-de-rhodochrosite-dagate-de-feu-de-pierre-de-lune-et-de-quartz-hematoide-avec-piece-dargent-artisanale\/\" \/>\n<meta property=\"og:locale\" content=\"fr_FR\" \/>\n<meta property=\"og:type\" content=\"article\" \/>\n<meta property=\"og:title\" content=\"Collier de Rhodochrosite et Quartz h\u00e9mato\u00efde avec argent - Della Rovere\" \/>\n<meta property=\"og:description\" content=\"Collier \u00e0 six brins en rhodochrosite, agate de feu, pierre de lune et quartz h\u00e9mato\u00efde avec un c\u00f4t\u00e9 en argent fait \u00e0 la main. Produits artisanaux fabriqu\u00e9s en Italie. D\u00e9couvrez notre catalogue en ligne. Livraison rapide ! Coupon de r\u00e9duction pour le premier achat.\" \/>\n<meta property=\"og:url\" content=\"https:\/\/dellaroveregioielli.it\/fr\/colliers-de-pierres-dures\/collier-a-six-brins-compose-de-rhodochrosite-dagate-de-feu-de-pierre-de-lune-et-de-quartz-hematoide-avec-piece-dargent-artisanale\/\" \/>\n<meta property=\"og:site_name\" content=\"Della Rovere\" \/>\n<meta property=\"og:image\" content=\"https:\/\/dellaroveregioielli.it\/wp-content\/uploads\/2020\/07\/C521S02016SP_0.jpg\" \/>\n\t<meta property=\"og:image:width\" content=\"2000\" \/>\n\t<meta property=\"og:image:height\" content=\"2000\" \/>\n\t<meta property=\"og:image:type\" content=\"image\/jpeg\" \/>\n<script type=\"application\/ld+json\" class=\"yoast-schema-graph\">{\"@context\":\"https:\\\/\\\/schema.org\",\"@graph\":[{\"@type\":\"WebPage\",\"@id\":\"https:\\\/\\\/dellaroveregioielli.it\\\/fr\\\/colliers-de-pierres-dures\\\/collier-a-six-brins-compose-de-rhodochrosite-dagate-de-feu-de-pierre-de-lune-et-de-quartz-hematoide-avec-piece-dargent-artisanale\\\/\",\"url\":\"https:\\\/\\\/dellaroveregioielli.it\\\/fr\\\/colliers-de-pierres-dures\\\/collier-a-six-brins-compose-de-rhodochrosite-dagate-de-feu-de-pierre-de-lune-et-de-quartz-hematoide-avec-piece-dargent-artisanale\\\/\",\"name\":\"Collier de Rhodochrosite et Quartz h\u00e9mato\u00efde avec argent - Della Rovere\",\"isPartOf\":{\"@id\":\"https:\\\/\\\/dellaroveregioielli.it\\\/fr\\\/#website\"},\"primaryImageOfPage\":{\"@id\":\"https:\\\/\\\/dellaroveregioielli.it\\\/fr\\\/colliers-de-pierres-dures\\\/collier-a-six-brins-compose-de-rhodochrosite-dagate-de-feu-de-pierre-de-lune-et-de-quartz-hematoide-avec-piece-dargent-artisanale\\\/#primaryimage\"},\"image\":{\"@id\":\"https:\\\/\\\/dellaroveregioielli.it\\\/fr\\\/colliers-de-pierres-dures\\\/collier-a-six-brins-compose-de-rhodochrosite-dagate-de-feu-de-pierre-de-lune-et-de-quartz-hematoide-avec-piece-dargent-artisanale\\\/#primaryimage\"},\"thumbnailUrl\":\"https:\\\/\\\/dellaroveregioielli.it\\\/wp-content\\\/uploads\\\/2020\\\/07\\\/C521S02016SP_0.jpg\",\"datePublished\":\"2020-07-08T15:56:32+00:00\",\"description\":\"Collier \u00e0 six brins en rhodochrosite, agate de feu, pierre de lune et quartz h\u00e9mato\u00efde avec un c\u00f4t\u00e9 en argent fait \u00e0 la main. Produits artisanaux fabriqu\u00e9s en Italie. D\u00e9couvrez notre catalogue en ligne. Livraison rapide ! Coupon de r\u00e9duction pour le premier achat.\",\"breadcrumb\":{\"@id\":\"https:\\\/\\\/dellaroveregioielli.it\\\/fr\\\/colliers-de-pierres-dures\\\/collier-a-six-brins-compose-de-rhodochrosite-dagate-de-feu-de-pierre-de-lune-et-de-quartz-hematoide-avec-piece-dargent-artisanale\\\/#breadcrumb\"},\"inLanguage\":\"fr-FR\",\"potentialAction\":[{\"@type\":\"ReadAction\",\"target\":[\"https:\\\/\\\/dellaroveregioielli.it\\\/fr\\\/colliers-de-pierres-dures\\\/collier-a-six-brins-compose-de-rhodochrosite-dagate-de-feu-de-pierre-de-lune-et-de-quartz-hematoide-avec-piece-dargent-artisanale\\\/\"]}]},{\"@type\":\"ImageObject\",\"inLanguage\":\"fr-FR\",\"@id\":\"https:\\\/\\\/dellaroveregioielli.it\\\/fr\\\/colliers-de-pierres-dures\\\/collier-a-six-brins-compose-de-rhodochrosite-dagate-de-feu-de-pierre-de-lune-et-de-quartz-hematoide-avec-piece-dargent-artisanale\\\/#primaryimage\",\"url\":\"https:\\\/\\\/dellaroveregioielli.it\\\/wp-content\\\/uploads\\\/2020\\\/07\\\/C521S02016SP_0.jpg\",\"contentUrl\":\"https:\\\/\\\/dellaroveregioielli.it\\\/wp-content\\\/uploads\\\/2020\\\/07\\\/C521S02016SP_0.jpg\",\"width\":2000,\"height\":2000,\"caption\":\"Collana a sei fili in Rodocrosite, Agata di Fuoco, Pietra di Luna e Quarzo Ematoide con laterale artigianale in argento\"},{\"@type\":\"BreadcrumbList\",\"@id\":\"https:\\\/\\\/dellaroveregioielli.it\\\/fr\\\/colliers-de-pierres-dures\\\/collier-a-six-brins-compose-de-rhodochrosite-dagate-de-feu-de-pierre-de-lune-et-de-quartz-hematoide-avec-piece-dargent-artisanale\\\/#breadcrumb\",\"itemListElement\":[{\"@type\":\"ListItem\",\"position\":1,\"name\":\"Homepage\",\"item\":\"https:\\\/\\\/dellaroveregioielli.it\\\/fr\\\/\"},{\"@type\":\"ListItem\",\"position\":2,\"name\":\"Shop\",\"item\":\"https:\\\/\\\/dellaroveregioielli.it\\\/negozio\\\/\"},{\"@type\":\"ListItem\",\"position\":3,\"name\":\"Collier \u00e0 six brins compos\u00e9 de rhodochrosite, d&#8217;agate de feu, de pierre de lune et de quartz h\u00e9mato\u00efde avec pi\u00e8ce d&#8217;argent artisanale.\"}]},{\"@type\":\"WebSite\",\"@id\":\"https:\\\/\\\/dellaroveregioielli.it\\\/fr\\\/#website\",\"url\":\"https:\\\/\\\/dellaroveregioielli.it\\\/fr\\\/\",\"name\":\"Della Rovere\",\"description\":\"Gioielli in argento e pietre dure\",\"publisher\":{\"@id\":\"https:\\\/\\\/dellaroveregioielli.it\\\/fr\\\/#organization\"},\"potentialAction\":[{\"@type\":\"SearchAction\",\"target\":{\"@type\":\"EntryPoint\",\"urlTemplate\":\"https:\\\/\\\/dellaroveregioielli.it\\\/fr\\\/?s={search_term_string}\"},\"query-input\":{\"@type\":\"PropertyValueSpecification\",\"valueRequired\":true,\"valueName\":\"search_term_string\"}}],\"inLanguage\":\"fr-FR\"},{\"@type\":\"Organization\",\"@id\":\"https:\\\/\\\/dellaroveregioielli.it\\\/fr\\\/#organization\",\"name\":\"Della Rovere\",\"url\":\"https:\\\/\\\/dellaroveregioielli.it\\\/fr\\\/\",\"logo\":{\"@type\":\"ImageObject\",\"inLanguage\":\"fr-FR\",\"@id\":\"https:\\\/\\\/dellaroveregioielli.it\\\/fr\\\/#\\\/schema\\\/logo\\\/image\\\/\",\"url\":\"https:\\\/\\\/dellaroveregioielli.it\\\/wp-content\\\/uploads\\\/2020\\\/08\\\/logo-dellarovere-completo.png\",\"contentUrl\":\"https:\\\/\\\/dellaroveregioielli.it\\\/wp-content\\\/uploads\\\/2020\\\/08\\\/logo-dellarovere-completo.png\",\"width\":904,\"height\":199,\"caption\":\"Della Rovere\"},\"image\":{\"@id\":\"https:\\\/\\\/dellaroveregioielli.it\\\/fr\\\/#\\\/schema\\\/logo\\\/image\\\/\"}}]}<\/script>\n<!-- \/ Yoast SEO plugin. -->","yoast_head_json":{"title":"Collier de Rhodochrosite et Quartz h\u00e9mato\u00efde avec argent - Della Rovere","description":"Collier \u00e0 six brins en rhodochrosite, agate de feu, pierre de lune et quartz h\u00e9mato\u00efde avec un c\u00f4t\u00e9 en argent fait \u00e0 la main. Produits artisanaux fabriqu\u00e9s en Italie. D\u00e9couvrez notre catalogue en ligne. Livraison rapide ! Coupon de r\u00e9duction pour le premier achat.","robots":{"index":"index","follow":"follow","max-snippet":"max-snippet:-1","max-image-preview":"max-image-preview:large","max-video-preview":"max-video-preview:-1"},"canonical":"https:\/\/dellaroveregioielli.it\/fr\/colliers-de-pierres-dures\/collier-a-six-brins-compose-de-rhodochrosite-dagate-de-feu-de-pierre-de-lune-et-de-quartz-hematoide-avec-piece-dargent-artisanale\/","og_locale":"fr_FR","og_type":"article","og_title":"Collier de Rhodochrosite et Quartz h\u00e9mato\u00efde avec argent - Della Rovere","og_description":"Collier \u00e0 six brins en rhodochrosite, agate de feu, pierre de lune et quartz h\u00e9mato\u00efde avec un c\u00f4t\u00e9 en argent fait \u00e0 la main. Produits artisanaux fabriqu\u00e9s en Italie. D\u00e9couvrez notre catalogue en ligne. Livraison rapide ! Coupon de r\u00e9duction pour le premier achat.","og_url":"https:\/\/dellaroveregioielli.it\/fr\/colliers-de-pierres-dures\/collier-a-six-brins-compose-de-rhodochrosite-dagate-de-feu-de-pierre-de-lune-et-de-quartz-hematoide-avec-piece-dargent-artisanale\/","og_site_name":"Della Rovere","og_image":[{"width":2000,"height":2000,"url":"https:\/\/dellaroveregioielli.it\/wp-content\/uploads\/2020\/07\/C521S02016SP_0.jpg","type":"image\/jpeg"}],"schema":{"@context":"https:\/\/schema.org","@graph":[{"@type":"WebPage","@id":"https:\/\/dellaroveregioielli.it\/fr\/colliers-de-pierres-dures\/collier-a-six-brins-compose-de-rhodochrosite-dagate-de-feu-de-pierre-de-lune-et-de-quartz-hematoide-avec-piece-dargent-artisanale\/","url":"https:\/\/dellaroveregioielli.it\/fr\/colliers-de-pierres-dures\/collier-a-six-brins-compose-de-rhodochrosite-dagate-de-feu-de-pierre-de-lune-et-de-quartz-hematoide-avec-piece-dargent-artisanale\/","name":"Collier de Rhodochrosite et Quartz h\u00e9mato\u00efde avec argent - Della Rovere","isPartOf":{"@id":"https:\/\/dellaroveregioielli.it\/fr\/#website"},"primaryImageOfPage":{"@id":"https:\/\/dellaroveregioielli.it\/fr\/colliers-de-pierres-dures\/collier-a-six-brins-compose-de-rhodochrosite-dagate-de-feu-de-pierre-de-lune-et-de-quartz-hematoide-avec-piece-dargent-artisanale\/#primaryimage"},"image":{"@id":"https:\/\/dellaroveregioielli.it\/fr\/colliers-de-pierres-dures\/collier-a-six-brins-compose-de-rhodochrosite-dagate-de-feu-de-pierre-de-lune-et-de-quartz-hematoide-avec-piece-dargent-artisanale\/#primaryimage"},"thumbnailUrl":"https:\/\/dellaroveregioielli.it\/wp-content\/uploads\/2020\/07\/C521S02016SP_0.jpg","datePublished":"2020-07-08T15:56:32+00:00","description":"Collier \u00e0 six brins en rhodochrosite, agate de feu, pierre de lune et quartz h\u00e9mato\u00efde avec un c\u00f4t\u00e9 en argent fait \u00e0 la main. Produits artisanaux fabriqu\u00e9s en Italie. D\u00e9couvrez notre catalogue en ligne. Livraison rapide ! Coupon de r\u00e9duction pour le premier achat.","breadcrumb":{"@id":"https:\/\/dellaroveregioielli.it\/fr\/colliers-de-pierres-dures\/collier-a-six-brins-compose-de-rhodochrosite-dagate-de-feu-de-pierre-de-lune-et-de-quartz-hematoide-avec-piece-dargent-artisanale\/#breadcrumb"},"inLanguage":"fr-FR","potentialAction":[{"@type":"ReadAction","target":["https:\/\/dellaroveregioielli.it\/fr\/colliers-de-pierres-dures\/collier-a-six-brins-compose-de-rhodochrosite-dagate-de-feu-de-pierre-de-lune-et-de-quartz-hematoide-avec-piece-dargent-artisanale\/"]}]},{"@type":"ImageObject","inLanguage":"fr-FR","@id":"https:\/\/dellaroveregioielli.it\/fr\/colliers-de-pierres-dures\/collier-a-six-brins-compose-de-rhodochrosite-dagate-de-feu-de-pierre-de-lune-et-de-quartz-hematoide-avec-piece-dargent-artisanale\/#primaryimage","url":"https:\/\/dellaroveregioielli.it\/wp-content\/uploads\/2020\/07\/C521S02016SP_0.jpg","contentUrl":"https:\/\/dellaroveregioielli.it\/wp-content\/uploads\/2020\/07\/C521S02016SP_0.jpg","width":2000,"height":2000,"caption":"Collana a sei fili in Rodocrosite, Agata di Fuoco, Pietra di Luna e Quarzo Ematoide con laterale artigianale in argento"},{"@type":"BreadcrumbList","@id":"https:\/\/dellaroveregioielli.it\/fr\/colliers-de-pierres-dures\/collier-a-six-brins-compose-de-rhodochrosite-dagate-de-feu-de-pierre-de-lune-et-de-quartz-hematoide-avec-piece-dargent-artisanale\/#breadcrumb","itemListElement":[{"@type":"ListItem","position":1,"name":"Homepage","item":"https:\/\/dellaroveregioielli.it\/fr\/"},{"@type":"ListItem","position":2,"name":"Shop","item":"https:\/\/dellaroveregioielli.it\/negozio\/"},{"@type":"ListItem","position":3,"name":"Collier \u00e0 six brins compos\u00e9 de rhodochrosite, d&#8217;agate de feu, de pierre de lune et de quartz h\u00e9mato\u00efde avec pi\u00e8ce d&#8217;argent artisanale."}]},{"@type":"WebSite","@id":"https:\/\/dellaroveregioielli.it\/fr\/#website","url":"https:\/\/dellaroveregioielli.it\/fr\/","name":"Della Rovere","description":"Gioielli in argento e pietre dure","publisher":{"@id":"https:\/\/dellaroveregioielli.it\/fr\/#organization"},"potentialAction":[{"@type":"SearchAction","target":{"@type":"EntryPoint","urlTemplate":"https:\/\/dellaroveregioielli.it\/fr\/?s={search_term_string}"},"query-input":{"@type":"PropertyValueSpecification","valueRequired":true,"valueName":"search_term_string"}}],"inLanguage":"fr-FR"},{"@type":"Organization","@id":"https:\/\/dellaroveregioielli.it\/fr\/#organization","name":"Della Rovere","url":"https:\/\/dellaroveregioielli.it\/fr\/","logo":{"@type":"ImageObject","inLanguage":"fr-FR","@id":"https:\/\/dellaroveregioielli.it\/fr\/#\/schema\/logo\/image\/","url":"https:\/\/dellaroveregioielli.it\/wp-content\/uploads\/2020\/08\/logo-dellarovere-completo.png","contentUrl":"https:\/\/dellaroveregioielli.it\/wp-content\/uploads\/2020\/08\/logo-dellarovere-completo.png","width":904,"height":199,"caption":"Della Rovere"},"image":{"@id":"https:\/\/dellaroveregioielli.it\/fr\/#\/schema\/logo\/image\/"}}]}},"_links":{"self":[{"href":"https:\/\/dellaroveregioielli.it\/fr\/wp-json\/wp\/v2\/product\/41014","targetHints":{"allow":["GET"]}}],"collection":[{"href":"https:\/\/dellaroveregioielli.it\/fr\/wp-json\/wp\/v2\/product"}],"about":[{"href":"https:\/\/dellaroveregioielli.it\/fr\/wp-json\/wp\/v2\/types\/product"}],"replies":[{"embeddable":true,"href":"https:\/\/dellaroveregioielli.it\/fr\/wp-json\/wp\/v2\/comments?post=41014"}],"version-history":[{"count":0,"href":"https:\/\/dellaroveregioielli.it\/fr\/wp-json\/wp\/v2\/product\/41014\/revisions"}],"wp:featuredmedia":[{"embeddable":true,"href":"https:\/\/dellaroveregioielli.it\/fr\/wp-json\/wp\/v2\/media\/2055"}],"wp:attachment":[{"href":"https:\/\/dellaroveregioielli.it\/fr\/wp-json\/wp\/v2\/media?parent=41014"}],"wp:term":[{"taxonomy":"product_brand","embeddable":true,"href":"https:\/\/dellaroveregioielli.it\/fr\/wp-json\/wp\/v2\/product_brand?post=41014"},{"taxonomy":"product_cat","embeddable":true,"href":"https:\/\/dellaroveregioielli.it\/fr\/wp-json\/wp\/v2\/product_cat?post=41014"},{"taxonomy":"product_tag","embeddable":true,"href":"https:\/\/dellaroveregioielli.it\/fr\/wp-json\/wp\/v2\/product_tag?post=41014"}],"curies":[{"name":"wp","href":"https:\/\/api.w.org\/{rel}","templated":true}]}}