{"id":40862,"date":"2020-07-08T11:32:18","date_gmt":"2020-07-08T09:32:18","guid":{"rendered":"https:\/\/dellaroveregioielli.it\/non class\u00e9\/collier-a-six-brins-compose-de-perles-de-prasiolite-et-dhematite-avec-une-piece-laterale-en-argent-fabriquee-a-la-main\/"},"modified":"2020-07-08T11:32:18","modified_gmt":"2020-07-08T09:32:18","slug":"collier-a-six-brins-compose-de-perles-de-prasiolite-et-dhematite-avec-une-piece-laterale-en-argent-fabriquee-a-la-main","status":"publish","type":"product","link":"https:\/\/dellaroveregioielli.it\/fr\/colliers-de-pierres-dures\/collier-a-six-brins-compose-de-perles-de-prasiolite-et-dhematite-avec-une-piece-laterale-en-argent-fabriquee-a-la-main\/","title":{"rendered":"Collier \u00e0 six brins compos\u00e9 de perles, de prasiolite et d&rsquo;h\u00e9matite, avec une pi\u00e8ce lat\u00e9rale en argent fabriqu\u00e9e \u00e0 la main."},"content":{"rendered":"<p>Collier compos\u00e9 de six rangs de perles de rivi\u00e8re, de prasiolite et d&rsquo;h\u00e9matite, avec composition lat\u00e9rale artisanale en lodolite et argent 925\u2030 rhodi\u00e9. Fabriqu\u00e9 en Italie.<\/p>","protected":false},"excerpt":{"rendered":"<p>Collier compos\u00e9 de six rangs de perles de rivi\u00e8re, de prasiolite et d&rsquo;h\u00e9matite, avec composition lat\u00e9rale artisanale en lodolite et argent 925\u2030 rhodi\u00e9. Fabriqu\u00e9 en Italie.<\/p>","protected":false},"featured_media":1893,"comment_status":"open","ping_status":"closed","template":"","meta":[],"product_brand":[],"product_cat":[757,707,706,708],"product_tag":[],"class_list":{"0":"post-40862","1":"product","2":"type-product","3":"status-publish","4":"has-post-thumbnail","6":"product_cat-bijoux-en-argent","7":"product_cat-bijoux-en-pierres-dures","8":"product_cat-colliers-pour-femmes","9":"product_cat-colliers-de-pierres-dures","11":"first","12":"instock","13":"sale","14":"sold-individually","15":"taxable","16":"shipping-taxable","17":"purchasable","18":"product-type-simple"},"yoast_head":"<!-- This site is optimized with the Yoast SEO plugin v27.4 - https:\/\/yoast.com\/product\/yoast-seo-wordpress\/ -->\n<title>Collier \u00e0 six brins compos\u00e9 de perles, de prasiolite et d&#039;h\u00e9matite, avec une pi\u00e8ce lat\u00e9rale en argent fabriqu\u00e9e \u00e0 la main. - Della Rovere<\/title>\n<meta name=\"description\" content=\"Collier \u00e0 six brins compos\u00e9 de perles, de prasiolite et d&#039;h\u00e9matite, avec des pi\u00e8ces lat\u00e9rales en argent fabriqu\u00e9es \u00e0 la main. Produits artisanaux fabriqu\u00e9s en Italie. D\u00e9couvrez notre catalogue en ligne. Livraison rapide ! Coupon de r\u00e9duction pour le premier achat.\" \/>\n<meta name=\"robots\" content=\"index, follow, max-snippet:-1, max-image-preview:large, max-video-preview:-1\" \/>\n<link rel=\"canonical\" href=\"https:\/\/dellaroveregioielli.it\/fr\/colliers-de-pierres-dures\/collier-a-six-brins-compose-de-perles-de-prasiolite-et-dhematite-avec-une-piece-laterale-en-argent-fabriquee-a-la-main\/\" \/>\n<meta property=\"og:locale\" content=\"fr_FR\" \/>\n<meta property=\"og:type\" content=\"article\" \/>\n<meta property=\"og:title\" content=\"Collier \u00e0 six brins compos\u00e9 de perles, de prasiolite et d&#039;h\u00e9matite, avec une pi\u00e8ce lat\u00e9rale en argent fabriqu\u00e9e \u00e0 la main. - Della Rovere\" \/>\n<meta property=\"og:description\" content=\"Collier \u00e0 six brins compos\u00e9 de perles, de prasiolite et d&#039;h\u00e9matite, avec des pi\u00e8ces lat\u00e9rales en argent fabriqu\u00e9es \u00e0 la main. Produits artisanaux fabriqu\u00e9s en Italie. D\u00e9couvrez notre catalogue en ligne. Livraison rapide ! Coupon de r\u00e9duction pour le premier achat.\" \/>\n<meta property=\"og:url\" content=\"https:\/\/dellaroveregioielli.it\/fr\/colliers-de-pierres-dures\/collier-a-six-brins-compose-de-perles-de-prasiolite-et-dhematite-avec-une-piece-laterale-en-argent-fabriquee-a-la-main\/\" \/>\n<meta property=\"og:site_name\" content=\"Della Rovere\" \/>\n<meta property=\"og:image\" content=\"https:\/\/dellaroveregioielli.it\/wp-content\/uploads\/2020\/07\/P83_0.jpg\" \/>\n\t<meta property=\"og:image:width\" content=\"2000\" \/>\n\t<meta property=\"og:image:height\" content=\"2000\" \/>\n\t<meta property=\"og:image:type\" content=\"image\/jpeg\" \/>\n<script type=\"application\/ld+json\" class=\"yoast-schema-graph\">{\"@context\":\"https:\\\/\\\/schema.org\",\"@graph\":[{\"@type\":\"WebPage\",\"@id\":\"https:\\\/\\\/dellaroveregioielli.it\\\/fr\\\/colliers-de-pierres-dures\\\/collier-a-six-brins-compose-de-perles-de-prasiolite-et-dhematite-avec-une-piece-laterale-en-argent-fabriquee-a-la-main\\\/\",\"url\":\"https:\\\/\\\/dellaroveregioielli.it\\\/fr\\\/colliers-de-pierres-dures\\\/collier-a-six-brins-compose-de-perles-de-prasiolite-et-dhematite-avec-une-piece-laterale-en-argent-fabriquee-a-la-main\\\/\",\"name\":\"Collier \u00e0 six brins compos\u00e9 de perles, de prasiolite et d'h\u00e9matite, avec une pi\u00e8ce lat\u00e9rale en argent fabriqu\u00e9e \u00e0 la main. - Della Rovere\",\"isPartOf\":{\"@id\":\"https:\\\/\\\/dellaroveregioielli.it\\\/fr\\\/#website\"},\"primaryImageOfPage\":{\"@id\":\"https:\\\/\\\/dellaroveregioielli.it\\\/fr\\\/colliers-de-pierres-dures\\\/collier-a-six-brins-compose-de-perles-de-prasiolite-et-dhematite-avec-une-piece-laterale-en-argent-fabriquee-a-la-main\\\/#primaryimage\"},\"image\":{\"@id\":\"https:\\\/\\\/dellaroveregioielli.it\\\/fr\\\/colliers-de-pierres-dures\\\/collier-a-six-brins-compose-de-perles-de-prasiolite-et-dhematite-avec-une-piece-laterale-en-argent-fabriquee-a-la-main\\\/#primaryimage\"},\"thumbnailUrl\":\"https:\\\/\\\/dellaroveregioielli.it\\\/wp-content\\\/uploads\\\/2020\\\/07\\\/P83_0.jpg\",\"datePublished\":\"2020-07-08T09:32:18+00:00\",\"description\":\"Collier \u00e0 six brins compos\u00e9 de perles, de prasiolite et d'h\u00e9matite, avec des pi\u00e8ces lat\u00e9rales en argent fabriqu\u00e9es \u00e0 la main. Produits artisanaux fabriqu\u00e9s en Italie. D\u00e9couvrez notre catalogue en ligne. Livraison rapide ! Coupon de r\u00e9duction pour le premier achat.\",\"breadcrumb\":{\"@id\":\"https:\\\/\\\/dellaroveregioielli.it\\\/fr\\\/colliers-de-pierres-dures\\\/collier-a-six-brins-compose-de-perles-de-prasiolite-et-dhematite-avec-une-piece-laterale-en-argent-fabriquee-a-la-main\\\/#breadcrumb\"},\"inLanguage\":\"fr-FR\",\"potentialAction\":[{\"@type\":\"ReadAction\",\"target\":[\"https:\\\/\\\/dellaroveregioielli.it\\\/fr\\\/colliers-de-pierres-dures\\\/collier-a-six-brins-compose-de-perles-de-prasiolite-et-dhematite-avec-une-piece-laterale-en-argent-fabriquee-a-la-main\\\/\"]}]},{\"@type\":\"ImageObject\",\"inLanguage\":\"fr-FR\",\"@id\":\"https:\\\/\\\/dellaroveregioielli.it\\\/fr\\\/colliers-de-pierres-dures\\\/collier-a-six-brins-compose-de-perles-de-prasiolite-et-dhematite-avec-une-piece-laterale-en-argent-fabriquee-a-la-main\\\/#primaryimage\",\"url\":\"https:\\\/\\\/dellaroveregioielli.it\\\/wp-content\\\/uploads\\\/2020\\\/07\\\/P83_0.jpg\",\"contentUrl\":\"https:\\\/\\\/dellaroveregioielli.it\\\/wp-content\\\/uploads\\\/2020\\\/07\\\/P83_0.jpg\",\"width\":2000,\"height\":2000,\"caption\":\"Collana a sei fili in Perle, Prasiolite ed Ematite, con composizione laterale artigianale in Argento\"},{\"@type\":\"BreadcrumbList\",\"@id\":\"https:\\\/\\\/dellaroveregioielli.it\\\/fr\\\/colliers-de-pierres-dures\\\/collier-a-six-brins-compose-de-perles-de-prasiolite-et-dhematite-avec-une-piece-laterale-en-argent-fabriquee-a-la-main\\\/#breadcrumb\",\"itemListElement\":[{\"@type\":\"ListItem\",\"position\":1,\"name\":\"Homepage\",\"item\":\"https:\\\/\\\/dellaroveregioielli.it\\\/fr\\\/\"},{\"@type\":\"ListItem\",\"position\":2,\"name\":\"Shop\",\"item\":\"https:\\\/\\\/dellaroveregioielli.it\\\/negozio\\\/\"},{\"@type\":\"ListItem\",\"position\":3,\"name\":\"Collier \u00e0 six brins compos\u00e9 de perles, de prasiolite et d&#8217;h\u00e9matite, avec une pi\u00e8ce lat\u00e9rale en argent fabriqu\u00e9e \u00e0 la main.\"}]},{\"@type\":\"WebSite\",\"@id\":\"https:\\\/\\\/dellaroveregioielli.it\\\/fr\\\/#website\",\"url\":\"https:\\\/\\\/dellaroveregioielli.it\\\/fr\\\/\",\"name\":\"Della Rovere\",\"description\":\"Gioielli in argento e pietre dure\",\"publisher\":{\"@id\":\"https:\\\/\\\/dellaroveregioielli.it\\\/fr\\\/#organization\"},\"potentialAction\":[{\"@type\":\"SearchAction\",\"target\":{\"@type\":\"EntryPoint\",\"urlTemplate\":\"https:\\\/\\\/dellaroveregioielli.it\\\/fr\\\/?s={search_term_string}\"},\"query-input\":{\"@type\":\"PropertyValueSpecification\",\"valueRequired\":true,\"valueName\":\"search_term_string\"}}],\"inLanguage\":\"fr-FR\"},{\"@type\":\"Organization\",\"@id\":\"https:\\\/\\\/dellaroveregioielli.it\\\/fr\\\/#organization\",\"name\":\"Della Rovere\",\"url\":\"https:\\\/\\\/dellaroveregioielli.it\\\/fr\\\/\",\"logo\":{\"@type\":\"ImageObject\",\"inLanguage\":\"fr-FR\",\"@id\":\"https:\\\/\\\/dellaroveregioielli.it\\\/fr\\\/#\\\/schema\\\/logo\\\/image\\\/\",\"url\":\"https:\\\/\\\/dellaroveregioielli.it\\\/wp-content\\\/uploads\\\/2020\\\/08\\\/logo-dellarovere-completo.png\",\"contentUrl\":\"https:\\\/\\\/dellaroveregioielli.it\\\/wp-content\\\/uploads\\\/2020\\\/08\\\/logo-dellarovere-completo.png\",\"width\":904,\"height\":199,\"caption\":\"Della Rovere\"},\"image\":{\"@id\":\"https:\\\/\\\/dellaroveregioielli.it\\\/fr\\\/#\\\/schema\\\/logo\\\/image\\\/\"}}]}<\/script>\n<!-- \/ Yoast SEO plugin. -->","yoast_head_json":{"title":"Collier \u00e0 six brins compos\u00e9 de perles, de prasiolite et d'h\u00e9matite, avec une pi\u00e8ce lat\u00e9rale en argent fabriqu\u00e9e \u00e0 la main. - Della Rovere","description":"Collier \u00e0 six brins compos\u00e9 de perles, de prasiolite et d'h\u00e9matite, avec des pi\u00e8ces lat\u00e9rales en argent fabriqu\u00e9es \u00e0 la main. Produits artisanaux fabriqu\u00e9s en Italie. D\u00e9couvrez notre catalogue en ligne. Livraison rapide ! Coupon de r\u00e9duction pour le premier achat.","robots":{"index":"index","follow":"follow","max-snippet":"max-snippet:-1","max-image-preview":"max-image-preview:large","max-video-preview":"max-video-preview:-1"},"canonical":"https:\/\/dellaroveregioielli.it\/fr\/colliers-de-pierres-dures\/collier-a-six-brins-compose-de-perles-de-prasiolite-et-dhematite-avec-une-piece-laterale-en-argent-fabriquee-a-la-main\/","og_locale":"fr_FR","og_type":"article","og_title":"Collier \u00e0 six brins compos\u00e9 de perles, de prasiolite et d'h\u00e9matite, avec une pi\u00e8ce lat\u00e9rale en argent fabriqu\u00e9e \u00e0 la main. - Della Rovere","og_description":"Collier \u00e0 six brins compos\u00e9 de perles, de prasiolite et d'h\u00e9matite, avec des pi\u00e8ces lat\u00e9rales en argent fabriqu\u00e9es \u00e0 la main. Produits artisanaux fabriqu\u00e9s en Italie. D\u00e9couvrez notre catalogue en ligne. Livraison rapide ! Coupon de r\u00e9duction pour le premier achat.","og_url":"https:\/\/dellaroveregioielli.it\/fr\/colliers-de-pierres-dures\/collier-a-six-brins-compose-de-perles-de-prasiolite-et-dhematite-avec-une-piece-laterale-en-argent-fabriquee-a-la-main\/","og_site_name":"Della Rovere","og_image":[{"width":2000,"height":2000,"url":"https:\/\/dellaroveregioielli.it\/wp-content\/uploads\/2020\/07\/P83_0.jpg","type":"image\/jpeg"}],"schema":{"@context":"https:\/\/schema.org","@graph":[{"@type":"WebPage","@id":"https:\/\/dellaroveregioielli.it\/fr\/colliers-de-pierres-dures\/collier-a-six-brins-compose-de-perles-de-prasiolite-et-dhematite-avec-une-piece-laterale-en-argent-fabriquee-a-la-main\/","url":"https:\/\/dellaroveregioielli.it\/fr\/colliers-de-pierres-dures\/collier-a-six-brins-compose-de-perles-de-prasiolite-et-dhematite-avec-une-piece-laterale-en-argent-fabriquee-a-la-main\/","name":"Collier \u00e0 six brins compos\u00e9 de perles, de prasiolite et d'h\u00e9matite, avec une pi\u00e8ce lat\u00e9rale en argent fabriqu\u00e9e \u00e0 la main. - Della Rovere","isPartOf":{"@id":"https:\/\/dellaroveregioielli.it\/fr\/#website"},"primaryImageOfPage":{"@id":"https:\/\/dellaroveregioielli.it\/fr\/colliers-de-pierres-dures\/collier-a-six-brins-compose-de-perles-de-prasiolite-et-dhematite-avec-une-piece-laterale-en-argent-fabriquee-a-la-main\/#primaryimage"},"image":{"@id":"https:\/\/dellaroveregioielli.it\/fr\/colliers-de-pierres-dures\/collier-a-six-brins-compose-de-perles-de-prasiolite-et-dhematite-avec-une-piece-laterale-en-argent-fabriquee-a-la-main\/#primaryimage"},"thumbnailUrl":"https:\/\/dellaroveregioielli.it\/wp-content\/uploads\/2020\/07\/P83_0.jpg","datePublished":"2020-07-08T09:32:18+00:00","description":"Collier \u00e0 six brins compos\u00e9 de perles, de prasiolite et d'h\u00e9matite, avec des pi\u00e8ces lat\u00e9rales en argent fabriqu\u00e9es \u00e0 la main. Produits artisanaux fabriqu\u00e9s en Italie. D\u00e9couvrez notre catalogue en ligne. Livraison rapide ! Coupon de r\u00e9duction pour le premier achat.","breadcrumb":{"@id":"https:\/\/dellaroveregioielli.it\/fr\/colliers-de-pierres-dures\/collier-a-six-brins-compose-de-perles-de-prasiolite-et-dhematite-avec-une-piece-laterale-en-argent-fabriquee-a-la-main\/#breadcrumb"},"inLanguage":"fr-FR","potentialAction":[{"@type":"ReadAction","target":["https:\/\/dellaroveregioielli.it\/fr\/colliers-de-pierres-dures\/collier-a-six-brins-compose-de-perles-de-prasiolite-et-dhematite-avec-une-piece-laterale-en-argent-fabriquee-a-la-main\/"]}]},{"@type":"ImageObject","inLanguage":"fr-FR","@id":"https:\/\/dellaroveregioielli.it\/fr\/colliers-de-pierres-dures\/collier-a-six-brins-compose-de-perles-de-prasiolite-et-dhematite-avec-une-piece-laterale-en-argent-fabriquee-a-la-main\/#primaryimage","url":"https:\/\/dellaroveregioielli.it\/wp-content\/uploads\/2020\/07\/P83_0.jpg","contentUrl":"https:\/\/dellaroveregioielli.it\/wp-content\/uploads\/2020\/07\/P83_0.jpg","width":2000,"height":2000,"caption":"Collana a sei fili in Perle, Prasiolite ed Ematite, con composizione laterale artigianale in Argento"},{"@type":"BreadcrumbList","@id":"https:\/\/dellaroveregioielli.it\/fr\/colliers-de-pierres-dures\/collier-a-six-brins-compose-de-perles-de-prasiolite-et-dhematite-avec-une-piece-laterale-en-argent-fabriquee-a-la-main\/#breadcrumb","itemListElement":[{"@type":"ListItem","position":1,"name":"Homepage","item":"https:\/\/dellaroveregioielli.it\/fr\/"},{"@type":"ListItem","position":2,"name":"Shop","item":"https:\/\/dellaroveregioielli.it\/negozio\/"},{"@type":"ListItem","position":3,"name":"Collier \u00e0 six brins compos\u00e9 de perles, de prasiolite et d&#8217;h\u00e9matite, avec une pi\u00e8ce lat\u00e9rale en argent fabriqu\u00e9e \u00e0 la main."}]},{"@type":"WebSite","@id":"https:\/\/dellaroveregioielli.it\/fr\/#website","url":"https:\/\/dellaroveregioielli.it\/fr\/","name":"Della Rovere","description":"Gioielli in argento e pietre dure","publisher":{"@id":"https:\/\/dellaroveregioielli.it\/fr\/#organization"},"potentialAction":[{"@type":"SearchAction","target":{"@type":"EntryPoint","urlTemplate":"https:\/\/dellaroveregioielli.it\/fr\/?s={search_term_string}"},"query-input":{"@type":"PropertyValueSpecification","valueRequired":true,"valueName":"search_term_string"}}],"inLanguage":"fr-FR"},{"@type":"Organization","@id":"https:\/\/dellaroveregioielli.it\/fr\/#organization","name":"Della Rovere","url":"https:\/\/dellaroveregioielli.it\/fr\/","logo":{"@type":"ImageObject","inLanguage":"fr-FR","@id":"https:\/\/dellaroveregioielli.it\/fr\/#\/schema\/logo\/image\/","url":"https:\/\/dellaroveregioielli.it\/wp-content\/uploads\/2020\/08\/logo-dellarovere-completo.png","contentUrl":"https:\/\/dellaroveregioielli.it\/wp-content\/uploads\/2020\/08\/logo-dellarovere-completo.png","width":904,"height":199,"caption":"Della Rovere"},"image":{"@id":"https:\/\/dellaroveregioielli.it\/fr\/#\/schema\/logo\/image\/"}}]}},"_links":{"self":[{"href":"https:\/\/dellaroveregioielli.it\/fr\/wp-json\/wp\/v2\/product\/40862","targetHints":{"allow":["GET"]}}],"collection":[{"href":"https:\/\/dellaroveregioielli.it\/fr\/wp-json\/wp\/v2\/product"}],"about":[{"href":"https:\/\/dellaroveregioielli.it\/fr\/wp-json\/wp\/v2\/types\/product"}],"replies":[{"embeddable":true,"href":"https:\/\/dellaroveregioielli.it\/fr\/wp-json\/wp\/v2\/comments?post=40862"}],"version-history":[{"count":0,"href":"https:\/\/dellaroveregioielli.it\/fr\/wp-json\/wp\/v2\/product\/40862\/revisions"}],"wp:featuredmedia":[{"embeddable":true,"href":"https:\/\/dellaroveregioielli.it\/fr\/wp-json\/wp\/v2\/media\/1893"}],"wp:attachment":[{"href":"https:\/\/dellaroveregioielli.it\/fr\/wp-json\/wp\/v2\/media?parent=40862"}],"wp:term":[{"taxonomy":"product_brand","embeddable":true,"href":"https:\/\/dellaroveregioielli.it\/fr\/wp-json\/wp\/v2\/product_brand?post=40862"},{"taxonomy":"product_cat","embeddable":true,"href":"https:\/\/dellaroveregioielli.it\/fr\/wp-json\/wp\/v2\/product_cat?post=40862"},{"taxonomy":"product_tag","embeddable":true,"href":"https:\/\/dellaroveregioielli.it\/fr\/wp-json\/wp\/v2\/product_tag?post=40862"}],"curies":[{"name":"wp","href":"https:\/\/api.w.org\/{rel}","templated":true}]}}