{"id":40723,"date":"2020-07-07T17:54:15","date_gmt":"2020-07-07T15:54:15","guid":{"rendered":"https:\/\/dellaroveregioielli.it\/non class\u00e9\/collier-a-sept-brins-en-agate-noire-et-hematite-avec-composition-laterale-en-argent-realisee-a-la-main\/"},"modified":"2020-07-07T17:54:15","modified_gmt":"2020-07-07T15:54:15","slug":"collier-a-sept-brins-en-agate-noire-et-hematite-avec-composition-laterale-en-argent-realisee-a-la-main","status":"publish","type":"product","link":"https:\/\/dellaroveregioielli.it\/fr\/colliers-de-pierres-dures\/collier-a-sept-brins-en-agate-noire-et-hematite-avec-composition-laterale-en-argent-realisee-a-la-main\/","title":{"rendered":"Collier \u00e0 sept brins en agate noire et h\u00e9matite, avec composition lat\u00e9rale en argent r\u00e9alis\u00e9e \u00e0 la main."},"content":{"rendered":"<p>Collier de longueur moyenne compos\u00e9 de sept brins en agate noire et h\u00e9matite, avec composition lat\u00e9rale artisanale en agate noire, pyrite cubique et argent. Fermoir en argent 925\u2030 rhodi\u00e9.  Fabriqu\u00e9 en Italie.<\/p>","protected":false},"excerpt":{"rendered":"<p>Collier de longueur moyenne compos\u00e9 de sept brins en agate noire et h\u00e9matite, avec composition lat\u00e9rale artisanale en agate noire, pyrite cubique et argent. Fermoir en argent 925\u2030 rhodi\u00e9. Fabriqu\u00e9 en Italie.<\/p>","protected":false},"featured_media":1769,"comment_status":"open","ping_status":"closed","template":"","meta":[],"product_brand":[],"product_cat":[757,707,706,708],"product_tag":[],"class_list":{"0":"post-40723","1":"product","2":"type-product","3":"status-publish","4":"has-post-thumbnail","6":"product_cat-bijoux-en-argent","7":"product_cat-bijoux-en-pierres-dures","8":"product_cat-colliers-pour-femmes","9":"product_cat-colliers-de-pierres-dures","11":"first","12":"instock","13":"sale","14":"sold-individually","15":"taxable","16":"shipping-taxable","17":"purchasable","18":"product-type-simple"},"yoast_head":"<!-- This site is optimized with the Yoast SEO plugin v27.5 - https:\/\/yoast.com\/product\/yoast-seo-wordpress\/ -->\n<title>Collier en Agate noire et H\u00e9matite, avec argent - Della Rovere<\/title>\n<meta name=\"description\" content=\"Collier en Agate noire et H\u00e9matite, avec argent. Produits artisanaux fabriqu\u00e9s en Italie. D\u00e9couvrez notre catalogue en ligne. Livraison rapide ! Coupon de r\u00e9duction pour le premier achat.\" \/>\n<meta name=\"robots\" content=\"index, follow, max-snippet:-1, max-image-preview:large, max-video-preview:-1\" \/>\n<link rel=\"canonical\" href=\"https:\/\/dellaroveregioielli.it\/fr\/colliers-de-pierres-dures\/collier-a-sept-brins-en-agate-noire-et-hematite-avec-composition-laterale-en-argent-realisee-a-la-main\/\" \/>\n<meta property=\"og:locale\" content=\"fr_FR\" \/>\n<meta property=\"og:type\" content=\"article\" \/>\n<meta property=\"og:title\" content=\"Collier en Agate noire et H\u00e9matite, avec argent - Della Rovere\" \/>\n<meta property=\"og:description\" content=\"Collier en Agate noire et H\u00e9matite, avec argent. Produits artisanaux fabriqu\u00e9s en Italie. D\u00e9couvrez notre catalogue en ligne. Livraison rapide ! Coupon de r\u00e9duction pour le premier achat.\" \/>\n<meta property=\"og:url\" content=\"https:\/\/dellaroveregioielli.it\/fr\/colliers-de-pierres-dures\/collier-a-sept-brins-en-agate-noire-et-hematite-avec-composition-laterale-en-argent-realisee-a-la-main\/\" \/>\n<meta property=\"og:site_name\" content=\"Della Rovere\" \/>\n<meta property=\"og:image\" content=\"https:\/\/dellaroveregioielli.it\/wp-content\/uploads\/2020\/07\/P50_0.jpg\" \/>\n\t<meta property=\"og:image:width\" content=\"2000\" \/>\n\t<meta property=\"og:image:height\" content=\"2000\" \/>\n\t<meta property=\"og:image:type\" content=\"image\/jpeg\" \/>\n<script type=\"application\/ld+json\" class=\"yoast-schema-graph\">{\"@context\":\"https:\\\/\\\/schema.org\",\"@graph\":[{\"@type\":\"WebPage\",\"@id\":\"https:\\\/\\\/dellaroveregioielli.it\\\/fr\\\/colliers-de-pierres-dures\\\/collier-a-sept-brins-en-agate-noire-et-hematite-avec-composition-laterale-en-argent-realisee-a-la-main\\\/\",\"url\":\"https:\\\/\\\/dellaroveregioielli.it\\\/fr\\\/colliers-de-pierres-dures\\\/collier-a-sept-brins-en-agate-noire-et-hematite-avec-composition-laterale-en-argent-realisee-a-la-main\\\/\",\"name\":\"Collier en Agate noire et H\u00e9matite, avec argent - Della Rovere\",\"isPartOf\":{\"@id\":\"https:\\\/\\\/dellaroveregioielli.it\\\/fr\\\/#website\"},\"primaryImageOfPage\":{\"@id\":\"https:\\\/\\\/dellaroveregioielli.it\\\/fr\\\/colliers-de-pierres-dures\\\/collier-a-sept-brins-en-agate-noire-et-hematite-avec-composition-laterale-en-argent-realisee-a-la-main\\\/#primaryimage\"},\"image\":{\"@id\":\"https:\\\/\\\/dellaroveregioielli.it\\\/fr\\\/colliers-de-pierres-dures\\\/collier-a-sept-brins-en-agate-noire-et-hematite-avec-composition-laterale-en-argent-realisee-a-la-main\\\/#primaryimage\"},\"thumbnailUrl\":\"https:\\\/\\\/dellaroveregioielli.it\\\/wp-content\\\/uploads\\\/2020\\\/07\\\/P50_0.jpg\",\"datePublished\":\"2020-07-07T15:54:15+00:00\",\"description\":\"Collier en Agate noire et H\u00e9matite, avec argent. Produits artisanaux fabriqu\u00e9s en Italie. D\u00e9couvrez notre catalogue en ligne. Livraison rapide ! Coupon de r\u00e9duction pour le premier achat.\",\"breadcrumb\":{\"@id\":\"https:\\\/\\\/dellaroveregioielli.it\\\/fr\\\/colliers-de-pierres-dures\\\/collier-a-sept-brins-en-agate-noire-et-hematite-avec-composition-laterale-en-argent-realisee-a-la-main\\\/#breadcrumb\"},\"inLanguage\":\"fr-FR\",\"potentialAction\":[{\"@type\":\"ReadAction\",\"target\":[\"https:\\\/\\\/dellaroveregioielli.it\\\/fr\\\/colliers-de-pierres-dures\\\/collier-a-sept-brins-en-agate-noire-et-hematite-avec-composition-laterale-en-argent-realisee-a-la-main\\\/\"]}]},{\"@type\":\"ImageObject\",\"inLanguage\":\"fr-FR\",\"@id\":\"https:\\\/\\\/dellaroveregioielli.it\\\/fr\\\/colliers-de-pierres-dures\\\/collier-a-sept-brins-en-agate-noire-et-hematite-avec-composition-laterale-en-argent-realisee-a-la-main\\\/#primaryimage\",\"url\":\"https:\\\/\\\/dellaroveregioielli.it\\\/wp-content\\\/uploads\\\/2020\\\/07\\\/P50_0.jpg\",\"contentUrl\":\"https:\\\/\\\/dellaroveregioielli.it\\\/wp-content\\\/uploads\\\/2020\\\/07\\\/P50_0.jpg\",\"width\":2000,\"height\":2000,\"caption\":\"Collana a sette fili in Agata Nera ed Ematite, con composizione laterale artigianale in Argento\"},{\"@type\":\"BreadcrumbList\",\"@id\":\"https:\\\/\\\/dellaroveregioielli.it\\\/fr\\\/colliers-de-pierres-dures\\\/collier-a-sept-brins-en-agate-noire-et-hematite-avec-composition-laterale-en-argent-realisee-a-la-main\\\/#breadcrumb\",\"itemListElement\":[{\"@type\":\"ListItem\",\"position\":1,\"name\":\"Homepage\",\"item\":\"https:\\\/\\\/dellaroveregioielli.it\\\/fr\\\/\"},{\"@type\":\"ListItem\",\"position\":2,\"name\":\"Shop\",\"item\":\"https:\\\/\\\/dellaroveregioielli.it\\\/negozio\\\/\"},{\"@type\":\"ListItem\",\"position\":3,\"name\":\"Collier \u00e0 sept brins en agate noire et h\u00e9matite, avec composition lat\u00e9rale en argent r\u00e9alis\u00e9e \u00e0 la main.\"}]},{\"@type\":\"WebSite\",\"@id\":\"https:\\\/\\\/dellaroveregioielli.it\\\/fr\\\/#website\",\"url\":\"https:\\\/\\\/dellaroveregioielli.it\\\/fr\\\/\",\"name\":\"Della Rovere\",\"description\":\"Gioielli in argento e pietre dure\",\"publisher\":{\"@id\":\"https:\\\/\\\/dellaroveregioielli.it\\\/fr\\\/#organization\"},\"potentialAction\":[{\"@type\":\"SearchAction\",\"target\":{\"@type\":\"EntryPoint\",\"urlTemplate\":\"https:\\\/\\\/dellaroveregioielli.it\\\/fr\\\/?s={search_term_string}\"},\"query-input\":{\"@type\":\"PropertyValueSpecification\",\"valueRequired\":true,\"valueName\":\"search_term_string\"}}],\"inLanguage\":\"fr-FR\"},{\"@type\":\"Organization\",\"@id\":\"https:\\\/\\\/dellaroveregioielli.it\\\/fr\\\/#organization\",\"name\":\"Della Rovere\",\"url\":\"https:\\\/\\\/dellaroveregioielli.it\\\/fr\\\/\",\"logo\":{\"@type\":\"ImageObject\",\"inLanguage\":\"fr-FR\",\"@id\":\"https:\\\/\\\/dellaroveregioielli.it\\\/fr\\\/#\\\/schema\\\/logo\\\/image\\\/\",\"url\":\"https:\\\/\\\/dellaroveregioielli.it\\\/wp-content\\\/uploads\\\/2020\\\/08\\\/logo-dellarovere-completo.png\",\"contentUrl\":\"https:\\\/\\\/dellaroveregioielli.it\\\/wp-content\\\/uploads\\\/2020\\\/08\\\/logo-dellarovere-completo.png\",\"width\":904,\"height\":199,\"caption\":\"Della Rovere\"},\"image\":{\"@id\":\"https:\\\/\\\/dellaroveregioielli.it\\\/fr\\\/#\\\/schema\\\/logo\\\/image\\\/\"}}]}<\/script>\n<!-- \/ Yoast SEO plugin. -->","yoast_head_json":{"title":"Collier en Agate noire et H\u00e9matite, avec argent - Della Rovere","description":"Collier en Agate noire et H\u00e9matite, avec argent. Produits artisanaux fabriqu\u00e9s en Italie. D\u00e9couvrez notre catalogue en ligne. Livraison rapide ! Coupon de r\u00e9duction pour le premier achat.","robots":{"index":"index","follow":"follow","max-snippet":"max-snippet:-1","max-image-preview":"max-image-preview:large","max-video-preview":"max-video-preview:-1"},"canonical":"https:\/\/dellaroveregioielli.it\/fr\/colliers-de-pierres-dures\/collier-a-sept-brins-en-agate-noire-et-hematite-avec-composition-laterale-en-argent-realisee-a-la-main\/","og_locale":"fr_FR","og_type":"article","og_title":"Collier en Agate noire et H\u00e9matite, avec argent - Della Rovere","og_description":"Collier en Agate noire et H\u00e9matite, avec argent. Produits artisanaux fabriqu\u00e9s en Italie. D\u00e9couvrez notre catalogue en ligne. Livraison rapide ! Coupon de r\u00e9duction pour le premier achat.","og_url":"https:\/\/dellaroveregioielli.it\/fr\/colliers-de-pierres-dures\/collier-a-sept-brins-en-agate-noire-et-hematite-avec-composition-laterale-en-argent-realisee-a-la-main\/","og_site_name":"Della Rovere","og_image":[{"width":2000,"height":2000,"url":"https:\/\/dellaroveregioielli.it\/wp-content\/uploads\/2020\/07\/P50_0.jpg","type":"image\/jpeg"}],"schema":{"@context":"https:\/\/schema.org","@graph":[{"@type":"WebPage","@id":"https:\/\/dellaroveregioielli.it\/fr\/colliers-de-pierres-dures\/collier-a-sept-brins-en-agate-noire-et-hematite-avec-composition-laterale-en-argent-realisee-a-la-main\/","url":"https:\/\/dellaroveregioielli.it\/fr\/colliers-de-pierres-dures\/collier-a-sept-brins-en-agate-noire-et-hematite-avec-composition-laterale-en-argent-realisee-a-la-main\/","name":"Collier en Agate noire et H\u00e9matite, avec argent - Della Rovere","isPartOf":{"@id":"https:\/\/dellaroveregioielli.it\/fr\/#website"},"primaryImageOfPage":{"@id":"https:\/\/dellaroveregioielli.it\/fr\/colliers-de-pierres-dures\/collier-a-sept-brins-en-agate-noire-et-hematite-avec-composition-laterale-en-argent-realisee-a-la-main\/#primaryimage"},"image":{"@id":"https:\/\/dellaroveregioielli.it\/fr\/colliers-de-pierres-dures\/collier-a-sept-brins-en-agate-noire-et-hematite-avec-composition-laterale-en-argent-realisee-a-la-main\/#primaryimage"},"thumbnailUrl":"https:\/\/dellaroveregioielli.it\/wp-content\/uploads\/2020\/07\/P50_0.jpg","datePublished":"2020-07-07T15:54:15+00:00","description":"Collier en Agate noire et H\u00e9matite, avec argent. Produits artisanaux fabriqu\u00e9s en Italie. D\u00e9couvrez notre catalogue en ligne. Livraison rapide ! Coupon de r\u00e9duction pour le premier achat.","breadcrumb":{"@id":"https:\/\/dellaroveregioielli.it\/fr\/colliers-de-pierres-dures\/collier-a-sept-brins-en-agate-noire-et-hematite-avec-composition-laterale-en-argent-realisee-a-la-main\/#breadcrumb"},"inLanguage":"fr-FR","potentialAction":[{"@type":"ReadAction","target":["https:\/\/dellaroveregioielli.it\/fr\/colliers-de-pierres-dures\/collier-a-sept-brins-en-agate-noire-et-hematite-avec-composition-laterale-en-argent-realisee-a-la-main\/"]}]},{"@type":"ImageObject","inLanguage":"fr-FR","@id":"https:\/\/dellaroveregioielli.it\/fr\/colliers-de-pierres-dures\/collier-a-sept-brins-en-agate-noire-et-hematite-avec-composition-laterale-en-argent-realisee-a-la-main\/#primaryimage","url":"https:\/\/dellaroveregioielli.it\/wp-content\/uploads\/2020\/07\/P50_0.jpg","contentUrl":"https:\/\/dellaroveregioielli.it\/wp-content\/uploads\/2020\/07\/P50_0.jpg","width":2000,"height":2000,"caption":"Collana a sette fili in Agata Nera ed Ematite, con composizione laterale artigianale in Argento"},{"@type":"BreadcrumbList","@id":"https:\/\/dellaroveregioielli.it\/fr\/colliers-de-pierres-dures\/collier-a-sept-brins-en-agate-noire-et-hematite-avec-composition-laterale-en-argent-realisee-a-la-main\/#breadcrumb","itemListElement":[{"@type":"ListItem","position":1,"name":"Homepage","item":"https:\/\/dellaroveregioielli.it\/fr\/"},{"@type":"ListItem","position":2,"name":"Shop","item":"https:\/\/dellaroveregioielli.it\/negozio\/"},{"@type":"ListItem","position":3,"name":"Collier \u00e0 sept brins en agate noire et h\u00e9matite, avec composition lat\u00e9rale en argent r\u00e9alis\u00e9e \u00e0 la main."}]},{"@type":"WebSite","@id":"https:\/\/dellaroveregioielli.it\/fr\/#website","url":"https:\/\/dellaroveregioielli.it\/fr\/","name":"Della Rovere","description":"Gioielli in argento e pietre dure","publisher":{"@id":"https:\/\/dellaroveregioielli.it\/fr\/#organization"},"potentialAction":[{"@type":"SearchAction","target":{"@type":"EntryPoint","urlTemplate":"https:\/\/dellaroveregioielli.it\/fr\/?s={search_term_string}"},"query-input":{"@type":"PropertyValueSpecification","valueRequired":true,"valueName":"search_term_string"}}],"inLanguage":"fr-FR"},{"@type":"Organization","@id":"https:\/\/dellaroveregioielli.it\/fr\/#organization","name":"Della Rovere","url":"https:\/\/dellaroveregioielli.it\/fr\/","logo":{"@type":"ImageObject","inLanguage":"fr-FR","@id":"https:\/\/dellaroveregioielli.it\/fr\/#\/schema\/logo\/image\/","url":"https:\/\/dellaroveregioielli.it\/wp-content\/uploads\/2020\/08\/logo-dellarovere-completo.png","contentUrl":"https:\/\/dellaroveregioielli.it\/wp-content\/uploads\/2020\/08\/logo-dellarovere-completo.png","width":904,"height":199,"caption":"Della Rovere"},"image":{"@id":"https:\/\/dellaroveregioielli.it\/fr\/#\/schema\/logo\/image\/"}}]}},"_links":{"self":[{"href":"https:\/\/dellaroveregioielli.it\/fr\/wp-json\/wp\/v2\/product\/40723","targetHints":{"allow":["GET"]}}],"collection":[{"href":"https:\/\/dellaroveregioielli.it\/fr\/wp-json\/wp\/v2\/product"}],"about":[{"href":"https:\/\/dellaroveregioielli.it\/fr\/wp-json\/wp\/v2\/types\/product"}],"replies":[{"embeddable":true,"href":"https:\/\/dellaroveregioielli.it\/fr\/wp-json\/wp\/v2\/comments?post=40723"}],"version-history":[{"count":0,"href":"https:\/\/dellaroveregioielli.it\/fr\/wp-json\/wp\/v2\/product\/40723\/revisions"}],"wp:featuredmedia":[{"embeddable":true,"href":"https:\/\/dellaroveregioielli.it\/fr\/wp-json\/wp\/v2\/media\/1769"}],"wp:attachment":[{"href":"https:\/\/dellaroveregioielli.it\/fr\/wp-json\/wp\/v2\/media?parent=40723"}],"wp:term":[{"taxonomy":"product_brand","embeddable":true,"href":"https:\/\/dellaroveregioielli.it\/fr\/wp-json\/wp\/v2\/product_brand?post=40723"},{"taxonomy":"product_cat","embeddable":true,"href":"https:\/\/dellaroveregioielli.it\/fr\/wp-json\/wp\/v2\/product_cat?post=40723"},{"taxonomy":"product_tag","embeddable":true,"href":"https:\/\/dellaroveregioielli.it\/fr\/wp-json\/wp\/v2\/product_tag?post=40723"}],"curies":[{"name":"wp","href":"https:\/\/api.w.org\/{rel}","templated":true}]}}