{"id":39584,"date":"2020-07-22T10:43:19","date_gmt":"2020-07-22T08:43:19","guid":{"rendered":"https:\/\/dellaroveregioielli.it\/non class\u00e9\/collier-court-en-agate-de-feu-pierre-de-lune-et-quartz-gris\/"},"modified":"2020-07-22T10:43:19","modified_gmt":"2020-07-22T08:43:19","slug":"collier-court-en-agate-de-feu-pierre-de-lune-et-quartz-gris","status":"publish","type":"product","link":"https:\/\/dellaroveregioielli.it\/fr\/colliers-de-pierres-dures\/collier-court-en-agate-de-feu-pierre-de-lune-et-quartz-gris\/","title":{"rendered":"Collier court en Agate de feu, Pierre de lune et Quartz gris"},"content":{"rendered":"<p>Collier court en Agate de feu, Pierre de lune, Oeil de chat et Quartz gris, avec cha\u00eene \u00e0 maillons circulaires en argent 925\u2030 rhodi\u00e9, sans fermoir. Fabriqu\u00e9 en Italie.<\/p>\n<p><em>Longueur 65cm<\/em><\/p>","protected":false},"excerpt":{"rendered":"<p>Collier court en Agate de feu, Pierre de lune, Oeil de chat et Quartz gris, avec cha\u00eene \u00e0 maillons circulaires en argent 925\u2030 rhodi\u00e9, sans fermoir. Fabriqu\u00e9 en Italie. Longueur 65cm<\/p>","protected":false},"featured_media":23108,"comment_status":"open","ping_status":"closed","template":"","meta":[],"product_brand":[],"product_cat":[757,707,706,708],"product_tag":[802],"class_list":{"0":"post-39584","1":"product","2":"type-product","3":"status-publish","4":"has-post-thumbnail","6":"product_cat-bijoux-en-argent","7":"product_cat-bijoux-en-pierres-dures","8":"product_cat-colliers-pour-femmes","9":"product_cat-colliers-de-pierres-dures","10":"product_tag-nouveautes-2025-2026","12":"first","13":"instock","14":"sale","15":"sold-individually","16":"taxable","17":"shipping-taxable","18":"purchasable","19":"product-type-simple"},"yoast_head":"<!-- This site is optimized with the Yoast SEO plugin v27.3 - https:\/\/yoast.com\/product\/yoast-seo-wordpress\/ -->\n<title>Collier court en Agate de feu, Pierre de lune et Quartz gris - Della Rovere<\/title>\n<meta name=\"description\" content=\"Collier court en Agate de feu et Quartz gris. Produits artisanaux fabriqu\u00e9s en Italie. D\u00e9couvrez notre catalogue en ligne. Livraison rapide ! Coupon de r\u00e9duction pour le premier achat.\" \/>\n<meta name=\"robots\" content=\"index, follow, max-snippet:-1, max-image-preview:large, max-video-preview:-1\" \/>\n<link rel=\"canonical\" href=\"https:\/\/dellaroveregioielli.it\/fr\/colliers-de-pierres-dures\/collier-court-en-agate-de-feu-pierre-de-lune-et-quartz-gris\/\" \/>\n<meta property=\"og:locale\" content=\"fr_FR\" \/>\n<meta property=\"og:type\" content=\"article\" \/>\n<meta property=\"og:title\" content=\"Collier court en Agate de feu, Pierre de lune et Quartz gris - Della Rovere\" \/>\n<meta property=\"og:description\" content=\"Collier court en Agate de feu et Quartz gris. Produits artisanaux fabriqu\u00e9s en Italie. D\u00e9couvrez notre catalogue en ligne. Livraison rapide ! Coupon de r\u00e9duction pour le premier achat.\" \/>\n<meta property=\"og:url\" content=\"https:\/\/dellaroveregioielli.it\/fr\/colliers-de-pierres-dures\/collier-court-en-agate-de-feu-pierre-de-lune-et-quartz-gris\/\" \/>\n<meta property=\"og:site_name\" content=\"Della Rovere\" \/>\n<meta property=\"og:image\" content=\"https:\/\/dellaroveregioielli.it\/wp-content\/uploads\/2025\/10\/EC154.jpg\" \/>\n\t<meta property=\"og:image:width\" content=\"2000\" \/>\n\t<meta property=\"og:image:height\" content=\"2000\" \/>\n\t<meta property=\"og:image:type\" content=\"image\/jpeg\" \/>\n<script type=\"application\/ld+json\" class=\"yoast-schema-graph\">{\"@context\":\"https:\\\/\\\/schema.org\",\"@graph\":[{\"@type\":\"WebPage\",\"@id\":\"https:\\\/\\\/dellaroveregioielli.it\\\/fr\\\/colliers-de-pierres-dures\\\/collier-court-en-agate-de-feu-pierre-de-lune-et-quartz-gris\\\/\",\"url\":\"https:\\\/\\\/dellaroveregioielli.it\\\/fr\\\/colliers-de-pierres-dures\\\/collier-court-en-agate-de-feu-pierre-de-lune-et-quartz-gris\\\/\",\"name\":\"Collier court en Agate de feu, Pierre de lune et Quartz gris - Della Rovere\",\"isPartOf\":{\"@id\":\"https:\\\/\\\/dellaroveregioielli.it\\\/fr\\\/#website\"},\"primaryImageOfPage\":{\"@id\":\"https:\\\/\\\/dellaroveregioielli.it\\\/fr\\\/colliers-de-pierres-dures\\\/collier-court-en-agate-de-feu-pierre-de-lune-et-quartz-gris\\\/#primaryimage\"},\"image\":{\"@id\":\"https:\\\/\\\/dellaroveregioielli.it\\\/fr\\\/colliers-de-pierres-dures\\\/collier-court-en-agate-de-feu-pierre-de-lune-et-quartz-gris\\\/#primaryimage\"},\"thumbnailUrl\":\"https:\\\/\\\/dellaroveregioielli.it\\\/wp-content\\\/uploads\\\/2025\\\/10\\\/EC154.jpg\",\"datePublished\":\"2020-07-22T08:43:19+00:00\",\"description\":\"Collier court en Agate de feu et Quartz gris. Produits artisanaux fabriqu\u00e9s en Italie. D\u00e9couvrez notre catalogue en ligne. Livraison rapide ! Coupon de r\u00e9duction pour le premier achat.\",\"breadcrumb\":{\"@id\":\"https:\\\/\\\/dellaroveregioielli.it\\\/fr\\\/colliers-de-pierres-dures\\\/collier-court-en-agate-de-feu-pierre-de-lune-et-quartz-gris\\\/#breadcrumb\"},\"inLanguage\":\"fr-FR\",\"potentialAction\":[{\"@type\":\"ReadAction\",\"target\":[\"https:\\\/\\\/dellaroveregioielli.it\\\/fr\\\/colliers-de-pierres-dures\\\/collier-court-en-agate-de-feu-pierre-de-lune-et-quartz-gris\\\/\"]}]},{\"@type\":\"ImageObject\",\"inLanguage\":\"fr-FR\",\"@id\":\"https:\\\/\\\/dellaroveregioielli.it\\\/fr\\\/colliers-de-pierres-dures\\\/collier-court-en-agate-de-feu-pierre-de-lune-et-quartz-gris\\\/#primaryimage\",\"url\":\"https:\\\/\\\/dellaroveregioielli.it\\\/wp-content\\\/uploads\\\/2025\\\/10\\\/EC154.jpg\",\"contentUrl\":\"https:\\\/\\\/dellaroveregioielli.it\\\/wp-content\\\/uploads\\\/2025\\\/10\\\/EC154.jpg\",\"width\":2000,\"height\":2000,\"caption\":\"Collana corta in Agata di Fuoco e Quarzo Grigio\"},{\"@type\":\"BreadcrumbList\",\"@id\":\"https:\\\/\\\/dellaroveregioielli.it\\\/fr\\\/colliers-de-pierres-dures\\\/collier-court-en-agate-de-feu-pierre-de-lune-et-quartz-gris\\\/#breadcrumb\",\"itemListElement\":[{\"@type\":\"ListItem\",\"position\":1,\"name\":\"Homepage\",\"item\":\"https:\\\/\\\/dellaroveregioielli.it\\\/fr\\\/\"},{\"@type\":\"ListItem\",\"position\":2,\"name\":\"Shop\",\"item\":\"https:\\\/\\\/dellaroveregioielli.it\\\/negozio\\\/\"},{\"@type\":\"ListItem\",\"position\":3,\"name\":\"Collier court en Agate de feu, Pierre de lune et Quartz gris\"}]},{\"@type\":\"WebSite\",\"@id\":\"https:\\\/\\\/dellaroveregioielli.it\\\/fr\\\/#website\",\"url\":\"https:\\\/\\\/dellaroveregioielli.it\\\/fr\\\/\",\"name\":\"Della Rovere\",\"description\":\"Gioielli in argento e pietre dure\",\"publisher\":{\"@id\":\"https:\\\/\\\/dellaroveregioielli.it\\\/fr\\\/#organization\"},\"potentialAction\":[{\"@type\":\"SearchAction\",\"target\":{\"@type\":\"EntryPoint\",\"urlTemplate\":\"https:\\\/\\\/dellaroveregioielli.it\\\/fr\\\/?s={search_term_string}\"},\"query-input\":{\"@type\":\"PropertyValueSpecification\",\"valueRequired\":true,\"valueName\":\"search_term_string\"}}],\"inLanguage\":\"fr-FR\"},{\"@type\":\"Organization\",\"@id\":\"https:\\\/\\\/dellaroveregioielli.it\\\/fr\\\/#organization\",\"name\":\"Della Rovere\",\"url\":\"https:\\\/\\\/dellaroveregioielli.it\\\/fr\\\/\",\"logo\":{\"@type\":\"ImageObject\",\"inLanguage\":\"fr-FR\",\"@id\":\"https:\\\/\\\/dellaroveregioielli.it\\\/fr\\\/#\\\/schema\\\/logo\\\/image\\\/\",\"url\":\"https:\\\/\\\/dellaroveregioielli.it\\\/wp-content\\\/uploads\\\/2020\\\/08\\\/logo-dellarovere-completo.png\",\"contentUrl\":\"https:\\\/\\\/dellaroveregioielli.it\\\/wp-content\\\/uploads\\\/2020\\\/08\\\/logo-dellarovere-completo.png\",\"width\":904,\"height\":199,\"caption\":\"Della Rovere\"},\"image\":{\"@id\":\"https:\\\/\\\/dellaroveregioielli.it\\\/fr\\\/#\\\/schema\\\/logo\\\/image\\\/\"}}]}<\/script>\n<!-- \/ Yoast SEO plugin. -->","yoast_head_json":{"title":"Collier court en Agate de feu, Pierre de lune et Quartz gris - Della Rovere","description":"Collier court en Agate de feu et Quartz gris. Produits artisanaux fabriqu\u00e9s en Italie. D\u00e9couvrez notre catalogue en ligne. Livraison rapide ! Coupon de r\u00e9duction pour le premier achat.","robots":{"index":"index","follow":"follow","max-snippet":"max-snippet:-1","max-image-preview":"max-image-preview:large","max-video-preview":"max-video-preview:-1"},"canonical":"https:\/\/dellaroveregioielli.it\/fr\/colliers-de-pierres-dures\/collier-court-en-agate-de-feu-pierre-de-lune-et-quartz-gris\/","og_locale":"fr_FR","og_type":"article","og_title":"Collier court en Agate de feu, Pierre de lune et Quartz gris - Della Rovere","og_description":"Collier court en Agate de feu et Quartz gris. Produits artisanaux fabriqu\u00e9s en Italie. D\u00e9couvrez notre catalogue en ligne. Livraison rapide ! Coupon de r\u00e9duction pour le premier achat.","og_url":"https:\/\/dellaroveregioielli.it\/fr\/colliers-de-pierres-dures\/collier-court-en-agate-de-feu-pierre-de-lune-et-quartz-gris\/","og_site_name":"Della Rovere","og_image":[{"width":2000,"height":2000,"url":"https:\/\/dellaroveregioielli.it\/wp-content\/uploads\/2025\/10\/EC154.jpg","type":"image\/jpeg"}],"schema":{"@context":"https:\/\/schema.org","@graph":[{"@type":"WebPage","@id":"https:\/\/dellaroveregioielli.it\/fr\/colliers-de-pierres-dures\/collier-court-en-agate-de-feu-pierre-de-lune-et-quartz-gris\/","url":"https:\/\/dellaroveregioielli.it\/fr\/colliers-de-pierres-dures\/collier-court-en-agate-de-feu-pierre-de-lune-et-quartz-gris\/","name":"Collier court en Agate de feu, Pierre de lune et Quartz gris - Della Rovere","isPartOf":{"@id":"https:\/\/dellaroveregioielli.it\/fr\/#website"},"primaryImageOfPage":{"@id":"https:\/\/dellaroveregioielli.it\/fr\/colliers-de-pierres-dures\/collier-court-en-agate-de-feu-pierre-de-lune-et-quartz-gris\/#primaryimage"},"image":{"@id":"https:\/\/dellaroveregioielli.it\/fr\/colliers-de-pierres-dures\/collier-court-en-agate-de-feu-pierre-de-lune-et-quartz-gris\/#primaryimage"},"thumbnailUrl":"https:\/\/dellaroveregioielli.it\/wp-content\/uploads\/2025\/10\/EC154.jpg","datePublished":"2020-07-22T08:43:19+00:00","description":"Collier court en Agate de feu et Quartz gris. Produits artisanaux fabriqu\u00e9s en Italie. D\u00e9couvrez notre catalogue en ligne. Livraison rapide ! Coupon de r\u00e9duction pour le premier achat.","breadcrumb":{"@id":"https:\/\/dellaroveregioielli.it\/fr\/colliers-de-pierres-dures\/collier-court-en-agate-de-feu-pierre-de-lune-et-quartz-gris\/#breadcrumb"},"inLanguage":"fr-FR","potentialAction":[{"@type":"ReadAction","target":["https:\/\/dellaroveregioielli.it\/fr\/colliers-de-pierres-dures\/collier-court-en-agate-de-feu-pierre-de-lune-et-quartz-gris\/"]}]},{"@type":"ImageObject","inLanguage":"fr-FR","@id":"https:\/\/dellaroveregioielli.it\/fr\/colliers-de-pierres-dures\/collier-court-en-agate-de-feu-pierre-de-lune-et-quartz-gris\/#primaryimage","url":"https:\/\/dellaroveregioielli.it\/wp-content\/uploads\/2025\/10\/EC154.jpg","contentUrl":"https:\/\/dellaroveregioielli.it\/wp-content\/uploads\/2025\/10\/EC154.jpg","width":2000,"height":2000,"caption":"Collana corta in Agata di Fuoco e Quarzo Grigio"},{"@type":"BreadcrumbList","@id":"https:\/\/dellaroveregioielli.it\/fr\/colliers-de-pierres-dures\/collier-court-en-agate-de-feu-pierre-de-lune-et-quartz-gris\/#breadcrumb","itemListElement":[{"@type":"ListItem","position":1,"name":"Homepage","item":"https:\/\/dellaroveregioielli.it\/fr\/"},{"@type":"ListItem","position":2,"name":"Shop","item":"https:\/\/dellaroveregioielli.it\/negozio\/"},{"@type":"ListItem","position":3,"name":"Collier court en Agate de feu, Pierre de lune et Quartz gris"}]},{"@type":"WebSite","@id":"https:\/\/dellaroveregioielli.it\/fr\/#website","url":"https:\/\/dellaroveregioielli.it\/fr\/","name":"Della Rovere","description":"Gioielli in argento e pietre dure","publisher":{"@id":"https:\/\/dellaroveregioielli.it\/fr\/#organization"},"potentialAction":[{"@type":"SearchAction","target":{"@type":"EntryPoint","urlTemplate":"https:\/\/dellaroveregioielli.it\/fr\/?s={search_term_string}"},"query-input":{"@type":"PropertyValueSpecification","valueRequired":true,"valueName":"search_term_string"}}],"inLanguage":"fr-FR"},{"@type":"Organization","@id":"https:\/\/dellaroveregioielli.it\/fr\/#organization","name":"Della Rovere","url":"https:\/\/dellaroveregioielli.it\/fr\/","logo":{"@type":"ImageObject","inLanguage":"fr-FR","@id":"https:\/\/dellaroveregioielli.it\/fr\/#\/schema\/logo\/image\/","url":"https:\/\/dellaroveregioielli.it\/wp-content\/uploads\/2020\/08\/logo-dellarovere-completo.png","contentUrl":"https:\/\/dellaroveregioielli.it\/wp-content\/uploads\/2020\/08\/logo-dellarovere-completo.png","width":904,"height":199,"caption":"Della Rovere"},"image":{"@id":"https:\/\/dellaroveregioielli.it\/fr\/#\/schema\/logo\/image\/"}}]}},"_links":{"self":[{"href":"https:\/\/dellaroveregioielli.it\/fr\/wp-json\/wp\/v2\/product\/39584","targetHints":{"allow":["GET"]}}],"collection":[{"href":"https:\/\/dellaroveregioielli.it\/fr\/wp-json\/wp\/v2\/product"}],"about":[{"href":"https:\/\/dellaroveregioielli.it\/fr\/wp-json\/wp\/v2\/types\/product"}],"replies":[{"embeddable":true,"href":"https:\/\/dellaroveregioielli.it\/fr\/wp-json\/wp\/v2\/comments?post=39584"}],"version-history":[{"count":0,"href":"https:\/\/dellaroveregioielli.it\/fr\/wp-json\/wp\/v2\/product\/39584\/revisions"}],"wp:featuredmedia":[{"embeddable":true,"href":"https:\/\/dellaroveregioielli.it\/fr\/wp-json\/wp\/v2\/media\/23108"}],"wp:attachment":[{"href":"https:\/\/dellaroveregioielli.it\/fr\/wp-json\/wp\/v2\/media?parent=39584"}],"wp:term":[{"taxonomy":"product_brand","embeddable":true,"href":"https:\/\/dellaroveregioielli.it\/fr\/wp-json\/wp\/v2\/product_brand?post=39584"},{"taxonomy":"product_cat","embeddable":true,"href":"https:\/\/dellaroveregioielli.it\/fr\/wp-json\/wp\/v2\/product_cat?post=39584"},{"taxonomy":"product_tag","embeddable":true,"href":"https:\/\/dellaroveregioielli.it\/fr\/wp-json\/wp\/v2\/product_tag?post=39584"}],"curies":[{"name":"wp","href":"https:\/\/api.w.org\/{rel}","templated":true}]}}