{"id":38814,"date":"2022-05-19T09:22:11","date_gmt":"2022-05-19T07:22:11","guid":{"rendered":"https:\/\/dellaroveregioielli.it\/non class\u00e9\/oeil-de-tigre-renverse\/"},"modified":"2022-05-19T09:22:11","modified_gmt":"2022-05-19T07:22:11","slug":"oeil-de-tigre-renverse","status":"publish","type":"product","link":"https:\/\/dellaroveregioielli.it\/fr\/pierres-dures\/oeil-de-tigre-renverse\/","title":{"rendered":"\u0152il de tigre renvers\u00e9"},"content":{"rendered":"<p>Oeil de tigre en galets de forme irr\u00e9guli\u00e8re &#8211; taille moyenne 2,5 cm.<\/p>\n<p><em>Tous les<\/em> galets<em>sont de forme diff\u00e9rente et pr\u00e9sentent des nuances qui varient d&rsquo;une pi\u00e8ce \u00e0 l&rsquo;autre.<\/em><\/p>\n<p><em>Photo \u00e0 des fins d&rsquo;illustration uniquement.<\/em><\/p>\n<p>&nbsp;<\/p>","protected":false},"excerpt":{"rendered":"<p>Oeil de tigre en galets de forme irr\u00e9guli\u00e8re &#8211; taille moyenne 2,5 cm. Tous les galetssont de forme diff\u00e9rente et pr\u00e9sentent des nuances qui varient d&rsquo;une pi\u00e8ce \u00e0 l&rsquo;autre. Photo \u00e0 des fins d&rsquo;illustration uniquement. &nbsp;<\/p>","protected":false},"featured_media":12365,"comment_status":"open","ping_status":"closed","template":"","meta":[],"product_brand":[],"product_cat":[885],"product_tag":[],"class_list":{"0":"post-38814","1":"product","2":"type-product","3":"status-publish","4":"has-post-thumbnail","6":"product_cat-pierres-dures","8":"first","9":"instock","10":"taxable","11":"shipping-taxable","12":"purchasable","13":"product-type-simple"},"yoast_head":"<!-- This site is optimized with the Yoast SEO plugin v27.3 - https:\/\/yoast.com\/product\/yoast-seo-wordpress\/ -->\n<title>\u0152il de tigre renvers\u00e9 - Della Rovere<\/title>\n<meta name=\"description\" content=\"Hawkeye en galets de forme irr\u00e9guli\u00e8re. D\u00e9couvrez notre catalogue en ligne. Livraison rapide ! Coupon de r\u00e9duction sur le premier achat.Eye of the Tiger\" \/>\n<meta name=\"robots\" content=\"index, follow, max-snippet:-1, max-image-preview:large, max-video-preview:-1\" \/>\n<link rel=\"canonical\" href=\"https:\/\/dellaroveregioielli.it\/fr\/pierres-dures\/oeil-de-tigre-renverse\/\" \/>\n<meta property=\"og:locale\" content=\"fr_FR\" \/>\n<meta property=\"og:type\" content=\"article\" \/>\n<meta property=\"og:title\" content=\"\u0152il de tigre renvers\u00e9 - Della Rovere\" \/>\n<meta property=\"og:description\" content=\"Hawkeye en galets de forme irr\u00e9guli\u00e8re. D\u00e9couvrez notre catalogue en ligne. Livraison rapide ! Coupon de r\u00e9duction sur le premier achat.Eye of the Tiger\" \/>\n<meta property=\"og:url\" content=\"https:\/\/dellaroveregioielli.it\/fr\/pierres-dures\/oeil-de-tigre-renverse\/\" \/>\n<meta property=\"og:site_name\" content=\"Della Rovere\" \/>\n<meta property=\"og:image\" content=\"https:\/\/dellaroveregioielli.it\/wp-content\/uploads\/2022\/03\/BURATTATO-OCCHIO-DI-TIGRE.jpg\" \/>\n\t<meta property=\"og:image:width\" content=\"2000\" \/>\n\t<meta property=\"og:image:height\" content=\"2000\" \/>\n\t<meta property=\"og:image:type\" content=\"image\/jpeg\" \/>\n<script type=\"application\/ld+json\" class=\"yoast-schema-graph\">{\"@context\":\"https:\\\/\\\/schema.org\",\"@graph\":[{\"@type\":\"WebPage\",\"@id\":\"https:\\\/\\\/dellaroveregioielli.it\\\/fr\\\/pierres-dures\\\/oeil-de-tigre-renverse\\\/\",\"url\":\"https:\\\/\\\/dellaroveregioielli.it\\\/fr\\\/pierres-dures\\\/oeil-de-tigre-renverse\\\/\",\"name\":\"\u0152il de tigre renvers\u00e9 - Della Rovere\",\"isPartOf\":{\"@id\":\"https:\\\/\\\/dellaroveregioielli.it\\\/fr\\\/#website\"},\"primaryImageOfPage\":{\"@id\":\"https:\\\/\\\/dellaroveregioielli.it\\\/fr\\\/pierres-dures\\\/oeil-de-tigre-renverse\\\/#primaryimage\"},\"image\":{\"@id\":\"https:\\\/\\\/dellaroveregioielli.it\\\/fr\\\/pierres-dures\\\/oeil-de-tigre-renverse\\\/#primaryimage\"},\"thumbnailUrl\":\"https:\\\/\\\/dellaroveregioielli.it\\\/wp-content\\\/uploads\\\/2022\\\/03\\\/BURATTATO-OCCHIO-DI-TIGRE.jpg\",\"datePublished\":\"2022-05-19T07:22:11+00:00\",\"description\":\"Hawkeye en galets de forme irr\u00e9guli\u00e8re. D\u00e9couvrez notre catalogue en ligne. Livraison rapide ! Coupon de r\u00e9duction sur le premier achat.Eye of the Tiger\",\"breadcrumb\":{\"@id\":\"https:\\\/\\\/dellaroveregioielli.it\\\/fr\\\/pierres-dures\\\/oeil-de-tigre-renverse\\\/#breadcrumb\"},\"inLanguage\":\"fr-FR\",\"potentialAction\":[{\"@type\":\"ReadAction\",\"target\":[\"https:\\\/\\\/dellaroveregioielli.it\\\/fr\\\/pierres-dures\\\/oeil-de-tigre-renverse\\\/\"]}]},{\"@type\":\"ImageObject\",\"inLanguage\":\"fr-FR\",\"@id\":\"https:\\\/\\\/dellaroveregioielli.it\\\/fr\\\/pierres-dures\\\/oeil-de-tigre-renverse\\\/#primaryimage\",\"url\":\"https:\\\/\\\/dellaroveregioielli.it\\\/wp-content\\\/uploads\\\/2022\\\/03\\\/BURATTATO-OCCHIO-DI-TIGRE.jpg\",\"contentUrl\":\"https:\\\/\\\/dellaroveregioielli.it\\\/wp-content\\\/uploads\\\/2022\\\/03\\\/BURATTATO-OCCHIO-DI-TIGRE.jpg\",\"width\":2000,\"height\":2000,\"caption\":\"BURATTATO OCCHIO DI TIGRE\"},{\"@type\":\"BreadcrumbList\",\"@id\":\"https:\\\/\\\/dellaroveregioielli.it\\\/fr\\\/pierres-dures\\\/oeil-de-tigre-renverse\\\/#breadcrumb\",\"itemListElement\":[{\"@type\":\"ListItem\",\"position\":1,\"name\":\"Homepage\",\"item\":\"https:\\\/\\\/dellaroveregioielli.it\\\/fr\\\/\"},{\"@type\":\"ListItem\",\"position\":2,\"name\":\"Shop\",\"item\":\"https:\\\/\\\/dellaroveregioielli.it\\\/negozio\\\/\"},{\"@type\":\"ListItem\",\"position\":3,\"name\":\"\u0152il de tigre renvers\u00e9\"}]},{\"@type\":\"WebSite\",\"@id\":\"https:\\\/\\\/dellaroveregioielli.it\\\/fr\\\/#website\",\"url\":\"https:\\\/\\\/dellaroveregioielli.it\\\/fr\\\/\",\"name\":\"Della Rovere\",\"description\":\"Gioielli in argento e pietre dure\",\"publisher\":{\"@id\":\"https:\\\/\\\/dellaroveregioielli.it\\\/fr\\\/#organization\"},\"potentialAction\":[{\"@type\":\"SearchAction\",\"target\":{\"@type\":\"EntryPoint\",\"urlTemplate\":\"https:\\\/\\\/dellaroveregioielli.it\\\/fr\\\/?s={search_term_string}\"},\"query-input\":{\"@type\":\"PropertyValueSpecification\",\"valueRequired\":true,\"valueName\":\"search_term_string\"}}],\"inLanguage\":\"fr-FR\"},{\"@type\":\"Organization\",\"@id\":\"https:\\\/\\\/dellaroveregioielli.it\\\/fr\\\/#organization\",\"name\":\"Della Rovere\",\"url\":\"https:\\\/\\\/dellaroveregioielli.it\\\/fr\\\/\",\"logo\":{\"@type\":\"ImageObject\",\"inLanguage\":\"fr-FR\",\"@id\":\"https:\\\/\\\/dellaroveregioielli.it\\\/fr\\\/#\\\/schema\\\/logo\\\/image\\\/\",\"url\":\"https:\\\/\\\/dellaroveregioielli.it\\\/wp-content\\\/uploads\\\/2020\\\/08\\\/logo-dellarovere-completo.png\",\"contentUrl\":\"https:\\\/\\\/dellaroveregioielli.it\\\/wp-content\\\/uploads\\\/2020\\\/08\\\/logo-dellarovere-completo.png\",\"width\":904,\"height\":199,\"caption\":\"Della Rovere\"},\"image\":{\"@id\":\"https:\\\/\\\/dellaroveregioielli.it\\\/fr\\\/#\\\/schema\\\/logo\\\/image\\\/\"}}]}<\/script>\n<!-- \/ Yoast SEO plugin. -->","yoast_head_json":{"title":"\u0152il de tigre renvers\u00e9 - Della Rovere","description":"Hawkeye en galets de forme irr\u00e9guli\u00e8re. D\u00e9couvrez notre catalogue en ligne. Livraison rapide ! Coupon de r\u00e9duction sur le premier achat.Eye of the Tiger","robots":{"index":"index","follow":"follow","max-snippet":"max-snippet:-1","max-image-preview":"max-image-preview:large","max-video-preview":"max-video-preview:-1"},"canonical":"https:\/\/dellaroveregioielli.it\/fr\/pierres-dures\/oeil-de-tigre-renverse\/","og_locale":"fr_FR","og_type":"article","og_title":"\u0152il de tigre renvers\u00e9 - Della Rovere","og_description":"Hawkeye en galets de forme irr\u00e9guli\u00e8re. D\u00e9couvrez notre catalogue en ligne. Livraison rapide ! Coupon de r\u00e9duction sur le premier achat.Eye of the Tiger","og_url":"https:\/\/dellaroveregioielli.it\/fr\/pierres-dures\/oeil-de-tigre-renverse\/","og_site_name":"Della Rovere","og_image":[{"width":2000,"height":2000,"url":"https:\/\/dellaroveregioielli.it\/wp-content\/uploads\/2022\/03\/BURATTATO-OCCHIO-DI-TIGRE.jpg","type":"image\/jpeg"}],"schema":{"@context":"https:\/\/schema.org","@graph":[{"@type":"WebPage","@id":"https:\/\/dellaroveregioielli.it\/fr\/pierres-dures\/oeil-de-tigre-renverse\/","url":"https:\/\/dellaroveregioielli.it\/fr\/pierres-dures\/oeil-de-tigre-renverse\/","name":"\u0152il de tigre renvers\u00e9 - Della Rovere","isPartOf":{"@id":"https:\/\/dellaroveregioielli.it\/fr\/#website"},"primaryImageOfPage":{"@id":"https:\/\/dellaroveregioielli.it\/fr\/pierres-dures\/oeil-de-tigre-renverse\/#primaryimage"},"image":{"@id":"https:\/\/dellaroveregioielli.it\/fr\/pierres-dures\/oeil-de-tigre-renverse\/#primaryimage"},"thumbnailUrl":"https:\/\/dellaroveregioielli.it\/wp-content\/uploads\/2022\/03\/BURATTATO-OCCHIO-DI-TIGRE.jpg","datePublished":"2022-05-19T07:22:11+00:00","description":"Hawkeye en galets de forme irr\u00e9guli\u00e8re. D\u00e9couvrez notre catalogue en ligne. Livraison rapide ! Coupon de r\u00e9duction sur le premier achat.Eye of the Tiger","breadcrumb":{"@id":"https:\/\/dellaroveregioielli.it\/fr\/pierres-dures\/oeil-de-tigre-renverse\/#breadcrumb"},"inLanguage":"fr-FR","potentialAction":[{"@type":"ReadAction","target":["https:\/\/dellaroveregioielli.it\/fr\/pierres-dures\/oeil-de-tigre-renverse\/"]}]},{"@type":"ImageObject","inLanguage":"fr-FR","@id":"https:\/\/dellaroveregioielli.it\/fr\/pierres-dures\/oeil-de-tigre-renverse\/#primaryimage","url":"https:\/\/dellaroveregioielli.it\/wp-content\/uploads\/2022\/03\/BURATTATO-OCCHIO-DI-TIGRE.jpg","contentUrl":"https:\/\/dellaroveregioielli.it\/wp-content\/uploads\/2022\/03\/BURATTATO-OCCHIO-DI-TIGRE.jpg","width":2000,"height":2000,"caption":"BURATTATO OCCHIO DI TIGRE"},{"@type":"BreadcrumbList","@id":"https:\/\/dellaroveregioielli.it\/fr\/pierres-dures\/oeil-de-tigre-renverse\/#breadcrumb","itemListElement":[{"@type":"ListItem","position":1,"name":"Homepage","item":"https:\/\/dellaroveregioielli.it\/fr\/"},{"@type":"ListItem","position":2,"name":"Shop","item":"https:\/\/dellaroveregioielli.it\/negozio\/"},{"@type":"ListItem","position":3,"name":"\u0152il de tigre renvers\u00e9"}]},{"@type":"WebSite","@id":"https:\/\/dellaroveregioielli.it\/fr\/#website","url":"https:\/\/dellaroveregioielli.it\/fr\/","name":"Della Rovere","description":"Gioielli in argento e pietre dure","publisher":{"@id":"https:\/\/dellaroveregioielli.it\/fr\/#organization"},"potentialAction":[{"@type":"SearchAction","target":{"@type":"EntryPoint","urlTemplate":"https:\/\/dellaroveregioielli.it\/fr\/?s={search_term_string}"},"query-input":{"@type":"PropertyValueSpecification","valueRequired":true,"valueName":"search_term_string"}}],"inLanguage":"fr-FR"},{"@type":"Organization","@id":"https:\/\/dellaroveregioielli.it\/fr\/#organization","name":"Della Rovere","url":"https:\/\/dellaroveregioielli.it\/fr\/","logo":{"@type":"ImageObject","inLanguage":"fr-FR","@id":"https:\/\/dellaroveregioielli.it\/fr\/#\/schema\/logo\/image\/","url":"https:\/\/dellaroveregioielli.it\/wp-content\/uploads\/2020\/08\/logo-dellarovere-completo.png","contentUrl":"https:\/\/dellaroveregioielli.it\/wp-content\/uploads\/2020\/08\/logo-dellarovere-completo.png","width":904,"height":199,"caption":"Della Rovere"},"image":{"@id":"https:\/\/dellaroveregioielli.it\/fr\/#\/schema\/logo\/image\/"}}]}},"_links":{"self":[{"href":"https:\/\/dellaroveregioielli.it\/fr\/wp-json\/wp\/v2\/product\/38814","targetHints":{"allow":["GET"]}}],"collection":[{"href":"https:\/\/dellaroveregioielli.it\/fr\/wp-json\/wp\/v2\/product"}],"about":[{"href":"https:\/\/dellaroveregioielli.it\/fr\/wp-json\/wp\/v2\/types\/product"}],"replies":[{"embeddable":true,"href":"https:\/\/dellaroveregioielli.it\/fr\/wp-json\/wp\/v2\/comments?post=38814"}],"version-history":[{"count":0,"href":"https:\/\/dellaroveregioielli.it\/fr\/wp-json\/wp\/v2\/product\/38814\/revisions"}],"wp:featuredmedia":[{"embeddable":true,"href":"https:\/\/dellaroveregioielli.it\/fr\/wp-json\/wp\/v2\/media\/12365"}],"wp:attachment":[{"href":"https:\/\/dellaroveregioielli.it\/fr\/wp-json\/wp\/v2\/media?parent=38814"}],"wp:term":[{"taxonomy":"product_brand","embeddable":true,"href":"https:\/\/dellaroveregioielli.it\/fr\/wp-json\/wp\/v2\/product_brand?post=38814"},{"taxonomy":"product_cat","embeddable":true,"href":"https:\/\/dellaroveregioielli.it\/fr\/wp-json\/wp\/v2\/product_cat?post=38814"},{"taxonomy":"product_tag","embeddable":true,"href":"https:\/\/dellaroveregioielli.it\/fr\/wp-json\/wp\/v2\/product_tag?post=38814"}],"curies":[{"name":"wp","href":"https:\/\/api.w.org\/{rel}","templated":true}]}}