{"id":38683,"date":"2024-12-05T18:32:13","date_gmt":"2024-12-05T17:32:13","guid":{"rendered":"https:\/\/dellaroveregioielli.it\/non class\u00e9\/kit-de-therapie-par-les-cristaux-pour-soulager-les-maux-de-tete\/"},"modified":"2024-12-05T18:32:13","modified_gmt":"2024-12-05T17:32:13","slug":"kit-de-therapie-par-les-cristaux-pour-soulager-les-maux-de-tete","status":"publish","type":"product","link":"https:\/\/dellaroveregioielli.it\/fr\/pierres-dures\/kit-de-therapie-par-les-cristaux-pour-soulager-les-maux-de-tete\/","title":{"rendered":"Kit de th\u00e9rapie par les cristaux pour soulager les maux de t\u00eate"},"content":{"rendered":"<p>Le kit de th\u00e9rapie par le cristal \u00ab\u00a0Soulagement des maux de t\u00eate\u00a0\u00bb contient du jais, de l&rsquo;amazonite et deux vari\u00e9t\u00e9s d&rsquo;am\u00e9thyste. Il est con\u00e7u pour<br \/>\nsoulager les douleurs et les tensions gr\u00e2ce au massage et aux propri\u00e9t\u00e9s \u00e9nerg\u00e9tiques des pierres. <\/p>\n<p>Comprend des codes QR avec des descriptions d\u00e9taill\u00e9es des diff\u00e9rentes pierres et de la mani\u00e8re dont elles peuvent agir positivement, ainsi qu&rsquo;un mode d&#8217;emploi !<\/p>\n<p><em>Taille de la bo\u00eete : 10cm*10cm*4cm<\/em><\/p>","protected":false},"excerpt":{"rendered":"<p>Le kit de th\u00e9rapie par le cristal \u00ab\u00a0Soulagement des maux de t\u00eate\u00a0\u00bb contient du jais, de l&rsquo;amazonite et deux vari\u00e9t\u00e9s d&rsquo;am\u00e9thyste. Il est con\u00e7u pour soulager les douleurs et les tensions gr\u00e2ce au massage et aux propri\u00e9t\u00e9s \u00e9nerg\u00e9tiques des pierres. Comprend des codes QR avec des descriptions d\u00e9taill\u00e9es des diff\u00e9rentes pierres et de la mani\u00e8re [&hellip;]<\/p>","protected":false},"featured_media":21027,"comment_status":"open","ping_status":"closed","template":"","meta":[],"product_brand":[],"product_cat":[910,885],"product_tag":[],"class_list":{"0":"post-38683","1":"product","2":"type-product","3":"status-publish","4":"has-post-thumbnail","6":"product_cat-objets-et-bien-etre","7":"product_cat-pierres-dures","9":"first","10":"outofstock","11":"taxable","12":"shipping-taxable","13":"purchasable","14":"product-type-simple"},"yoast_head":"<!-- This site is optimized with the Yoast SEO plugin v27.3 - https:\/\/yoast.com\/product\/yoast-seo-wordpress\/ -->\n<title>Kit de th\u00e9rapie par les cristaux pour soulager les maux de t\u00eate - Della Rovere<\/title>\n<meta name=\"description\" content=\"Kit de th\u00e9rapie par les cristaux pour soulager les maux de t\u00eate. D\u00e9couvrez notre catalogue en ligne. Livraison rapide ! Coupon de r\u00e9duction sur le premier achat.\" \/>\n<meta name=\"robots\" content=\"index, follow, max-snippet:-1, max-image-preview:large, max-video-preview:-1\" \/>\n<link rel=\"canonical\" href=\"https:\/\/dellaroveregioielli.it\/fr\/pierres-dures\/kit-de-therapie-par-les-cristaux-pour-soulager-les-maux-de-tete\/\" \/>\n<meta property=\"og:locale\" content=\"fr_FR\" \/>\n<meta property=\"og:type\" content=\"article\" \/>\n<meta property=\"og:title\" content=\"Kit de th\u00e9rapie par les cristaux pour soulager les maux de t\u00eate - Della Rovere\" \/>\n<meta property=\"og:description\" content=\"Kit de th\u00e9rapie par les cristaux pour soulager les maux de t\u00eate. D\u00e9couvrez notre catalogue en ligne. Livraison rapide ! Coupon de r\u00e9duction sur le premier achat.\" \/>\n<meta property=\"og:url\" content=\"https:\/\/dellaroveregioielli.it\/fr\/pierres-dures\/kit-de-therapie-par-les-cristaux-pour-soulager-les-maux-de-tete\/\" \/>\n<meta property=\"og:site_name\" content=\"Della Rovere\" \/>\n<meta property=\"og:image\" content=\"https:\/\/dellaroveregioielli.it\/wp-content\/uploads\/2024\/12\/sollievo-mal-di-testa-chiuso.jpg\" \/>\n\t<meta property=\"og:image:width\" content=\"1674\" \/>\n\t<meta property=\"og:image:height\" content=\"1674\" \/>\n\t<meta property=\"og:image:type\" content=\"image\/jpeg\" \/>\n<script type=\"application\/ld+json\" class=\"yoast-schema-graph\">{\"@context\":\"https:\\\/\\\/schema.org\",\"@graph\":[{\"@type\":\"WebPage\",\"@id\":\"https:\\\/\\\/dellaroveregioielli.it\\\/fr\\\/pierres-dures\\\/kit-de-therapie-par-les-cristaux-pour-soulager-les-maux-de-tete\\\/\",\"url\":\"https:\\\/\\\/dellaroveregioielli.it\\\/fr\\\/pierres-dures\\\/kit-de-therapie-par-les-cristaux-pour-soulager-les-maux-de-tete\\\/\",\"name\":\"Kit de th\u00e9rapie par les cristaux pour soulager les maux de t\u00eate - Della Rovere\",\"isPartOf\":{\"@id\":\"https:\\\/\\\/dellaroveregioielli.it\\\/fr\\\/#website\"},\"primaryImageOfPage\":{\"@id\":\"https:\\\/\\\/dellaroveregioielli.it\\\/fr\\\/pierres-dures\\\/kit-de-therapie-par-les-cristaux-pour-soulager-les-maux-de-tete\\\/#primaryimage\"},\"image\":{\"@id\":\"https:\\\/\\\/dellaroveregioielli.it\\\/fr\\\/pierres-dures\\\/kit-de-therapie-par-les-cristaux-pour-soulager-les-maux-de-tete\\\/#primaryimage\"},\"thumbnailUrl\":\"https:\\\/\\\/dellaroveregioielli.it\\\/wp-content\\\/uploads\\\/2024\\\/12\\\/sollievo-mal-di-testa-chiuso.jpg\",\"datePublished\":\"2024-12-05T17:32:13+00:00\",\"description\":\"Kit de th\u00e9rapie par les cristaux pour soulager les maux de t\u00eate. D\u00e9couvrez notre catalogue en ligne. Livraison rapide ! Coupon de r\u00e9duction sur le premier achat.\",\"breadcrumb\":{\"@id\":\"https:\\\/\\\/dellaroveregioielli.it\\\/fr\\\/pierres-dures\\\/kit-de-therapie-par-les-cristaux-pour-soulager-les-maux-de-tete\\\/#breadcrumb\"},\"inLanguage\":\"fr-FR\",\"potentialAction\":[{\"@type\":\"ReadAction\",\"target\":[\"https:\\\/\\\/dellaroveregioielli.it\\\/fr\\\/pierres-dures\\\/kit-de-therapie-par-les-cristaux-pour-soulager-les-maux-de-tete\\\/\"]}]},{\"@type\":\"ImageObject\",\"inLanguage\":\"fr-FR\",\"@id\":\"https:\\\/\\\/dellaroveregioielli.it\\\/fr\\\/pierres-dures\\\/kit-de-therapie-par-les-cristaux-pour-soulager-les-maux-de-tete\\\/#primaryimage\",\"url\":\"https:\\\/\\\/dellaroveregioielli.it\\\/wp-content\\\/uploads\\\/2024\\\/12\\\/sollievo-mal-di-testa-chiuso.jpg\",\"contentUrl\":\"https:\\\/\\\/dellaroveregioielli.it\\\/wp-content\\\/uploads\\\/2024\\\/12\\\/sollievo-mal-di-testa-chiuso.jpg\",\"width\":1674,\"height\":1674,\"caption\":\"Kit per Cristalloterapia \\\"Sollievo Mal di Testa\\\"\"},{\"@type\":\"BreadcrumbList\",\"@id\":\"https:\\\/\\\/dellaroveregioielli.it\\\/fr\\\/pierres-dures\\\/kit-de-therapie-par-les-cristaux-pour-soulager-les-maux-de-tete\\\/#breadcrumb\",\"itemListElement\":[{\"@type\":\"ListItem\",\"position\":1,\"name\":\"Homepage\",\"item\":\"https:\\\/\\\/dellaroveregioielli.it\\\/fr\\\/\"},{\"@type\":\"ListItem\",\"position\":2,\"name\":\"Shop\",\"item\":\"https:\\\/\\\/dellaroveregioielli.it\\\/negozio\\\/\"},{\"@type\":\"ListItem\",\"position\":3,\"name\":\"Kit de th\u00e9rapie par les cristaux pour soulager les maux de t\u00eate\"}]},{\"@type\":\"WebSite\",\"@id\":\"https:\\\/\\\/dellaroveregioielli.it\\\/fr\\\/#website\",\"url\":\"https:\\\/\\\/dellaroveregioielli.it\\\/fr\\\/\",\"name\":\"Della Rovere\",\"description\":\"Gioielli in argento e pietre dure\",\"publisher\":{\"@id\":\"https:\\\/\\\/dellaroveregioielli.it\\\/fr\\\/#organization\"},\"potentialAction\":[{\"@type\":\"SearchAction\",\"target\":{\"@type\":\"EntryPoint\",\"urlTemplate\":\"https:\\\/\\\/dellaroveregioielli.it\\\/fr\\\/?s={search_term_string}\"},\"query-input\":{\"@type\":\"PropertyValueSpecification\",\"valueRequired\":true,\"valueName\":\"search_term_string\"}}],\"inLanguage\":\"fr-FR\"},{\"@type\":\"Organization\",\"@id\":\"https:\\\/\\\/dellaroveregioielli.it\\\/fr\\\/#organization\",\"name\":\"Della Rovere\",\"url\":\"https:\\\/\\\/dellaroveregioielli.it\\\/fr\\\/\",\"logo\":{\"@type\":\"ImageObject\",\"inLanguage\":\"fr-FR\",\"@id\":\"https:\\\/\\\/dellaroveregioielli.it\\\/fr\\\/#\\\/schema\\\/logo\\\/image\\\/\",\"url\":\"https:\\\/\\\/dellaroveregioielli.it\\\/wp-content\\\/uploads\\\/2020\\\/08\\\/logo-dellarovere-completo.png\",\"contentUrl\":\"https:\\\/\\\/dellaroveregioielli.it\\\/wp-content\\\/uploads\\\/2020\\\/08\\\/logo-dellarovere-completo.png\",\"width\":904,\"height\":199,\"caption\":\"Della Rovere\"},\"image\":{\"@id\":\"https:\\\/\\\/dellaroveregioielli.it\\\/fr\\\/#\\\/schema\\\/logo\\\/image\\\/\"}}]}<\/script>\n<!-- \/ Yoast SEO plugin. -->","yoast_head_json":{"title":"Kit de th\u00e9rapie par les cristaux pour soulager les maux de t\u00eate - Della Rovere","description":"Kit de th\u00e9rapie par les cristaux pour soulager les maux de t\u00eate. D\u00e9couvrez notre catalogue en ligne. Livraison rapide ! Coupon de r\u00e9duction sur le premier achat.","robots":{"index":"index","follow":"follow","max-snippet":"max-snippet:-1","max-image-preview":"max-image-preview:large","max-video-preview":"max-video-preview:-1"},"canonical":"https:\/\/dellaroveregioielli.it\/fr\/pierres-dures\/kit-de-therapie-par-les-cristaux-pour-soulager-les-maux-de-tete\/","og_locale":"fr_FR","og_type":"article","og_title":"Kit de th\u00e9rapie par les cristaux pour soulager les maux de t\u00eate - Della Rovere","og_description":"Kit de th\u00e9rapie par les cristaux pour soulager les maux de t\u00eate. D\u00e9couvrez notre catalogue en ligne. Livraison rapide ! Coupon de r\u00e9duction sur le premier achat.","og_url":"https:\/\/dellaroveregioielli.it\/fr\/pierres-dures\/kit-de-therapie-par-les-cristaux-pour-soulager-les-maux-de-tete\/","og_site_name":"Della Rovere","og_image":[{"width":1674,"height":1674,"url":"https:\/\/dellaroveregioielli.it\/wp-content\/uploads\/2024\/12\/sollievo-mal-di-testa-chiuso.jpg","type":"image\/jpeg"}],"schema":{"@context":"https:\/\/schema.org","@graph":[{"@type":"WebPage","@id":"https:\/\/dellaroveregioielli.it\/fr\/pierres-dures\/kit-de-therapie-par-les-cristaux-pour-soulager-les-maux-de-tete\/","url":"https:\/\/dellaroveregioielli.it\/fr\/pierres-dures\/kit-de-therapie-par-les-cristaux-pour-soulager-les-maux-de-tete\/","name":"Kit de th\u00e9rapie par les cristaux pour soulager les maux de t\u00eate - Della Rovere","isPartOf":{"@id":"https:\/\/dellaroveregioielli.it\/fr\/#website"},"primaryImageOfPage":{"@id":"https:\/\/dellaroveregioielli.it\/fr\/pierres-dures\/kit-de-therapie-par-les-cristaux-pour-soulager-les-maux-de-tete\/#primaryimage"},"image":{"@id":"https:\/\/dellaroveregioielli.it\/fr\/pierres-dures\/kit-de-therapie-par-les-cristaux-pour-soulager-les-maux-de-tete\/#primaryimage"},"thumbnailUrl":"https:\/\/dellaroveregioielli.it\/wp-content\/uploads\/2024\/12\/sollievo-mal-di-testa-chiuso.jpg","datePublished":"2024-12-05T17:32:13+00:00","description":"Kit de th\u00e9rapie par les cristaux pour soulager les maux de t\u00eate. D\u00e9couvrez notre catalogue en ligne. Livraison rapide ! Coupon de r\u00e9duction sur le premier achat.","breadcrumb":{"@id":"https:\/\/dellaroveregioielli.it\/fr\/pierres-dures\/kit-de-therapie-par-les-cristaux-pour-soulager-les-maux-de-tete\/#breadcrumb"},"inLanguage":"fr-FR","potentialAction":[{"@type":"ReadAction","target":["https:\/\/dellaroveregioielli.it\/fr\/pierres-dures\/kit-de-therapie-par-les-cristaux-pour-soulager-les-maux-de-tete\/"]}]},{"@type":"ImageObject","inLanguage":"fr-FR","@id":"https:\/\/dellaroveregioielli.it\/fr\/pierres-dures\/kit-de-therapie-par-les-cristaux-pour-soulager-les-maux-de-tete\/#primaryimage","url":"https:\/\/dellaroveregioielli.it\/wp-content\/uploads\/2024\/12\/sollievo-mal-di-testa-chiuso.jpg","contentUrl":"https:\/\/dellaroveregioielli.it\/wp-content\/uploads\/2024\/12\/sollievo-mal-di-testa-chiuso.jpg","width":1674,"height":1674,"caption":"Kit per Cristalloterapia \"Sollievo Mal di Testa\""},{"@type":"BreadcrumbList","@id":"https:\/\/dellaroveregioielli.it\/fr\/pierres-dures\/kit-de-therapie-par-les-cristaux-pour-soulager-les-maux-de-tete\/#breadcrumb","itemListElement":[{"@type":"ListItem","position":1,"name":"Homepage","item":"https:\/\/dellaroveregioielli.it\/fr\/"},{"@type":"ListItem","position":2,"name":"Shop","item":"https:\/\/dellaroveregioielli.it\/negozio\/"},{"@type":"ListItem","position":3,"name":"Kit de th\u00e9rapie par les cristaux pour soulager les maux de t\u00eate"}]},{"@type":"WebSite","@id":"https:\/\/dellaroveregioielli.it\/fr\/#website","url":"https:\/\/dellaroveregioielli.it\/fr\/","name":"Della Rovere","description":"Gioielli in argento e pietre dure","publisher":{"@id":"https:\/\/dellaroveregioielli.it\/fr\/#organization"},"potentialAction":[{"@type":"SearchAction","target":{"@type":"EntryPoint","urlTemplate":"https:\/\/dellaroveregioielli.it\/fr\/?s={search_term_string}"},"query-input":{"@type":"PropertyValueSpecification","valueRequired":true,"valueName":"search_term_string"}}],"inLanguage":"fr-FR"},{"@type":"Organization","@id":"https:\/\/dellaroveregioielli.it\/fr\/#organization","name":"Della Rovere","url":"https:\/\/dellaroveregioielli.it\/fr\/","logo":{"@type":"ImageObject","inLanguage":"fr-FR","@id":"https:\/\/dellaroveregioielli.it\/fr\/#\/schema\/logo\/image\/","url":"https:\/\/dellaroveregioielli.it\/wp-content\/uploads\/2020\/08\/logo-dellarovere-completo.png","contentUrl":"https:\/\/dellaroveregioielli.it\/wp-content\/uploads\/2020\/08\/logo-dellarovere-completo.png","width":904,"height":199,"caption":"Della Rovere"},"image":{"@id":"https:\/\/dellaroveregioielli.it\/fr\/#\/schema\/logo\/image\/"}}]}},"_links":{"self":[{"href":"https:\/\/dellaroveregioielli.it\/fr\/wp-json\/wp\/v2\/product\/38683","targetHints":{"allow":["GET"]}}],"collection":[{"href":"https:\/\/dellaroveregioielli.it\/fr\/wp-json\/wp\/v2\/product"}],"about":[{"href":"https:\/\/dellaroveregioielli.it\/fr\/wp-json\/wp\/v2\/types\/product"}],"replies":[{"embeddable":true,"href":"https:\/\/dellaroveregioielli.it\/fr\/wp-json\/wp\/v2\/comments?post=38683"}],"version-history":[{"count":0,"href":"https:\/\/dellaroveregioielli.it\/fr\/wp-json\/wp\/v2\/product\/38683\/revisions"}],"wp:featuredmedia":[{"embeddable":true,"href":"https:\/\/dellaroveregioielli.it\/fr\/wp-json\/wp\/v2\/media\/21027"}],"wp:attachment":[{"href":"https:\/\/dellaroveregioielli.it\/fr\/wp-json\/wp\/v2\/media?parent=38683"}],"wp:term":[{"taxonomy":"product_brand","embeddable":true,"href":"https:\/\/dellaroveregioielli.it\/fr\/wp-json\/wp\/v2\/product_brand?post=38683"},{"taxonomy":"product_cat","embeddable":true,"href":"https:\/\/dellaroveregioielli.it\/fr\/wp-json\/wp\/v2\/product_cat?post=38683"},{"taxonomy":"product_tag","embeddable":true,"href":"https:\/\/dellaroveregioielli.it\/fr\/wp-json\/wp\/v2\/product_tag?post=38683"}],"curies":[{"name":"wp","href":"https:\/\/api.w.org\/{rel}","templated":true}]}}