{"id":38487,"date":"2022-05-19T18:22:17","date_gmt":"2022-05-19T16:22:17","guid":{"rendered":"https:\/\/dellaroveregioielli.it\/non class\u00e9\/bague-en-argent-avec-agate-noire-striee\/"},"modified":"2022-05-19T18:22:17","modified_gmt":"2022-05-19T16:22:17","slug":"bague-en-argent-avec-agate-noire-striee","status":"publish","type":"product","link":"https:\/\/dellaroveregioielli.it\/fr\/bagues-en-pierres-dures\/bague-en-argent-avec-agate-noire-striee\/","title":{"rendered":"Bague en argent avec agate noire stri\u00e9e"},"content":{"rendered":"<p>Bague extensible en argent 925\u2030 fabriqu\u00e9e \u00e0 la main avec de l&rsquo;agate noire stri\u00e9e. Fabriqu\u00e9 en Italie <\/p>\n<p><em>Dimensions de la pierre : 4cm x 3cm.  <\/em><\/p>","protected":false},"excerpt":{"rendered":"<p>Bague extensible en argent 925\u2030 fabriqu\u00e9e \u00e0 la main avec de l&rsquo;agate noire stri\u00e9e. Fabriqu\u00e9 en Italie Dimensions de la pierre : 4cm x 3cm.<\/p>","protected":false},"featured_media":38490,"comment_status":"open","ping_status":"closed","template":"","meta":[],"product_brand":[],"product_cat":[793,794,757,707],"product_tag":[802],"class_list":{"0":"post-38487","1":"product","2":"type-product","3":"status-publish","4":"has-post-thumbnail","6":"product_cat-bagues-pour-femmes","7":"product_cat-bagues-en-pierres-dures","8":"product_cat-bijoux-en-argent","9":"product_cat-bijoux-en-pierres-dures","10":"product_tag-nouveautes-2025-2026","12":"first","13":"instock","14":"sold-individually","15":"taxable","16":"shipping-taxable","17":"purchasable","18":"product-type-simple"},"yoast_head":"<!-- This site is optimized with the Yoast SEO plugin v27.3 - https:\/\/yoast.com\/product\/yoast-seo-wordpress\/ -->\n<title>Bague en argent avec agate noire stri\u00e9e - Della Rovere<\/title>\n<meta name=\"description\" content=\"Bague en argent avec Agate stri\u00e9e. D\u00e9couvrez notre catalogue en ligne. Livraison rapide ! Coupon de r\u00e9duction sur le premier achat.\" \/>\n<meta name=\"robots\" content=\"index, follow, max-snippet:-1, max-image-preview:large, max-video-preview:-1\" \/>\n<link rel=\"canonical\" href=\"https:\/\/dellaroveregioielli.it\/fr\/bagues-en-pierres-dures\/bague-en-argent-avec-agate-noire-striee\/\" \/>\n<meta property=\"og:locale\" content=\"fr_FR\" \/>\n<meta property=\"og:type\" content=\"article\" \/>\n<meta property=\"og:title\" content=\"Bague en argent avec agate noire stri\u00e9e - Della Rovere\" \/>\n<meta property=\"og:description\" content=\"Bague en argent avec Agate stri\u00e9e. D\u00e9couvrez notre catalogue en ligne. Livraison rapide ! Coupon de r\u00e9duction sur le premier achat.\" \/>\n<meta property=\"og:url\" content=\"https:\/\/dellaroveregioielli.it\/fr\/bagues-en-pierres-dures\/bague-en-argent-avec-agate-noire-striee\/\" \/>\n<meta property=\"og:site_name\" content=\"Della Rovere\" \/>\n<meta property=\"og:image\" content=\"https:\/\/dellaroveregioielli.it\/wp-content\/uploads\/2025\/10\/EA44.jpg\" \/>\n\t<meta property=\"og:image:width\" content=\"2000\" \/>\n\t<meta property=\"og:image:height\" content=\"2000\" \/>\n\t<meta property=\"og:image:type\" content=\"image\/jpeg\" \/>\n<script type=\"application\/ld+json\" class=\"yoast-schema-graph\">{\"@context\":\"https:\\\/\\\/schema.org\",\"@graph\":[{\"@type\":\"WebPage\",\"@id\":\"https:\\\/\\\/dellaroveregioielli.it\\\/fr\\\/bagues-en-pierres-dures\\\/bague-en-argent-avec-agate-noire-striee\\\/\",\"url\":\"https:\\\/\\\/dellaroveregioielli.it\\\/fr\\\/bagues-en-pierres-dures\\\/bague-en-argent-avec-agate-noire-striee\\\/\",\"name\":\"Bague en argent avec agate noire stri\u00e9e - Della Rovere\",\"isPartOf\":{\"@id\":\"https:\\\/\\\/dellaroveregioielli.it\\\/fr\\\/#website\"},\"primaryImageOfPage\":{\"@id\":\"https:\\\/\\\/dellaroveregioielli.it\\\/fr\\\/bagues-en-pierres-dures\\\/bague-en-argent-avec-agate-noire-striee\\\/#primaryimage\"},\"image\":{\"@id\":\"https:\\\/\\\/dellaroveregioielli.it\\\/fr\\\/bagues-en-pierres-dures\\\/bague-en-argent-avec-agate-noire-striee\\\/#primaryimage\"},\"thumbnailUrl\":\"https:\\\/\\\/dellaroveregioielli.it\\\/wp-content\\\/uploads\\\/2025\\\/10\\\/EA44.jpg\",\"datePublished\":\"2022-05-19T16:22:17+00:00\",\"description\":\"Bague en argent avec Agate stri\u00e9e. D\u00e9couvrez notre catalogue en ligne. Livraison rapide ! Coupon de r\u00e9duction sur le premier achat.\",\"breadcrumb\":{\"@id\":\"https:\\\/\\\/dellaroveregioielli.it\\\/fr\\\/bagues-en-pierres-dures\\\/bague-en-argent-avec-agate-noire-striee\\\/#breadcrumb\"},\"inLanguage\":\"fr-FR\",\"potentialAction\":[{\"@type\":\"ReadAction\",\"target\":[\"https:\\\/\\\/dellaroveregioielli.it\\\/fr\\\/bagues-en-pierres-dures\\\/bague-en-argent-avec-agate-noire-striee\\\/\"]}]},{\"@type\":\"ImageObject\",\"inLanguage\":\"fr-FR\",\"@id\":\"https:\\\/\\\/dellaroveregioielli.it\\\/fr\\\/bagues-en-pierres-dures\\\/bague-en-argent-avec-agate-noire-striee\\\/#primaryimage\",\"url\":\"https:\\\/\\\/dellaroveregioielli.it\\\/wp-content\\\/uploads\\\/2025\\\/10\\\/EA44.jpg\",\"contentUrl\":\"https:\\\/\\\/dellaroveregioielli.it\\\/wp-content\\\/uploads\\\/2025\\\/10\\\/EA44.jpg\",\"width\":2000,\"height\":2000,\"caption\":\"Bague en argent avec agate noire stri\u00e9e\"},{\"@type\":\"BreadcrumbList\",\"@id\":\"https:\\\/\\\/dellaroveregioielli.it\\\/fr\\\/bagues-en-pierres-dures\\\/bague-en-argent-avec-agate-noire-striee\\\/#breadcrumb\",\"itemListElement\":[{\"@type\":\"ListItem\",\"position\":1,\"name\":\"Homepage\",\"item\":\"https:\\\/\\\/dellaroveregioielli.it\\\/fr\\\/\"},{\"@type\":\"ListItem\",\"position\":2,\"name\":\"Shop\",\"item\":\"https:\\\/\\\/dellaroveregioielli.it\\\/negozio\\\/\"},{\"@type\":\"ListItem\",\"position\":3,\"name\":\"Bague en argent avec agate noire stri\u00e9e\"}]},{\"@type\":\"WebSite\",\"@id\":\"https:\\\/\\\/dellaroveregioielli.it\\\/fr\\\/#website\",\"url\":\"https:\\\/\\\/dellaroveregioielli.it\\\/fr\\\/\",\"name\":\"Della Rovere\",\"description\":\"Gioielli in argento e pietre dure\",\"publisher\":{\"@id\":\"https:\\\/\\\/dellaroveregioielli.it\\\/fr\\\/#organization\"},\"potentialAction\":[{\"@type\":\"SearchAction\",\"target\":{\"@type\":\"EntryPoint\",\"urlTemplate\":\"https:\\\/\\\/dellaroveregioielli.it\\\/fr\\\/?s={search_term_string}\"},\"query-input\":{\"@type\":\"PropertyValueSpecification\",\"valueRequired\":true,\"valueName\":\"search_term_string\"}}],\"inLanguage\":\"fr-FR\"},{\"@type\":\"Organization\",\"@id\":\"https:\\\/\\\/dellaroveregioielli.it\\\/fr\\\/#organization\",\"name\":\"Della Rovere\",\"url\":\"https:\\\/\\\/dellaroveregioielli.it\\\/fr\\\/\",\"logo\":{\"@type\":\"ImageObject\",\"inLanguage\":\"fr-FR\",\"@id\":\"https:\\\/\\\/dellaroveregioielli.it\\\/fr\\\/#\\\/schema\\\/logo\\\/image\\\/\",\"url\":\"https:\\\/\\\/dellaroveregioielli.it\\\/wp-content\\\/uploads\\\/2020\\\/08\\\/logo-dellarovere-completo.png\",\"contentUrl\":\"https:\\\/\\\/dellaroveregioielli.it\\\/wp-content\\\/uploads\\\/2020\\\/08\\\/logo-dellarovere-completo.png\",\"width\":904,\"height\":199,\"caption\":\"Della Rovere\"},\"image\":{\"@id\":\"https:\\\/\\\/dellaroveregioielli.it\\\/fr\\\/#\\\/schema\\\/logo\\\/image\\\/\"}}]}<\/script>\n<!-- \/ Yoast SEO plugin. -->","yoast_head_json":{"title":"Bague en argent avec agate noire stri\u00e9e - Della Rovere","description":"Bague en argent avec Agate stri\u00e9e. D\u00e9couvrez notre catalogue en ligne. Livraison rapide ! Coupon de r\u00e9duction sur le premier achat.","robots":{"index":"index","follow":"follow","max-snippet":"max-snippet:-1","max-image-preview":"max-image-preview:large","max-video-preview":"max-video-preview:-1"},"canonical":"https:\/\/dellaroveregioielli.it\/fr\/bagues-en-pierres-dures\/bague-en-argent-avec-agate-noire-striee\/","og_locale":"fr_FR","og_type":"article","og_title":"Bague en argent avec agate noire stri\u00e9e - Della Rovere","og_description":"Bague en argent avec Agate stri\u00e9e. D\u00e9couvrez notre catalogue en ligne. Livraison rapide ! Coupon de r\u00e9duction sur le premier achat.","og_url":"https:\/\/dellaroveregioielli.it\/fr\/bagues-en-pierres-dures\/bague-en-argent-avec-agate-noire-striee\/","og_site_name":"Della Rovere","og_image":[{"width":2000,"height":2000,"url":"https:\/\/dellaroveregioielli.it\/wp-content\/uploads\/2025\/10\/EA44.jpg","type":"image\/jpeg"}],"schema":{"@context":"https:\/\/schema.org","@graph":[{"@type":"WebPage","@id":"https:\/\/dellaroveregioielli.it\/fr\/bagues-en-pierres-dures\/bague-en-argent-avec-agate-noire-striee\/","url":"https:\/\/dellaroveregioielli.it\/fr\/bagues-en-pierres-dures\/bague-en-argent-avec-agate-noire-striee\/","name":"Bague en argent avec agate noire stri\u00e9e - Della Rovere","isPartOf":{"@id":"https:\/\/dellaroveregioielli.it\/fr\/#website"},"primaryImageOfPage":{"@id":"https:\/\/dellaroveregioielli.it\/fr\/bagues-en-pierres-dures\/bague-en-argent-avec-agate-noire-striee\/#primaryimage"},"image":{"@id":"https:\/\/dellaroveregioielli.it\/fr\/bagues-en-pierres-dures\/bague-en-argent-avec-agate-noire-striee\/#primaryimage"},"thumbnailUrl":"https:\/\/dellaroveregioielli.it\/wp-content\/uploads\/2025\/10\/EA44.jpg","datePublished":"2022-05-19T16:22:17+00:00","description":"Bague en argent avec Agate stri\u00e9e. D\u00e9couvrez notre catalogue en ligne. Livraison rapide ! Coupon de r\u00e9duction sur le premier achat.","breadcrumb":{"@id":"https:\/\/dellaroveregioielli.it\/fr\/bagues-en-pierres-dures\/bague-en-argent-avec-agate-noire-striee\/#breadcrumb"},"inLanguage":"fr-FR","potentialAction":[{"@type":"ReadAction","target":["https:\/\/dellaroveregioielli.it\/fr\/bagues-en-pierres-dures\/bague-en-argent-avec-agate-noire-striee\/"]}]},{"@type":"ImageObject","inLanguage":"fr-FR","@id":"https:\/\/dellaroveregioielli.it\/fr\/bagues-en-pierres-dures\/bague-en-argent-avec-agate-noire-striee\/#primaryimage","url":"https:\/\/dellaroveregioielli.it\/wp-content\/uploads\/2025\/10\/EA44.jpg","contentUrl":"https:\/\/dellaroveregioielli.it\/wp-content\/uploads\/2025\/10\/EA44.jpg","width":2000,"height":2000,"caption":"Bague en argent avec agate noire stri\u00e9e"},{"@type":"BreadcrumbList","@id":"https:\/\/dellaroveregioielli.it\/fr\/bagues-en-pierres-dures\/bague-en-argent-avec-agate-noire-striee\/#breadcrumb","itemListElement":[{"@type":"ListItem","position":1,"name":"Homepage","item":"https:\/\/dellaroveregioielli.it\/fr\/"},{"@type":"ListItem","position":2,"name":"Shop","item":"https:\/\/dellaroveregioielli.it\/negozio\/"},{"@type":"ListItem","position":3,"name":"Bague en argent avec agate noire stri\u00e9e"}]},{"@type":"WebSite","@id":"https:\/\/dellaroveregioielli.it\/fr\/#website","url":"https:\/\/dellaroveregioielli.it\/fr\/","name":"Della Rovere","description":"Gioielli in argento e pietre dure","publisher":{"@id":"https:\/\/dellaroveregioielli.it\/fr\/#organization"},"potentialAction":[{"@type":"SearchAction","target":{"@type":"EntryPoint","urlTemplate":"https:\/\/dellaroveregioielli.it\/fr\/?s={search_term_string}"},"query-input":{"@type":"PropertyValueSpecification","valueRequired":true,"valueName":"search_term_string"}}],"inLanguage":"fr-FR"},{"@type":"Organization","@id":"https:\/\/dellaroveregioielli.it\/fr\/#organization","name":"Della Rovere","url":"https:\/\/dellaroveregioielli.it\/fr\/","logo":{"@type":"ImageObject","inLanguage":"fr-FR","@id":"https:\/\/dellaroveregioielli.it\/fr\/#\/schema\/logo\/image\/","url":"https:\/\/dellaroveregioielli.it\/wp-content\/uploads\/2020\/08\/logo-dellarovere-completo.png","contentUrl":"https:\/\/dellaroveregioielli.it\/wp-content\/uploads\/2020\/08\/logo-dellarovere-completo.png","width":904,"height":199,"caption":"Della Rovere"},"image":{"@id":"https:\/\/dellaroveregioielli.it\/fr\/#\/schema\/logo\/image\/"}}]}},"_links":{"self":[{"href":"https:\/\/dellaroveregioielli.it\/fr\/wp-json\/wp\/v2\/product\/38487","targetHints":{"allow":["GET"]}}],"collection":[{"href":"https:\/\/dellaroveregioielli.it\/fr\/wp-json\/wp\/v2\/product"}],"about":[{"href":"https:\/\/dellaroveregioielli.it\/fr\/wp-json\/wp\/v2\/types\/product"}],"replies":[{"embeddable":true,"href":"https:\/\/dellaroveregioielli.it\/fr\/wp-json\/wp\/v2\/comments?post=38487"}],"version-history":[{"count":0,"href":"https:\/\/dellaroveregioielli.it\/fr\/wp-json\/wp\/v2\/product\/38487\/revisions"}],"wp:featuredmedia":[{"embeddable":true,"href":"https:\/\/dellaroveregioielli.it\/fr\/wp-json\/wp\/v2\/media\/38490"}],"wp:attachment":[{"href":"https:\/\/dellaroveregioielli.it\/fr\/wp-json\/wp\/v2\/media?parent=38487"}],"wp:term":[{"taxonomy":"product_brand","embeddable":true,"href":"https:\/\/dellaroveregioielli.it\/fr\/wp-json\/wp\/v2\/product_brand?post=38487"},{"taxonomy":"product_cat","embeddable":true,"href":"https:\/\/dellaroveregioielli.it\/fr\/wp-json\/wp\/v2\/product_cat?post=38487"},{"taxonomy":"product_tag","embeddable":true,"href":"https:\/\/dellaroveregioielli.it\/fr\/wp-json\/wp\/v2\/product_tag?post=38487"}],"curies":[{"name":"wp","href":"https:\/\/api.w.org\/{rel}","templated":true}]}}