{"id":37997,"date":"2025-11-05T11:11:37","date_gmt":"2025-11-05T10:11:37","guid":{"rendered":"https:\/\/dellaroveregioielli.it\/non class\u00e9\/boucles-doreilles-aigue-marine-et-argent-8\/"},"modified":"2025-11-05T11:11:37","modified_gmt":"2025-11-05T10:11:37","slug":"boucles-doreilles-aigue-marine-et-argent-8","status":"publish","type":"product","link":"https:\/\/dellaroveregioielli.it\/fr\/boucles-doreilles-en-pierres-dures\/boucles-doreilles-aigue-marine-et-argent-8\/","title":{"rendered":"Boucles d&rsquo;oreilles aigue-marine et argent"},"content":{"rendered":"<p>Boucle d&rsquo;oreille en aigue-marine avec crochet en argent 925\u2030 rhodi\u00e9. Fabriqu\u00e9es en Italie. <\/p>","protected":false},"excerpt":{"rendered":"<p>Boucle d&rsquo;oreille en aigue-marine avec crochet en argent 925\u2030 rhodi\u00e9. Fabriqu\u00e9es en Italie.<\/p>","protected":false},"featured_media":24715,"comment_status":"open","ping_status":"closed","template":"","meta":[],"product_brand":[],"product_cat":[757,707,819,820],"product_tag":[802],"class_list":{"0":"post-37997","1":"product","2":"type-product","3":"status-publish","4":"has-post-thumbnail","6":"product_cat-bijoux-en-argent","7":"product_cat-bijoux-en-pierres-dures","8":"product_cat-boucles-doreilles-pour-femmes","9":"product_cat-boucles-doreilles-en-pierres-dures","10":"product_tag-nouveautes-2025-2026","12":"first","13":"instock","14":"sale","15":"sold-individually","16":"taxable","17":"shipping-taxable","18":"purchasable","19":"product-type-simple"},"yoast_head":"<!-- This site is optimized with the Yoast SEO plugin v27.3 - https:\/\/yoast.com\/product\/yoast-seo-wordpress\/ -->\n<title>Boucles d&#039;oreilles aigue-marine et argent - Della Rovere<\/title>\n<meta name=\"description\" content=\"Boucles d&#039;oreilles en argent et aigue-marine. Produits artisanaux fabriqu\u00e9s en Italie. D\u00e9couvrez notre catalogue en ligne. Livraison rapide ! Coupon de r\u00e9duction pour le premier achat.\" \/>\n<meta name=\"robots\" content=\"index, follow, max-snippet:-1, max-image-preview:large, max-video-preview:-1\" \/>\n<link rel=\"canonical\" href=\"https:\/\/dellaroveregioielli.it\/fr\/boucles-doreilles-en-pierres-dures\/boucles-doreilles-aigue-marine-et-argent-8\/\" \/>\n<meta property=\"og:locale\" content=\"fr_FR\" \/>\n<meta property=\"og:type\" content=\"article\" \/>\n<meta property=\"og:title\" content=\"Boucles d&#039;oreilles aigue-marine et argent - Della Rovere\" \/>\n<meta property=\"og:description\" content=\"Boucles d&#039;oreilles en argent et aigue-marine. Produits artisanaux fabriqu\u00e9s en Italie. D\u00e9couvrez notre catalogue en ligne. Livraison rapide ! Coupon de r\u00e9duction pour le premier achat.\" \/>\n<meta property=\"og:url\" content=\"https:\/\/dellaroveregioielli.it\/fr\/boucles-doreilles-en-pierres-dures\/boucles-doreilles-aigue-marine-et-argent-8\/\" \/>\n<meta property=\"og:site_name\" content=\"Della Rovere\" \/>\n<meta property=\"og:image\" content=\"https:\/\/dellaroveregioielli.it\/wp-content\/uploads\/2025\/10\/EE204-3.jpg\" \/>\n\t<meta property=\"og:image:width\" content=\"2000\" \/>\n\t<meta property=\"og:image:height\" content=\"2000\" \/>\n\t<meta property=\"og:image:type\" content=\"image\/jpeg\" \/>\n<script type=\"application\/ld+json\" class=\"yoast-schema-graph\">{\"@context\":\"https:\\\/\\\/schema.org\",\"@graph\":[{\"@type\":\"WebPage\",\"@id\":\"https:\\\/\\\/dellaroveregioielli.it\\\/fr\\\/boucles-doreilles-en-pierres-dures\\\/boucles-doreilles-aigue-marine-et-argent-8\\\/\",\"url\":\"https:\\\/\\\/dellaroveregioielli.it\\\/fr\\\/boucles-doreilles-en-pierres-dures\\\/boucles-doreilles-aigue-marine-et-argent-8\\\/\",\"name\":\"Boucles d'oreilles aigue-marine et argent - Della Rovere\",\"isPartOf\":{\"@id\":\"https:\\\/\\\/dellaroveregioielli.it\\\/fr\\\/#website\"},\"primaryImageOfPage\":{\"@id\":\"https:\\\/\\\/dellaroveregioielli.it\\\/fr\\\/boucles-doreilles-en-pierres-dures\\\/boucles-doreilles-aigue-marine-et-argent-8\\\/#primaryimage\"},\"image\":{\"@id\":\"https:\\\/\\\/dellaroveregioielli.it\\\/fr\\\/boucles-doreilles-en-pierres-dures\\\/boucles-doreilles-aigue-marine-et-argent-8\\\/#primaryimage\"},\"thumbnailUrl\":\"https:\\\/\\\/dellaroveregioielli.it\\\/wp-content\\\/uploads\\\/2025\\\/10\\\/EE204-3.jpg\",\"datePublished\":\"2025-11-05T10:11:37+00:00\",\"description\":\"Boucles d'oreilles en argent et aigue-marine. Produits artisanaux fabriqu\u00e9s en Italie. D\u00e9couvrez notre catalogue en ligne. Livraison rapide ! Coupon de r\u00e9duction pour le premier achat.\",\"breadcrumb\":{\"@id\":\"https:\\\/\\\/dellaroveregioielli.it\\\/fr\\\/boucles-doreilles-en-pierres-dures\\\/boucles-doreilles-aigue-marine-et-argent-8\\\/#breadcrumb\"},\"inLanguage\":\"fr-FR\",\"potentialAction\":[{\"@type\":\"ReadAction\",\"target\":[\"https:\\\/\\\/dellaroveregioielli.it\\\/fr\\\/boucles-doreilles-en-pierres-dures\\\/boucles-doreilles-aigue-marine-et-argent-8\\\/\"]}]},{\"@type\":\"ImageObject\",\"inLanguage\":\"fr-FR\",\"@id\":\"https:\\\/\\\/dellaroveregioielli.it\\\/fr\\\/boucles-doreilles-en-pierres-dures\\\/boucles-doreilles-aigue-marine-et-argent-8\\\/#primaryimage\",\"url\":\"https:\\\/\\\/dellaroveregioielli.it\\\/wp-content\\\/uploads\\\/2025\\\/10\\\/EE204-3.jpg\",\"contentUrl\":\"https:\\\/\\\/dellaroveregioielli.it\\\/wp-content\\\/uploads\\\/2025\\\/10\\\/EE204-3.jpg\",\"width\":2000,\"height\":2000,\"caption\":\"Orecchini in Acquamarina ed Argento\"},{\"@type\":\"BreadcrumbList\",\"@id\":\"https:\\\/\\\/dellaroveregioielli.it\\\/fr\\\/boucles-doreilles-en-pierres-dures\\\/boucles-doreilles-aigue-marine-et-argent-8\\\/#breadcrumb\",\"itemListElement\":[{\"@type\":\"ListItem\",\"position\":1,\"name\":\"Homepage\",\"item\":\"https:\\\/\\\/dellaroveregioielli.it\\\/fr\\\/\"},{\"@type\":\"ListItem\",\"position\":2,\"name\":\"Shop\",\"item\":\"https:\\\/\\\/dellaroveregioielli.it\\\/negozio\\\/\"},{\"@type\":\"ListItem\",\"position\":3,\"name\":\"Boucles d&#8217;oreilles aigue-marine et argent\"}]},{\"@type\":\"WebSite\",\"@id\":\"https:\\\/\\\/dellaroveregioielli.it\\\/fr\\\/#website\",\"url\":\"https:\\\/\\\/dellaroveregioielli.it\\\/fr\\\/\",\"name\":\"Della Rovere\",\"description\":\"Gioielli in argento e pietre dure\",\"publisher\":{\"@id\":\"https:\\\/\\\/dellaroveregioielli.it\\\/fr\\\/#organization\"},\"potentialAction\":[{\"@type\":\"SearchAction\",\"target\":{\"@type\":\"EntryPoint\",\"urlTemplate\":\"https:\\\/\\\/dellaroveregioielli.it\\\/fr\\\/?s={search_term_string}\"},\"query-input\":{\"@type\":\"PropertyValueSpecification\",\"valueRequired\":true,\"valueName\":\"search_term_string\"}}],\"inLanguage\":\"fr-FR\"},{\"@type\":\"Organization\",\"@id\":\"https:\\\/\\\/dellaroveregioielli.it\\\/fr\\\/#organization\",\"name\":\"Della Rovere\",\"url\":\"https:\\\/\\\/dellaroveregioielli.it\\\/fr\\\/\",\"logo\":{\"@type\":\"ImageObject\",\"inLanguage\":\"fr-FR\",\"@id\":\"https:\\\/\\\/dellaroveregioielli.it\\\/fr\\\/#\\\/schema\\\/logo\\\/image\\\/\",\"url\":\"https:\\\/\\\/dellaroveregioielli.it\\\/wp-content\\\/uploads\\\/2020\\\/08\\\/logo-dellarovere-completo.png\",\"contentUrl\":\"https:\\\/\\\/dellaroveregioielli.it\\\/wp-content\\\/uploads\\\/2020\\\/08\\\/logo-dellarovere-completo.png\",\"width\":904,\"height\":199,\"caption\":\"Della Rovere\"},\"image\":{\"@id\":\"https:\\\/\\\/dellaroveregioielli.it\\\/fr\\\/#\\\/schema\\\/logo\\\/image\\\/\"}}]}<\/script>\n<!-- \/ Yoast SEO plugin. -->","yoast_head_json":{"title":"Boucles d'oreilles aigue-marine et argent - Della Rovere","description":"Boucles d'oreilles en argent et aigue-marine. Produits artisanaux fabriqu\u00e9s en Italie. D\u00e9couvrez notre catalogue en ligne. Livraison rapide ! Coupon de r\u00e9duction pour le premier achat.","robots":{"index":"index","follow":"follow","max-snippet":"max-snippet:-1","max-image-preview":"max-image-preview:large","max-video-preview":"max-video-preview:-1"},"canonical":"https:\/\/dellaroveregioielli.it\/fr\/boucles-doreilles-en-pierres-dures\/boucles-doreilles-aigue-marine-et-argent-8\/","og_locale":"fr_FR","og_type":"article","og_title":"Boucles d'oreilles aigue-marine et argent - Della Rovere","og_description":"Boucles d'oreilles en argent et aigue-marine. Produits artisanaux fabriqu\u00e9s en Italie. D\u00e9couvrez notre catalogue en ligne. Livraison rapide ! Coupon de r\u00e9duction pour le premier achat.","og_url":"https:\/\/dellaroveregioielli.it\/fr\/boucles-doreilles-en-pierres-dures\/boucles-doreilles-aigue-marine-et-argent-8\/","og_site_name":"Della Rovere","og_image":[{"width":2000,"height":2000,"url":"https:\/\/dellaroveregioielli.it\/wp-content\/uploads\/2025\/10\/EE204-3.jpg","type":"image\/jpeg"}],"schema":{"@context":"https:\/\/schema.org","@graph":[{"@type":"WebPage","@id":"https:\/\/dellaroveregioielli.it\/fr\/boucles-doreilles-en-pierres-dures\/boucles-doreilles-aigue-marine-et-argent-8\/","url":"https:\/\/dellaroveregioielli.it\/fr\/boucles-doreilles-en-pierres-dures\/boucles-doreilles-aigue-marine-et-argent-8\/","name":"Boucles d'oreilles aigue-marine et argent - Della Rovere","isPartOf":{"@id":"https:\/\/dellaroveregioielli.it\/fr\/#website"},"primaryImageOfPage":{"@id":"https:\/\/dellaroveregioielli.it\/fr\/boucles-doreilles-en-pierres-dures\/boucles-doreilles-aigue-marine-et-argent-8\/#primaryimage"},"image":{"@id":"https:\/\/dellaroveregioielli.it\/fr\/boucles-doreilles-en-pierres-dures\/boucles-doreilles-aigue-marine-et-argent-8\/#primaryimage"},"thumbnailUrl":"https:\/\/dellaroveregioielli.it\/wp-content\/uploads\/2025\/10\/EE204-3.jpg","datePublished":"2025-11-05T10:11:37+00:00","description":"Boucles d'oreilles en argent et aigue-marine. Produits artisanaux fabriqu\u00e9s en Italie. D\u00e9couvrez notre catalogue en ligne. Livraison rapide ! Coupon de r\u00e9duction pour le premier achat.","breadcrumb":{"@id":"https:\/\/dellaroveregioielli.it\/fr\/boucles-doreilles-en-pierres-dures\/boucles-doreilles-aigue-marine-et-argent-8\/#breadcrumb"},"inLanguage":"fr-FR","potentialAction":[{"@type":"ReadAction","target":["https:\/\/dellaroveregioielli.it\/fr\/boucles-doreilles-en-pierres-dures\/boucles-doreilles-aigue-marine-et-argent-8\/"]}]},{"@type":"ImageObject","inLanguage":"fr-FR","@id":"https:\/\/dellaroveregioielli.it\/fr\/boucles-doreilles-en-pierres-dures\/boucles-doreilles-aigue-marine-et-argent-8\/#primaryimage","url":"https:\/\/dellaroveregioielli.it\/wp-content\/uploads\/2025\/10\/EE204-3.jpg","contentUrl":"https:\/\/dellaroveregioielli.it\/wp-content\/uploads\/2025\/10\/EE204-3.jpg","width":2000,"height":2000,"caption":"Orecchini in Acquamarina ed Argento"},{"@type":"BreadcrumbList","@id":"https:\/\/dellaroveregioielli.it\/fr\/boucles-doreilles-en-pierres-dures\/boucles-doreilles-aigue-marine-et-argent-8\/#breadcrumb","itemListElement":[{"@type":"ListItem","position":1,"name":"Homepage","item":"https:\/\/dellaroveregioielli.it\/fr\/"},{"@type":"ListItem","position":2,"name":"Shop","item":"https:\/\/dellaroveregioielli.it\/negozio\/"},{"@type":"ListItem","position":3,"name":"Boucles d&#8217;oreilles aigue-marine et argent"}]},{"@type":"WebSite","@id":"https:\/\/dellaroveregioielli.it\/fr\/#website","url":"https:\/\/dellaroveregioielli.it\/fr\/","name":"Della Rovere","description":"Gioielli in argento e pietre dure","publisher":{"@id":"https:\/\/dellaroveregioielli.it\/fr\/#organization"},"potentialAction":[{"@type":"SearchAction","target":{"@type":"EntryPoint","urlTemplate":"https:\/\/dellaroveregioielli.it\/fr\/?s={search_term_string}"},"query-input":{"@type":"PropertyValueSpecification","valueRequired":true,"valueName":"search_term_string"}}],"inLanguage":"fr-FR"},{"@type":"Organization","@id":"https:\/\/dellaroveregioielli.it\/fr\/#organization","name":"Della Rovere","url":"https:\/\/dellaroveregioielli.it\/fr\/","logo":{"@type":"ImageObject","inLanguage":"fr-FR","@id":"https:\/\/dellaroveregioielli.it\/fr\/#\/schema\/logo\/image\/","url":"https:\/\/dellaroveregioielli.it\/wp-content\/uploads\/2020\/08\/logo-dellarovere-completo.png","contentUrl":"https:\/\/dellaroveregioielli.it\/wp-content\/uploads\/2020\/08\/logo-dellarovere-completo.png","width":904,"height":199,"caption":"Della Rovere"},"image":{"@id":"https:\/\/dellaroveregioielli.it\/fr\/#\/schema\/logo\/image\/"}}]}},"_links":{"self":[{"href":"https:\/\/dellaroveregioielli.it\/fr\/wp-json\/wp\/v2\/product\/37997","targetHints":{"allow":["GET"]}}],"collection":[{"href":"https:\/\/dellaroveregioielli.it\/fr\/wp-json\/wp\/v2\/product"}],"about":[{"href":"https:\/\/dellaroveregioielli.it\/fr\/wp-json\/wp\/v2\/types\/product"}],"replies":[{"embeddable":true,"href":"https:\/\/dellaroveregioielli.it\/fr\/wp-json\/wp\/v2\/comments?post=37997"}],"version-history":[{"count":0,"href":"https:\/\/dellaroveregioielli.it\/fr\/wp-json\/wp\/v2\/product\/37997\/revisions"}],"wp:featuredmedia":[{"embeddable":true,"href":"https:\/\/dellaroveregioielli.it\/fr\/wp-json\/wp\/v2\/media\/24715"}],"wp:attachment":[{"href":"https:\/\/dellaroveregioielli.it\/fr\/wp-json\/wp\/v2\/media?parent=37997"}],"wp:term":[{"taxonomy":"product_brand","embeddable":true,"href":"https:\/\/dellaroveregioielli.it\/fr\/wp-json\/wp\/v2\/product_brand?post=37997"},{"taxonomy":"product_cat","embeddable":true,"href":"https:\/\/dellaroveregioielli.it\/fr\/wp-json\/wp\/v2\/product_cat?post=37997"},{"taxonomy":"product_tag","embeddable":true,"href":"https:\/\/dellaroveregioielli.it\/fr\/wp-json\/wp\/v2\/product_tag?post=37997"}],"curies":[{"name":"wp","href":"https:\/\/api.w.org\/{rel}","templated":true}]}}