{"id":37645,"date":"2026-02-04T12:41:20","date_gmt":"2026-02-04T11:41:20","guid":{"rendered":"https:\/\/dellaroveregioielli.it\/non%20class\u00e9\/bracelet-en-hematite-rhodiee-avec-elements-heart-3\/"},"modified":"2026-04-03T14:23:04","modified_gmt":"2026-04-03T12:23:04","slug":"bracelet-en-hematite-rhodiee-avec-elements-heart-3","status":"publish","type":"product","link":"https:\/\/dellaroveregioielli.it\/fr\/bracelets-en-pierres-dures\/bracelet-en-hematite-rhodiee-avec-elements-heart-3\/","title":{"rendered":"Bracelet en h\u00e9matite rhodi\u00e9e avec \u00e9l\u00e9ments en forme de c\u0153ur."},"content":{"rendered":"<p>Bracelet enfil\u00e9 en h\u00e9matite rhodi\u00e9e, avec \u00e9l\u00e9ments en forme de c\u0153ur en h\u00e9matite rhodi\u00e9e en d\u00e9grad\u00e9. Fermoir en argent 925\u2030 rhodi\u00e9.  Fabriqu\u00e9 en Italie.<\/p>\n<p><em>Longueur : 17 cm<\/em><\/p>","protected":false},"excerpt":{"rendered":"<p>Bracelet enfil\u00e9 en h\u00e9matite rhodi\u00e9e, avec \u00e9l\u00e9ments en forme de c\u0153ur en h\u00e9matite rhodi\u00e9e en d\u00e9grad\u00e9. Fermoir en argent 925\u2030 rhodi\u00e9. Fabriqu\u00e9 en Italie. Longueur : 17 cm<\/p>","protected":false},"featured_media":30090,"comment_status":"open","ping_status":"closed","template":"","meta":[],"product_brand":[],"product_cat":[757,707,756,758],"product_tag":[710,709],"class_list":{"0":"post-37645","1":"product","2":"type-product","3":"status-publish","4":"has-post-thumbnail","6":"product_cat-bijoux-en-argent","7":"product_cat-bijoux-en-pierres-dures","8":"product_cat-bracelets-pour-femmes","9":"product_cat-bracelets-en-pierres-dures","10":"product_tag-ligne-de-coeur","11":"product_tag-nouveautes-2026","13":"first","14":"instock","15":"taxable","16":"shipping-taxable","17":"purchasable","18":"product-type-simple"},"yoast_head":"<!-- This site is optimized with the Yoast SEO plugin v27.3 - https:\/\/yoast.com\/product\/yoast-seo-wordpress\/ -->\n<title>Bracelet en h\u00e9matite rhodi\u00e9e avec \u00e9l\u00e9ments en forme de c\u0153ur. - Della Rovere<\/title>\n<meta name=\"description\" content=\"Bracelet en h\u00e9matite rhodi\u00e9e avec \u00e9l\u00e9ments en forme de c\u0153ur. D\u00e9couvrez notre catalogue en ligne. Livraison rapide ! Coupon de r\u00e9duction pour le premier achat.\" \/>\n<meta name=\"robots\" content=\"index, follow, max-snippet:-1, max-image-preview:large, max-video-preview:-1\" \/>\n<link rel=\"canonical\" href=\"https:\/\/dellaroveregioielli.it\/fr\/bracelets-en-pierres-dures\/bracelet-en-hematite-rhodiee-avec-elements-heart-3\/\" \/>\n<meta property=\"og:locale\" content=\"fr_FR\" \/>\n<meta property=\"og:type\" content=\"article\" \/>\n<meta property=\"og:title\" content=\"Bracelet en h\u00e9matite rhodi\u00e9e avec \u00e9l\u00e9ments en forme de c\u0153ur. - Della Rovere\" \/>\n<meta property=\"og:description\" content=\"Bracelet en h\u00e9matite rhodi\u00e9e avec \u00e9l\u00e9ments en forme de c\u0153ur. D\u00e9couvrez notre catalogue en ligne. Livraison rapide ! Coupon de r\u00e9duction pour le premier achat.\" \/>\n<meta property=\"og:url\" content=\"https:\/\/dellaroveregioielli.it\/fr\/bracelets-en-pierres-dures\/bracelet-en-hematite-rhodiee-avec-elements-heart-3\/\" \/>\n<meta property=\"og:site_name\" content=\"Della Rovere\" \/>\n<meta property=\"article:modified_time\" content=\"2026-04-03T12:23:04+00:00\" \/>\n<meta property=\"og:image\" content=\"https:\/\/dellaroveregioielli.it\/wp-content\/uploads\/2026\/02\/SVB31.jpg\" \/>\n\t<meta property=\"og:image:width\" content=\"2000\" \/>\n\t<meta property=\"og:image:height\" content=\"2000\" \/>\n\t<meta property=\"og:image:type\" content=\"image\/jpeg\" \/>\n<script type=\"application\/ld+json\" class=\"yoast-schema-graph\">{\"@context\":\"https:\\\/\\\/schema.org\",\"@graph\":[{\"@type\":\"WebPage\",\"@id\":\"https:\\\/\\\/dellaroveregioielli.it\\\/fr\\\/bracelets-en-pierres-dures\\\/bracelet-en-hematite-rhodiee-avec-elements-heart-3\\\/\",\"url\":\"https:\\\/\\\/dellaroveregioielli.it\\\/fr\\\/bracelets-en-pierres-dures\\\/bracelet-en-hematite-rhodiee-avec-elements-heart-3\\\/\",\"name\":\"Bracelet en h\u00e9matite rhodi\u00e9e avec \u00e9l\u00e9ments en forme de c\u0153ur. - Della Rovere\",\"isPartOf\":{\"@id\":\"https:\\\/\\\/dellaroveregioielli.it\\\/fr\\\/#website\"},\"primaryImageOfPage\":{\"@id\":\"https:\\\/\\\/dellaroveregioielli.it\\\/fr\\\/bracelets-en-pierres-dures\\\/bracelet-en-hematite-rhodiee-avec-elements-heart-3\\\/#primaryimage\"},\"image\":{\"@id\":\"https:\\\/\\\/dellaroveregioielli.it\\\/fr\\\/bracelets-en-pierres-dures\\\/bracelet-en-hematite-rhodiee-avec-elements-heart-3\\\/#primaryimage\"},\"thumbnailUrl\":\"https:\\\/\\\/dellaroveregioielli.it\\\/wp-content\\\/uploads\\\/2026\\\/02\\\/SVB31.jpg\",\"datePublished\":\"2026-02-04T11:41:20+00:00\",\"dateModified\":\"2026-04-03T12:23:04+00:00\",\"description\":\"Bracelet en h\u00e9matite rhodi\u00e9e avec \u00e9l\u00e9ments en forme de c\u0153ur. D\u00e9couvrez notre catalogue en ligne. Livraison rapide ! Coupon de r\u00e9duction pour le premier achat.\",\"breadcrumb\":{\"@id\":\"https:\\\/\\\/dellaroveregioielli.it\\\/fr\\\/bracelets-en-pierres-dures\\\/bracelet-en-hematite-rhodiee-avec-elements-heart-3\\\/#breadcrumb\"},\"inLanguage\":\"fr-FR\",\"potentialAction\":[{\"@type\":\"ReadAction\",\"target\":[\"https:\\\/\\\/dellaroveregioielli.it\\\/fr\\\/bracelets-en-pierres-dures\\\/bracelet-en-hematite-rhodiee-avec-elements-heart-3\\\/\"]}]},{\"@type\":\"ImageObject\",\"inLanguage\":\"fr-FR\",\"@id\":\"https:\\\/\\\/dellaroveregioielli.it\\\/fr\\\/bracelets-en-pierres-dures\\\/bracelet-en-hematite-rhodiee-avec-elements-heart-3\\\/#primaryimage\",\"url\":\"https:\\\/\\\/dellaroveregioielli.it\\\/wp-content\\\/uploads\\\/2026\\\/02\\\/SVB31.jpg\",\"contentUrl\":\"https:\\\/\\\/dellaroveregioielli.it\\\/wp-content\\\/uploads\\\/2026\\\/02\\\/SVB31.jpg\",\"width\":2000,\"height\":2000,\"caption\":\"Bracciale in Ematite Rodiata con elementi a Cuore\"},{\"@type\":\"BreadcrumbList\",\"@id\":\"https:\\\/\\\/dellaroveregioielli.it\\\/fr\\\/bracelets-en-pierres-dures\\\/bracelet-en-hematite-rhodiee-avec-elements-heart-3\\\/#breadcrumb\",\"itemListElement\":[{\"@type\":\"ListItem\",\"position\":1,\"name\":\"Homepage\",\"item\":\"https:\\\/\\\/dellaroveregioielli.it\\\/fr\\\/\"},{\"@type\":\"ListItem\",\"position\":2,\"name\":\"Shop\",\"item\":\"https:\\\/\\\/dellaroveregioielli.it\\\/negozio\\\/\"},{\"@type\":\"ListItem\",\"position\":3,\"name\":\"Bracelet en h\u00e9matite rhodi\u00e9e avec \u00e9l\u00e9ments en forme de c\u0153ur.\"}]},{\"@type\":\"WebSite\",\"@id\":\"https:\\\/\\\/dellaroveregioielli.it\\\/fr\\\/#website\",\"url\":\"https:\\\/\\\/dellaroveregioielli.it\\\/fr\\\/\",\"name\":\"Della Rovere\",\"description\":\"Gioielli in argento e pietre dure\",\"publisher\":{\"@id\":\"https:\\\/\\\/dellaroveregioielli.it\\\/fr\\\/#organization\"},\"potentialAction\":[{\"@type\":\"SearchAction\",\"target\":{\"@type\":\"EntryPoint\",\"urlTemplate\":\"https:\\\/\\\/dellaroveregioielli.it\\\/fr\\\/?s={search_term_string}\"},\"query-input\":{\"@type\":\"PropertyValueSpecification\",\"valueRequired\":true,\"valueName\":\"search_term_string\"}}],\"inLanguage\":\"fr-FR\"},{\"@type\":\"Organization\",\"@id\":\"https:\\\/\\\/dellaroveregioielli.it\\\/fr\\\/#organization\",\"name\":\"Della Rovere\",\"url\":\"https:\\\/\\\/dellaroveregioielli.it\\\/fr\\\/\",\"logo\":{\"@type\":\"ImageObject\",\"inLanguage\":\"fr-FR\",\"@id\":\"https:\\\/\\\/dellaroveregioielli.it\\\/fr\\\/#\\\/schema\\\/logo\\\/image\\\/\",\"url\":\"https:\\\/\\\/dellaroveregioielli.it\\\/wp-content\\\/uploads\\\/2020\\\/08\\\/logo-dellarovere-completo.png\",\"contentUrl\":\"https:\\\/\\\/dellaroveregioielli.it\\\/wp-content\\\/uploads\\\/2020\\\/08\\\/logo-dellarovere-completo.png\",\"width\":904,\"height\":199,\"caption\":\"Della Rovere\"},\"image\":{\"@id\":\"https:\\\/\\\/dellaroveregioielli.it\\\/fr\\\/#\\\/schema\\\/logo\\\/image\\\/\"}}]}<\/script>\n<!-- \/ Yoast SEO plugin. -->","yoast_head_json":{"title":"Bracelet en h\u00e9matite rhodi\u00e9e avec \u00e9l\u00e9ments en forme de c\u0153ur. - Della Rovere","description":"Bracelet en h\u00e9matite rhodi\u00e9e avec \u00e9l\u00e9ments en forme de c\u0153ur. D\u00e9couvrez notre catalogue en ligne. Livraison rapide ! Coupon de r\u00e9duction pour le premier achat.","robots":{"index":"index","follow":"follow","max-snippet":"max-snippet:-1","max-image-preview":"max-image-preview:large","max-video-preview":"max-video-preview:-1"},"canonical":"https:\/\/dellaroveregioielli.it\/fr\/bracelets-en-pierres-dures\/bracelet-en-hematite-rhodiee-avec-elements-heart-3\/","og_locale":"fr_FR","og_type":"article","og_title":"Bracelet en h\u00e9matite rhodi\u00e9e avec \u00e9l\u00e9ments en forme de c\u0153ur. - Della Rovere","og_description":"Bracelet en h\u00e9matite rhodi\u00e9e avec \u00e9l\u00e9ments en forme de c\u0153ur. D\u00e9couvrez notre catalogue en ligne. Livraison rapide ! Coupon de r\u00e9duction pour le premier achat.","og_url":"https:\/\/dellaroveregioielli.it\/fr\/bracelets-en-pierres-dures\/bracelet-en-hematite-rhodiee-avec-elements-heart-3\/","og_site_name":"Della Rovere","article_modified_time":"2026-04-03T12:23:04+00:00","og_image":[{"width":2000,"height":2000,"url":"https:\/\/dellaroveregioielli.it\/wp-content\/uploads\/2026\/02\/SVB31.jpg","type":"image\/jpeg"}],"schema":{"@context":"https:\/\/schema.org","@graph":[{"@type":"WebPage","@id":"https:\/\/dellaroveregioielli.it\/fr\/bracelets-en-pierres-dures\/bracelet-en-hematite-rhodiee-avec-elements-heart-3\/","url":"https:\/\/dellaroveregioielli.it\/fr\/bracelets-en-pierres-dures\/bracelet-en-hematite-rhodiee-avec-elements-heart-3\/","name":"Bracelet en h\u00e9matite rhodi\u00e9e avec \u00e9l\u00e9ments en forme de c\u0153ur. - Della Rovere","isPartOf":{"@id":"https:\/\/dellaroveregioielli.it\/fr\/#website"},"primaryImageOfPage":{"@id":"https:\/\/dellaroveregioielli.it\/fr\/bracelets-en-pierres-dures\/bracelet-en-hematite-rhodiee-avec-elements-heart-3\/#primaryimage"},"image":{"@id":"https:\/\/dellaroveregioielli.it\/fr\/bracelets-en-pierres-dures\/bracelet-en-hematite-rhodiee-avec-elements-heart-3\/#primaryimage"},"thumbnailUrl":"https:\/\/dellaroveregioielli.it\/wp-content\/uploads\/2026\/02\/SVB31.jpg","datePublished":"2026-02-04T11:41:20+00:00","dateModified":"2026-04-03T12:23:04+00:00","description":"Bracelet en h\u00e9matite rhodi\u00e9e avec \u00e9l\u00e9ments en forme de c\u0153ur. D\u00e9couvrez notre catalogue en ligne. Livraison rapide ! Coupon de r\u00e9duction pour le premier achat.","breadcrumb":{"@id":"https:\/\/dellaroveregioielli.it\/fr\/bracelets-en-pierres-dures\/bracelet-en-hematite-rhodiee-avec-elements-heart-3\/#breadcrumb"},"inLanguage":"fr-FR","potentialAction":[{"@type":"ReadAction","target":["https:\/\/dellaroveregioielli.it\/fr\/bracelets-en-pierres-dures\/bracelet-en-hematite-rhodiee-avec-elements-heart-3\/"]}]},{"@type":"ImageObject","inLanguage":"fr-FR","@id":"https:\/\/dellaroveregioielli.it\/fr\/bracelets-en-pierres-dures\/bracelet-en-hematite-rhodiee-avec-elements-heart-3\/#primaryimage","url":"https:\/\/dellaroveregioielli.it\/wp-content\/uploads\/2026\/02\/SVB31.jpg","contentUrl":"https:\/\/dellaroveregioielli.it\/wp-content\/uploads\/2026\/02\/SVB31.jpg","width":2000,"height":2000,"caption":"Bracciale in Ematite Rodiata con elementi a Cuore"},{"@type":"BreadcrumbList","@id":"https:\/\/dellaroveregioielli.it\/fr\/bracelets-en-pierres-dures\/bracelet-en-hematite-rhodiee-avec-elements-heart-3\/#breadcrumb","itemListElement":[{"@type":"ListItem","position":1,"name":"Homepage","item":"https:\/\/dellaroveregioielli.it\/fr\/"},{"@type":"ListItem","position":2,"name":"Shop","item":"https:\/\/dellaroveregioielli.it\/negozio\/"},{"@type":"ListItem","position":3,"name":"Bracelet en h\u00e9matite rhodi\u00e9e avec \u00e9l\u00e9ments en forme de c\u0153ur."}]},{"@type":"WebSite","@id":"https:\/\/dellaroveregioielli.it\/fr\/#website","url":"https:\/\/dellaroveregioielli.it\/fr\/","name":"Della Rovere","description":"Gioielli in argento e pietre dure","publisher":{"@id":"https:\/\/dellaroveregioielli.it\/fr\/#organization"},"potentialAction":[{"@type":"SearchAction","target":{"@type":"EntryPoint","urlTemplate":"https:\/\/dellaroveregioielli.it\/fr\/?s={search_term_string}"},"query-input":{"@type":"PropertyValueSpecification","valueRequired":true,"valueName":"search_term_string"}}],"inLanguage":"fr-FR"},{"@type":"Organization","@id":"https:\/\/dellaroveregioielli.it\/fr\/#organization","name":"Della Rovere","url":"https:\/\/dellaroveregioielli.it\/fr\/","logo":{"@type":"ImageObject","inLanguage":"fr-FR","@id":"https:\/\/dellaroveregioielli.it\/fr\/#\/schema\/logo\/image\/","url":"https:\/\/dellaroveregioielli.it\/wp-content\/uploads\/2020\/08\/logo-dellarovere-completo.png","contentUrl":"https:\/\/dellaroveregioielli.it\/wp-content\/uploads\/2020\/08\/logo-dellarovere-completo.png","width":904,"height":199,"caption":"Della Rovere"},"image":{"@id":"https:\/\/dellaroveregioielli.it\/fr\/#\/schema\/logo\/image\/"}}]}},"_links":{"self":[{"href":"https:\/\/dellaroveregioielli.it\/fr\/wp-json\/wp\/v2\/product\/37645","targetHints":{"allow":["GET"]}}],"collection":[{"href":"https:\/\/dellaroveregioielli.it\/fr\/wp-json\/wp\/v2\/product"}],"about":[{"href":"https:\/\/dellaroveregioielli.it\/fr\/wp-json\/wp\/v2\/types\/product"}],"replies":[{"embeddable":true,"href":"https:\/\/dellaroveregioielli.it\/fr\/wp-json\/wp\/v2\/comments?post=37645"}],"version-history":[{"count":0,"href":"https:\/\/dellaroveregioielli.it\/fr\/wp-json\/wp\/v2\/product\/37645\/revisions"}],"wp:featuredmedia":[{"embeddable":true,"href":"https:\/\/dellaroveregioielli.it\/fr\/wp-json\/wp\/v2\/media\/30090"}],"wp:attachment":[{"href":"https:\/\/dellaroveregioielli.it\/fr\/wp-json\/wp\/v2\/media?parent=37645"}],"wp:term":[{"taxonomy":"product_brand","embeddable":true,"href":"https:\/\/dellaroveregioielli.it\/fr\/wp-json\/wp\/v2\/product_brand?post=37645"},{"taxonomy":"product_cat","embeddable":true,"href":"https:\/\/dellaroveregioielli.it\/fr\/wp-json\/wp\/v2\/product_cat?post=37645"},{"taxonomy":"product_tag","embeddable":true,"href":"https:\/\/dellaroveregioielli.it\/fr\/wp-json\/wp\/v2\/product_tag?post=37645"}],"curies":[{"name":"wp","href":"https:\/\/api.w.org\/{rel}","templated":true}]}}