{"id":37598,"date":"2026-02-05T11:58:59","date_gmt":"2026-02-05T10:58:59","guid":{"rendered":"https:\/\/dellaroveregioielli.it\/non class\u00e9\/bracelet-elastique-pour-homme-en-hematite-et-amethyste-rhodiees\/"},"modified":"2026-02-05T11:58:59","modified_gmt":"2026-02-05T10:58:59","slug":"bracelet-elastique-pour-homme-en-hematite-et-amethyste-rhodiees","status":"publish","type":"product","link":"https:\/\/dellaroveregioielli.it\/fr\/bracelets-en-pierres-dures\/bracelet-elastique-pour-homme-en-hematite-et-amethyste-rhodiees\/","title":{"rendered":"Bracelet \u00e9lastique pour homme en h\u00e9matite et am\u00e9thyste rhodi\u00e9es"},"content":{"rendered":"<p>Bracelet homme avec \u00e9lastique, en h\u00e9matite rhodi\u00e9e et dor\u00e9e de formes assorties, avec cube d&rsquo;Am\u00e9thyste de 4 mm. Fabriqu\u00e9 en Italie. <\/p>\n<p><em>Circonf\u00e9rence int\u00e9rieure \u2243 20cm<\/em><\/p>","protected":false},"excerpt":{"rendered":"<p>Bracelet homme avec \u00e9lastique, en h\u00e9matite rhodi\u00e9e et dor\u00e9e de formes assorties, avec cube d&rsquo;Am\u00e9thyste de 4 mm. Fabriqu\u00e9 en Italie. Circonf\u00e9rence int\u00e9rieure \u2243 20cm<\/p>","protected":false},"featured_media":30248,"comment_status":"open","ping_status":"closed","template":"","meta":[],"product_brand":[],"product_cat":[707,763,758,762],"product_tag":[764,709],"class_list":{"0":"post-37598","1":"product","2":"type-product","3":"status-publish","4":"has-post-thumbnail","6":"product_cat-bijoux-en-pierres-dures","7":"product_cat-bijoux-pour-hommes","8":"product_cat-bracelets-en-pierres-dures","9":"product_cat-bracelets-pour-hommes","10":"product_tag-ligne-des-hommes","11":"product_tag-nouveautes-2026","13":"first","14":"instock","15":"taxable","16":"shipping-taxable","17":"purchasable","18":"product-type-simple"},"yoast_head":"<!-- This site is optimized with the Yoast SEO plugin v27.3 - https:\/\/yoast.com\/product\/yoast-seo-wordpress\/ -->\n<title>Bracelet \u00e9lastique pour homme en h\u00e9matite et am\u00e9thyste rhodi\u00e9es - Della Rovere<\/title>\n<meta name=\"description\" content=\"Bracelet \u00e9lastique pour homme en h\u00e9matite et am\u00e9thyste rhodi\u00e9es. Produits artisanaux Made in Italy. D\u00e9couvrez notre catalogue en ligne. Livraison rapide ! Coupon de r\u00e9duction pour votre premier achat.\" \/>\n<meta name=\"robots\" content=\"index, follow, max-snippet:-1, max-image-preview:large, max-video-preview:-1\" \/>\n<link rel=\"canonical\" href=\"https:\/\/dellaroveregioielli.it\/fr\/bracelets-en-pierres-dures\/bracelet-elastique-pour-homme-en-hematite-et-amethyste-rhodiees\/\" \/>\n<meta property=\"og:locale\" content=\"fr_FR\" \/>\n<meta property=\"og:type\" content=\"article\" \/>\n<meta property=\"og:title\" content=\"Bracelet \u00e9lastique pour homme en h\u00e9matite et am\u00e9thyste rhodi\u00e9es - Della Rovere\" \/>\n<meta property=\"og:description\" content=\"Bracelet \u00e9lastique pour homme en h\u00e9matite et am\u00e9thyste rhodi\u00e9es. Produits artisanaux Made in Italy. D\u00e9couvrez notre catalogue en ligne. Livraison rapide ! Coupon de r\u00e9duction pour votre premier achat.\" \/>\n<meta property=\"og:url\" content=\"https:\/\/dellaroveregioielli.it\/fr\/bracelets-en-pierres-dures\/bracelet-elastique-pour-homme-en-hematite-et-amethyste-rhodiees\/\" \/>\n<meta property=\"og:site_name\" content=\"Della Rovere\" \/>\n<meta property=\"og:image\" content=\"https:\/\/dellaroveregioielli.it\/wp-content\/uploads\/2026\/02\/UB-60-1.jpg\" \/>\n\t<meta property=\"og:image:width\" content=\"2000\" \/>\n\t<meta property=\"og:image:height\" content=\"2000\" \/>\n\t<meta property=\"og:image:type\" content=\"image\/jpeg\" \/>\n<script type=\"application\/ld+json\" class=\"yoast-schema-graph\">{\"@context\":\"https:\\\/\\\/schema.org\",\"@graph\":[{\"@type\":\"WebPage\",\"@id\":\"https:\\\/\\\/dellaroveregioielli.it\\\/fr\\\/bracelets-en-pierres-dures\\\/bracelet-elastique-pour-homme-en-hematite-et-amethyste-rhodiees\\\/\",\"url\":\"https:\\\/\\\/dellaroveregioielli.it\\\/fr\\\/bracelets-en-pierres-dures\\\/bracelet-elastique-pour-homme-en-hematite-et-amethyste-rhodiees\\\/\",\"name\":\"Bracelet \u00e9lastique pour homme en h\u00e9matite et am\u00e9thyste rhodi\u00e9es - Della Rovere\",\"isPartOf\":{\"@id\":\"https:\\\/\\\/dellaroveregioielli.it\\\/fr\\\/#website\"},\"primaryImageOfPage\":{\"@id\":\"https:\\\/\\\/dellaroveregioielli.it\\\/fr\\\/bracelets-en-pierres-dures\\\/bracelet-elastique-pour-homme-en-hematite-et-amethyste-rhodiees\\\/#primaryimage\"},\"image\":{\"@id\":\"https:\\\/\\\/dellaroveregioielli.it\\\/fr\\\/bracelets-en-pierres-dures\\\/bracelet-elastique-pour-homme-en-hematite-et-amethyste-rhodiees\\\/#primaryimage\"},\"thumbnailUrl\":\"https:\\\/\\\/dellaroveregioielli.it\\\/wp-content\\\/uploads\\\/2026\\\/02\\\/UB-60-1.jpg\",\"datePublished\":\"2026-02-05T10:58:59+00:00\",\"description\":\"Bracelet \u00e9lastique pour homme en h\u00e9matite et am\u00e9thyste rhodi\u00e9es. Produits artisanaux Made in Italy. D\u00e9couvrez notre catalogue en ligne. Livraison rapide ! Coupon de r\u00e9duction pour votre premier achat.\",\"breadcrumb\":{\"@id\":\"https:\\\/\\\/dellaroveregioielli.it\\\/fr\\\/bracelets-en-pierres-dures\\\/bracelet-elastique-pour-homme-en-hematite-et-amethyste-rhodiees\\\/#breadcrumb\"},\"inLanguage\":\"fr-FR\",\"potentialAction\":[{\"@type\":\"ReadAction\",\"target\":[\"https:\\\/\\\/dellaroveregioielli.it\\\/fr\\\/bracelets-en-pierres-dures\\\/bracelet-elastique-pour-homme-en-hematite-et-amethyste-rhodiees\\\/\"]}]},{\"@type\":\"ImageObject\",\"inLanguage\":\"fr-FR\",\"@id\":\"https:\\\/\\\/dellaroveregioielli.it\\\/fr\\\/bracelets-en-pierres-dures\\\/bracelet-elastique-pour-homme-en-hematite-et-amethyste-rhodiees\\\/#primaryimage\",\"url\":\"https:\\\/\\\/dellaroveregioielli.it\\\/wp-content\\\/uploads\\\/2026\\\/02\\\/UB-60-1.jpg\",\"contentUrl\":\"https:\\\/\\\/dellaroveregioielli.it\\\/wp-content\\\/uploads\\\/2026\\\/02\\\/UB-60-1.jpg\",\"width\":2000,\"height\":2000,\"caption\":\"Bracciale Uomo elastico in Ematite Rodiata ed Ametista\"},{\"@type\":\"BreadcrumbList\",\"@id\":\"https:\\\/\\\/dellaroveregioielli.it\\\/fr\\\/bracelets-en-pierres-dures\\\/bracelet-elastique-pour-homme-en-hematite-et-amethyste-rhodiees\\\/#breadcrumb\",\"itemListElement\":[{\"@type\":\"ListItem\",\"position\":1,\"name\":\"Homepage\",\"item\":\"https:\\\/\\\/dellaroveregioielli.it\\\/fr\\\/\"},{\"@type\":\"ListItem\",\"position\":2,\"name\":\"Shop\",\"item\":\"https:\\\/\\\/dellaroveregioielli.it\\\/negozio\\\/\"},{\"@type\":\"ListItem\",\"position\":3,\"name\":\"Bracelet \u00e9lastique pour homme en h\u00e9matite et am\u00e9thyste rhodi\u00e9es\"}]},{\"@type\":\"WebSite\",\"@id\":\"https:\\\/\\\/dellaroveregioielli.it\\\/fr\\\/#website\",\"url\":\"https:\\\/\\\/dellaroveregioielli.it\\\/fr\\\/\",\"name\":\"Della Rovere\",\"description\":\"Gioielli in argento e pietre dure\",\"publisher\":{\"@id\":\"https:\\\/\\\/dellaroveregioielli.it\\\/fr\\\/#organization\"},\"potentialAction\":[{\"@type\":\"SearchAction\",\"target\":{\"@type\":\"EntryPoint\",\"urlTemplate\":\"https:\\\/\\\/dellaroveregioielli.it\\\/fr\\\/?s={search_term_string}\"},\"query-input\":{\"@type\":\"PropertyValueSpecification\",\"valueRequired\":true,\"valueName\":\"search_term_string\"}}],\"inLanguage\":\"fr-FR\"},{\"@type\":\"Organization\",\"@id\":\"https:\\\/\\\/dellaroveregioielli.it\\\/fr\\\/#organization\",\"name\":\"Della Rovere\",\"url\":\"https:\\\/\\\/dellaroveregioielli.it\\\/fr\\\/\",\"logo\":{\"@type\":\"ImageObject\",\"inLanguage\":\"fr-FR\",\"@id\":\"https:\\\/\\\/dellaroveregioielli.it\\\/fr\\\/#\\\/schema\\\/logo\\\/image\\\/\",\"url\":\"https:\\\/\\\/dellaroveregioielli.it\\\/wp-content\\\/uploads\\\/2020\\\/08\\\/logo-dellarovere-completo.png\",\"contentUrl\":\"https:\\\/\\\/dellaroveregioielli.it\\\/wp-content\\\/uploads\\\/2020\\\/08\\\/logo-dellarovere-completo.png\",\"width\":904,\"height\":199,\"caption\":\"Della Rovere\"},\"image\":{\"@id\":\"https:\\\/\\\/dellaroveregioielli.it\\\/fr\\\/#\\\/schema\\\/logo\\\/image\\\/\"}}]}<\/script>\n<!-- \/ Yoast SEO plugin. -->","yoast_head_json":{"title":"Bracelet \u00e9lastique pour homme en h\u00e9matite et am\u00e9thyste rhodi\u00e9es - Della Rovere","description":"Bracelet \u00e9lastique pour homme en h\u00e9matite et am\u00e9thyste rhodi\u00e9es. Produits artisanaux Made in Italy. D\u00e9couvrez notre catalogue en ligne. Livraison rapide ! Coupon de r\u00e9duction pour votre premier achat.","robots":{"index":"index","follow":"follow","max-snippet":"max-snippet:-1","max-image-preview":"max-image-preview:large","max-video-preview":"max-video-preview:-1"},"canonical":"https:\/\/dellaroveregioielli.it\/fr\/bracelets-en-pierres-dures\/bracelet-elastique-pour-homme-en-hematite-et-amethyste-rhodiees\/","og_locale":"fr_FR","og_type":"article","og_title":"Bracelet \u00e9lastique pour homme en h\u00e9matite et am\u00e9thyste rhodi\u00e9es - Della Rovere","og_description":"Bracelet \u00e9lastique pour homme en h\u00e9matite et am\u00e9thyste rhodi\u00e9es. Produits artisanaux Made in Italy. D\u00e9couvrez notre catalogue en ligne. Livraison rapide ! Coupon de r\u00e9duction pour votre premier achat.","og_url":"https:\/\/dellaroveregioielli.it\/fr\/bracelets-en-pierres-dures\/bracelet-elastique-pour-homme-en-hematite-et-amethyste-rhodiees\/","og_site_name":"Della Rovere","og_image":[{"width":2000,"height":2000,"url":"https:\/\/dellaroveregioielli.it\/wp-content\/uploads\/2026\/02\/UB-60-1.jpg","type":"image\/jpeg"}],"schema":{"@context":"https:\/\/schema.org","@graph":[{"@type":"WebPage","@id":"https:\/\/dellaroveregioielli.it\/fr\/bracelets-en-pierres-dures\/bracelet-elastique-pour-homme-en-hematite-et-amethyste-rhodiees\/","url":"https:\/\/dellaroveregioielli.it\/fr\/bracelets-en-pierres-dures\/bracelet-elastique-pour-homme-en-hematite-et-amethyste-rhodiees\/","name":"Bracelet \u00e9lastique pour homme en h\u00e9matite et am\u00e9thyste rhodi\u00e9es - Della Rovere","isPartOf":{"@id":"https:\/\/dellaroveregioielli.it\/fr\/#website"},"primaryImageOfPage":{"@id":"https:\/\/dellaroveregioielli.it\/fr\/bracelets-en-pierres-dures\/bracelet-elastique-pour-homme-en-hematite-et-amethyste-rhodiees\/#primaryimage"},"image":{"@id":"https:\/\/dellaroveregioielli.it\/fr\/bracelets-en-pierres-dures\/bracelet-elastique-pour-homme-en-hematite-et-amethyste-rhodiees\/#primaryimage"},"thumbnailUrl":"https:\/\/dellaroveregioielli.it\/wp-content\/uploads\/2026\/02\/UB-60-1.jpg","datePublished":"2026-02-05T10:58:59+00:00","description":"Bracelet \u00e9lastique pour homme en h\u00e9matite et am\u00e9thyste rhodi\u00e9es. Produits artisanaux Made in Italy. D\u00e9couvrez notre catalogue en ligne. Livraison rapide ! Coupon de r\u00e9duction pour votre premier achat.","breadcrumb":{"@id":"https:\/\/dellaroveregioielli.it\/fr\/bracelets-en-pierres-dures\/bracelet-elastique-pour-homme-en-hematite-et-amethyste-rhodiees\/#breadcrumb"},"inLanguage":"fr-FR","potentialAction":[{"@type":"ReadAction","target":["https:\/\/dellaroveregioielli.it\/fr\/bracelets-en-pierres-dures\/bracelet-elastique-pour-homme-en-hematite-et-amethyste-rhodiees\/"]}]},{"@type":"ImageObject","inLanguage":"fr-FR","@id":"https:\/\/dellaroveregioielli.it\/fr\/bracelets-en-pierres-dures\/bracelet-elastique-pour-homme-en-hematite-et-amethyste-rhodiees\/#primaryimage","url":"https:\/\/dellaroveregioielli.it\/wp-content\/uploads\/2026\/02\/UB-60-1.jpg","contentUrl":"https:\/\/dellaroveregioielli.it\/wp-content\/uploads\/2026\/02\/UB-60-1.jpg","width":2000,"height":2000,"caption":"Bracciale Uomo elastico in Ematite Rodiata ed Ametista"},{"@type":"BreadcrumbList","@id":"https:\/\/dellaroveregioielli.it\/fr\/bracelets-en-pierres-dures\/bracelet-elastique-pour-homme-en-hematite-et-amethyste-rhodiees\/#breadcrumb","itemListElement":[{"@type":"ListItem","position":1,"name":"Homepage","item":"https:\/\/dellaroveregioielli.it\/fr\/"},{"@type":"ListItem","position":2,"name":"Shop","item":"https:\/\/dellaroveregioielli.it\/negozio\/"},{"@type":"ListItem","position":3,"name":"Bracelet \u00e9lastique pour homme en h\u00e9matite et am\u00e9thyste rhodi\u00e9es"}]},{"@type":"WebSite","@id":"https:\/\/dellaroveregioielli.it\/fr\/#website","url":"https:\/\/dellaroveregioielli.it\/fr\/","name":"Della Rovere","description":"Gioielli in argento e pietre dure","publisher":{"@id":"https:\/\/dellaroveregioielli.it\/fr\/#organization"},"potentialAction":[{"@type":"SearchAction","target":{"@type":"EntryPoint","urlTemplate":"https:\/\/dellaroveregioielli.it\/fr\/?s={search_term_string}"},"query-input":{"@type":"PropertyValueSpecification","valueRequired":true,"valueName":"search_term_string"}}],"inLanguage":"fr-FR"},{"@type":"Organization","@id":"https:\/\/dellaroveregioielli.it\/fr\/#organization","name":"Della Rovere","url":"https:\/\/dellaroveregioielli.it\/fr\/","logo":{"@type":"ImageObject","inLanguage":"fr-FR","@id":"https:\/\/dellaroveregioielli.it\/fr\/#\/schema\/logo\/image\/","url":"https:\/\/dellaroveregioielli.it\/wp-content\/uploads\/2020\/08\/logo-dellarovere-completo.png","contentUrl":"https:\/\/dellaroveregioielli.it\/wp-content\/uploads\/2020\/08\/logo-dellarovere-completo.png","width":904,"height":199,"caption":"Della Rovere"},"image":{"@id":"https:\/\/dellaroveregioielli.it\/fr\/#\/schema\/logo\/image\/"}}]}},"_links":{"self":[{"href":"https:\/\/dellaroveregioielli.it\/fr\/wp-json\/wp\/v2\/product\/37598","targetHints":{"allow":["GET"]}}],"collection":[{"href":"https:\/\/dellaroveregioielli.it\/fr\/wp-json\/wp\/v2\/product"}],"about":[{"href":"https:\/\/dellaroveregioielli.it\/fr\/wp-json\/wp\/v2\/types\/product"}],"replies":[{"embeddable":true,"href":"https:\/\/dellaroveregioielli.it\/fr\/wp-json\/wp\/v2\/comments?post=37598"}],"version-history":[{"count":0,"href":"https:\/\/dellaroveregioielli.it\/fr\/wp-json\/wp\/v2\/product\/37598\/revisions"}],"wp:featuredmedia":[{"embeddable":true,"href":"https:\/\/dellaroveregioielli.it\/fr\/wp-json\/wp\/v2\/media\/30248"}],"wp:attachment":[{"href":"https:\/\/dellaroveregioielli.it\/fr\/wp-json\/wp\/v2\/media?parent=37598"}],"wp:term":[{"taxonomy":"product_brand","embeddable":true,"href":"https:\/\/dellaroveregioielli.it\/fr\/wp-json\/wp\/v2\/product_brand?post=37598"},{"taxonomy":"product_cat","embeddable":true,"href":"https:\/\/dellaroveregioielli.it\/fr\/wp-json\/wp\/v2\/product_cat?post=37598"},{"taxonomy":"product_tag","embeddable":true,"href":"https:\/\/dellaroveregioielli.it\/fr\/wp-json\/wp\/v2\/product_tag?post=37598"}],"curies":[{"name":"wp","href":"https:\/\/api.w.org\/{rel}","templated":true}]}}