{"id":31599,"date":"2026-02-06T12:50:22","date_gmt":"2026-02-06T11:50:22","guid":{"rendered":"https:\/\/dellaroveregioielli.it\/uncategorized\/collier-en-hematite-naturelle-avec-breloques-en-forme-de-coeur-elementaire\/"},"modified":"2026-04-03T16:44:50","modified_gmt":"2026-04-03T14:44:50","slug":"collier-en-hematite-naturelle-avec-breloques-en-forme-de-coeur-elementaire","status":"publish","type":"product","link":"https:\/\/dellaroveregioielli.it\/fr\/colliers-de-pierres-dures\/collier-en-hematite-naturelle-avec-breloques-en-forme-de-coeur-elementaire\/","title":{"rendered":"Collier en h\u00e9matite naturelle avec charm en forme de c\u0153ur (longueur courte)"},"content":{"rendered":"<p>Collier ras-du-cou enfil\u00e9 en h\u00e9matite naturelle avec charm en forme de c\u0153ur en h\u00e9matite dor\u00e9e. Fermoir en argent 925\u2030 rhodi\u00e9  Fabriqu\u00e9 en Italie.<\/p>\n<p><em>Longueur : 37 cm<\/em><\/p>","protected":false},"excerpt":{"rendered":"<p>Collier ras-du-cou enfil\u00e9 en h\u00e9matite naturelle avec charm en forme de c\u0153ur en h\u00e9matite dor\u00e9e. Fermoir en argent 925\u2030 rhodi\u00e9 Fabriqu\u00e9 en Italie. Longueur : 37 cm<\/p>","protected":false},"featured_media":30103,"comment_status":"open","ping_status":"closed","template":"","meta":[],"product_brand":[],"product_cat":[707,706,708],"product_tag":[710,709],"class_list":{"0":"post-31599","1":"product","2":"type-product","3":"status-publish","4":"has-post-thumbnail","6":"product_cat-bijoux-en-pierres-dures","7":"product_cat-colliers-pour-femmes","8":"product_cat-colliers-de-pierres-dures","9":"product_tag-ligne-de-coeur","10":"product_tag-nouveautes-2026","12":"first","13":"instock","14":"sold-individually","15":"taxable","16":"shipping-taxable","17":"purchasable","18":"product-type-simple"},"yoast_head":"<!-- This site is optimized with the Yoast SEO plugin v27.3 - https:\/\/yoast.com\/product\/yoast-seo-wordpress\/ -->\n<title>Collier en h\u00e9matite naturelle avec charm en forme de c\u0153ur (longueur courte) - Della Rovere<\/title>\n<meta name=\"description\" content=\"Collier en h\u00e9matite naturelle avec charm en forme de c\u0153ur (longueur courte). Produits artisanaux fabriqu\u00e9s en Italie. D\u00e9couvrez notre catalogue en ligne. Livraison rapide ! Coupon de r\u00e9duction pour le premier achat.\" \/>\n<meta name=\"robots\" content=\"index, follow, max-snippet:-1, max-image-preview:large, max-video-preview:-1\" \/>\n<link rel=\"canonical\" href=\"https:\/\/dellaroveregioielli.it\/fr\/colliers-de-pierres-dures\/collier-en-hematite-naturelle-avec-breloques-en-forme-de-coeur-elementaire\/\" \/>\n<meta property=\"og:locale\" content=\"fr_FR\" \/>\n<meta property=\"og:type\" content=\"article\" \/>\n<meta property=\"og:title\" content=\"Collier en h\u00e9matite naturelle avec charm en forme de c\u0153ur (longueur courte) - Della Rovere\" \/>\n<meta property=\"og:description\" content=\"Collier en h\u00e9matite naturelle avec charm en forme de c\u0153ur (longueur courte). Produits artisanaux fabriqu\u00e9s en Italie. D\u00e9couvrez notre catalogue en ligne. Livraison rapide ! Coupon de r\u00e9duction pour le premier achat.\" \/>\n<meta property=\"og:url\" content=\"https:\/\/dellaroveregioielli.it\/fr\/colliers-de-pierres-dures\/collier-en-hematite-naturelle-avec-breloques-en-forme-de-coeur-elementaire\/\" \/>\n<meta property=\"og:site_name\" content=\"Della Rovere\" \/>\n<meta property=\"article:modified_time\" content=\"2026-04-03T14:44:50+00:00\" \/>\n<meta property=\"og:image\" content=\"https:\/\/dellaroveregioielli.it\/wp-content\/uploads\/2026\/02\/SVC12C.jpg\" \/>\n\t<meta property=\"og:image:width\" content=\"2000\" \/>\n\t<meta property=\"og:image:height\" content=\"2000\" \/>\n\t<meta property=\"og:image:type\" content=\"image\/jpeg\" \/>\n<script type=\"application\/ld+json\" class=\"yoast-schema-graph\">{\"@context\":\"https:\\\/\\\/schema.org\",\"@graph\":[{\"@type\":\"WebPage\",\"@id\":\"https:\\\/\\\/dellaroveregioielli.it\\\/fr\\\/colliers-de-pierres-dures\\\/collier-en-hematite-naturelle-avec-breloques-en-forme-de-coeur-elementaire\\\/\",\"url\":\"https:\\\/\\\/dellaroveregioielli.it\\\/fr\\\/colliers-de-pierres-dures\\\/collier-en-hematite-naturelle-avec-breloques-en-forme-de-coeur-elementaire\\\/\",\"name\":\"Collier en h\u00e9matite naturelle avec charm en forme de c\u0153ur (longueur courte) - Della Rovere\",\"isPartOf\":{\"@id\":\"https:\\\/\\\/dellaroveregioielli.it\\\/fr\\\/#website\"},\"primaryImageOfPage\":{\"@id\":\"https:\\\/\\\/dellaroveregioielli.it\\\/fr\\\/colliers-de-pierres-dures\\\/collier-en-hematite-naturelle-avec-breloques-en-forme-de-coeur-elementaire\\\/#primaryimage\"},\"image\":{\"@id\":\"https:\\\/\\\/dellaroveregioielli.it\\\/fr\\\/colliers-de-pierres-dures\\\/collier-en-hematite-naturelle-avec-breloques-en-forme-de-coeur-elementaire\\\/#primaryimage\"},\"thumbnailUrl\":\"https:\\\/\\\/dellaroveregioielli.it\\\/wp-content\\\/uploads\\\/2026\\\/02\\\/SVC12C.jpg\",\"datePublished\":\"2026-02-06T11:50:22+00:00\",\"dateModified\":\"2026-04-03T14:44:50+00:00\",\"description\":\"Collier en h\u00e9matite naturelle avec charm en forme de c\u0153ur (longueur courte). Produits artisanaux fabriqu\u00e9s en Italie. D\u00e9couvrez notre catalogue en ligne. Livraison rapide ! Coupon de r\u00e9duction pour le premier achat.\",\"breadcrumb\":{\"@id\":\"https:\\\/\\\/dellaroveregioielli.it\\\/fr\\\/colliers-de-pierres-dures\\\/collier-en-hematite-naturelle-avec-breloques-en-forme-de-coeur-elementaire\\\/#breadcrumb\"},\"inLanguage\":\"fr-FR\",\"potentialAction\":[{\"@type\":\"ReadAction\",\"target\":[\"https:\\\/\\\/dellaroveregioielli.it\\\/fr\\\/colliers-de-pierres-dures\\\/collier-en-hematite-naturelle-avec-breloques-en-forme-de-coeur-elementaire\\\/\"]}]},{\"@type\":\"ImageObject\",\"inLanguage\":\"fr-FR\",\"@id\":\"https:\\\/\\\/dellaroveregioielli.it\\\/fr\\\/colliers-de-pierres-dures\\\/collier-en-hematite-naturelle-avec-breloques-en-forme-de-coeur-elementaire\\\/#primaryimage\",\"url\":\"https:\\\/\\\/dellaroveregioielli.it\\\/wp-content\\\/uploads\\\/2026\\\/02\\\/SVC12C.jpg\",\"contentUrl\":\"https:\\\/\\\/dellaroveregioielli.it\\\/wp-content\\\/uploads\\\/2026\\\/02\\\/SVC12C.jpg\",\"width\":2000,\"height\":2000,\"caption\":\"Collana in Ematite Naturale con elemento Charms a Cuore\"},{\"@type\":\"BreadcrumbList\",\"@id\":\"https:\\\/\\\/dellaroveregioielli.it\\\/fr\\\/colliers-de-pierres-dures\\\/collier-en-hematite-naturelle-avec-breloques-en-forme-de-coeur-elementaire\\\/#breadcrumb\",\"itemListElement\":[{\"@type\":\"ListItem\",\"position\":1,\"name\":\"Homepage\",\"item\":\"https:\\\/\\\/dellaroveregioielli.it\\\/fr\\\/\"},{\"@type\":\"ListItem\",\"position\":2,\"name\":\"Shop\",\"item\":\"https:\\\/\\\/dellaroveregioielli.it\\\/negozio\\\/\"},{\"@type\":\"ListItem\",\"position\":3,\"name\":\"Collier en h\u00e9matite naturelle avec charm en forme de c\u0153ur (longueur courte)\"}]},{\"@type\":\"WebSite\",\"@id\":\"https:\\\/\\\/dellaroveregioielli.it\\\/fr\\\/#website\",\"url\":\"https:\\\/\\\/dellaroveregioielli.it\\\/fr\\\/\",\"name\":\"Della Rovere\",\"description\":\"Gioielli in argento e pietre dure\",\"publisher\":{\"@id\":\"https:\\\/\\\/dellaroveregioielli.it\\\/fr\\\/#organization\"},\"potentialAction\":[{\"@type\":\"SearchAction\",\"target\":{\"@type\":\"EntryPoint\",\"urlTemplate\":\"https:\\\/\\\/dellaroveregioielli.it\\\/fr\\\/?s={search_term_string}\"},\"query-input\":{\"@type\":\"PropertyValueSpecification\",\"valueRequired\":true,\"valueName\":\"search_term_string\"}}],\"inLanguage\":\"fr-FR\"},{\"@type\":\"Organization\",\"@id\":\"https:\\\/\\\/dellaroveregioielli.it\\\/fr\\\/#organization\",\"name\":\"Della Rovere\",\"url\":\"https:\\\/\\\/dellaroveregioielli.it\\\/fr\\\/\",\"logo\":{\"@type\":\"ImageObject\",\"inLanguage\":\"fr-FR\",\"@id\":\"https:\\\/\\\/dellaroveregioielli.it\\\/fr\\\/#\\\/schema\\\/logo\\\/image\\\/\",\"url\":\"https:\\\/\\\/dellaroveregioielli.it\\\/wp-content\\\/uploads\\\/2020\\\/08\\\/logo-dellarovere-completo.png\",\"contentUrl\":\"https:\\\/\\\/dellaroveregioielli.it\\\/wp-content\\\/uploads\\\/2020\\\/08\\\/logo-dellarovere-completo.png\",\"width\":904,\"height\":199,\"caption\":\"Della Rovere\"},\"image\":{\"@id\":\"https:\\\/\\\/dellaroveregioielli.it\\\/fr\\\/#\\\/schema\\\/logo\\\/image\\\/\"}}]}<\/script>\n<!-- \/ Yoast SEO plugin. -->","yoast_head_json":{"title":"Collier en h\u00e9matite naturelle avec charm en forme de c\u0153ur (longueur courte) - Della Rovere","description":"Collier en h\u00e9matite naturelle avec charm en forme de c\u0153ur (longueur courte). Produits artisanaux fabriqu\u00e9s en Italie. D\u00e9couvrez notre catalogue en ligne. Livraison rapide ! Coupon de r\u00e9duction pour le premier achat.","robots":{"index":"index","follow":"follow","max-snippet":"max-snippet:-1","max-image-preview":"max-image-preview:large","max-video-preview":"max-video-preview:-1"},"canonical":"https:\/\/dellaroveregioielli.it\/fr\/colliers-de-pierres-dures\/collier-en-hematite-naturelle-avec-breloques-en-forme-de-coeur-elementaire\/","og_locale":"fr_FR","og_type":"article","og_title":"Collier en h\u00e9matite naturelle avec charm en forme de c\u0153ur (longueur courte) - Della Rovere","og_description":"Collier en h\u00e9matite naturelle avec charm en forme de c\u0153ur (longueur courte). Produits artisanaux fabriqu\u00e9s en Italie. D\u00e9couvrez notre catalogue en ligne. Livraison rapide ! Coupon de r\u00e9duction pour le premier achat.","og_url":"https:\/\/dellaroveregioielli.it\/fr\/colliers-de-pierres-dures\/collier-en-hematite-naturelle-avec-breloques-en-forme-de-coeur-elementaire\/","og_site_name":"Della Rovere","article_modified_time":"2026-04-03T14:44:50+00:00","og_image":[{"width":2000,"height":2000,"url":"https:\/\/dellaroveregioielli.it\/wp-content\/uploads\/2026\/02\/SVC12C.jpg","type":"image\/jpeg"}],"schema":{"@context":"https:\/\/schema.org","@graph":[{"@type":"WebPage","@id":"https:\/\/dellaroveregioielli.it\/fr\/colliers-de-pierres-dures\/collier-en-hematite-naturelle-avec-breloques-en-forme-de-coeur-elementaire\/","url":"https:\/\/dellaroveregioielli.it\/fr\/colliers-de-pierres-dures\/collier-en-hematite-naturelle-avec-breloques-en-forme-de-coeur-elementaire\/","name":"Collier en h\u00e9matite naturelle avec charm en forme de c\u0153ur (longueur courte) - Della Rovere","isPartOf":{"@id":"https:\/\/dellaroveregioielli.it\/fr\/#website"},"primaryImageOfPage":{"@id":"https:\/\/dellaroveregioielli.it\/fr\/colliers-de-pierres-dures\/collier-en-hematite-naturelle-avec-breloques-en-forme-de-coeur-elementaire\/#primaryimage"},"image":{"@id":"https:\/\/dellaroveregioielli.it\/fr\/colliers-de-pierres-dures\/collier-en-hematite-naturelle-avec-breloques-en-forme-de-coeur-elementaire\/#primaryimage"},"thumbnailUrl":"https:\/\/dellaroveregioielli.it\/wp-content\/uploads\/2026\/02\/SVC12C.jpg","datePublished":"2026-02-06T11:50:22+00:00","dateModified":"2026-04-03T14:44:50+00:00","description":"Collier en h\u00e9matite naturelle avec charm en forme de c\u0153ur (longueur courte). Produits artisanaux fabriqu\u00e9s en Italie. D\u00e9couvrez notre catalogue en ligne. Livraison rapide ! Coupon de r\u00e9duction pour le premier achat.","breadcrumb":{"@id":"https:\/\/dellaroveregioielli.it\/fr\/colliers-de-pierres-dures\/collier-en-hematite-naturelle-avec-breloques-en-forme-de-coeur-elementaire\/#breadcrumb"},"inLanguage":"fr-FR","potentialAction":[{"@type":"ReadAction","target":["https:\/\/dellaroveregioielli.it\/fr\/colliers-de-pierres-dures\/collier-en-hematite-naturelle-avec-breloques-en-forme-de-coeur-elementaire\/"]}]},{"@type":"ImageObject","inLanguage":"fr-FR","@id":"https:\/\/dellaroveregioielli.it\/fr\/colliers-de-pierres-dures\/collier-en-hematite-naturelle-avec-breloques-en-forme-de-coeur-elementaire\/#primaryimage","url":"https:\/\/dellaroveregioielli.it\/wp-content\/uploads\/2026\/02\/SVC12C.jpg","contentUrl":"https:\/\/dellaroveregioielli.it\/wp-content\/uploads\/2026\/02\/SVC12C.jpg","width":2000,"height":2000,"caption":"Collana in Ematite Naturale con elemento Charms a Cuore"},{"@type":"BreadcrumbList","@id":"https:\/\/dellaroveregioielli.it\/fr\/colliers-de-pierres-dures\/collier-en-hematite-naturelle-avec-breloques-en-forme-de-coeur-elementaire\/#breadcrumb","itemListElement":[{"@type":"ListItem","position":1,"name":"Homepage","item":"https:\/\/dellaroveregioielli.it\/fr\/"},{"@type":"ListItem","position":2,"name":"Shop","item":"https:\/\/dellaroveregioielli.it\/negozio\/"},{"@type":"ListItem","position":3,"name":"Collier en h\u00e9matite naturelle avec charm en forme de c\u0153ur (longueur courte)"}]},{"@type":"WebSite","@id":"https:\/\/dellaroveregioielli.it\/fr\/#website","url":"https:\/\/dellaroveregioielli.it\/fr\/","name":"Della Rovere","description":"Gioielli in argento e pietre dure","publisher":{"@id":"https:\/\/dellaroveregioielli.it\/fr\/#organization"},"potentialAction":[{"@type":"SearchAction","target":{"@type":"EntryPoint","urlTemplate":"https:\/\/dellaroveregioielli.it\/fr\/?s={search_term_string}"},"query-input":{"@type":"PropertyValueSpecification","valueRequired":true,"valueName":"search_term_string"}}],"inLanguage":"fr-FR"},{"@type":"Organization","@id":"https:\/\/dellaroveregioielli.it\/fr\/#organization","name":"Della Rovere","url":"https:\/\/dellaroveregioielli.it\/fr\/","logo":{"@type":"ImageObject","inLanguage":"fr-FR","@id":"https:\/\/dellaroveregioielli.it\/fr\/#\/schema\/logo\/image\/","url":"https:\/\/dellaroveregioielli.it\/wp-content\/uploads\/2020\/08\/logo-dellarovere-completo.png","contentUrl":"https:\/\/dellaroveregioielli.it\/wp-content\/uploads\/2020\/08\/logo-dellarovere-completo.png","width":904,"height":199,"caption":"Della Rovere"},"image":{"@id":"https:\/\/dellaroveregioielli.it\/fr\/#\/schema\/logo\/image\/"}}]}},"_links":{"self":[{"href":"https:\/\/dellaroveregioielli.it\/fr\/wp-json\/wp\/v2\/product\/31599","targetHints":{"allow":["GET"]}}],"collection":[{"href":"https:\/\/dellaroveregioielli.it\/fr\/wp-json\/wp\/v2\/product"}],"about":[{"href":"https:\/\/dellaroveregioielli.it\/fr\/wp-json\/wp\/v2\/types\/product"}],"replies":[{"embeddable":true,"href":"https:\/\/dellaroveregioielli.it\/fr\/wp-json\/wp\/v2\/comments?post=31599"}],"version-history":[{"count":0,"href":"https:\/\/dellaroveregioielli.it\/fr\/wp-json\/wp\/v2\/product\/31599\/revisions"}],"wp:featuredmedia":[{"embeddable":true,"href":"https:\/\/dellaroveregioielli.it\/fr\/wp-json\/wp\/v2\/media\/30103"}],"wp:attachment":[{"href":"https:\/\/dellaroveregioielli.it\/fr\/wp-json\/wp\/v2\/media?parent=31599"}],"wp:term":[{"taxonomy":"product_brand","embeddable":true,"href":"https:\/\/dellaroveregioielli.it\/fr\/wp-json\/wp\/v2\/product_brand?post=31599"},{"taxonomy":"product_cat","embeddable":true,"href":"https:\/\/dellaroveregioielli.it\/fr\/wp-json\/wp\/v2\/product_cat?post=31599"},{"taxonomy":"product_tag","embeddable":true,"href":"https:\/\/dellaroveregioielli.it\/fr\/wp-json\/wp\/v2\/product_tag?post=31599"}],"curies":[{"name":"wp","href":"https:\/\/api.w.org\/{rel}","templated":true}]}}