{"id":44301,"date":"2020-06-10T15:53:35","date_gmt":"2020-06-10T13:53:35","guid":{"rendered":"https:\/\/dellaroveregioielli.it\/service-a-la-clientele\/informations-sur-les-bijoux\/"},"modified":"2026-03-31T16:59:10","modified_gmt":"2026-03-31T14:59:10","slug":"informations-sur-les-bijoux","status":"publish","type":"page","link":"https:\/\/dellaroveregioielli.it\/fr\/service-a-la-clientele\/informations-sur-les-bijoux\/","title":{"rendered":"Informations sur les bijoux"},"content":{"rendered":"<p>L&rsquo;atelier interne de Della Rovere a toujours produit des bijoux en argent et en pierres pr\u00e9cieuses avec beaucoup de charme et un go\u00fbt italien exquis.<br\/>Vous \u00eates curieux de conna\u00eetre nos bijoux ? Nous sommes l\u00e0 pour r\u00e9pondre \u00e0 vos questions. <\/p>\n\n<h2 class=\"wp-block-heading\">Les bijoux sont-ils fabriqu\u00e9s en Italie ?<\/h2>\n\n<p>La plupart des bijoux Della Rovere sont con\u00e7us et fabriqu\u00e9s dans l&rsquo;atelier de l&rsquo;entreprise \u00e0 Mondavio, dans la province de Pesaro.<br\/>Parfois, en raison de la disponibilit\u00e9 d&rsquo;une pierre particuli\u00e8re ou pour donner un go\u00fbt diff\u00e9rent \u00e0 un mod\u00e8le, nous s\u00e9lectionnons et distribuons \u00e9galement des bijoux fabriqu\u00e9s \u00e0 l&rsquo;\u00e9tranger, par exemple en Inde : cela n&rsquo;est toutefois fait qu&rsquo;apr\u00e8s avoir v\u00e9rifi\u00e9 la haute qualit\u00e9 des pierres pr\u00e9cieuses et de l&rsquo;argent utilis\u00e9s. De cette mani\u00e8re, nous pouvons offrir une alternative en termes de style, mais sans compromis en termes de sp\u00e9cificit\u00e9 et de valeur. <\/p>\n\n<h2 class=\"wp-block-heading\">Un entretien particulier est-il n\u00e9cessaire ?<\/h2>\n\n<p>Les bijoux en ch\u00eane sont en argent italien rhodi\u00e9. Le rhodium sert \u00e0 donner plus d&rsquo;\u00e9clat au m\u00e9tal, mais avec le temps, il peut perdre lentement et progressivement sa tonalit\u00e9. Pour \u00e9viter cela, de petites pr\u00e9cautions suffisent g\u00e9n\u00e9ralement, comme \u00e9viter le contact prolong\u00e9 du bijou avec l&rsquo;eau de mer ou de piscine. Il en va de m\u00eame pour l&rsquo;h\u00e9matite rhodi\u00e9e, \u00e0 laquelle le m\u00eame traitement est appliqu\u00e9. En ce qui concerne les pierres, nous n&rsquo;utilisons, \u00e0 de rares exceptions pr\u00e8s, que des mat\u00e9riaux naturels de la plus haute qualit\u00e9 qui ne n\u00e9cessitent pas d&rsquo;entretien particulier. En dehors de situations peu probables (par exemple un choc thermique important), il est tr\u00e8s rare qu&rsquo;un ph\u00e9nom\u00e8ne ext\u00e9rieur puisse amener une pierre \u00e0 pr\u00e9senter des probl\u00e8mes ou des d\u00e9fauts.     <\/p>\n\n<h2 class=\"wp-block-heading\">Fournissez-vous une assistance pour un bijou endommag\u00e9 ?<\/h2>\n\n<p>Si pour une raison quelconque votre bijou a \u00e9t\u00e9 endommag\u00e9, par exemple par une chute, ne vous inqui\u00e9tez pas : vous pouvez nous contacter via le chat Facebook Messenger ou <a href=\"mailto:%20shop@dellaroveregioielli.it%E2%80%8B\" rel=\"nofollow\">shop@dellaroveregioielli.it<\/a> et, apr\u00e8s avoir vu une photo du produit, nous vous proposerons des solutions pour le r\u00e9parer ou remplacer les parties endommag\u00e9es. Vous pourrez demander un devis et, une fois celui-ci accept\u00e9, nous organiserons la collecte de votre bijou \u00e0 l&rsquo;adresse que vous nous aurez indiqu\u00e9e, proc\u00e9derons \u00e0 la r\u00e9paration et vous le renverrons dans les plus brefs d\u00e9lais. <\/p>","protected":false},"excerpt":{"rendered":"<p>L&rsquo;atelier interne de Della Rovere a toujours produit des bijoux en argent et en pierres pr\u00e9cieuses avec beaucoup de charme et un go\u00fbt italien exquis.Vous \u00eates curieux de conna\u00eetre nos bijoux ? Nous sommes l\u00e0 pour r\u00e9pondre \u00e0 vos questions. Les bijoux sont-ils fabriqu\u00e9s en Italie ? La plupart des bijoux Della Rovere sont con\u00e7us [&hellip;]<\/p>","protected":false},"author":1,"featured_media":0,"parent":44290,"menu_order":0,"comment_status":"closed","ping_status":"closed","template":"","meta":{"footnotes":""},"class_list":["post-44301","page","type-page","status-publish","hentry"],"yoast_head":"<!-- This site is optimized with the Yoast SEO plugin v27.3 - https:\/\/yoast.com\/product\/yoast-seo-wordpress\/ -->\n<title>Informations sur les bijoux - Della Rovere<\/title>\n<meta name=\"robots\" content=\"index, nofollow, max-snippet:-1, max-image-preview:large, max-video-preview:-1\" \/>\n<link rel=\"canonical\" href=\"https:\/\/dellaroveregioielli.it\/fr\/service-a-la-clientele\/informations-sur-les-bijoux\/\" \/>\n<meta property=\"og:locale\" content=\"fr_FR\" \/>\n<meta property=\"og:type\" content=\"article\" \/>\n<meta property=\"og:title\" content=\"Informations sur les bijoux - Della Rovere\" \/>\n<meta property=\"og:description\" content=\"L&rsquo;atelier interne de Della Rovere a toujours produit des bijoux en argent et en pierres pr\u00e9cieuses avec beaucoup de charme et un go\u00fbt italien exquis.Vous \u00eates curieux de conna\u00eetre nos bijoux ? Nous sommes l\u00e0 pour r\u00e9pondre \u00e0 vos questions. Les bijoux sont-ils fabriqu\u00e9s en Italie ? La plupart des bijoux Della Rovere sont con\u00e7us [&hellip;]\" \/>\n<meta property=\"og:url\" content=\"https:\/\/dellaroveregioielli.it\/fr\/service-a-la-clientele\/informations-sur-les-bijoux\/\" \/>\n<meta property=\"og:site_name\" content=\"Della Rovere\" \/>\n<meta property=\"article:modified_time\" content=\"2026-03-31T14:59:10+00:00\" \/>\n<script type=\"application\/ld+json\" class=\"yoast-schema-graph\">{\"@context\":\"https:\\\/\\\/schema.org\",\"@graph\":[{\"@type\":\"WebPage\",\"@id\":\"https:\\\/\\\/dellaroveregioielli.it\\\/fr\\\/service-a-la-clientele\\\/informations-sur-les-bijoux\\\/\",\"url\":\"https:\\\/\\\/dellaroveregioielli.it\\\/fr\\\/service-a-la-clientele\\\/informations-sur-les-bijoux\\\/\",\"name\":\"Informations sur les bijoux - Della Rovere\",\"isPartOf\":{\"@id\":\"https:\\\/\\\/dellaroveregioielli.it\\\/fr\\\/#website\"},\"datePublished\":\"2020-06-10T13:53:35+00:00\",\"dateModified\":\"2026-03-31T14:59:10+00:00\",\"breadcrumb\":{\"@id\":\"https:\\\/\\\/dellaroveregioielli.it\\\/fr\\\/service-a-la-clientele\\\/informations-sur-les-bijoux\\\/#breadcrumb\"},\"inLanguage\":\"fr-FR\",\"potentialAction\":[{\"@type\":\"ReadAction\",\"target\":[\"https:\\\/\\\/dellaroveregioielli.it\\\/fr\\\/service-a-la-clientele\\\/informations-sur-les-bijoux\\\/\"]}]},{\"@type\":\"BreadcrumbList\",\"@id\":\"https:\\\/\\\/dellaroveregioielli.it\\\/fr\\\/service-a-la-clientele\\\/informations-sur-les-bijoux\\\/#breadcrumb\",\"itemListElement\":[{\"@type\":\"ListItem\",\"position\":1,\"name\":\"Homepage\",\"item\":\"https:\\\/\\\/dellaroveregioielli.it\\\/fr\\\/\"},{\"@type\":\"ListItem\",\"position\":2,\"name\":\"Service \u00e0 la client\u00e8le\",\"item\":\"https:\\\/\\\/dellaroveregioielli.it\\\/fr\\\/service-a-la-clientele\\\/\"},{\"@type\":\"ListItem\",\"position\":3,\"name\":\"Informations sur les bijoux\"}]},{\"@type\":\"WebSite\",\"@id\":\"https:\\\/\\\/dellaroveregioielli.it\\\/fr\\\/#website\",\"url\":\"https:\\\/\\\/dellaroveregioielli.it\\\/fr\\\/\",\"name\":\"Della Rovere\",\"description\":\"Gioielli in argento e pietre dure\",\"publisher\":{\"@id\":\"https:\\\/\\\/dellaroveregioielli.it\\\/fr\\\/#organization\"},\"potentialAction\":[{\"@type\":\"SearchAction\",\"target\":{\"@type\":\"EntryPoint\",\"urlTemplate\":\"https:\\\/\\\/dellaroveregioielli.it\\\/fr\\\/?s={search_term_string}\"},\"query-input\":{\"@type\":\"PropertyValueSpecification\",\"valueRequired\":true,\"valueName\":\"search_term_string\"}}],\"inLanguage\":\"fr-FR\"},{\"@type\":\"Organization\",\"@id\":\"https:\\\/\\\/dellaroveregioielli.it\\\/fr\\\/#organization\",\"name\":\"Della Rovere\",\"url\":\"https:\\\/\\\/dellaroveregioielli.it\\\/fr\\\/\",\"logo\":{\"@type\":\"ImageObject\",\"inLanguage\":\"fr-FR\",\"@id\":\"https:\\\/\\\/dellaroveregioielli.it\\\/fr\\\/#\\\/schema\\\/logo\\\/image\\\/\",\"url\":\"https:\\\/\\\/dellaroveregioielli.it\\\/wp-content\\\/uploads\\\/2020\\\/08\\\/logo-dellarovere-completo.png\",\"contentUrl\":\"https:\\\/\\\/dellaroveregioielli.it\\\/wp-content\\\/uploads\\\/2020\\\/08\\\/logo-dellarovere-completo.png\",\"width\":904,\"height\":199,\"caption\":\"Della Rovere\"},\"image\":{\"@id\":\"https:\\\/\\\/dellaroveregioielli.it\\\/fr\\\/#\\\/schema\\\/logo\\\/image\\\/\"}}]}<\/script>\n<!-- \/ Yoast SEO plugin. -->","yoast_head_json":{"title":"Informations sur les bijoux - Della Rovere","robots":{"index":"index","follow":"nofollow","max-snippet":"max-snippet:-1","max-image-preview":"max-image-preview:large","max-video-preview":"max-video-preview:-1"},"canonical":"https:\/\/dellaroveregioielli.it\/fr\/service-a-la-clientele\/informations-sur-les-bijoux\/","og_locale":"fr_FR","og_type":"article","og_title":"Informations sur les bijoux - Della Rovere","og_description":"L&rsquo;atelier interne de Della Rovere a toujours produit des bijoux en argent et en pierres pr\u00e9cieuses avec beaucoup de charme et un go\u00fbt italien exquis.Vous \u00eates curieux de conna\u00eetre nos bijoux ? Nous sommes l\u00e0 pour r\u00e9pondre \u00e0 vos questions. Les bijoux sont-ils fabriqu\u00e9s en Italie ? La plupart des bijoux Della Rovere sont con\u00e7us [&hellip;]","og_url":"https:\/\/dellaroveregioielli.it\/fr\/service-a-la-clientele\/informations-sur-les-bijoux\/","og_site_name":"Della Rovere","article_modified_time":"2026-03-31T14:59:10+00:00","schema":{"@context":"https:\/\/schema.org","@graph":[{"@type":"WebPage","@id":"https:\/\/dellaroveregioielli.it\/fr\/service-a-la-clientele\/informations-sur-les-bijoux\/","url":"https:\/\/dellaroveregioielli.it\/fr\/service-a-la-clientele\/informations-sur-les-bijoux\/","name":"Informations sur les bijoux - Della Rovere","isPartOf":{"@id":"https:\/\/dellaroveregioielli.it\/fr\/#website"},"datePublished":"2020-06-10T13:53:35+00:00","dateModified":"2026-03-31T14:59:10+00:00","breadcrumb":{"@id":"https:\/\/dellaroveregioielli.it\/fr\/service-a-la-clientele\/informations-sur-les-bijoux\/#breadcrumb"},"inLanguage":"fr-FR","potentialAction":[{"@type":"ReadAction","target":["https:\/\/dellaroveregioielli.it\/fr\/service-a-la-clientele\/informations-sur-les-bijoux\/"]}]},{"@type":"BreadcrumbList","@id":"https:\/\/dellaroveregioielli.it\/fr\/service-a-la-clientele\/informations-sur-les-bijoux\/#breadcrumb","itemListElement":[{"@type":"ListItem","position":1,"name":"Homepage","item":"https:\/\/dellaroveregioielli.it\/fr\/"},{"@type":"ListItem","position":2,"name":"Service \u00e0 la client\u00e8le","item":"https:\/\/dellaroveregioielli.it\/fr\/service-a-la-clientele\/"},{"@type":"ListItem","position":3,"name":"Informations sur les bijoux"}]},{"@type":"WebSite","@id":"https:\/\/dellaroveregioielli.it\/fr\/#website","url":"https:\/\/dellaroveregioielli.it\/fr\/","name":"Della Rovere","description":"Gioielli in argento e pietre dure","publisher":{"@id":"https:\/\/dellaroveregioielli.it\/fr\/#organization"},"potentialAction":[{"@type":"SearchAction","target":{"@type":"EntryPoint","urlTemplate":"https:\/\/dellaroveregioielli.it\/fr\/?s={search_term_string}"},"query-input":{"@type":"PropertyValueSpecification","valueRequired":true,"valueName":"search_term_string"}}],"inLanguage":"fr-FR"},{"@type":"Organization","@id":"https:\/\/dellaroveregioielli.it\/fr\/#organization","name":"Della Rovere","url":"https:\/\/dellaroveregioielli.it\/fr\/","logo":{"@type":"ImageObject","inLanguage":"fr-FR","@id":"https:\/\/dellaroveregioielli.it\/fr\/#\/schema\/logo\/image\/","url":"https:\/\/dellaroveregioielli.it\/wp-content\/uploads\/2020\/08\/logo-dellarovere-completo.png","contentUrl":"https:\/\/dellaroveregioielli.it\/wp-content\/uploads\/2020\/08\/logo-dellarovere-completo.png","width":904,"height":199,"caption":"Della Rovere"},"image":{"@id":"https:\/\/dellaroveregioielli.it\/fr\/#\/schema\/logo\/image\/"}}]}},"_links":{"self":[{"href":"https:\/\/dellaroveregioielli.it\/fr\/wp-json\/wp\/v2\/pages\/44301","targetHints":{"allow":["GET"]}}],"collection":[{"href":"https:\/\/dellaroveregioielli.it\/fr\/wp-json\/wp\/v2\/pages"}],"about":[{"href":"https:\/\/dellaroveregioielli.it\/fr\/wp-json\/wp\/v2\/types\/page"}],"author":[{"embeddable":true,"href":"https:\/\/dellaroveregioielli.it\/fr\/wp-json\/wp\/v2\/users\/1"}],"replies":[{"embeddable":true,"href":"https:\/\/dellaroveregioielli.it\/fr\/wp-json\/wp\/v2\/comments?post=44301"}],"version-history":[{"count":0,"href":"https:\/\/dellaroveregioielli.it\/fr\/wp-json\/wp\/v2\/pages\/44301\/revisions"}],"up":[{"embeddable":true,"href":"https:\/\/dellaroveregioielli.it\/fr\/wp-json\/wp\/v2\/pages\/44290"}],"wp:attachment":[{"href":"https:\/\/dellaroveregioielli.it\/fr\/wp-json\/wp\/v2\/media?parent=44301"}],"curies":[{"name":"wp","href":"https:\/\/api.w.org\/{rel}","templated":true}]}}