{"id":44284,"date":"2020-07-29T15:47:53","date_gmt":"2020-07-29T13:47:53","guid":{"rendered":"https:\/\/dellaroveregioielli.it\/droit-de-retrait\/"},"modified":"2026-03-31T16:58:51","modified_gmt":"2026-03-31T14:58:51","slug":"droit-de-retrait","status":"publish","type":"page","link":"https:\/\/dellaroveregioielli.it\/fr\/droit-de-retrait\/","title":{"rendered":"Droit de retrait"},"content":{"rendered":"<p>L&rsquo;objectif de dellaroveregioielli.it est de garantir votre enti\u00e8re satisfaction. Si, pour quelque raison que ce soit, vous n&rsquo;\u00eates pas satisfait de votre commande, vous pouvez exercer votre droit de r\u00e9tractation, sans p\u00e9nalit\u00e9s, dans les quatorze (14) jours \u00e0 compter de la date de r\u00e9ception des produits achet\u00e9s sur le site dellaroveregioielli.it. Les produits \u00e0 restituer doivent \u00eatre exp\u00e9di\u00e9s ou remis au transporteur dans un d\u00e9lai de quatorze (14) jours \u00e0 compter de la date \u00e0 laquelle vous avez inform\u00e9 le Vendeur de votre d\u00e9cision de vous r\u00e9tracter. Les produits peuvent \u00eatre restitu\u00e9s en envoyant le colis par le transporteur convenu avec dellaroveregioielli.it (normalement BRT ou GLS ITALY), ou par un autre transporteur, mais toujours en utilisant des m\u00e9thodes tra\u00e7ables, seulement apr\u00e8s avoir rempli le formulaire de restitution (conforme au mod\u00e8le de formulaire aux termes de l&rsquo;art. 49, alin\u00e9a 4 du Code de la consommation) que vous pouvez trouver en ligne dans l&rsquo;espace Service Clients, ou apr\u00e8s avoir r\u00e9dig\u00e9 et envoy\u00e9 au Vendeur une autre d\u00e9claration explicite de votre d\u00e9cision de vous r\u00e9tracter du contrat, \u00e9tant entendu, dans ce dernier cas, que la charge de la preuve de l&rsquo;exercice correct et opportun du droit de r\u00e9tractation vous incombera. Dans certains cas sp\u00e9cifiques, d\u00fbment indiqu\u00e9s dans le formulaire de retour, il sera possible d&rsquo;\u00e9changer le v\u00eatement choisi contre un autre.    <\/p>\n\n<h2 class=\"wp-block-heading\"><strong>1. Conditions d&rsquo;exercice du droit de r\u00e9tractation<\/strong><\/h2>\n\n<p>Le droit de r\u00e9tractation est r\u00e9put\u00e9 avoir \u00e9t\u00e9 correctement exerc\u00e9 si les conditions suivantes sont pleinement remplies :<\/p>\n\n<ol type=\"a\"><li>le Formulaire de retour transmis directement en ligne sur le site dellaroveregioielli.it ou toute autre d\u00e9claration explicite de votre d\u00e9cision de r\u00e9silier le contrat doit \u00eatre correctement rempli et transmis au Vendeur dans les quatorze (14) jours suivant la r\u00e9ception des produits. La communication peut \u00e9galement \u00eatre envoy\u00e9e, dans le m\u00eame d\u00e9lai, par lettre recommand\u00e9e \u00e0 l&rsquo;adresse de dellaroveregioielli.it, Via Mazzolari 12\/14, 61121 Pesaro (Pu), \u00e0 confirmer, \u00e0 votre choix, par lettre recommand\u00e9e avec accus\u00e9 de r\u00e9ception dans les quarante-huit heures suivantes ; <\/li><li>les produits ne doivent pas avoir \u00e9t\u00e9 utilis\u00e9s, us\u00e9s ou alt\u00e9r\u00e9s<\/li><li>le code d&rsquo;identification doit toujours \u00eatre attach\u00e9 aux produits ;<\/li><li>les produits doivent \u00eatre retourn\u00e9s dans leur emballage d&rsquo;origine ;<\/li><li>les produits retourn\u00e9s doivent \u00eatre remis au transporteur dans les quatorze (14) jours suivant la date \u00e0 laquelle vous avez inform\u00e9 le vendeur de votre d\u00e9cision de r\u00e9tractation du contrat<\/li><li>les produits ne doivent pas \u00eatre endommag\u00e9s<\/li><\/ol>\n\n<p>Si vous avez respect\u00e9 toutes les conditions requises, dellaroveregioielli.it vous remboursera le prix total des produits achet\u00e9s, les seuls frais \u00e0 votre charge \u00e9tant les frais de retour, c&rsquo;est-\u00e0-dire les frais de renvoi des produits achet\u00e9s \u00e0 dellaroveregioielli.it, \u00e0 moins que dellaroveregioielli.it ne vous ait express\u00e9ment exempt\u00e9 de ces frais.<\/p>\n\n<p>Vous serez contact\u00e9 si votre retour ne peut \u00eatre accept\u00e9 parce qu&rsquo;il n&rsquo;est pas conforme aux conditions susmentionn\u00e9es.<\/p>\n\n<h2 class=\"wp-block-heading\"><strong>2. Calendrier et modalit\u00e9s de remboursement<\/strong><\/h2>\n\n<p>Apr\u00e8s que dellaroveregioielli.it ait re\u00e7u votre retour et v\u00e9rifi\u00e9 que toutes les conditions ont \u00e9t\u00e9 remplies, vous recevrez un e-mail confirmant l&rsquo;acceptation du retour. Quel que soit le mode de paiement utilis\u00e9 (Paypal, carte de cr\u00e9dit, virement bancaire), le remboursement sera activ\u00e9 par dellaroveregioielli.it dans les plus brefs d\u00e9lais, et dans tous les cas dans les quatorze (14) jours \u00e0 compter de la date \u00e0 laquelle il a eu connaissance de l&rsquo;exercice de votre droit de r\u00e9tractation, apr\u00e8s avoir v\u00e9rifi\u00e9 que la r\u00e9tractation a \u00e9t\u00e9 effectu\u00e9e conform\u00e9ment aux conditions susmentionn\u00e9es. <\/p>\n\n<p>Le d\u00e9lai effectif pour cr\u00e9diter ou restituer les sommes que vous avez vers\u00e9es pour l&rsquo;achat de produits d\u00e9pend du mode de paiement utilis\u00e9 :<\/p>\n\n<ol type=\"a\"><li>achat via PayPal : le remboursement sera effectu\u00e9 sur votre compte PayPal et sera visible imm\u00e9diatement. Le remboursement effectif de votre compte PayPal par carte de cr\u00e9dit d\u00e9pend de l&rsquo;institution qui a \u00e9mis la carte. <\/li><li>paiement par carte de cr\u00e9dit : le remboursement sera effectu\u00e9 sur votre carte de cr\u00e9dit, le d\u00e9lai de cr\u00e9dit d\u00e9pendant de l&rsquo;institution \u00e9mettrice de la carte.<\/li><li>paiement par virement bancaire : le remboursement est effectu\u00e9 sur le compte bancaire que vous avez indiqu\u00e9, de sorte que le d\u00e9lai de remboursement d\u00e9pend de l&rsquo;exactitude des donn\u00e9es que vous avez saisies ; normalement, le recr\u00e9dit a lieu dans un d\u00e9lai de quatorze (14) jours.<\/li><\/ol>\n\n<h2 class=\"wp-block-heading\"><strong>3. Conditions d&rsquo;\u00e9change des produits<\/strong><\/h2>\n\n<p>Dans certains cas sp\u00e9cifiques, au lieu d&rsquo;exercer le droit de r\u00e9tractation, vous aurez la possibilit\u00e9 d&rsquo;\u00e9changer les produits achet\u00e9s contre d&rsquo;autres au lieu d&rsquo;obtenir le remboursement du prix correspondant.<\/p>\n\n<p>La demande d&rsquo;\u00e9change se fera dans les limites suivantes :<br\/>a. Vous ne pouvez demander l&rsquo;\u00e9change d&rsquo;un ou de plusieurs produits achet\u00e9s que si le stock est disponible. <\/p>\n\n<ol type=\"a\"><li>vous pouvez demander l&rsquo;\u00e9change d&rsquo;un ou de plusieurs produits achet\u00e9s dans un d\u00e9lai de quatorze (14) jours ouvrables \u00e0 compter de la date de livraison, en remplissant le formulaire de retour, \u00e0 envoyer par voie \u00e9lectronique \u00e0 dellaroveregioielli.it dans le d\u00e9lai susmentionn\u00e9. Les produits \u00e0 \u00e9changer doivent \u00eatre remis au transporteur dans les quatorze (14) jours \u00e0 compter de la date \u00e0 laquelle vous avez inform\u00e9 le Vendeur de votre d\u00e9cision d&rsquo;\u00e9changer les produits. <\/li><li>vous ne pouvez faire qu&rsquo;une seule demande d&rsquo;\u00e9change par produit achet\u00e9 ;<br\/>e. les produits pour lesquels vous demandez un \u00e9change doivent \u00eatre retourn\u00e9s \u00e0 dellaroveregioielli.it dans leur emballage d&rsquo;origine, sans avoir \u00e9t\u00e9 utilis\u00e9s, port\u00e9s ou endommag\u00e9s, et le code d&rsquo;identification doit encore \u00eatre attach\u00e9 ; <\/li><li>Les produits \u00e0 \u00e9changer qui font partie d&rsquo;une seule commande doivent \u00eatre envoy\u00e9s \u00e0 dellaroveregioielli.it en un seul envoi. dellaroveregioielli.it, en effet, se r\u00e9serve le droit de ne pas accepter les produits de la m\u00eame commande, envoy\u00e9s pour l&rsquo;\u00e9change \u00e0 des moments diff\u00e9rents. Si toutes les conditions mentionn\u00e9es ci-dessus sont correctement remplies, une fois rempli et envoy\u00e9 le Formulaire de retour contenant votre demande d&rsquo;\u00e9change, dellaroveregioielli.it prendra en charge la m\u00eame demande de remplacement en vous envoyant un e-mail de confirmation \u00e0 cet effet.  <\/li><\/ol>\n\n<h2 class=\"wp-block-heading\"><strong>4. Calendrier et modalit\u00e9s d&rsquo;obtention de la modification<\/strong><\/h2>\n\n<p>Apr\u00e8s que dellaroveregioielli.it ait re\u00e7u les produits que vous souhaitez \u00e9changer et v\u00e9rifi\u00e9 que toutes les conditions \u00e9nonc\u00e9es ci-dessus ont \u00e9t\u00e9 remplies, dellaroveregioielli.it exp\u00e9diera l&rsquo;article s\u00e9lectionn\u00e9 pour l&rsquo;\u00e9change.<\/p>\n\n<p>Dans le cas o\u00f9 le(s) produit(s) s\u00e9lectionn\u00e9(s) pour l&rsquo;\u00e9change ne serait(ent) pas disponible(s) dans les entrep\u00f4ts de dellaroveregioielli.it, dellaroveregioielli.it ne pourra pas accepter votre demande d&rsquo;\u00e9change et proc\u00e9dera donc au remboursement du prix du(des) produit(s) achet\u00e9(s) \u00e0 l&rsquo;origine et non rempla\u00e7able(s), conform\u00e9ment aux proc\u00e9dures d\u00e9crites dans les sections I et II de la pr\u00e9sente politique.<\/p>\n\n<p>Dans le cas o\u00f9 le ou les produits s\u00e9lectionn\u00e9s pour l&rsquo;\u00e9change sont disponibles, dellaroveregioielli.it pourra accepter votre demande d&rsquo;\u00e9change et vous enverra un e-mail confirmant l&rsquo;envoi des produits de remplacement. Dans ce cas, l&rsquo;exp\u00e9dition aura lieu dans les trente (30) jours \u00e0 compter de la date \u00e0 laquelle dellaroveregioielli.it a pris connaissance de votre demande d&rsquo;\u00e9change, apr\u00e8s avoir v\u00e9rifi\u00e9 que la demande d&rsquo;\u00e9change a \u00e9t\u00e9 faite conform\u00e9ment aux conditions \u00e9nonc\u00e9es ci-dessus dans la section III de la pr\u00e9sente politique. Les frais d&rsquo;exp\u00e9dition des produits de remplacement seront \u00e0 la charge de dellaroveregioielli.it qui choisira le transporteur appropri\u00e9.  <\/p>\n\n<p>Vous serez contact\u00e9 dans le cas o\u00f9 votre demande d&rsquo;\u00e9change ne peut \u00eatre accept\u00e9e parce qu&rsquo;elle ne respecte pas les conditions \u00e9nonc\u00e9es ci-dessus au point III de la pr\u00e9sente politique. Dans ce cas, vous pouvez choisir de vous faire renvoyer, \u00e0 vos frais, les produits que vous vouliez \u00e9changer. <\/p>\n\n<h2 class=\"wp-block-heading\"><strong>5. Code d&rsquo;identification du produit<\/strong><\/h2>\n\n<p>Tous les produits mis en vente par dellaroveregioielli.it ont un code d&rsquo;identification qui fait partie int\u00e9grante de l&rsquo;article. Nous vous invitons \u00e0 essayer le produit sans perdre le code, que vous trouverez sur le bijou ou sur la bo\u00eete qui le contient. <\/p>\n\n<h2 class=\"wp-block-heading\"><strong>6. <\/strong>R\u00e9servation d&rsquo;exp\u00e9dition ou d&rsquo;enl\u00e8vement<\/h2>\n\n<p>Les retours peuvent \u00eatre effectu\u00e9s par l&rsquo;interm\u00e9diaire de transporteurs avec tra\u00e7abilit\u00e9 des envois (par exemple BRT et GLS ITALY), en accord avec dellaroveregioielli.it au moment de la r\u00e9ception du formulaire de retour. Si le client n&rsquo;est pas en mesure d&rsquo;effectuer le retour en personne, il est possible de r\u00e9server un enl\u00e8vement aupr\u00e8s de GLS \u00e0 votre adresse au co\u00fbt d&rsquo;un envoi de base (8,00 \u20ac) en le communiquant en r\u00e9pondant \u00e0 l&rsquo;e-mail envoy\u00e9 par dellaroveregioielli.it \u00e0 la r\u00e9ception du formulaire de retour, qui contient toutes les instructions sur la fa\u00e7on de proc\u00e9der. Dans ce cas, les frais d&rsquo;envoi seront ensuite d\u00e9duits du montant qui sera rembours\u00e9 ou qui sera utilis\u00e9 pour l&rsquo;\u00e9change de la marchandise\/le bon d&rsquo;\u00e9change.  <\/p>\n\n<h2 class=\"wp-block-heading\"><strong>7. Code de la consommation<\/strong><\/h2>\n\n<p>Les pr\u00e9sentes conditions d&rsquo;exercice du droit de r\u00e9tractation, qui font partie int\u00e9grante des conditions g\u00e9n\u00e9rales de vente, sont r\u00e9gies par le droit italien et, en particulier, par le d\u00e9cret l\u00e9gislatif n\u00b0 206 du 6 septembre 2005 relatif au code de la consommation, au chapitre I \u00ab\u00a0Droits des consommateurs dans les contrats\u00a0\u00bb. <\/p>","protected":false},"excerpt":{"rendered":"<p>L&rsquo;objectif de dellaroveregioielli.it est de garantir votre enti\u00e8re satisfaction. Si, pour quelque raison que ce soit, vous n&rsquo;\u00eates pas satisfait de votre commande, vous pouvez exercer votre droit de r\u00e9tractation, sans p\u00e9nalit\u00e9s, dans les quatorze (14) jours \u00e0 compter de la date de r\u00e9ception des produits achet\u00e9s sur le site dellaroveregioielli.it. Les produits \u00e0 restituer [&hellip;]<\/p>","protected":false},"author":1,"featured_media":0,"parent":0,"menu_order":0,"comment_status":"closed","ping_status":"closed","template":"","meta":{"footnotes":""},"class_list":["post-44284","page","type-page","status-publish","hentry"],"yoast_head":"<!-- This site is optimized with the Yoast SEO plugin v27.3 - https:\/\/yoast.com\/product\/yoast-seo-wordpress\/ -->\n<title>Droit de retrait - Della Rovere<\/title>\n<meta name=\"robots\" content=\"index, nofollow, max-snippet:-1, max-image-preview:large, max-video-preview:-1\" \/>\n<link rel=\"canonical\" href=\"https:\/\/dellaroveregioielli.it\/fr\/droit-de-retrait\/\" \/>\n<meta property=\"og:locale\" content=\"fr_FR\" \/>\n<meta property=\"og:type\" content=\"article\" \/>\n<meta property=\"og:title\" content=\"Droit de retrait - Della Rovere\" \/>\n<meta property=\"og:description\" content=\"L&rsquo;objectif de dellaroveregioielli.it est de garantir votre enti\u00e8re satisfaction. Si, pour quelque raison que ce soit, vous n&rsquo;\u00eates pas satisfait de votre commande, vous pouvez exercer votre droit de r\u00e9tractation, sans p\u00e9nalit\u00e9s, dans les quatorze (14) jours \u00e0 compter de la date de r\u00e9ception des produits achet\u00e9s sur le site dellaroveregioielli.it. Les produits \u00e0 restituer [&hellip;]\" \/>\n<meta property=\"og:url\" content=\"https:\/\/dellaroveregioielli.it\/fr\/droit-de-retrait\/\" \/>\n<meta property=\"og:site_name\" content=\"Della Rovere\" \/>\n<meta property=\"article:modified_time\" content=\"2026-03-31T14:58:51+00:00\" \/>\n<script type=\"application\/ld+json\" class=\"yoast-schema-graph\">{\"@context\":\"https:\\\/\\\/schema.org\",\"@graph\":[{\"@type\":\"WebPage\",\"@id\":\"https:\\\/\\\/dellaroveregioielli.it\\\/fr\\\/droit-de-retrait\\\/\",\"url\":\"https:\\\/\\\/dellaroveregioielli.it\\\/fr\\\/droit-de-retrait\\\/\",\"name\":\"Droit de retrait - Della Rovere\",\"isPartOf\":{\"@id\":\"https:\\\/\\\/dellaroveregioielli.it\\\/fr\\\/#website\"},\"datePublished\":\"2020-07-29T13:47:53+00:00\",\"dateModified\":\"2026-03-31T14:58:51+00:00\",\"breadcrumb\":{\"@id\":\"https:\\\/\\\/dellaroveregioielli.it\\\/fr\\\/droit-de-retrait\\\/#breadcrumb\"},\"inLanguage\":\"fr-FR\",\"potentialAction\":[{\"@type\":\"ReadAction\",\"target\":[\"https:\\\/\\\/dellaroveregioielli.it\\\/fr\\\/droit-de-retrait\\\/\"]}]},{\"@type\":\"BreadcrumbList\",\"@id\":\"https:\\\/\\\/dellaroveregioielli.it\\\/fr\\\/droit-de-retrait\\\/#breadcrumb\",\"itemListElement\":[{\"@type\":\"ListItem\",\"position\":1,\"name\":\"Homepage\",\"item\":\"https:\\\/\\\/dellaroveregioielli.it\\\/fr\\\/\"},{\"@type\":\"ListItem\",\"position\":2,\"name\":\"Droit de retrait\"}]},{\"@type\":\"WebSite\",\"@id\":\"https:\\\/\\\/dellaroveregioielli.it\\\/fr\\\/#website\",\"url\":\"https:\\\/\\\/dellaroveregioielli.it\\\/fr\\\/\",\"name\":\"Della Rovere\",\"description\":\"Gioielli in argento e pietre dure\",\"publisher\":{\"@id\":\"https:\\\/\\\/dellaroveregioielli.it\\\/fr\\\/#organization\"},\"potentialAction\":[{\"@type\":\"SearchAction\",\"target\":{\"@type\":\"EntryPoint\",\"urlTemplate\":\"https:\\\/\\\/dellaroveregioielli.it\\\/fr\\\/?s={search_term_string}\"},\"query-input\":{\"@type\":\"PropertyValueSpecification\",\"valueRequired\":true,\"valueName\":\"search_term_string\"}}],\"inLanguage\":\"fr-FR\"},{\"@type\":\"Organization\",\"@id\":\"https:\\\/\\\/dellaroveregioielli.it\\\/fr\\\/#organization\",\"name\":\"Della Rovere\",\"url\":\"https:\\\/\\\/dellaroveregioielli.it\\\/fr\\\/\",\"logo\":{\"@type\":\"ImageObject\",\"inLanguage\":\"fr-FR\",\"@id\":\"https:\\\/\\\/dellaroveregioielli.it\\\/fr\\\/#\\\/schema\\\/logo\\\/image\\\/\",\"url\":\"https:\\\/\\\/dellaroveregioielli.it\\\/wp-content\\\/uploads\\\/2020\\\/08\\\/logo-dellarovere-completo.png\",\"contentUrl\":\"https:\\\/\\\/dellaroveregioielli.it\\\/wp-content\\\/uploads\\\/2020\\\/08\\\/logo-dellarovere-completo.png\",\"width\":904,\"height\":199,\"caption\":\"Della Rovere\"},\"image\":{\"@id\":\"https:\\\/\\\/dellaroveregioielli.it\\\/fr\\\/#\\\/schema\\\/logo\\\/image\\\/\"}}]}<\/script>\n<!-- \/ Yoast SEO plugin. -->","yoast_head_json":{"title":"Droit de retrait - Della Rovere","robots":{"index":"index","follow":"nofollow","max-snippet":"max-snippet:-1","max-image-preview":"max-image-preview:large","max-video-preview":"max-video-preview:-1"},"canonical":"https:\/\/dellaroveregioielli.it\/fr\/droit-de-retrait\/","og_locale":"fr_FR","og_type":"article","og_title":"Droit de retrait - Della Rovere","og_description":"L&rsquo;objectif de dellaroveregioielli.it est de garantir votre enti\u00e8re satisfaction. Si, pour quelque raison que ce soit, vous n&rsquo;\u00eates pas satisfait de votre commande, vous pouvez exercer votre droit de r\u00e9tractation, sans p\u00e9nalit\u00e9s, dans les quatorze (14) jours \u00e0 compter de la date de r\u00e9ception des produits achet\u00e9s sur le site dellaroveregioielli.it. Les produits \u00e0 restituer [&hellip;]","og_url":"https:\/\/dellaroveregioielli.it\/fr\/droit-de-retrait\/","og_site_name":"Della Rovere","article_modified_time":"2026-03-31T14:58:51+00:00","schema":{"@context":"https:\/\/schema.org","@graph":[{"@type":"WebPage","@id":"https:\/\/dellaroveregioielli.it\/fr\/droit-de-retrait\/","url":"https:\/\/dellaroveregioielli.it\/fr\/droit-de-retrait\/","name":"Droit de retrait - Della Rovere","isPartOf":{"@id":"https:\/\/dellaroveregioielli.it\/fr\/#website"},"datePublished":"2020-07-29T13:47:53+00:00","dateModified":"2026-03-31T14:58:51+00:00","breadcrumb":{"@id":"https:\/\/dellaroveregioielli.it\/fr\/droit-de-retrait\/#breadcrumb"},"inLanguage":"fr-FR","potentialAction":[{"@type":"ReadAction","target":["https:\/\/dellaroveregioielli.it\/fr\/droit-de-retrait\/"]}]},{"@type":"BreadcrumbList","@id":"https:\/\/dellaroveregioielli.it\/fr\/droit-de-retrait\/#breadcrumb","itemListElement":[{"@type":"ListItem","position":1,"name":"Homepage","item":"https:\/\/dellaroveregioielli.it\/fr\/"},{"@type":"ListItem","position":2,"name":"Droit de retrait"}]},{"@type":"WebSite","@id":"https:\/\/dellaroveregioielli.it\/fr\/#website","url":"https:\/\/dellaroveregioielli.it\/fr\/","name":"Della Rovere","description":"Gioielli in argento e pietre dure","publisher":{"@id":"https:\/\/dellaroveregioielli.it\/fr\/#organization"},"potentialAction":[{"@type":"SearchAction","target":{"@type":"EntryPoint","urlTemplate":"https:\/\/dellaroveregioielli.it\/fr\/?s={search_term_string}"},"query-input":{"@type":"PropertyValueSpecification","valueRequired":true,"valueName":"search_term_string"}}],"inLanguage":"fr-FR"},{"@type":"Organization","@id":"https:\/\/dellaroveregioielli.it\/fr\/#organization","name":"Della Rovere","url":"https:\/\/dellaroveregioielli.it\/fr\/","logo":{"@type":"ImageObject","inLanguage":"fr-FR","@id":"https:\/\/dellaroveregioielli.it\/fr\/#\/schema\/logo\/image\/","url":"https:\/\/dellaroveregioielli.it\/wp-content\/uploads\/2020\/08\/logo-dellarovere-completo.png","contentUrl":"https:\/\/dellaroveregioielli.it\/wp-content\/uploads\/2020\/08\/logo-dellarovere-completo.png","width":904,"height":199,"caption":"Della Rovere"},"image":{"@id":"https:\/\/dellaroveregioielli.it\/fr\/#\/schema\/logo\/image\/"}}]}},"_links":{"self":[{"href":"https:\/\/dellaroveregioielli.it\/fr\/wp-json\/wp\/v2\/pages\/44284","targetHints":{"allow":["GET"]}}],"collection":[{"href":"https:\/\/dellaroveregioielli.it\/fr\/wp-json\/wp\/v2\/pages"}],"about":[{"href":"https:\/\/dellaroveregioielli.it\/fr\/wp-json\/wp\/v2\/types\/page"}],"author":[{"embeddable":true,"href":"https:\/\/dellaroveregioielli.it\/fr\/wp-json\/wp\/v2\/users\/1"}],"replies":[{"embeddable":true,"href":"https:\/\/dellaroveregioielli.it\/fr\/wp-json\/wp\/v2\/comments?post=44284"}],"version-history":[{"count":0,"href":"https:\/\/dellaroveregioielli.it\/fr\/wp-json\/wp\/v2\/pages\/44284\/revisions"}],"wp:attachment":[{"href":"https:\/\/dellaroveregioielli.it\/fr\/wp-json\/wp\/v2\/media?parent=44284"}],"curies":[{"name":"wp","href":"https:\/\/api.w.org\/{rel}","templated":true}]}}