{"id":44115,"date":"2020-06-10T16:01:22","date_gmt":"2020-06-10T14:01:22","guid":{"rendered":"https:\/\/dellaroveregioielli.it\/informativa-sui-cookies\/"},"modified":"2026-03-31T16:58:54","modified_gmt":"2026-03-31T14:58:54","slug":"informativa-sui-cookies","status":"publish","type":"page","link":"https:\/\/dellaroveregioielli.it\/fr\/informativa-sui-cookies\/","title":{"rendered":"Politique en mati\u00e8re de cookies"},"content":{"rendered":"<p>I Cookie sono costituiti da porzioni di codice installate all\u2019interno del browser che assistono il Titolare nell\u2019erogazione del servizio in base alle finalit\u00e0 descritte. Alcune delle finalit\u00e0 di installazione dei Cookie potrebbero, inoltre, necessitare del consenso dell\u2019Utente. <\/p>\n\n<h2 class=\"wp-block-heading\"><strong>Cookies techniques et statistiques globales<\/strong><\/h2>\n\n<p><strong>Activit\u00e9s strictement n\u00e9cessaires au fonctionnement<\/strong><\/p>\n\n<p>Cette application utilise des cookies pour enregistrer la session de l&rsquo;utilisateur et pour effectuer d&rsquo;autres activit\u00e9s strictement n\u00e9cessaires \u00e0 son fonctionnement, par exemple en ce qui concerne la distribution du trafic.<\/p>\n\n<p><strong>Sauvegarde des pr\u00e9f\u00e9rences, optimisation et statistiques<\/strong><\/p>\n\n<p>Cette application utilise des cookies pour enregistrer les pr\u00e9f\u00e9rences de navigation et optimiser l&rsquo;exp\u00e9rience de navigation de l&rsquo;utilisateur. Ces cookies comprennent, par exemple, ceux qui servent \u00e0 d\u00e9finir la langue et la devise ou qui sont utilis\u00e9s \u00e0 des fins statistiques par le propri\u00e9taire du site. <\/p>\n\n<p><strong>Autres types de cookies ou outils de tiers susceptibles de les utiliser<\/strong><\/p>\n\n<p>Certains des services \u00e9num\u00e9r\u00e9s ci-dessous peuvent ne pas n\u00e9cessiter le consentement de l&rsquo;utilisateur ou peuvent \u00eatre g\u00e9r\u00e9s directement par le contr\u00f4leur &#8211; comme d\u00e9crit &#8211; sans l&rsquo;aide de tiers.<\/p>\n\n<p>Si les outils \u00e9num\u00e9r\u00e9s ci-dessous comprennent des services g\u00e9r\u00e9s par des tiers, ceux-ci peuvent &#8211; en plus de ce qui est sp\u00e9cifi\u00e9 et \u00e9galement \u00e0 l&rsquo;insu du propri\u00e9taire &#8211; effectuer des activit\u00e9s de suivi de l&rsquo;utilisateur. Pour obtenir des informations d\u00e9taill\u00e9es \u00e0 ce sujet, nous vous recommandons de consulter les politiques de confidentialit\u00e9 des services mentionn\u00e9s. <\/p>\n\n<h2 class=\"wp-block-heading\"><strong>Interaction avec les r\u00e9seaux sociaux et les plateformes externes<\/strong><\/h2>\n\n<p>Ces services permettent d&rsquo;interagir avec des r\u00e9seaux sociaux ou d&rsquo;autres plateformes externes, directement \u00e0 partir des pages de cette application.<\/p>\n\n<p>Les interactions et les informations acquises par cette application sont dans chaque cas soumises aux param\u00e8tres de confidentialit\u00e9 de l&rsquo;utilisateur relatifs \u00e0 chaque r\u00e9seau social.<\/p>\n\n<p>Si un service d&rsquo;interaction avec les r\u00e9seaux sociaux est install\u00e9, il est possible que, m\u00eame si les utilisateurs ne l&rsquo;utilisent pas, il recueille des donn\u00e9es de trafic relatives aux pages o\u00f9 il est install\u00e9.<\/p>\n\n<p><strong>Bouton \u00ab\u00a0J&rsquo;aime\u00a0\u00bb et widgets sociaux de Facebook (Facebook, Inc.)<\/strong><\/p>\n\n<p>Le bouton \u00ab\u00a0J&rsquo;aime\u00a0\u00bb de Facebook et les widgets sociaux sont des services d&rsquo;interaction avec le r\u00e9seau social Facebook, fournis par Facebook, Inc.<\/p>\n\n<p>Donn\u00e9es personnelles collect\u00e9es : Cookies et donn\u00e9es d&rsquo;utilisation.<br\/>Lieu de traitement : USA &#8211;<a href=\"http:\/\/www.facebook.com\/privacy\/explanation.php\" rel=\"nofollow\">Politique de confidentialit\u00e9<\/a><\/p>\n\n<p><strong>Bouton Twitter Tweet et widgets sociaux (Twitter, Inc.)<\/strong><\/p>\n\n<p>Le bouton Tweet et les widgets sociaux Twitter sont des services permettant d&rsquo;interagir avec le r\u00e9seau social Twitter, fournis par Twitter, Inc.<\/p>\n\n<p>Donn\u00e9es personnelles collect\u00e9es : Cookies et donn\u00e9es d&rsquo;utilisation.<br\/>Lieu de traitement : USA &#8211;<a href=\"http:\/\/twitter.com\/privacy\" rel=\"nofollow\">Politique de confidentialit\u00e9<\/a><\/p>\n\n<h2 class=\"wp-block-heading\"><strong>Statistiques<\/strong><\/h2>\n\n<p>Les services contenus dans cette section permettent au contr\u00f4leur des donn\u00e9es de surveiller et d&rsquo;analyser les donn\u00e9es relatives au trafic et servent \u00e0 suivre le comportement de l&rsquo;utilisateur.<\/p>\n\n<p><strong>Google Analytics avec IP anonyme (Google Inc.)<\/strong><\/p>\n\n<p>Google Analytics est un service d&rsquo;analyse web fourni par Google Inc. (\u00ab\u00a0Google\u00a0\u00bb). Google utilise les donn\u00e9es personnelles collect\u00e9es afin de suivre et d&rsquo;examiner l&rsquo;utilisation de cette application, de compiler des rapports et de les partager avec d&rsquo;autres services d\u00e9velopp\u00e9s par Google.  <\/p>\n\n<p>Google peut utiliser les donn\u00e9es personnelles pour contextualiser et personnaliser les annonces de son r\u00e9seau publicitaire.<\/p>\n\n<p>Cette int\u00e9gration de Google Analytics anonymise votre adresse IP. L&rsquo;anonymisation fonctionne en abr\u00e9geant l&rsquo;adresse IP des utilisateurs \u00e0 l&rsquo;int\u00e9rieur des fronti\u00e8res des \u00c9tats membres de l&rsquo;Union europ\u00e9enne ou dans d&rsquo;autres pays parties \u00e0 l&rsquo;accord sur l&rsquo;Espace \u00e9conomique europ\u00e9en. Ce n&rsquo;est que dans des cas exceptionnels que l&rsquo;adresse IP est envoy\u00e9e aux serveurs de Google et abr\u00e9g\u00e9e aux \u00c9tats-Unis.  <\/p>\n\n<p>Donn\u00e9es personnelles collect\u00e9es : Cookies et donn\u00e9es d&rsquo;utilisation.<br\/>Lieu de traitement : USA &#8211;<a href=\"http:\/\/www.google.com\/intl\/en\/policies\/privacy\/\" rel=\"nofollow\">Politique de confidentialit\u00e9<\/a>&#8211;<a href=\"https:\/\/tools.google.com\/dlpage\/gaoptout?hl=it\" rel=\"nofollow\">Opt Out<\/a><\/p>\n\n<h2 class=\"wp-block-heading\"><strong>Comment puis-je contr\u00f4ler l&rsquo;installation des cookies ?<\/strong><\/h2>\n\n<p>Outre ce qui est indiqu\u00e9 dans le pr\u00e9sent document, vous pouvez g\u00e9rer vos pr\u00e9f\u00e9rences en mati\u00e8re de cookies directement dans votre navigateur et emp\u00eacher, par exemple, des tiers d&rsquo;installer des cookies. Vous pouvez \u00e9galement utiliser les pr\u00e9f\u00e9rences de votre navigateur pour supprimer les cookies que vous avez install\u00e9s dans le pass\u00e9, y compris tous les cookies dans lesquels vous avez enregistr\u00e9 votre consentement \u00e0 l&rsquo;installation de cookies par ce site web. Il est important de noter qu&rsquo;en d\u00e9sactivant tous les cookies, le fonctionnement de ce site web peut \u00eatre alt\u00e9r\u00e9.  <\/p>\n\n<p>Vous trouverez des informations sur la gestion des cookies dans votre navigateur aux adresses suivantes :<a href=\"https:\/\/support.google.com\/chrome\/answer\/95647?hl=it&amp;p=cpn_cookies\" rel=\"nofollow\">Google Chrome<\/a>, <a href=\"https:\/\/support.mozilla.org\/it\/kb\/Attivare%20e%20disattivare%20i%20cookie?redirectlocale=en-US&amp;redirectslug=Enabling+and+disabling+cookies\" rel=\"nofollow\">Mozilla Firefox<\/a>,<a href=\"https:\/\/support.apple.com\/it-it\/guide\/safari\/sfri11471\/mac\" rel=\"nofollow\">Apple Safari<\/a> et<a href=\"https:\/\/support.microsoft.com\/it-it\/help\/17442\/windows-internet-explorer-delete-manage-cookies\" rel=\"nofollow\">Microsoft Windows Explorer.<\/a><\/p>\n\n<p>Dans le cas de services fournis par des tiers, l&rsquo;utilisateur peut \u00e9galement exercer son droit d&rsquo;opposition au suivi en s&rsquo;informant via la politique de confidentialit\u00e9 du tiers, via le lien d&rsquo;exclusion s&rsquo;il est explicitement fourni, ou en contactant directement le tiers.<\/p>\n\n<p>Nonobstant ce qui pr\u00e9c\u00e8de, le responsable du traitement des donn\u00e9es informe l&rsquo;utilisateur qu&rsquo;il peut utiliser le service Your Online Choices. Ce service permet de g\u00e9rer les pr\u00e9f\u00e9rences de suivi de la plupart des outils publicitaires. Le propri\u00e9taire conseille donc aux utilisateurs d&rsquo;utiliser cette ressource en plus des informations fournies dans le pr\u00e9sent document.  <\/p>\n\n<h2 class=\"wp-block-heading\"><strong>Responsable du traitement des donn\u00e9es<\/strong><\/h2>\n\n<p>Mir Srl<br\/>Via Mazzolari 12\/14<br\/>61121 Pesaro (PU)<br\/><a href=\"mailto:info@dellaroveregioielli.it\">info@dellaroveregioielli.it<\/a><\/p>\n\n<p>\u00c9tant donn\u00e9 que l&rsquo;installation de cookies et d&rsquo;autres syst\u00e8mes de suivi exploit\u00e9s par des tiers par l&rsquo;interm\u00e9diaire des services utilis\u00e9s dans cette application ne peut pas \u00eatre contr\u00f4l\u00e9e techniquement par le propri\u00e9taire, toute r\u00e9f\u00e9rence sp\u00e9cifique \u00e0 des cookies et \u00e0 des syst\u00e8mes de suivi install\u00e9s par des tiers doit \u00eatre consid\u00e9r\u00e9e comme indicative. Pour des informations compl\u00e8tes, veuillez consulter la politique de confidentialit\u00e9 de tout service tiers mentionn\u00e9 dans ce document. <\/p>\n\n<p>Compte tenu de la complexit\u00e9 objective li\u00e9e \u00e0 l&rsquo;identification des technologies bas\u00e9es sur les cookies et de leur int\u00e9gration tr\u00e8s \u00e9troite avec le fonctionnement du web, les utilisateurs sont invit\u00e9s \u00e0 contacter le contr\u00f4leur des donn\u00e9es s&rsquo;ils souhaitent recevoir de plus amples informations sur l&rsquo;utilisation des cookies et sur toute utilisation de ceux-ci &#8211; par exemple par des tiers &#8211; effectu\u00e9e par le biais de ce site.<\/p>","protected":false},"excerpt":{"rendered":"<p>I Cookie sono costituiti da porzioni di codice installate all\u2019interno del browser che assistono il Titolare nell\u2019erogazione del servizio in base alle finalit\u00e0 descritte. Alcune delle finalit\u00e0 di installazione dei Cookie potrebbero, inoltre, necessitare del consenso dell\u2019Utente. Cookies techniques et statistiques globales Activit\u00e9s strictement n\u00e9cessaires au fonctionnement Cette application utilise des cookies pour enregistrer la [&hellip;]<\/p>","protected":false},"author":1,"featured_media":0,"parent":0,"menu_order":0,"comment_status":"closed","ping_status":"closed","template":"","meta":{"footnotes":""},"class_list":["post-44115","page","type-page","status-publish","hentry"],"yoast_head":"<!-- This site is optimized with the Yoast SEO plugin v27.3 - https:\/\/yoast.com\/product\/yoast-seo-wordpress\/ -->\n<title>Politique en mati\u00e8re de cookies - Della Rovere<\/title>\n<meta name=\"robots\" content=\"index, nofollow, max-snippet:-1, max-image-preview:large, max-video-preview:-1\" \/>\n<link rel=\"canonical\" href=\"https:\/\/dellaroveregioielli.it\/fr\/informativa-sui-cookies\/\" \/>\n<meta property=\"og:locale\" content=\"fr_FR\" \/>\n<meta property=\"og:type\" content=\"article\" \/>\n<meta property=\"og:title\" content=\"Politique en mati\u00e8re de cookies - Della Rovere\" \/>\n<meta property=\"og:description\" content=\"I Cookie sono costituiti da porzioni di codice installate all\u2019interno del browser che assistono il Titolare nell\u2019erogazione del servizio in base alle finalit\u00e0 descritte. Alcune delle finalit\u00e0 di installazione dei Cookie potrebbero, inoltre, necessitare del consenso dell\u2019Utente. Cookies techniques et statistiques globales Activit\u00e9s strictement n\u00e9cessaires au fonctionnement Cette application utilise des cookies pour enregistrer la [&hellip;]\" \/>\n<meta property=\"og:url\" content=\"https:\/\/dellaroveregioielli.it\/fr\/informativa-sui-cookies\/\" \/>\n<meta property=\"og:site_name\" content=\"Della Rovere\" \/>\n<meta property=\"article:modified_time\" content=\"2026-03-31T14:58:54+00:00\" \/>\n<script type=\"application\/ld+json\" class=\"yoast-schema-graph\">{\"@context\":\"https:\\\/\\\/schema.org\",\"@graph\":[{\"@type\":\"WebPage\",\"@id\":\"https:\\\/\\\/dellaroveregioielli.it\\\/fr\\\/informativa-sui-cookies\\\/\",\"url\":\"https:\\\/\\\/dellaroveregioielli.it\\\/fr\\\/informativa-sui-cookies\\\/\",\"name\":\"Politique en mati\u00e8re de cookies - Della Rovere\",\"isPartOf\":{\"@id\":\"https:\\\/\\\/dellaroveregioielli.it\\\/fr\\\/#website\"},\"datePublished\":\"2020-06-10T14:01:22+00:00\",\"dateModified\":\"2026-03-31T14:58:54+00:00\",\"breadcrumb\":{\"@id\":\"https:\\\/\\\/dellaroveregioielli.it\\\/fr\\\/informativa-sui-cookies\\\/#breadcrumb\"},\"inLanguage\":\"fr-FR\",\"potentialAction\":[{\"@type\":\"ReadAction\",\"target\":[\"https:\\\/\\\/dellaroveregioielli.it\\\/fr\\\/informativa-sui-cookies\\\/\"]}]},{\"@type\":\"BreadcrumbList\",\"@id\":\"https:\\\/\\\/dellaroveregioielli.it\\\/fr\\\/informativa-sui-cookies\\\/#breadcrumb\",\"itemListElement\":[{\"@type\":\"ListItem\",\"position\":1,\"name\":\"Homepage\",\"item\":\"https:\\\/\\\/dellaroveregioielli.it\\\/fr\\\/\"},{\"@type\":\"ListItem\",\"position\":2,\"name\":\"Politique en mati\u00e8re de cookies\"}]},{\"@type\":\"WebSite\",\"@id\":\"https:\\\/\\\/dellaroveregioielli.it\\\/fr\\\/#website\",\"url\":\"https:\\\/\\\/dellaroveregioielli.it\\\/fr\\\/\",\"name\":\"Della Rovere\",\"description\":\"Gioielli in argento e pietre dure\",\"publisher\":{\"@id\":\"https:\\\/\\\/dellaroveregioielli.it\\\/fr\\\/#organization\"},\"potentialAction\":[{\"@type\":\"SearchAction\",\"target\":{\"@type\":\"EntryPoint\",\"urlTemplate\":\"https:\\\/\\\/dellaroveregioielli.it\\\/fr\\\/?s={search_term_string}\"},\"query-input\":{\"@type\":\"PropertyValueSpecification\",\"valueRequired\":true,\"valueName\":\"search_term_string\"}}],\"inLanguage\":\"fr-FR\"},{\"@type\":\"Organization\",\"@id\":\"https:\\\/\\\/dellaroveregioielli.it\\\/fr\\\/#organization\",\"name\":\"Della Rovere\",\"url\":\"https:\\\/\\\/dellaroveregioielli.it\\\/fr\\\/\",\"logo\":{\"@type\":\"ImageObject\",\"inLanguage\":\"fr-FR\",\"@id\":\"https:\\\/\\\/dellaroveregioielli.it\\\/fr\\\/#\\\/schema\\\/logo\\\/image\\\/\",\"url\":\"https:\\\/\\\/dellaroveregioielli.it\\\/wp-content\\\/uploads\\\/2020\\\/08\\\/logo-dellarovere-completo.png\",\"contentUrl\":\"https:\\\/\\\/dellaroveregioielli.it\\\/wp-content\\\/uploads\\\/2020\\\/08\\\/logo-dellarovere-completo.png\",\"width\":904,\"height\":199,\"caption\":\"Della Rovere\"},\"image\":{\"@id\":\"https:\\\/\\\/dellaroveregioielli.it\\\/fr\\\/#\\\/schema\\\/logo\\\/image\\\/\"}}]}<\/script>\n<!-- \/ Yoast SEO plugin. -->","yoast_head_json":{"title":"Politique en mati\u00e8re de cookies - Della Rovere","robots":{"index":"index","follow":"nofollow","max-snippet":"max-snippet:-1","max-image-preview":"max-image-preview:large","max-video-preview":"max-video-preview:-1"},"canonical":"https:\/\/dellaroveregioielli.it\/fr\/informativa-sui-cookies\/","og_locale":"fr_FR","og_type":"article","og_title":"Politique en mati\u00e8re de cookies - Della Rovere","og_description":"I Cookie sono costituiti da porzioni di codice installate all\u2019interno del browser che assistono il Titolare nell\u2019erogazione del servizio in base alle finalit\u00e0 descritte. Alcune delle finalit\u00e0 di installazione dei Cookie potrebbero, inoltre, necessitare del consenso dell\u2019Utente. Cookies techniques et statistiques globales Activit\u00e9s strictement n\u00e9cessaires au fonctionnement Cette application utilise des cookies pour enregistrer la [&hellip;]","og_url":"https:\/\/dellaroveregioielli.it\/fr\/informativa-sui-cookies\/","og_site_name":"Della Rovere","article_modified_time":"2026-03-31T14:58:54+00:00","schema":{"@context":"https:\/\/schema.org","@graph":[{"@type":"WebPage","@id":"https:\/\/dellaroveregioielli.it\/fr\/informativa-sui-cookies\/","url":"https:\/\/dellaroveregioielli.it\/fr\/informativa-sui-cookies\/","name":"Politique en mati\u00e8re de cookies - Della Rovere","isPartOf":{"@id":"https:\/\/dellaroveregioielli.it\/fr\/#website"},"datePublished":"2020-06-10T14:01:22+00:00","dateModified":"2026-03-31T14:58:54+00:00","breadcrumb":{"@id":"https:\/\/dellaroveregioielli.it\/fr\/informativa-sui-cookies\/#breadcrumb"},"inLanguage":"fr-FR","potentialAction":[{"@type":"ReadAction","target":["https:\/\/dellaroveregioielli.it\/fr\/informativa-sui-cookies\/"]}]},{"@type":"BreadcrumbList","@id":"https:\/\/dellaroveregioielli.it\/fr\/informativa-sui-cookies\/#breadcrumb","itemListElement":[{"@type":"ListItem","position":1,"name":"Homepage","item":"https:\/\/dellaroveregioielli.it\/fr\/"},{"@type":"ListItem","position":2,"name":"Politique en mati\u00e8re de cookies"}]},{"@type":"WebSite","@id":"https:\/\/dellaroveregioielli.it\/fr\/#website","url":"https:\/\/dellaroveregioielli.it\/fr\/","name":"Della Rovere","description":"Gioielli in argento e pietre dure","publisher":{"@id":"https:\/\/dellaroveregioielli.it\/fr\/#organization"},"potentialAction":[{"@type":"SearchAction","target":{"@type":"EntryPoint","urlTemplate":"https:\/\/dellaroveregioielli.it\/fr\/?s={search_term_string}"},"query-input":{"@type":"PropertyValueSpecification","valueRequired":true,"valueName":"search_term_string"}}],"inLanguage":"fr-FR"},{"@type":"Organization","@id":"https:\/\/dellaroveregioielli.it\/fr\/#organization","name":"Della Rovere","url":"https:\/\/dellaroveregioielli.it\/fr\/","logo":{"@type":"ImageObject","inLanguage":"fr-FR","@id":"https:\/\/dellaroveregioielli.it\/fr\/#\/schema\/logo\/image\/","url":"https:\/\/dellaroveregioielli.it\/wp-content\/uploads\/2020\/08\/logo-dellarovere-completo.png","contentUrl":"https:\/\/dellaroveregioielli.it\/wp-content\/uploads\/2020\/08\/logo-dellarovere-completo.png","width":904,"height":199,"caption":"Della Rovere"},"image":{"@id":"https:\/\/dellaroveregioielli.it\/fr\/#\/schema\/logo\/image\/"}}]}},"_links":{"self":[{"href":"https:\/\/dellaroveregioielli.it\/fr\/wp-json\/wp\/v2\/pages\/44115","targetHints":{"allow":["GET"]}}],"collection":[{"href":"https:\/\/dellaroveregioielli.it\/fr\/wp-json\/wp\/v2\/pages"}],"about":[{"href":"https:\/\/dellaroveregioielli.it\/fr\/wp-json\/wp\/v2\/types\/page"}],"author":[{"embeddable":true,"href":"https:\/\/dellaroveregioielli.it\/fr\/wp-json\/wp\/v2\/users\/1"}],"replies":[{"embeddable":true,"href":"https:\/\/dellaroveregioielli.it\/fr\/wp-json\/wp\/v2\/comments?post=44115"}],"version-history":[{"count":0,"href":"https:\/\/dellaroveregioielli.it\/fr\/wp-json\/wp\/v2\/pages\/44115\/revisions"}],"wp:attachment":[{"href":"https:\/\/dellaroveregioielli.it\/fr\/wp-json\/wp\/v2\/media?parent=44115"}],"curies":[{"name":"wp","href":"https:\/\/api.w.org\/{rel}","templated":true}]}}