{"id":54724,"date":"2020-07-07T14:56:57","date_gmt":"2020-07-07T12:56:57","guid":{"rendered":"https:\/\/dellaroveregioielli.it\/non class\u00e9\/collier-a-deux-brins-en-prehnite-et-nephrite-avec-composition-laterale-en-argent-realisee-a-la-main\/"},"modified":"2020-07-07T14:56:57","modified_gmt":"2020-07-07T12:56:57","slug":"collier-a-deux-brins-en-prehnite-et-nephrite-avec-composition-laterale-en-argent-realisee-a-la-main","status":"publish","type":"product","link":"https:\/\/dellaroveregioielli.it\/fr-be\/colliers-de-pierres-dures\/collier-a-deux-brins-en-prehnite-et-nephrite-avec-composition-laterale-en-argent-realisee-a-la-main\/","title":{"rendered":"Collier \u00e0 deux brins en pr\u00e9hnite et n\u00e9phrite, avec composition lat\u00e9rale en argent r\u00e9alis\u00e9e \u00e0 la main."},"content":{"rendered":"<p>Collier court compos\u00e9 de deux brins en jade prehnite et n\u00e9phrite, avec composition lat\u00e9rale artisanale en agate cristallis\u00e9e, labradorite et argent 925\u2030 rhodi\u00e9. Fermoir en argent 925\u2030 rhodi\u00e9.  Fabriqu\u00e9 en Italie.<\/p>","protected":false},"excerpt":{"rendered":"<p>Collier court compos\u00e9 de deux brins en jade prehnite et n\u00e9phrite, avec composition lat\u00e9rale artisanale en agate cristallis\u00e9e, labradorite et argent 925\u2030 rhodi\u00e9. Fermoir en argent 925\u2030 rhodi\u00e9. Fabriqu\u00e9 en Italie.<\/p>","protected":false},"featured_media":1628,"comment_status":"open","ping_status":"closed","template":"","meta":[],"product_brand":[],"product_cat":[1308,1309,1306,1314],"product_tag":[],"class_list":{"0":"post-54724","1":"product","2":"type-product","3":"status-publish","4":"has-post-thumbnail","6":"product_cat-bijoux-en-argent","7":"product_cat-bijoux-en-pierres-dures","8":"product_cat-colliers-pour-femmes","9":"product_cat-colliers-de-pierres-dures","11":"first","12":"instock","13":"sale","14":"sold-individually","15":"taxable","16":"shipping-taxable","17":"purchasable","18":"product-type-simple"},"yoast_head":"<!-- This site is optimized with the Yoast SEO plugin v27.5 - https:\/\/yoast.com\/product\/yoast-seo-wordpress\/ -->\n<title>Collier \u00e0 deux brins en pr\u00e9hnite et n\u00e9phrite, avec composition lat\u00e9rale en argent r\u00e9alis\u00e9e \u00e0 la main. - Della Rovere<\/title>\n<meta name=\"robots\" content=\"index, follow, max-snippet:-1, max-image-preview:large, max-video-preview:-1\" \/>\n<link rel=\"canonical\" href=\"https:\/\/dellaroveregioielli.it\/fr-be\/colliers-de-pierres-dures\/collier-a-deux-brins-en-prehnite-et-nephrite-avec-composition-laterale-en-argent-realisee-a-la-main\/\" \/>\n<meta property=\"og:locale\" content=\"fr_FR\" \/>\n<meta property=\"og:type\" content=\"article\" \/>\n<meta property=\"og:title\" content=\"Collier \u00e0 deux brins en pr\u00e9hnite et n\u00e9phrite, avec composition lat\u00e9rale en argent r\u00e9alis\u00e9e \u00e0 la main. - Della Rovere\" \/>\n<meta property=\"og:url\" content=\"https:\/\/dellaroveregioielli.it\/fr-be\/colliers-de-pierres-dures\/collier-a-deux-brins-en-prehnite-et-nephrite-avec-composition-laterale-en-argent-realisee-a-la-main\/\" \/>\n<meta property=\"og:site_name\" content=\"Della Rovere\" \/>\n<script type=\"application\/ld+json\" class=\"yoast-schema-graph\">{\"@context\":\"https:\\\/\\\/schema.org\",\"@graph\":[{\"@type\":\"WebPage\",\"@id\":\"https:\\\/\\\/dellaroveregioielli.it\\\/fr-be\\\/colliers-de-pierres-dures\\\/collier-a-deux-brins-en-prehnite-et-nephrite-avec-composition-laterale-en-argent-realisee-a-la-main\\\/\",\"url\":\"https:\\\/\\\/dellaroveregioielli.it\\\/fr-be\\\/colliers-de-pierres-dures\\\/collier-a-deux-brins-en-prehnite-et-nephrite-avec-composition-laterale-en-argent-realisee-a-la-main\\\/\",\"name\":\"Collier \u00e0 deux brins en pr\u00e9hnite et n\u00e9phrite, avec composition lat\u00e9rale en argent r\u00e9alis\u00e9e \u00e0 la main. - Della Rovere\",\"isPartOf\":{\"@id\":\"https:\\\/\\\/dellaroveregioielli.it\\\/fr-be\\\/#website\"},\"primaryImageOfPage\":{\"@id\":\"https:\\\/\\\/dellaroveregioielli.it\\\/fr-be\\\/colliers-de-pierres-dures\\\/collier-a-deux-brins-en-prehnite-et-nephrite-avec-composition-laterale-en-argent-realisee-a-la-main\\\/#primaryimage\"},\"image\":{\"@id\":\"https:\\\/\\\/dellaroveregioielli.it\\\/fr-be\\\/colliers-de-pierres-dures\\\/collier-a-deux-brins-en-prehnite-et-nephrite-avec-composition-laterale-en-argent-realisee-a-la-main\\\/#primaryimage\"},\"thumbnailUrl\":\"https:\\\/\\\/dellaroveregioielli.it\\\/wp-content\\\/uploads\\\/2020\\\/07\\\/P12_0.jpg\",\"datePublished\":\"2020-07-07T12:56:57+00:00\",\"breadcrumb\":{\"@id\":\"https:\\\/\\\/dellaroveregioielli.it\\\/fr-be\\\/colliers-de-pierres-dures\\\/collier-a-deux-brins-en-prehnite-et-nephrite-avec-composition-laterale-en-argent-realisee-a-la-main\\\/#breadcrumb\"},\"inLanguage\":\"fr-BE\",\"potentialAction\":[{\"@type\":\"ReadAction\",\"target\":[\"https:\\\/\\\/dellaroveregioielli.it\\\/fr-be\\\/colliers-de-pierres-dures\\\/collier-a-deux-brins-en-prehnite-et-nephrite-avec-composition-laterale-en-argent-realisee-a-la-main\\\/\"]}]},{\"@type\":\"ImageObject\",\"inLanguage\":\"fr-BE\",\"@id\":\"https:\\\/\\\/dellaroveregioielli.it\\\/fr-be\\\/colliers-de-pierres-dures\\\/collier-a-deux-brins-en-prehnite-et-nephrite-avec-composition-laterale-en-argent-realisee-a-la-main\\\/#primaryimage\",\"url\":\"https:\\\/\\\/dellaroveregioielli.it\\\/wp-content\\\/uploads\\\/2020\\\/07\\\/P12_0.jpg\",\"contentUrl\":\"https:\\\/\\\/dellaroveregioielli.it\\\/wp-content\\\/uploads\\\/2020\\\/07\\\/P12_0.jpg\",\"width\":2000,\"height\":2000,\"caption\":\"Collana a due fili in Prehnite e Nefrite, con composizione laterale artigianale in Argento\"},{\"@type\":\"BreadcrumbList\",\"@id\":\"https:\\\/\\\/dellaroveregioielli.it\\\/fr-be\\\/colliers-de-pierres-dures\\\/collier-a-deux-brins-en-prehnite-et-nephrite-avec-composition-laterale-en-argent-realisee-a-la-main\\\/#breadcrumb\",\"itemListElement\":[{\"@type\":\"ListItem\",\"position\":1,\"name\":\"Homepage\",\"item\":\"https:\\\/\\\/dellaroveregioielli.it\\\/fr-be\\\/\"},{\"@type\":\"ListItem\",\"position\":2,\"name\":\"Shop\",\"item\":\"https:\\\/\\\/dellaroveregioielli.it\\\/negozio\\\/\"},{\"@type\":\"ListItem\",\"position\":3,\"name\":\"Collier \u00e0 deux brins en pr\u00e9hnite et n\u00e9phrite, avec composition lat\u00e9rale en argent r\u00e9alis\u00e9e \u00e0 la main.\"}]},{\"@type\":\"WebSite\",\"@id\":\"https:\\\/\\\/dellaroveregioielli.it\\\/fr-be\\\/#website\",\"url\":\"https:\\\/\\\/dellaroveregioielli.it\\\/fr-be\\\/\",\"name\":\"Della Rovere\",\"description\":\"Bijoux en argent et pierres pr\u00e9cieuses\",\"publisher\":{\"@id\":\"https:\\\/\\\/dellaroveregioielli.it\\\/fr-be\\\/#organization\"},\"potentialAction\":[{\"@type\":\"SearchAction\",\"target\":{\"@type\":\"EntryPoint\",\"urlTemplate\":\"https:\\\/\\\/dellaroveregioielli.it\\\/fr-be\\\/?s={search_term_string}\"},\"query-input\":{\"@type\":\"PropertyValueSpecification\",\"valueRequired\":true,\"valueName\":\"search_term_string\"}}],\"inLanguage\":\"fr-BE\"},{\"@type\":\"Organization\",\"@id\":\"https:\\\/\\\/dellaroveregioielli.it\\\/fr-be\\\/#organization\",\"name\":\"Della Rovere\",\"url\":\"https:\\\/\\\/dellaroveregioielli.it\\\/fr-be\\\/\",\"logo\":{\"@type\":\"ImageObject\",\"inLanguage\":\"fr-BE\",\"@id\":\"https:\\\/\\\/dellaroveregioielli.it\\\/fr-be\\\/#\\\/schema\\\/logo\\\/image\\\/\",\"url\":\"https:\\\/\\\/dellaroveregioielli.it\\\/wp-content\\\/uploads\\\/2020\\\/08\\\/logo-dellarovere-completo.png\",\"contentUrl\":\"https:\\\/\\\/dellaroveregioielli.it\\\/wp-content\\\/uploads\\\/2020\\\/08\\\/logo-dellarovere-completo.png\",\"width\":904,\"height\":199,\"caption\":\"Della Rovere\"},\"image\":{\"@id\":\"https:\\\/\\\/dellaroveregioielli.it\\\/fr-be\\\/#\\\/schema\\\/logo\\\/image\\\/\"}}]}<\/script>\n<!-- \/ Yoast SEO plugin. -->","yoast_head_json":{"title":"Collier \u00e0 deux brins en pr\u00e9hnite et n\u00e9phrite, avec composition lat\u00e9rale en argent r\u00e9alis\u00e9e \u00e0 la main. - Della Rovere","robots":{"index":"index","follow":"follow","max-snippet":"max-snippet:-1","max-image-preview":"max-image-preview:large","max-video-preview":"max-video-preview:-1"},"canonical":"https:\/\/dellaroveregioielli.it\/fr-be\/colliers-de-pierres-dures\/collier-a-deux-brins-en-prehnite-et-nephrite-avec-composition-laterale-en-argent-realisee-a-la-main\/","og_locale":"fr_FR","og_type":"article","og_title":"Collier \u00e0 deux brins en pr\u00e9hnite et n\u00e9phrite, avec composition lat\u00e9rale en argent r\u00e9alis\u00e9e \u00e0 la main. - Della Rovere","og_url":"https:\/\/dellaroveregioielli.it\/fr-be\/colliers-de-pierres-dures\/collier-a-deux-brins-en-prehnite-et-nephrite-avec-composition-laterale-en-argent-realisee-a-la-main\/","og_site_name":"Della Rovere","schema":{"@context":"https:\/\/schema.org","@graph":[{"@type":"WebPage","@id":"https:\/\/dellaroveregioielli.it\/fr-be\/colliers-de-pierres-dures\/collier-a-deux-brins-en-prehnite-et-nephrite-avec-composition-laterale-en-argent-realisee-a-la-main\/","url":"https:\/\/dellaroveregioielli.it\/fr-be\/colliers-de-pierres-dures\/collier-a-deux-brins-en-prehnite-et-nephrite-avec-composition-laterale-en-argent-realisee-a-la-main\/","name":"Collier \u00e0 deux brins en pr\u00e9hnite et n\u00e9phrite, avec composition lat\u00e9rale en argent r\u00e9alis\u00e9e \u00e0 la main. - Della Rovere","isPartOf":{"@id":"https:\/\/dellaroveregioielli.it\/fr-be\/#website"},"primaryImageOfPage":{"@id":"https:\/\/dellaroveregioielli.it\/fr-be\/colliers-de-pierres-dures\/collier-a-deux-brins-en-prehnite-et-nephrite-avec-composition-laterale-en-argent-realisee-a-la-main\/#primaryimage"},"image":{"@id":"https:\/\/dellaroveregioielli.it\/fr-be\/colliers-de-pierres-dures\/collier-a-deux-brins-en-prehnite-et-nephrite-avec-composition-laterale-en-argent-realisee-a-la-main\/#primaryimage"},"thumbnailUrl":"https:\/\/dellaroveregioielli.it\/wp-content\/uploads\/2020\/07\/P12_0.jpg","datePublished":"2020-07-07T12:56:57+00:00","breadcrumb":{"@id":"https:\/\/dellaroveregioielli.it\/fr-be\/colliers-de-pierres-dures\/collier-a-deux-brins-en-prehnite-et-nephrite-avec-composition-laterale-en-argent-realisee-a-la-main\/#breadcrumb"},"inLanguage":"fr-BE","potentialAction":[{"@type":"ReadAction","target":["https:\/\/dellaroveregioielli.it\/fr-be\/colliers-de-pierres-dures\/collier-a-deux-brins-en-prehnite-et-nephrite-avec-composition-laterale-en-argent-realisee-a-la-main\/"]}]},{"@type":"ImageObject","inLanguage":"fr-BE","@id":"https:\/\/dellaroveregioielli.it\/fr-be\/colliers-de-pierres-dures\/collier-a-deux-brins-en-prehnite-et-nephrite-avec-composition-laterale-en-argent-realisee-a-la-main\/#primaryimage","url":"https:\/\/dellaroveregioielli.it\/wp-content\/uploads\/2020\/07\/P12_0.jpg","contentUrl":"https:\/\/dellaroveregioielli.it\/wp-content\/uploads\/2020\/07\/P12_0.jpg","width":2000,"height":2000,"caption":"Collana a due fili in Prehnite e Nefrite, con composizione laterale artigianale in Argento"},{"@type":"BreadcrumbList","@id":"https:\/\/dellaroveregioielli.it\/fr-be\/colliers-de-pierres-dures\/collier-a-deux-brins-en-prehnite-et-nephrite-avec-composition-laterale-en-argent-realisee-a-la-main\/#breadcrumb","itemListElement":[{"@type":"ListItem","position":1,"name":"Homepage","item":"https:\/\/dellaroveregioielli.it\/fr-be\/"},{"@type":"ListItem","position":2,"name":"Shop","item":"https:\/\/dellaroveregioielli.it\/negozio\/"},{"@type":"ListItem","position":3,"name":"Collier \u00e0 deux brins en pr\u00e9hnite et n\u00e9phrite, avec composition lat\u00e9rale en argent r\u00e9alis\u00e9e \u00e0 la main."}]},{"@type":"WebSite","@id":"https:\/\/dellaroveregioielli.it\/fr-be\/#website","url":"https:\/\/dellaroveregioielli.it\/fr-be\/","name":"Della Rovere","description":"Bijoux en argent et pierres pr\u00e9cieuses","publisher":{"@id":"https:\/\/dellaroveregioielli.it\/fr-be\/#organization"},"potentialAction":[{"@type":"SearchAction","target":{"@type":"EntryPoint","urlTemplate":"https:\/\/dellaroveregioielli.it\/fr-be\/?s={search_term_string}"},"query-input":{"@type":"PropertyValueSpecification","valueRequired":true,"valueName":"search_term_string"}}],"inLanguage":"fr-BE"},{"@type":"Organization","@id":"https:\/\/dellaroveregioielli.it\/fr-be\/#organization","name":"Della Rovere","url":"https:\/\/dellaroveregioielli.it\/fr-be\/","logo":{"@type":"ImageObject","inLanguage":"fr-BE","@id":"https:\/\/dellaroveregioielli.it\/fr-be\/#\/schema\/logo\/image\/","url":"https:\/\/dellaroveregioielli.it\/wp-content\/uploads\/2020\/08\/logo-dellarovere-completo.png","contentUrl":"https:\/\/dellaroveregioielli.it\/wp-content\/uploads\/2020\/08\/logo-dellarovere-completo.png","width":904,"height":199,"caption":"Della Rovere"},"image":{"@id":"https:\/\/dellaroveregioielli.it\/fr-be\/#\/schema\/logo\/image\/"}}]}},"_links":{"self":[{"href":"https:\/\/dellaroveregioielli.it\/fr-be\/wp-json\/wp\/v2\/product\/54724","targetHints":{"allow":["GET"]}}],"collection":[{"href":"https:\/\/dellaroveregioielli.it\/fr-be\/wp-json\/wp\/v2\/product"}],"about":[{"href":"https:\/\/dellaroveregioielli.it\/fr-be\/wp-json\/wp\/v2\/types\/product"}],"replies":[{"embeddable":true,"href":"https:\/\/dellaroveregioielli.it\/fr-be\/wp-json\/wp\/v2\/comments?post=54724"}],"version-history":[{"count":0,"href":"https:\/\/dellaroveregioielli.it\/fr-be\/wp-json\/wp\/v2\/product\/54724\/revisions"}],"wp:featuredmedia":[{"embeddable":true,"href":"https:\/\/dellaroveregioielli.it\/fr-be\/wp-json\/wp\/v2\/media\/1628"}],"wp:attachment":[{"href":"https:\/\/dellaroveregioielli.it\/fr-be\/wp-json\/wp\/v2\/media?parent=54724"}],"wp:term":[{"taxonomy":"product_brand","embeddable":true,"href":"https:\/\/dellaroveregioielli.it\/fr-be\/wp-json\/wp\/v2\/product_brand?post=54724"},{"taxonomy":"product_cat","embeddable":true,"href":"https:\/\/dellaroveregioielli.it\/fr-be\/wp-json\/wp\/v2\/product_cat?post=54724"},{"taxonomy":"product_tag","embeddable":true,"href":"https:\/\/dellaroveregioielli.it\/fr-be\/wp-json\/wp\/v2\/product_tag?post=54724"}],"curies":[{"name":"wp","href":"https:\/\/api.w.org\/{rel}","templated":true}]}}