{"id":54694,"date":"2020-07-07T17:21:17","date_gmt":"2020-07-07T15:21:17","guid":{"rendered":"https:\/\/dellaroveregioielli.it\/non class\u00e9\/collier-en-tissu-avec-elements-en-resine-et-quartz-rose\/"},"modified":"2020-07-07T17:21:17","modified_gmt":"2020-07-07T15:21:17","slug":"collier-en-tissu-avec-elements-en-resine-et-quartz-rose","status":"publish","type":"product","link":"https:\/\/dellaroveregioielli.it\/fr-be\/colliers-de-pierres-dures\/collier-en-tissu-avec-elements-en-resine-et-quartz-rose\/","title":{"rendered":"Collier en tissu avec \u00e9l\u00e9ments en r\u00e9sine et quartz rose"},"content":{"rendered":"<p>Collier \u00e0 quatre brins en tissu avec des \u00e9l\u00e9ments de boule en r\u00e9sine et des sph\u00e8res en quartz rose et cerise. Longueur 75 cm. Fabriqu\u00e9 en Italie.<\/p>","protected":false},"excerpt":{"rendered":"<p>Collier \u00e0 quatre brins en tissu avec des \u00e9l\u00e9ments de boule en r\u00e9sine et des sph\u00e8res en quartz rose et cerise. Longueur 75 cm. Fabriqu\u00e9 en Italie.<\/p>","protected":false},"featured_media":8525,"comment_status":"open","ping_status":"closed","template":"","meta":[],"product_brand":[],"product_cat":[1309,1306,1314],"product_tag":[1320],"class_list":{"0":"post-54694","1":"product","2":"type-product","3":"status-publish","4":"has-post-thumbnail","6":"product_cat-bijoux-en-pierres-dures","7":"product_cat-colliers-pour-femmes","8":"product_cat-colliers-de-pierres-dures","9":"product_tag-ligne-bijoux","11":"first","12":"instock","13":"sale","14":"sold-individually","15":"taxable","16":"shipping-taxable","17":"purchasable","18":"product-type-simple"},"yoast_head":"<!-- This site is optimized with the Yoast SEO plugin v27.3 - https:\/\/yoast.com\/product\/yoast-seo-wordpress\/ -->\n<title>Collier en tissu avec \u00e9l\u00e9ments en r\u00e9sine et quartz rose - Della Rovere<\/title>\n<meta name=\"robots\" content=\"index, follow, max-snippet:-1, max-image-preview:large, max-video-preview:-1\" \/>\n<link rel=\"canonical\" href=\"https:\/\/dellaroveregioielli.it\/fr-be\/colliers-de-pierres-dures\/collier-en-tissu-avec-elements-en-resine-et-quartz-rose\/\" \/>\n<meta property=\"og:locale\" content=\"fr_FR\" \/>\n<meta property=\"og:type\" content=\"article\" \/>\n<meta property=\"og:title\" content=\"Collier en tissu avec \u00e9l\u00e9ments en r\u00e9sine et quartz rose - Della Rovere\" \/>\n<meta property=\"og:url\" content=\"https:\/\/dellaroveregioielli.it\/fr-be\/colliers-de-pierres-dures\/collier-en-tissu-avec-elements-en-resine-et-quartz-rose\/\" \/>\n<meta property=\"og:site_name\" content=\"Della Rovere\" \/>\n<script type=\"application\/ld+json\" class=\"yoast-schema-graph\">{\"@context\":\"https:\\\/\\\/schema.org\",\"@graph\":[{\"@type\":\"WebPage\",\"@id\":\"https:\\\/\\\/dellaroveregioielli.it\\\/fr-be\\\/colliers-de-pierres-dures\\\/collier-en-tissu-avec-elements-en-resine-et-quartz-rose\\\/\",\"url\":\"https:\\\/\\\/dellaroveregioielli.it\\\/fr-be\\\/colliers-de-pierres-dures\\\/collier-en-tissu-avec-elements-en-resine-et-quartz-rose\\\/\",\"name\":\"Collier en tissu avec \u00e9l\u00e9ments en r\u00e9sine et quartz rose - Della Rovere\",\"isPartOf\":{\"@id\":\"https:\\\/\\\/dellaroveregioielli.it\\\/fr-be\\\/#website\"},\"primaryImageOfPage\":{\"@id\":\"https:\\\/\\\/dellaroveregioielli.it\\\/fr-be\\\/colliers-de-pierres-dures\\\/collier-en-tissu-avec-elements-en-resine-et-quartz-rose\\\/#primaryimage\"},\"image\":{\"@id\":\"https:\\\/\\\/dellaroveregioielli.it\\\/fr-be\\\/colliers-de-pierres-dures\\\/collier-en-tissu-avec-elements-en-resine-et-quartz-rose\\\/#primaryimage\"},\"thumbnailUrl\":\"https:\\\/\\\/dellaroveregioielli.it\\\/wp-content\\\/uploads\\\/2021\\\/07\\\/CG024_1.jpg\",\"datePublished\":\"2020-07-07T15:21:17+00:00\",\"breadcrumb\":{\"@id\":\"https:\\\/\\\/dellaroveregioielli.it\\\/fr-be\\\/colliers-de-pierres-dures\\\/collier-en-tissu-avec-elements-en-resine-et-quartz-rose\\\/#breadcrumb\"},\"inLanguage\":\"fr-BE\",\"potentialAction\":[{\"@type\":\"ReadAction\",\"target\":[\"https:\\\/\\\/dellaroveregioielli.it\\\/fr-be\\\/colliers-de-pierres-dures\\\/collier-en-tissu-avec-elements-en-resine-et-quartz-rose\\\/\"]}]},{\"@type\":\"ImageObject\",\"inLanguage\":\"fr-BE\",\"@id\":\"https:\\\/\\\/dellaroveregioielli.it\\\/fr-be\\\/colliers-de-pierres-dures\\\/collier-en-tissu-avec-elements-en-resine-et-quartz-rose\\\/#primaryimage\",\"url\":\"https:\\\/\\\/dellaroveregioielli.it\\\/wp-content\\\/uploads\\\/2021\\\/07\\\/CG024_1.jpg\",\"contentUrl\":\"https:\\\/\\\/dellaroveregioielli.it\\\/wp-content\\\/uploads\\\/2021\\\/07\\\/CG024_1.jpg\",\"width\":2000,\"height\":2000,\"caption\":\"Collana in tessuto con Elementi in resina e Quarzo Rosa\"},{\"@type\":\"BreadcrumbList\",\"@id\":\"https:\\\/\\\/dellaroveregioielli.it\\\/fr-be\\\/colliers-de-pierres-dures\\\/collier-en-tissu-avec-elements-en-resine-et-quartz-rose\\\/#breadcrumb\",\"itemListElement\":[{\"@type\":\"ListItem\",\"position\":1,\"name\":\"Homepage\",\"item\":\"https:\\\/\\\/dellaroveregioielli.it\\\/fr-be\\\/\"},{\"@type\":\"ListItem\",\"position\":2,\"name\":\"Shop\",\"item\":\"https:\\\/\\\/dellaroveregioielli.it\\\/negozio\\\/\"},{\"@type\":\"ListItem\",\"position\":3,\"name\":\"Collier en tissu avec \u00e9l\u00e9ments en r\u00e9sine et quartz rose\"}]},{\"@type\":\"WebSite\",\"@id\":\"https:\\\/\\\/dellaroveregioielli.it\\\/fr-be\\\/#website\",\"url\":\"https:\\\/\\\/dellaroveregioielli.it\\\/fr-be\\\/\",\"name\":\"Della Rovere\",\"description\":\"Bijoux en argent et pierres pr\u00e9cieuses\",\"publisher\":{\"@id\":\"https:\\\/\\\/dellaroveregioielli.it\\\/fr-be\\\/#organization\"},\"potentialAction\":[{\"@type\":\"SearchAction\",\"target\":{\"@type\":\"EntryPoint\",\"urlTemplate\":\"https:\\\/\\\/dellaroveregioielli.it\\\/fr-be\\\/?s={search_term_string}\"},\"query-input\":{\"@type\":\"PropertyValueSpecification\",\"valueRequired\":true,\"valueName\":\"search_term_string\"}}],\"inLanguage\":\"fr-BE\"},{\"@type\":\"Organization\",\"@id\":\"https:\\\/\\\/dellaroveregioielli.it\\\/fr-be\\\/#organization\",\"name\":\"Della Rovere\",\"url\":\"https:\\\/\\\/dellaroveregioielli.it\\\/fr-be\\\/\",\"logo\":{\"@type\":\"ImageObject\",\"inLanguage\":\"fr-BE\",\"@id\":\"https:\\\/\\\/dellaroveregioielli.it\\\/fr-be\\\/#\\\/schema\\\/logo\\\/image\\\/\",\"url\":\"https:\\\/\\\/dellaroveregioielli.it\\\/wp-content\\\/uploads\\\/2020\\\/08\\\/logo-dellarovere-completo.png\",\"contentUrl\":\"https:\\\/\\\/dellaroveregioielli.it\\\/wp-content\\\/uploads\\\/2020\\\/08\\\/logo-dellarovere-completo.png\",\"width\":904,\"height\":199,\"caption\":\"Della Rovere\"},\"image\":{\"@id\":\"https:\\\/\\\/dellaroveregioielli.it\\\/fr-be\\\/#\\\/schema\\\/logo\\\/image\\\/\"}}]}<\/script>\n<!-- \/ Yoast SEO plugin. -->","yoast_head_json":{"title":"Collier en tissu avec \u00e9l\u00e9ments en r\u00e9sine et quartz rose - Della Rovere","robots":{"index":"index","follow":"follow","max-snippet":"max-snippet:-1","max-image-preview":"max-image-preview:large","max-video-preview":"max-video-preview:-1"},"canonical":"https:\/\/dellaroveregioielli.it\/fr-be\/colliers-de-pierres-dures\/collier-en-tissu-avec-elements-en-resine-et-quartz-rose\/","og_locale":"fr_FR","og_type":"article","og_title":"Collier en tissu avec \u00e9l\u00e9ments en r\u00e9sine et quartz rose - Della Rovere","og_url":"https:\/\/dellaroveregioielli.it\/fr-be\/colliers-de-pierres-dures\/collier-en-tissu-avec-elements-en-resine-et-quartz-rose\/","og_site_name":"Della Rovere","schema":{"@context":"https:\/\/schema.org","@graph":[{"@type":"WebPage","@id":"https:\/\/dellaroveregioielli.it\/fr-be\/colliers-de-pierres-dures\/collier-en-tissu-avec-elements-en-resine-et-quartz-rose\/","url":"https:\/\/dellaroveregioielli.it\/fr-be\/colliers-de-pierres-dures\/collier-en-tissu-avec-elements-en-resine-et-quartz-rose\/","name":"Collier en tissu avec \u00e9l\u00e9ments en r\u00e9sine et quartz rose - Della Rovere","isPartOf":{"@id":"https:\/\/dellaroveregioielli.it\/fr-be\/#website"},"primaryImageOfPage":{"@id":"https:\/\/dellaroveregioielli.it\/fr-be\/colliers-de-pierres-dures\/collier-en-tissu-avec-elements-en-resine-et-quartz-rose\/#primaryimage"},"image":{"@id":"https:\/\/dellaroveregioielli.it\/fr-be\/colliers-de-pierres-dures\/collier-en-tissu-avec-elements-en-resine-et-quartz-rose\/#primaryimage"},"thumbnailUrl":"https:\/\/dellaroveregioielli.it\/wp-content\/uploads\/2021\/07\/CG024_1.jpg","datePublished":"2020-07-07T15:21:17+00:00","breadcrumb":{"@id":"https:\/\/dellaroveregioielli.it\/fr-be\/colliers-de-pierres-dures\/collier-en-tissu-avec-elements-en-resine-et-quartz-rose\/#breadcrumb"},"inLanguage":"fr-BE","potentialAction":[{"@type":"ReadAction","target":["https:\/\/dellaroveregioielli.it\/fr-be\/colliers-de-pierres-dures\/collier-en-tissu-avec-elements-en-resine-et-quartz-rose\/"]}]},{"@type":"ImageObject","inLanguage":"fr-BE","@id":"https:\/\/dellaroveregioielli.it\/fr-be\/colliers-de-pierres-dures\/collier-en-tissu-avec-elements-en-resine-et-quartz-rose\/#primaryimage","url":"https:\/\/dellaroveregioielli.it\/wp-content\/uploads\/2021\/07\/CG024_1.jpg","contentUrl":"https:\/\/dellaroveregioielli.it\/wp-content\/uploads\/2021\/07\/CG024_1.jpg","width":2000,"height":2000,"caption":"Collana in tessuto con Elementi in resina e Quarzo Rosa"},{"@type":"BreadcrumbList","@id":"https:\/\/dellaroveregioielli.it\/fr-be\/colliers-de-pierres-dures\/collier-en-tissu-avec-elements-en-resine-et-quartz-rose\/#breadcrumb","itemListElement":[{"@type":"ListItem","position":1,"name":"Homepage","item":"https:\/\/dellaroveregioielli.it\/fr-be\/"},{"@type":"ListItem","position":2,"name":"Shop","item":"https:\/\/dellaroveregioielli.it\/negozio\/"},{"@type":"ListItem","position":3,"name":"Collier en tissu avec \u00e9l\u00e9ments en r\u00e9sine et quartz rose"}]},{"@type":"WebSite","@id":"https:\/\/dellaroveregioielli.it\/fr-be\/#website","url":"https:\/\/dellaroveregioielli.it\/fr-be\/","name":"Della Rovere","description":"Bijoux en argent et pierres pr\u00e9cieuses","publisher":{"@id":"https:\/\/dellaroveregioielli.it\/fr-be\/#organization"},"potentialAction":[{"@type":"SearchAction","target":{"@type":"EntryPoint","urlTemplate":"https:\/\/dellaroveregioielli.it\/fr-be\/?s={search_term_string}"},"query-input":{"@type":"PropertyValueSpecification","valueRequired":true,"valueName":"search_term_string"}}],"inLanguage":"fr-BE"},{"@type":"Organization","@id":"https:\/\/dellaroveregioielli.it\/fr-be\/#organization","name":"Della Rovere","url":"https:\/\/dellaroveregioielli.it\/fr-be\/","logo":{"@type":"ImageObject","inLanguage":"fr-BE","@id":"https:\/\/dellaroveregioielli.it\/fr-be\/#\/schema\/logo\/image\/","url":"https:\/\/dellaroveregioielli.it\/wp-content\/uploads\/2020\/08\/logo-dellarovere-completo.png","contentUrl":"https:\/\/dellaroveregioielli.it\/wp-content\/uploads\/2020\/08\/logo-dellarovere-completo.png","width":904,"height":199,"caption":"Della Rovere"},"image":{"@id":"https:\/\/dellaroveregioielli.it\/fr-be\/#\/schema\/logo\/image\/"}}]}},"_links":{"self":[{"href":"https:\/\/dellaroveregioielli.it\/fr-be\/wp-json\/wp\/v2\/product\/54694","targetHints":{"allow":["GET"]}}],"collection":[{"href":"https:\/\/dellaroveregioielli.it\/fr-be\/wp-json\/wp\/v2\/product"}],"about":[{"href":"https:\/\/dellaroveregioielli.it\/fr-be\/wp-json\/wp\/v2\/types\/product"}],"replies":[{"embeddable":true,"href":"https:\/\/dellaroveregioielli.it\/fr-be\/wp-json\/wp\/v2\/comments?post=54694"}],"version-history":[{"count":0,"href":"https:\/\/dellaroveregioielli.it\/fr-be\/wp-json\/wp\/v2\/product\/54694\/revisions"}],"wp:featuredmedia":[{"embeddable":true,"href":"https:\/\/dellaroveregioielli.it\/fr-be\/wp-json\/wp\/v2\/media\/8525"}],"wp:attachment":[{"href":"https:\/\/dellaroveregioielli.it\/fr-be\/wp-json\/wp\/v2\/media?parent=54694"}],"wp:term":[{"taxonomy":"product_brand","embeddable":true,"href":"https:\/\/dellaroveregioielli.it\/fr-be\/wp-json\/wp\/v2\/product_brand?post=54694"},{"taxonomy":"product_cat","embeddable":true,"href":"https:\/\/dellaroveregioielli.it\/fr-be\/wp-json\/wp\/v2\/product_cat?post=54694"},{"taxonomy":"product_tag","embeddable":true,"href":"https:\/\/dellaroveregioielli.it\/fr-be\/wp-json\/wp\/v2\/product_tag?post=54694"}],"curies":[{"name":"wp","href":"https:\/\/api.w.org\/{rel}","templated":true}]}}