{"id":53626,"date":"2020-07-16T11:59:14","date_gmt":"2020-07-16T09:59:14","guid":{"rendered":"https:\/\/dellaroveregioielli.it\/non%20class\u00e9\/bracelet-damethyste-avec-pendentifs-profiles\/"},"modified":"2026-04-01T17:01:13","modified_gmt":"2026-04-01T15:01:13","slug":"bracelet-damethyste-avec-pendentifs-profiles","status":"publish","type":"product","link":"https:\/\/dellaroveregioielli.it\/fr-be\/bracelets-en-pierres-dures\/bracelet-damethyste-avec-pendentifs-profiles\/","title":{"rendered":"Bracelet d&rsquo;am\u00e9thyste avec pendentifs profil\u00e9s"},"content":{"rendered":"<p>Bracelet entour\u00e9 d&rsquo;am\u00e9thyste avec pendentifs exclusifs en alliage rhodi\u00e9. Fermoir en argent rhodi\u00e9 925\u2030.  Fabriqu\u00e9 en Italie.<\/p>","protected":false},"excerpt":{"rendered":"<p>Bracelet entour\u00e9 d&rsquo;am\u00e9thyste avec pendentifs exclusifs en alliage rhodi\u00e9. Fermoir en argent rhodi\u00e9 925\u2030. Fabriqu\u00e9 en Italie.<\/p>","protected":false},"featured_media":53652,"comment_status":"open","ping_status":"closed","template":"","meta":[],"product_brand":[],"product_cat":[1308,1309,1304,1312],"product_tag":[],"class_list":{"0":"post-53626","1":"product","2":"type-product","3":"status-publish","4":"has-post-thumbnail","6":"product_cat-bijoux-en-argent","7":"product_cat-bijoux-en-pierres-dures","8":"product_cat-bracelets-pour-femmes","9":"product_cat-bracelets-en-pierres-dures","11":"first","12":"instock","13":"sale","14":"sold-individually","15":"taxable","16":"shipping-taxable","17":"purchasable","18":"product-type-simple"},"yoast_head":"<!-- This site is optimized with the Yoast SEO plugin v27.3 - https:\/\/yoast.com\/product\/yoast-seo-wordpress\/ -->\n<title>Bracelet d&#039;am\u00e9thyste avec pendentifs profil\u00e9s - Della Rovere<\/title>\n<meta name=\"description\" content=\"Bracelet reli\u00e9 en am\u00e9thyste avec pendentifs profil\u00e9s. Fabrication artisanale en Italie. D\u00e9couvrez notre catalogue en ligne. Livraison rapide ! Coupon de r\u00e9duction pour le premier achat.\" \/>\n<meta name=\"robots\" content=\"index, follow, max-snippet:-1, max-image-preview:large, max-video-preview:-1\" \/>\n<link rel=\"canonical\" href=\"https:\/\/dellaroveregioielli.it\/fr-be\/bracelets-en-pierres-dures\/bracelet-damethyste-avec-pendentifs-profiles\/\" \/>\n<meta property=\"og:locale\" content=\"fr_FR\" \/>\n<meta property=\"og:type\" content=\"article\" \/>\n<meta property=\"og:title\" content=\"Bracelet d&#039;am\u00e9thyste avec pendentifs profil\u00e9s - Della Rovere\" \/>\n<meta property=\"og:description\" content=\"Bracelet reli\u00e9 en am\u00e9thyste avec pendentifs profil\u00e9s. Fabrication artisanale en Italie. D\u00e9couvrez notre catalogue en ligne. Livraison rapide ! Coupon de r\u00e9duction pour le premier achat.\" \/>\n<meta property=\"og:url\" content=\"https:\/\/dellaroveregioielli.it\/fr-be\/bracelets-en-pierres-dures\/bracelet-damethyste-avec-pendentifs-profiles\/\" \/>\n<meta property=\"og:site_name\" content=\"Della Rovere\" \/>\n<meta property=\"article:modified_time\" content=\"2026-04-01T15:01:13+00:00\" \/>\n<meta property=\"og:image\" content=\"https:\/\/dellaroveregioielli.it\/wp-content\/uploads\/2020\/07\/B061S02003SN_0_-1.jpg\" \/>\n\t<meta property=\"og:image:width\" content=\"2000\" \/>\n\t<meta property=\"og:image:height\" content=\"2000\" \/>\n\t<meta property=\"og:image:type\" content=\"image\/jpeg\" \/>\n<script type=\"application\/ld+json\" class=\"yoast-schema-graph\">{\"@context\":\"https:\\\/\\\/schema.org\",\"@graph\":[{\"@type\":\"WebPage\",\"@id\":\"https:\\\/\\\/dellaroveregioielli.it\\\/fr-be\\\/bracelets-en-pierres-dures\\\/bracelet-damethyste-avec-pendentifs-profiles\\\/\",\"url\":\"https:\\\/\\\/dellaroveregioielli.it\\\/fr-be\\\/bracelets-en-pierres-dures\\\/bracelet-damethyste-avec-pendentifs-profiles\\\/\",\"name\":\"Bracelet d'am\u00e9thyste avec pendentifs profil\u00e9s - Della Rovere\",\"isPartOf\":{\"@id\":\"https:\\\/\\\/dellaroveregioielli.it\\\/fr-be\\\/#website\"},\"primaryImageOfPage\":{\"@id\":\"https:\\\/\\\/dellaroveregioielli.it\\\/fr-be\\\/bracelets-en-pierres-dures\\\/bracelet-damethyste-avec-pendentifs-profiles\\\/#primaryimage\"},\"image\":{\"@id\":\"https:\\\/\\\/dellaroveregioielli.it\\\/fr-be\\\/bracelets-en-pierres-dures\\\/bracelet-damethyste-avec-pendentifs-profiles\\\/#primaryimage\"},\"thumbnailUrl\":\"https:\\\/\\\/dellaroveregioielli.it\\\/wp-content\\\/uploads\\\/2020\\\/07\\\/B061S02003SN_0_-1.jpg\",\"datePublished\":\"2020-07-16T09:59:14+00:00\",\"dateModified\":\"2026-04-01T15:01:13+00:00\",\"description\":\"Bracelet reli\u00e9 en am\u00e9thyste avec pendentifs profil\u00e9s. Fabrication artisanale en Italie. D\u00e9couvrez notre catalogue en ligne. Livraison rapide ! Coupon de r\u00e9duction pour le premier achat.\",\"breadcrumb\":{\"@id\":\"https:\\\/\\\/dellaroveregioielli.it\\\/fr-be\\\/bracelets-en-pierres-dures\\\/bracelet-damethyste-avec-pendentifs-profiles\\\/#breadcrumb\"},\"inLanguage\":\"fr-BE\",\"potentialAction\":[{\"@type\":\"ReadAction\",\"target\":[\"https:\\\/\\\/dellaroveregioielli.it\\\/fr-be\\\/bracelets-en-pierres-dures\\\/bracelet-damethyste-avec-pendentifs-profiles\\\/\"]}]},{\"@type\":\"ImageObject\",\"inLanguage\":\"fr-BE\",\"@id\":\"https:\\\/\\\/dellaroveregioielli.it\\\/fr-be\\\/bracelets-en-pierres-dures\\\/bracelet-damethyste-avec-pendentifs-profiles\\\/#primaryimage\",\"url\":\"https:\\\/\\\/dellaroveregioielli.it\\\/wp-content\\\/uploads\\\/2020\\\/07\\\/B061S02003SN_0_-1.jpg\",\"contentUrl\":\"https:\\\/\\\/dellaroveregioielli.it\\\/wp-content\\\/uploads\\\/2020\\\/07\\\/B061S02003SN_0_-1.jpg\",\"width\":2000,\"height\":2000,\"caption\":\"Bracciale rilegato in Ametista con Pendenti Scontornati\"},{\"@type\":\"BreadcrumbList\",\"@id\":\"https:\\\/\\\/dellaroveregioielli.it\\\/fr-be\\\/bracelets-en-pierres-dures\\\/bracelet-damethyste-avec-pendentifs-profiles\\\/#breadcrumb\",\"itemListElement\":[{\"@type\":\"ListItem\",\"position\":1,\"name\":\"Homepage\",\"item\":\"https:\\\/\\\/dellaroveregioielli.it\\\/fr-be\\\/\"},{\"@type\":\"ListItem\",\"position\":2,\"name\":\"Shop\",\"item\":\"https:\\\/\\\/dellaroveregioielli.it\\\/negozio\\\/\"},{\"@type\":\"ListItem\",\"position\":3,\"name\":\"Bracelet d&#8217;am\u00e9thyste avec pendentifs profil\u00e9s\"}]},{\"@type\":\"WebSite\",\"@id\":\"https:\\\/\\\/dellaroveregioielli.it\\\/fr-be\\\/#website\",\"url\":\"https:\\\/\\\/dellaroveregioielli.it\\\/fr-be\\\/\",\"name\":\"Della Rovere\",\"description\":\"Bijoux en argent et pierres pr\u00e9cieuses\",\"publisher\":{\"@id\":\"https:\\\/\\\/dellaroveregioielli.it\\\/fr-be\\\/#organization\"},\"potentialAction\":[{\"@type\":\"SearchAction\",\"target\":{\"@type\":\"EntryPoint\",\"urlTemplate\":\"https:\\\/\\\/dellaroveregioielli.it\\\/fr-be\\\/?s={search_term_string}\"},\"query-input\":{\"@type\":\"PropertyValueSpecification\",\"valueRequired\":true,\"valueName\":\"search_term_string\"}}],\"inLanguage\":\"fr-BE\"},{\"@type\":\"Organization\",\"@id\":\"https:\\\/\\\/dellaroveregioielli.it\\\/fr-be\\\/#organization\",\"name\":\"Della Rovere\",\"url\":\"https:\\\/\\\/dellaroveregioielli.it\\\/fr-be\\\/\",\"logo\":{\"@type\":\"ImageObject\",\"inLanguage\":\"fr-BE\",\"@id\":\"https:\\\/\\\/dellaroveregioielli.it\\\/fr-be\\\/#\\\/schema\\\/logo\\\/image\\\/\",\"url\":\"https:\\\/\\\/dellaroveregioielli.it\\\/wp-content\\\/uploads\\\/2020\\\/08\\\/logo-dellarovere-completo.png\",\"contentUrl\":\"https:\\\/\\\/dellaroveregioielli.it\\\/wp-content\\\/uploads\\\/2020\\\/08\\\/logo-dellarovere-completo.png\",\"width\":904,\"height\":199,\"caption\":\"Della Rovere\"},\"image\":{\"@id\":\"https:\\\/\\\/dellaroveregioielli.it\\\/fr-be\\\/#\\\/schema\\\/logo\\\/image\\\/\"}}]}<\/script>\n<!-- \/ Yoast SEO plugin. -->","yoast_head_json":{"title":"Bracelet d'am\u00e9thyste avec pendentifs profil\u00e9s - Della Rovere","description":"Bracelet reli\u00e9 en am\u00e9thyste avec pendentifs profil\u00e9s. Fabrication artisanale en Italie. D\u00e9couvrez notre catalogue en ligne. Livraison rapide ! Coupon de r\u00e9duction pour le premier achat.","robots":{"index":"index","follow":"follow","max-snippet":"max-snippet:-1","max-image-preview":"max-image-preview:large","max-video-preview":"max-video-preview:-1"},"canonical":"https:\/\/dellaroveregioielli.it\/fr-be\/bracelets-en-pierres-dures\/bracelet-damethyste-avec-pendentifs-profiles\/","og_locale":"fr_FR","og_type":"article","og_title":"Bracelet d'am\u00e9thyste avec pendentifs profil\u00e9s - Della Rovere","og_description":"Bracelet reli\u00e9 en am\u00e9thyste avec pendentifs profil\u00e9s. Fabrication artisanale en Italie. D\u00e9couvrez notre catalogue en ligne. Livraison rapide ! Coupon de r\u00e9duction pour le premier achat.","og_url":"https:\/\/dellaroveregioielli.it\/fr-be\/bracelets-en-pierres-dures\/bracelet-damethyste-avec-pendentifs-profiles\/","og_site_name":"Della Rovere","article_modified_time":"2026-04-01T15:01:13+00:00","og_image":[{"width":2000,"height":2000,"url":"https:\/\/dellaroveregioielli.it\/wp-content\/uploads\/2020\/07\/B061S02003SN_0_-1.jpg","type":"image\/jpeg"}],"schema":{"@context":"https:\/\/schema.org","@graph":[{"@type":"WebPage","@id":"https:\/\/dellaroveregioielli.it\/fr-be\/bracelets-en-pierres-dures\/bracelet-damethyste-avec-pendentifs-profiles\/","url":"https:\/\/dellaroveregioielli.it\/fr-be\/bracelets-en-pierres-dures\/bracelet-damethyste-avec-pendentifs-profiles\/","name":"Bracelet d'am\u00e9thyste avec pendentifs profil\u00e9s - Della Rovere","isPartOf":{"@id":"https:\/\/dellaroveregioielli.it\/fr-be\/#website"},"primaryImageOfPage":{"@id":"https:\/\/dellaroveregioielli.it\/fr-be\/bracelets-en-pierres-dures\/bracelet-damethyste-avec-pendentifs-profiles\/#primaryimage"},"image":{"@id":"https:\/\/dellaroveregioielli.it\/fr-be\/bracelets-en-pierres-dures\/bracelet-damethyste-avec-pendentifs-profiles\/#primaryimage"},"thumbnailUrl":"https:\/\/dellaroveregioielli.it\/wp-content\/uploads\/2020\/07\/B061S02003SN_0_-1.jpg","datePublished":"2020-07-16T09:59:14+00:00","dateModified":"2026-04-01T15:01:13+00:00","description":"Bracelet reli\u00e9 en am\u00e9thyste avec pendentifs profil\u00e9s. Fabrication artisanale en Italie. D\u00e9couvrez notre catalogue en ligne. Livraison rapide ! Coupon de r\u00e9duction pour le premier achat.","breadcrumb":{"@id":"https:\/\/dellaroveregioielli.it\/fr-be\/bracelets-en-pierres-dures\/bracelet-damethyste-avec-pendentifs-profiles\/#breadcrumb"},"inLanguage":"fr-BE","potentialAction":[{"@type":"ReadAction","target":["https:\/\/dellaroveregioielli.it\/fr-be\/bracelets-en-pierres-dures\/bracelet-damethyste-avec-pendentifs-profiles\/"]}]},{"@type":"ImageObject","inLanguage":"fr-BE","@id":"https:\/\/dellaroveregioielli.it\/fr-be\/bracelets-en-pierres-dures\/bracelet-damethyste-avec-pendentifs-profiles\/#primaryimage","url":"https:\/\/dellaroveregioielli.it\/wp-content\/uploads\/2020\/07\/B061S02003SN_0_-1.jpg","contentUrl":"https:\/\/dellaroveregioielli.it\/wp-content\/uploads\/2020\/07\/B061S02003SN_0_-1.jpg","width":2000,"height":2000,"caption":"Bracciale rilegato in Ametista con Pendenti Scontornati"},{"@type":"BreadcrumbList","@id":"https:\/\/dellaroveregioielli.it\/fr-be\/bracelets-en-pierres-dures\/bracelet-damethyste-avec-pendentifs-profiles\/#breadcrumb","itemListElement":[{"@type":"ListItem","position":1,"name":"Homepage","item":"https:\/\/dellaroveregioielli.it\/fr-be\/"},{"@type":"ListItem","position":2,"name":"Shop","item":"https:\/\/dellaroveregioielli.it\/negozio\/"},{"@type":"ListItem","position":3,"name":"Bracelet d&#8217;am\u00e9thyste avec pendentifs profil\u00e9s"}]},{"@type":"WebSite","@id":"https:\/\/dellaroveregioielli.it\/fr-be\/#website","url":"https:\/\/dellaroveregioielli.it\/fr-be\/","name":"Della Rovere","description":"Bijoux en argent et pierres pr\u00e9cieuses","publisher":{"@id":"https:\/\/dellaroveregioielli.it\/fr-be\/#organization"},"potentialAction":[{"@type":"SearchAction","target":{"@type":"EntryPoint","urlTemplate":"https:\/\/dellaroveregioielli.it\/fr-be\/?s={search_term_string}"},"query-input":{"@type":"PropertyValueSpecification","valueRequired":true,"valueName":"search_term_string"}}],"inLanguage":"fr-BE"},{"@type":"Organization","@id":"https:\/\/dellaroveregioielli.it\/fr-be\/#organization","name":"Della Rovere","url":"https:\/\/dellaroveregioielli.it\/fr-be\/","logo":{"@type":"ImageObject","inLanguage":"fr-BE","@id":"https:\/\/dellaroveregioielli.it\/fr-be\/#\/schema\/logo\/image\/","url":"https:\/\/dellaroveregioielli.it\/wp-content\/uploads\/2020\/08\/logo-dellarovere-completo.png","contentUrl":"https:\/\/dellaroveregioielli.it\/wp-content\/uploads\/2020\/08\/logo-dellarovere-completo.png","width":904,"height":199,"caption":"Della Rovere"},"image":{"@id":"https:\/\/dellaroveregioielli.it\/fr-be\/#\/schema\/logo\/image\/"}}]}},"_links":{"self":[{"href":"https:\/\/dellaroveregioielli.it\/fr-be\/wp-json\/wp\/v2\/product\/53626","targetHints":{"allow":["GET"]}}],"collection":[{"href":"https:\/\/dellaroveregioielli.it\/fr-be\/wp-json\/wp\/v2\/product"}],"about":[{"href":"https:\/\/dellaroveregioielli.it\/fr-be\/wp-json\/wp\/v2\/types\/product"}],"replies":[{"embeddable":true,"href":"https:\/\/dellaroveregioielli.it\/fr-be\/wp-json\/wp\/v2\/comments?post=53626"}],"version-history":[{"count":0,"href":"https:\/\/dellaroveregioielli.it\/fr-be\/wp-json\/wp\/v2\/product\/53626\/revisions"}],"wp:featuredmedia":[{"embeddable":true,"href":"https:\/\/dellaroveregioielli.it\/fr-be\/wp-json\/wp\/v2\/media\/53652"}],"wp:attachment":[{"href":"https:\/\/dellaroveregioielli.it\/fr-be\/wp-json\/wp\/v2\/media?parent=53626"}],"wp:term":[{"taxonomy":"product_brand","embeddable":true,"href":"https:\/\/dellaroveregioielli.it\/fr-be\/wp-json\/wp\/v2\/product_brand?post=53626"},{"taxonomy":"product_cat","embeddable":true,"href":"https:\/\/dellaroveregioielli.it\/fr-be\/wp-json\/wp\/v2\/product_cat?post=53626"},{"taxonomy":"product_tag","embeddable":true,"href":"https:\/\/dellaroveregioielli.it\/fr-be\/wp-json\/wp\/v2\/product_tag?post=53626"}],"curies":[{"name":"wp","href":"https:\/\/api.w.org\/{rel}","templated":true}]}}