{"id":52667,"date":"2022-03-26T19:25:22","date_gmt":"2022-03-26T18:25:22","guid":{"rendered":"https:\/\/dellaroveregioielli.it\/non class\u00e9\/aventurine-en-pierre\/"},"modified":"2022-03-26T19:25:22","modified_gmt":"2022-03-26T18:25:22","slug":"aventurine-en-pierre","status":"publish","type":"product","link":"https:\/\/dellaroveregioielli.it\/fr-be\/pierres-dures\/aventurine-en-pierre\/","title":{"rendered":"Aventurine en pierre"},"content":{"rendered":"<p>Quartz Avventurine en galets de forme irr\u00e9guli\u00e8re &#8211; taille moyenne 2cm.<\/p>\n<p><em>Tous les galets sont de forme diff\u00e9rente et ont des nuances qui varient d&rsquo;une pi\u00e8ce \u00e0 l&rsquo;autre.<\/em><\/p>\n<p><em>Photo \u00e0 titre d&rsquo;information uniquement.<\/em><\/p>\n<p>&nbsp;<\/p>","protected":false},"excerpt":{"rendered":"<p>Quartz Avventurine en galets de forme irr\u00e9guli\u00e8re &#8211; taille moyenne 2cm. Tous les galets sont de forme diff\u00e9rente et ont des nuances qui varient d&rsquo;une pi\u00e8ce \u00e0 l&rsquo;autre. Photo \u00e0 titre d&rsquo;information uniquement. &nbsp;<\/p>","protected":false},"featured_media":12386,"comment_status":"open","ping_status":"closed","template":"","meta":[],"product_brand":[],"product_cat":[1318],"product_tag":[],"class_list":{"0":"post-52667","1":"product","2":"type-product","3":"status-publish","4":"has-post-thumbnail","6":"product_cat-pierres-dures","8":"first","9":"instock","10":"taxable","11":"shipping-taxable","12":"purchasable","13":"product-type-simple"},"yoast_head":"<!-- This site is optimized with the Yoast SEO plugin v27.3 - https:\/\/yoast.com\/product\/yoast-seo-wordpress\/ -->\n<title>Aventurine en pierre - Della Rovere<\/title>\n<meta name=\"robots\" content=\"index, follow, max-snippet:-1, max-image-preview:large, max-video-preview:-1\" \/>\n<link rel=\"canonical\" href=\"https:\/\/dellaroveregioielli.it\/fr-be\/pierres-dures\/aventurine-en-pierre\/\" \/>\n<meta property=\"og:locale\" content=\"fr_FR\" \/>\n<meta property=\"og:type\" content=\"article\" \/>\n<meta property=\"og:title\" content=\"Aventurine en pierre - Della Rovere\" \/>\n<meta property=\"og:url\" content=\"https:\/\/dellaroveregioielli.it\/fr-be\/pierres-dures\/aventurine-en-pierre\/\" \/>\n<meta property=\"og:site_name\" content=\"Della Rovere\" \/>\n<script type=\"application\/ld+json\" class=\"yoast-schema-graph\">{\"@context\":\"https:\\\/\\\/schema.org\",\"@graph\":[{\"@type\":\"WebPage\",\"@id\":\"https:\\\/\\\/dellaroveregioielli.it\\\/fr-be\\\/pierres-dures\\\/aventurine-en-pierre\\\/\",\"url\":\"https:\\\/\\\/dellaroveregioielli.it\\\/fr-be\\\/pierres-dures\\\/aventurine-en-pierre\\\/\",\"name\":\"Aventurine en pierre - Della Rovere\",\"isPartOf\":{\"@id\":\"https:\\\/\\\/dellaroveregioielli.it\\\/fr-be\\\/#website\"},\"primaryImageOfPage\":{\"@id\":\"https:\\\/\\\/dellaroveregioielli.it\\\/fr-be\\\/pierres-dures\\\/aventurine-en-pierre\\\/#primaryimage\"},\"image\":{\"@id\":\"https:\\\/\\\/dellaroveregioielli.it\\\/fr-be\\\/pierres-dures\\\/aventurine-en-pierre\\\/#primaryimage\"},\"thumbnailUrl\":\"https:\\\/\\\/dellaroveregioielli.it\\\/wp-content\\\/uploads\\\/2022\\\/03\\\/BURATTATO-QUARZO-AVVENTURINA.jpg\",\"datePublished\":\"2022-03-26T18:25:22+00:00\",\"breadcrumb\":{\"@id\":\"https:\\\/\\\/dellaroveregioielli.it\\\/fr-be\\\/pierres-dures\\\/aventurine-en-pierre\\\/#breadcrumb\"},\"inLanguage\":\"fr-BE\",\"potentialAction\":[{\"@type\":\"ReadAction\",\"target\":[\"https:\\\/\\\/dellaroveregioielli.it\\\/fr-be\\\/pierres-dures\\\/aventurine-en-pierre\\\/\"]}]},{\"@type\":\"ImageObject\",\"inLanguage\":\"fr-BE\",\"@id\":\"https:\\\/\\\/dellaroveregioielli.it\\\/fr-be\\\/pierres-dures\\\/aventurine-en-pierre\\\/#primaryimage\",\"url\":\"https:\\\/\\\/dellaroveregioielli.it\\\/wp-content\\\/uploads\\\/2022\\\/03\\\/BURATTATO-QUARZO-AVVENTURINA.jpg\",\"contentUrl\":\"https:\\\/\\\/dellaroveregioielli.it\\\/wp-content\\\/uploads\\\/2022\\\/03\\\/BURATTATO-QUARZO-AVVENTURINA.jpg\",\"width\":2000,\"height\":2000,\"caption\":\"BURATTATO QUARZO AVVENTURINA\"},{\"@type\":\"BreadcrumbList\",\"@id\":\"https:\\\/\\\/dellaroveregioielli.it\\\/fr-be\\\/pierres-dures\\\/aventurine-en-pierre\\\/#breadcrumb\",\"itemListElement\":[{\"@type\":\"ListItem\",\"position\":1,\"name\":\"Homepage\",\"item\":\"https:\\\/\\\/dellaroveregioielli.it\\\/fr-be\\\/\"},{\"@type\":\"ListItem\",\"position\":2,\"name\":\"Shop\",\"item\":\"https:\\\/\\\/dellaroveregioielli.it\\\/negozio\\\/\"},{\"@type\":\"ListItem\",\"position\":3,\"name\":\"Aventurine en pierre\"}]},{\"@type\":\"WebSite\",\"@id\":\"https:\\\/\\\/dellaroveregioielli.it\\\/fr-be\\\/#website\",\"url\":\"https:\\\/\\\/dellaroveregioielli.it\\\/fr-be\\\/\",\"name\":\"Della Rovere\",\"description\":\"Bijoux en argent et pierres pr\u00e9cieuses\",\"publisher\":{\"@id\":\"https:\\\/\\\/dellaroveregioielli.it\\\/fr-be\\\/#organization\"},\"potentialAction\":[{\"@type\":\"SearchAction\",\"target\":{\"@type\":\"EntryPoint\",\"urlTemplate\":\"https:\\\/\\\/dellaroveregioielli.it\\\/fr-be\\\/?s={search_term_string}\"},\"query-input\":{\"@type\":\"PropertyValueSpecification\",\"valueRequired\":true,\"valueName\":\"search_term_string\"}}],\"inLanguage\":\"fr-BE\"},{\"@type\":\"Organization\",\"@id\":\"https:\\\/\\\/dellaroveregioielli.it\\\/fr-be\\\/#organization\",\"name\":\"Della Rovere\",\"url\":\"https:\\\/\\\/dellaroveregioielli.it\\\/fr-be\\\/\",\"logo\":{\"@type\":\"ImageObject\",\"inLanguage\":\"fr-BE\",\"@id\":\"https:\\\/\\\/dellaroveregioielli.it\\\/fr-be\\\/#\\\/schema\\\/logo\\\/image\\\/\",\"url\":\"https:\\\/\\\/dellaroveregioielli.it\\\/wp-content\\\/uploads\\\/2020\\\/08\\\/logo-dellarovere-completo.png\",\"contentUrl\":\"https:\\\/\\\/dellaroveregioielli.it\\\/wp-content\\\/uploads\\\/2020\\\/08\\\/logo-dellarovere-completo.png\",\"width\":904,\"height\":199,\"caption\":\"Della Rovere\"},\"image\":{\"@id\":\"https:\\\/\\\/dellaroveregioielli.it\\\/fr-be\\\/#\\\/schema\\\/logo\\\/image\\\/\"}}]}<\/script>\n<!-- \/ Yoast SEO plugin. -->","yoast_head_json":{"title":"Aventurine en pierre - Della Rovere","robots":{"index":"index","follow":"follow","max-snippet":"max-snippet:-1","max-image-preview":"max-image-preview:large","max-video-preview":"max-video-preview:-1"},"canonical":"https:\/\/dellaroveregioielli.it\/fr-be\/pierres-dures\/aventurine-en-pierre\/","og_locale":"fr_FR","og_type":"article","og_title":"Aventurine en pierre - Della Rovere","og_url":"https:\/\/dellaroveregioielli.it\/fr-be\/pierres-dures\/aventurine-en-pierre\/","og_site_name":"Della Rovere","schema":{"@context":"https:\/\/schema.org","@graph":[{"@type":"WebPage","@id":"https:\/\/dellaroveregioielli.it\/fr-be\/pierres-dures\/aventurine-en-pierre\/","url":"https:\/\/dellaroveregioielli.it\/fr-be\/pierres-dures\/aventurine-en-pierre\/","name":"Aventurine en pierre - Della Rovere","isPartOf":{"@id":"https:\/\/dellaroveregioielli.it\/fr-be\/#website"},"primaryImageOfPage":{"@id":"https:\/\/dellaroveregioielli.it\/fr-be\/pierres-dures\/aventurine-en-pierre\/#primaryimage"},"image":{"@id":"https:\/\/dellaroveregioielli.it\/fr-be\/pierres-dures\/aventurine-en-pierre\/#primaryimage"},"thumbnailUrl":"https:\/\/dellaroveregioielli.it\/wp-content\/uploads\/2022\/03\/BURATTATO-QUARZO-AVVENTURINA.jpg","datePublished":"2022-03-26T18:25:22+00:00","breadcrumb":{"@id":"https:\/\/dellaroveregioielli.it\/fr-be\/pierres-dures\/aventurine-en-pierre\/#breadcrumb"},"inLanguage":"fr-BE","potentialAction":[{"@type":"ReadAction","target":["https:\/\/dellaroveregioielli.it\/fr-be\/pierres-dures\/aventurine-en-pierre\/"]}]},{"@type":"ImageObject","inLanguage":"fr-BE","@id":"https:\/\/dellaroveregioielli.it\/fr-be\/pierres-dures\/aventurine-en-pierre\/#primaryimage","url":"https:\/\/dellaroveregioielli.it\/wp-content\/uploads\/2022\/03\/BURATTATO-QUARZO-AVVENTURINA.jpg","contentUrl":"https:\/\/dellaroveregioielli.it\/wp-content\/uploads\/2022\/03\/BURATTATO-QUARZO-AVVENTURINA.jpg","width":2000,"height":2000,"caption":"BURATTATO QUARZO AVVENTURINA"},{"@type":"BreadcrumbList","@id":"https:\/\/dellaroveregioielli.it\/fr-be\/pierres-dures\/aventurine-en-pierre\/#breadcrumb","itemListElement":[{"@type":"ListItem","position":1,"name":"Homepage","item":"https:\/\/dellaroveregioielli.it\/fr-be\/"},{"@type":"ListItem","position":2,"name":"Shop","item":"https:\/\/dellaroveregioielli.it\/negozio\/"},{"@type":"ListItem","position":3,"name":"Aventurine en pierre"}]},{"@type":"WebSite","@id":"https:\/\/dellaroveregioielli.it\/fr-be\/#website","url":"https:\/\/dellaroveregioielli.it\/fr-be\/","name":"Della Rovere","description":"Bijoux en argent et pierres pr\u00e9cieuses","publisher":{"@id":"https:\/\/dellaroveregioielli.it\/fr-be\/#organization"},"potentialAction":[{"@type":"SearchAction","target":{"@type":"EntryPoint","urlTemplate":"https:\/\/dellaroveregioielli.it\/fr-be\/?s={search_term_string}"},"query-input":{"@type":"PropertyValueSpecification","valueRequired":true,"valueName":"search_term_string"}}],"inLanguage":"fr-BE"},{"@type":"Organization","@id":"https:\/\/dellaroveregioielli.it\/fr-be\/#organization","name":"Della Rovere","url":"https:\/\/dellaroveregioielli.it\/fr-be\/","logo":{"@type":"ImageObject","inLanguage":"fr-BE","@id":"https:\/\/dellaroveregioielli.it\/fr-be\/#\/schema\/logo\/image\/","url":"https:\/\/dellaroveregioielli.it\/wp-content\/uploads\/2020\/08\/logo-dellarovere-completo.png","contentUrl":"https:\/\/dellaroveregioielli.it\/wp-content\/uploads\/2020\/08\/logo-dellarovere-completo.png","width":904,"height":199,"caption":"Della Rovere"},"image":{"@id":"https:\/\/dellaroveregioielli.it\/fr-be\/#\/schema\/logo\/image\/"}}]}},"_links":{"self":[{"href":"https:\/\/dellaroveregioielli.it\/fr-be\/wp-json\/wp\/v2\/product\/52667","targetHints":{"allow":["GET"]}}],"collection":[{"href":"https:\/\/dellaroveregioielli.it\/fr-be\/wp-json\/wp\/v2\/product"}],"about":[{"href":"https:\/\/dellaroveregioielli.it\/fr-be\/wp-json\/wp\/v2\/types\/product"}],"replies":[{"embeddable":true,"href":"https:\/\/dellaroveregioielli.it\/fr-be\/wp-json\/wp\/v2\/comments?post=52667"}],"version-history":[{"count":0,"href":"https:\/\/dellaroveregioielli.it\/fr-be\/wp-json\/wp\/v2\/product\/52667\/revisions"}],"wp:featuredmedia":[{"embeddable":true,"href":"https:\/\/dellaroveregioielli.it\/fr-be\/wp-json\/wp\/v2\/media\/12386"}],"wp:attachment":[{"href":"https:\/\/dellaroveregioielli.it\/fr-be\/wp-json\/wp\/v2\/media?parent=52667"}],"wp:term":[{"taxonomy":"product_brand","embeddable":true,"href":"https:\/\/dellaroveregioielli.it\/fr-be\/wp-json\/wp\/v2\/product_brand?post=52667"},{"taxonomy":"product_cat","embeddable":true,"href":"https:\/\/dellaroveregioielli.it\/fr-be\/wp-json\/wp\/v2\/product_cat?post=52667"},{"taxonomy":"product_tag","embeddable":true,"href":"https:\/\/dellaroveregioielli.it\/fr-be\/wp-json\/wp\/v2\/product_tag?post=52667"}],"curies":[{"name":"wp","href":"https:\/\/api.w.org\/{rel}","templated":true}]}}