{"id":52494,"date":"2022-05-19T18:17:43","date_gmt":"2022-05-19T16:17:43","guid":{"rendered":"https:\/\/dellaroveregioielli.it\/non class\u00e9\/bague-reglable-en-argent-avec-jaspe-oceanique\/"},"modified":"2022-05-19T18:17:43","modified_gmt":"2022-05-19T16:17:43","slug":"bague-reglable-en-argent-avec-jaspe-oceanique","status":"publish","type":"product","link":"https:\/\/dellaroveregioielli.it\/fr-be\/bagues-en-pierres-dures\/bague-reglable-en-argent-avec-jaspe-oceanique\/","title":{"rendered":"Bague r\u00e9glable en argent avec jaspe oc\u00e9anique"},"content":{"rendered":"<p>Bague r\u00e9glable en argent rhodi\u00e9 925\u2030, fabriqu\u00e9e \u00e0 la main en Italie, avec du Jaspe Oc\u00e9anique.<\/p>\n<p><em>Taille de la pierre : 4cm X 3cm<\/em><\/p>","protected":false},"excerpt":{"rendered":"<p>Bague r\u00e9glable en argent rhodi\u00e9 925\u2030, fabriqu\u00e9e \u00e0 la main en Italie, avec du Jaspe Oc\u00e9anique. Taille de la pierre : 4cm X 3cm<\/p>","protected":false},"featured_media":52495,"comment_status":"open","ping_status":"closed","template":"","meta":[],"product_brand":[],"product_cat":[1303,1310,1308,1309],"product_tag":[],"class_list":{"0":"post-52494","1":"product","2":"type-product","3":"status-publish","4":"has-post-thumbnail","6":"product_cat-bagues-pour-femmes","7":"product_cat-bagues-en-pierres-dures","8":"product_cat-bijoux-en-argent","9":"product_cat-bijoux-en-pierres-dures","11":"first","12":"instock","13":"sold-individually","14":"taxable","15":"shipping-taxable","16":"purchasable","17":"product-type-simple"},"yoast_head":"<!-- This site is optimized with the Yoast SEO plugin v27.3 - https:\/\/yoast.com\/product\/yoast-seo-wordpress\/ -->\n<title>Bague r\u00e9glable en argent avec jaspe oc\u00e9anique - Della Rovere<\/title>\n<meta name=\"robots\" content=\"index, follow, max-snippet:-1, max-image-preview:large, max-video-preview:-1\" \/>\n<link rel=\"canonical\" href=\"https:\/\/dellaroveregioielli.it\/fr-be\/bagues-en-pierres-dures\/bague-reglable-en-argent-avec-jaspe-oceanique\/\" \/>\n<meta property=\"og:locale\" content=\"fr_FR\" \/>\n<meta property=\"og:type\" content=\"article\" \/>\n<meta property=\"og:title\" content=\"Bague r\u00e9glable en argent avec jaspe oc\u00e9anique - Della Rovere\" \/>\n<meta property=\"og:url\" content=\"https:\/\/dellaroveregioielli.it\/fr-be\/bagues-en-pierres-dures\/bague-reglable-en-argent-avec-jaspe-oceanique\/\" \/>\n<meta property=\"og:site_name\" content=\"Della Rovere\" \/>\n<script type=\"application\/ld+json\" class=\"yoast-schema-graph\">{\"@context\":\"https:\\\/\\\/schema.org\",\"@graph\":[{\"@type\":\"WebPage\",\"@id\":\"https:\\\/\\\/dellaroveregioielli.it\\\/fr-be\\\/bagues-en-pierres-dures\\\/bague-reglable-en-argent-avec-jaspe-oceanique\\\/\",\"url\":\"https:\\\/\\\/dellaroveregioielli.it\\\/fr-be\\\/bagues-en-pierres-dures\\\/bague-reglable-en-argent-avec-jaspe-oceanique\\\/\",\"name\":\"Bague r\u00e9glable en argent avec jaspe oc\u00e9anique - Della Rovere\",\"isPartOf\":{\"@id\":\"https:\\\/\\\/dellaroveregioielli.it\\\/fr-be\\\/#website\"},\"primaryImageOfPage\":{\"@id\":\"https:\\\/\\\/dellaroveregioielli.it\\\/fr-be\\\/bagues-en-pierres-dures\\\/bague-reglable-en-argent-avec-jaspe-oceanique\\\/#primaryimage\"},\"image\":{\"@id\":\"https:\\\/\\\/dellaroveregioielli.it\\\/fr-be\\\/bagues-en-pierres-dures\\\/bague-reglable-en-argent-avec-jaspe-oceanique\\\/#primaryimage\"},\"thumbnailUrl\":\"https:\\\/\\\/dellaroveregioielli.it\\\/wp-content\\\/uploads\\\/2022\\\/11\\\/NA49.jpg\",\"datePublished\":\"2022-05-19T16:17:43+00:00\",\"breadcrumb\":{\"@id\":\"https:\\\/\\\/dellaroveregioielli.it\\\/fr-be\\\/bagues-en-pierres-dures\\\/bague-reglable-en-argent-avec-jaspe-oceanique\\\/#breadcrumb\"},\"inLanguage\":\"fr-BE\",\"potentialAction\":[{\"@type\":\"ReadAction\",\"target\":[\"https:\\\/\\\/dellaroveregioielli.it\\\/fr-be\\\/bagues-en-pierres-dures\\\/bague-reglable-en-argent-avec-jaspe-oceanique\\\/\"]}]},{\"@type\":\"ImageObject\",\"inLanguage\":\"fr-BE\",\"@id\":\"https:\\\/\\\/dellaroveregioielli.it\\\/fr-be\\\/bagues-en-pierres-dures\\\/bague-reglable-en-argent-avec-jaspe-oceanique\\\/#primaryimage\",\"url\":\"https:\\\/\\\/dellaroveregioielli.it\\\/wp-content\\\/uploads\\\/2022\\\/11\\\/NA49.jpg\",\"contentUrl\":\"https:\\\/\\\/dellaroveregioielli.it\\\/wp-content\\\/uploads\\\/2022\\\/11\\\/NA49.jpg\",\"width\":2000,\"height\":2000,\"caption\":\"Bague r\u00e9glable en argent avec jaspe oc\u00e9anique\"},{\"@type\":\"BreadcrumbList\",\"@id\":\"https:\\\/\\\/dellaroveregioielli.it\\\/fr-be\\\/bagues-en-pierres-dures\\\/bague-reglable-en-argent-avec-jaspe-oceanique\\\/#breadcrumb\",\"itemListElement\":[{\"@type\":\"ListItem\",\"position\":1,\"name\":\"Homepage\",\"item\":\"https:\\\/\\\/dellaroveregioielli.it\\\/fr-be\\\/\"},{\"@type\":\"ListItem\",\"position\":2,\"name\":\"Shop\",\"item\":\"https:\\\/\\\/dellaroveregioielli.it\\\/negozio\\\/\"},{\"@type\":\"ListItem\",\"position\":3,\"name\":\"Bague r\u00e9glable en argent avec jaspe oc\u00e9anique\"}]},{\"@type\":\"WebSite\",\"@id\":\"https:\\\/\\\/dellaroveregioielli.it\\\/fr-be\\\/#website\",\"url\":\"https:\\\/\\\/dellaroveregioielli.it\\\/fr-be\\\/\",\"name\":\"Della Rovere\",\"description\":\"Bijoux en argent et pierres pr\u00e9cieuses\",\"publisher\":{\"@id\":\"https:\\\/\\\/dellaroveregioielli.it\\\/fr-be\\\/#organization\"},\"potentialAction\":[{\"@type\":\"SearchAction\",\"target\":{\"@type\":\"EntryPoint\",\"urlTemplate\":\"https:\\\/\\\/dellaroveregioielli.it\\\/fr-be\\\/?s={search_term_string}\"},\"query-input\":{\"@type\":\"PropertyValueSpecification\",\"valueRequired\":true,\"valueName\":\"search_term_string\"}}],\"inLanguage\":\"fr-BE\"},{\"@type\":\"Organization\",\"@id\":\"https:\\\/\\\/dellaroveregioielli.it\\\/fr-be\\\/#organization\",\"name\":\"Della Rovere\",\"url\":\"https:\\\/\\\/dellaroveregioielli.it\\\/fr-be\\\/\",\"logo\":{\"@type\":\"ImageObject\",\"inLanguage\":\"fr-BE\",\"@id\":\"https:\\\/\\\/dellaroveregioielli.it\\\/fr-be\\\/#\\\/schema\\\/logo\\\/image\\\/\",\"url\":\"https:\\\/\\\/dellaroveregioielli.it\\\/wp-content\\\/uploads\\\/2020\\\/08\\\/logo-dellarovere-completo.png\",\"contentUrl\":\"https:\\\/\\\/dellaroveregioielli.it\\\/wp-content\\\/uploads\\\/2020\\\/08\\\/logo-dellarovere-completo.png\",\"width\":904,\"height\":199,\"caption\":\"Della Rovere\"},\"image\":{\"@id\":\"https:\\\/\\\/dellaroveregioielli.it\\\/fr-be\\\/#\\\/schema\\\/logo\\\/image\\\/\"}}]}<\/script>\n<!-- \/ Yoast SEO plugin. -->","yoast_head_json":{"title":"Bague r\u00e9glable en argent avec jaspe oc\u00e9anique - Della Rovere","robots":{"index":"index","follow":"follow","max-snippet":"max-snippet:-1","max-image-preview":"max-image-preview:large","max-video-preview":"max-video-preview:-1"},"canonical":"https:\/\/dellaroveregioielli.it\/fr-be\/bagues-en-pierres-dures\/bague-reglable-en-argent-avec-jaspe-oceanique\/","og_locale":"fr_FR","og_type":"article","og_title":"Bague r\u00e9glable en argent avec jaspe oc\u00e9anique - Della Rovere","og_url":"https:\/\/dellaroveregioielli.it\/fr-be\/bagues-en-pierres-dures\/bague-reglable-en-argent-avec-jaspe-oceanique\/","og_site_name":"Della Rovere","schema":{"@context":"https:\/\/schema.org","@graph":[{"@type":"WebPage","@id":"https:\/\/dellaroveregioielli.it\/fr-be\/bagues-en-pierres-dures\/bague-reglable-en-argent-avec-jaspe-oceanique\/","url":"https:\/\/dellaroveregioielli.it\/fr-be\/bagues-en-pierres-dures\/bague-reglable-en-argent-avec-jaspe-oceanique\/","name":"Bague r\u00e9glable en argent avec jaspe oc\u00e9anique - Della Rovere","isPartOf":{"@id":"https:\/\/dellaroveregioielli.it\/fr-be\/#website"},"primaryImageOfPage":{"@id":"https:\/\/dellaroveregioielli.it\/fr-be\/bagues-en-pierres-dures\/bague-reglable-en-argent-avec-jaspe-oceanique\/#primaryimage"},"image":{"@id":"https:\/\/dellaroveregioielli.it\/fr-be\/bagues-en-pierres-dures\/bague-reglable-en-argent-avec-jaspe-oceanique\/#primaryimage"},"thumbnailUrl":"https:\/\/dellaroveregioielli.it\/wp-content\/uploads\/2022\/11\/NA49.jpg","datePublished":"2022-05-19T16:17:43+00:00","breadcrumb":{"@id":"https:\/\/dellaroveregioielli.it\/fr-be\/bagues-en-pierres-dures\/bague-reglable-en-argent-avec-jaspe-oceanique\/#breadcrumb"},"inLanguage":"fr-BE","potentialAction":[{"@type":"ReadAction","target":["https:\/\/dellaroveregioielli.it\/fr-be\/bagues-en-pierres-dures\/bague-reglable-en-argent-avec-jaspe-oceanique\/"]}]},{"@type":"ImageObject","inLanguage":"fr-BE","@id":"https:\/\/dellaroveregioielli.it\/fr-be\/bagues-en-pierres-dures\/bague-reglable-en-argent-avec-jaspe-oceanique\/#primaryimage","url":"https:\/\/dellaroveregioielli.it\/wp-content\/uploads\/2022\/11\/NA49.jpg","contentUrl":"https:\/\/dellaroveregioielli.it\/wp-content\/uploads\/2022\/11\/NA49.jpg","width":2000,"height":2000,"caption":"Bague r\u00e9glable en argent avec jaspe oc\u00e9anique"},{"@type":"BreadcrumbList","@id":"https:\/\/dellaroveregioielli.it\/fr-be\/bagues-en-pierres-dures\/bague-reglable-en-argent-avec-jaspe-oceanique\/#breadcrumb","itemListElement":[{"@type":"ListItem","position":1,"name":"Homepage","item":"https:\/\/dellaroveregioielli.it\/fr-be\/"},{"@type":"ListItem","position":2,"name":"Shop","item":"https:\/\/dellaroveregioielli.it\/negozio\/"},{"@type":"ListItem","position":3,"name":"Bague r\u00e9glable en argent avec jaspe oc\u00e9anique"}]},{"@type":"WebSite","@id":"https:\/\/dellaroveregioielli.it\/fr-be\/#website","url":"https:\/\/dellaroveregioielli.it\/fr-be\/","name":"Della Rovere","description":"Bijoux en argent et pierres pr\u00e9cieuses","publisher":{"@id":"https:\/\/dellaroveregioielli.it\/fr-be\/#organization"},"potentialAction":[{"@type":"SearchAction","target":{"@type":"EntryPoint","urlTemplate":"https:\/\/dellaroveregioielli.it\/fr-be\/?s={search_term_string}"},"query-input":{"@type":"PropertyValueSpecification","valueRequired":true,"valueName":"search_term_string"}}],"inLanguage":"fr-BE"},{"@type":"Organization","@id":"https:\/\/dellaroveregioielli.it\/fr-be\/#organization","name":"Della Rovere","url":"https:\/\/dellaroveregioielli.it\/fr-be\/","logo":{"@type":"ImageObject","inLanguage":"fr-BE","@id":"https:\/\/dellaroveregioielli.it\/fr-be\/#\/schema\/logo\/image\/","url":"https:\/\/dellaroveregioielli.it\/wp-content\/uploads\/2020\/08\/logo-dellarovere-completo.png","contentUrl":"https:\/\/dellaroveregioielli.it\/wp-content\/uploads\/2020\/08\/logo-dellarovere-completo.png","width":904,"height":199,"caption":"Della Rovere"},"image":{"@id":"https:\/\/dellaroveregioielli.it\/fr-be\/#\/schema\/logo\/image\/"}}]}},"_links":{"self":[{"href":"https:\/\/dellaroveregioielli.it\/fr-be\/wp-json\/wp\/v2\/product\/52494","targetHints":{"allow":["GET"]}}],"collection":[{"href":"https:\/\/dellaroveregioielli.it\/fr-be\/wp-json\/wp\/v2\/product"}],"about":[{"href":"https:\/\/dellaroveregioielli.it\/fr-be\/wp-json\/wp\/v2\/types\/product"}],"replies":[{"embeddable":true,"href":"https:\/\/dellaroveregioielli.it\/fr-be\/wp-json\/wp\/v2\/comments?post=52494"}],"version-history":[{"count":0,"href":"https:\/\/dellaroveregioielli.it\/fr-be\/wp-json\/wp\/v2\/product\/52494\/revisions"}],"wp:featuredmedia":[{"embeddable":true,"href":"https:\/\/dellaroveregioielli.it\/fr-be\/wp-json\/wp\/v2\/media\/52495"}],"wp:attachment":[{"href":"https:\/\/dellaroveregioielli.it\/fr-be\/wp-json\/wp\/v2\/media?parent=52494"}],"wp:term":[{"taxonomy":"product_brand","embeddable":true,"href":"https:\/\/dellaroveregioielli.it\/fr-be\/wp-json\/wp\/v2\/product_brand?post=52494"},{"taxonomy":"product_cat","embeddable":true,"href":"https:\/\/dellaroveregioielli.it\/fr-be\/wp-json\/wp\/v2\/product_cat?post=52494"},{"taxonomy":"product_tag","embeddable":true,"href":"https:\/\/dellaroveregioielli.it\/fr-be\/wp-json\/wp\/v2\/product_tag?post=52494"}],"curies":[{"name":"wp","href":"https:\/\/api.w.org\/{rel}","templated":true}]}}