{"id":52294,"date":"2024-12-05T18:16:02","date_gmt":"2024-12-05T17:16:02","guid":{"rendered":"https:\/\/dellaroveregioielli.it\/non class\u00e9\/kit-de-therapie-par-les-cristaux-right-shape\/"},"modified":"2024-12-05T18:16:02","modified_gmt":"2024-12-05T17:16:02","slug":"kit-de-therapie-par-les-cristaux-right-shape","status":"publish","type":"product","link":"https:\/\/dellaroveregioielli.it\/fr-be\/objets-et-bien-etre\/kit-de-therapie-par-les-cristaux-right-shape\/","title":{"rendered":"Kit de th\u00e9rapie par les cristaux \u00ab\u00a0Right Shape"},"content":{"rendered":"<p>Le kit de th\u00e9rapie par les cristaux \u00ab\u00a0Right Form\u00a0\u00bb associe l&rsquo;aulite, le bois fossile et la manganocalcite pour favoriser la perte de poids, l&rsquo;\u00e9quilibre \u00e9motionnel et la d\u00e9termination, et vous accompagner sur la voie du bien-\u00eatre et de la transformation personnelle.<\/p>\n<p>Inclut un code QR avec une description d\u00e9taill\u00e9e de chaque pierre et de leur action positive, ainsi qu&rsquo;un mode d&#8217;emploi !<\/p>\n<p><em>Taille de la bo\u00eete : 10cm*10cm*4cm<\/em><\/p>\n<p>&nbsp;<\/p>","protected":false},"excerpt":{"rendered":"<p>Le kit de th\u00e9rapie par les cristaux \u00ab\u00a0Right Form\u00a0\u00bb associe l&rsquo;aulite, le bois fossile et la manganocalcite pour favoriser la perte de poids, l&rsquo;\u00e9quilibre \u00e9motionnel et la d\u00e9termination, et vous accompagner sur la voie du bien-\u00eatre et de la transformation personnelle. Inclut un code QR avec une description d\u00e9taill\u00e9e de chaque pierre et de leur [&hellip;]<\/p>","protected":false},"featured_media":21015,"comment_status":"open","ping_status":"closed","template":"","meta":[],"product_brand":[],"product_cat":[1316,1318],"product_tag":[],"class_list":{"0":"post-52294","1":"product","2":"type-product","3":"status-publish","4":"has-post-thumbnail","6":"product_cat-objets-et-bien-etre","7":"product_cat-pierres-dures","9":"first","10":"instock","11":"taxable","12":"shipping-taxable","13":"purchasable","14":"product-type-simple"},"yoast_head":"<!-- This site is optimized with the Yoast SEO plugin v27.3 - https:\/\/yoast.com\/product\/yoast-seo-wordpress\/ -->\n<title>Kit de th\u00e9rapie par les cristaux &quot;Right Shape - Della Rovere<\/title>\n<meta name=\"robots\" content=\"index, follow, max-snippet:-1, max-image-preview:large, max-video-preview:-1\" \/>\n<link rel=\"canonical\" href=\"https:\/\/dellaroveregioielli.it\/fr-be\/objets-et-bien-etre\/kit-de-therapie-par-les-cristaux-right-shape\/\" \/>\n<meta property=\"og:locale\" content=\"fr_FR\" \/>\n<meta property=\"og:type\" content=\"article\" \/>\n<meta property=\"og:title\" content=\"Kit de th\u00e9rapie par les cristaux &quot;Right Shape - Della Rovere\" \/>\n<meta property=\"og:url\" content=\"https:\/\/dellaroveregioielli.it\/fr-be\/objets-et-bien-etre\/kit-de-therapie-par-les-cristaux-right-shape\/\" \/>\n<meta property=\"og:site_name\" content=\"Della Rovere\" \/>\n<script type=\"application\/ld+json\" class=\"yoast-schema-graph\">{\"@context\":\"https:\\\/\\\/schema.org\",\"@graph\":[{\"@type\":\"WebPage\",\"@id\":\"https:\\\/\\\/dellaroveregioielli.it\\\/fr-be\\\/objets-et-bien-etre\\\/kit-de-therapie-par-les-cristaux-right-shape\\\/\",\"url\":\"https:\\\/\\\/dellaroveregioielli.it\\\/fr-be\\\/objets-et-bien-etre\\\/kit-de-therapie-par-les-cristaux-right-shape\\\/\",\"name\":\"Kit de th\u00e9rapie par les cristaux \\\"Right Shape - Della Rovere\",\"isPartOf\":{\"@id\":\"https:\\\/\\\/dellaroveregioielli.it\\\/fr-be\\\/#website\"},\"primaryImageOfPage\":{\"@id\":\"https:\\\/\\\/dellaroveregioielli.it\\\/fr-be\\\/objets-et-bien-etre\\\/kit-de-therapie-par-les-cristaux-right-shape\\\/#primaryimage\"},\"image\":{\"@id\":\"https:\\\/\\\/dellaroveregioielli.it\\\/fr-be\\\/objets-et-bien-etre\\\/kit-de-therapie-par-les-cristaux-right-shape\\\/#primaryimage\"},\"thumbnailUrl\":\"https:\\\/\\\/dellaroveregioielli.it\\\/wp-content\\\/uploads\\\/2024\\\/12\\\/giusta-forma-chiuso.jpg\",\"datePublished\":\"2024-12-05T17:16:02+00:00\",\"breadcrumb\":{\"@id\":\"https:\\\/\\\/dellaroveregioielli.it\\\/fr-be\\\/objets-et-bien-etre\\\/kit-de-therapie-par-les-cristaux-right-shape\\\/#breadcrumb\"},\"inLanguage\":\"fr-BE\",\"potentialAction\":[{\"@type\":\"ReadAction\",\"target\":[\"https:\\\/\\\/dellaroveregioielli.it\\\/fr-be\\\/objets-et-bien-etre\\\/kit-de-therapie-par-les-cristaux-right-shape\\\/\"]}]},{\"@type\":\"ImageObject\",\"inLanguage\":\"fr-BE\",\"@id\":\"https:\\\/\\\/dellaroveregioielli.it\\\/fr-be\\\/objets-et-bien-etre\\\/kit-de-therapie-par-les-cristaux-right-shape\\\/#primaryimage\",\"url\":\"https:\\\/\\\/dellaroveregioielli.it\\\/wp-content\\\/uploads\\\/2024\\\/12\\\/giusta-forma-chiuso.jpg\",\"contentUrl\":\"https:\\\/\\\/dellaroveregioielli.it\\\/wp-content\\\/uploads\\\/2024\\\/12\\\/giusta-forma-chiuso.jpg\",\"width\":1637,\"height\":1637,\"caption\":\"Kit per Cristalloterapia \\\"Giusta Forma\\\"\"},{\"@type\":\"BreadcrumbList\",\"@id\":\"https:\\\/\\\/dellaroveregioielli.it\\\/fr-be\\\/objets-et-bien-etre\\\/kit-de-therapie-par-les-cristaux-right-shape\\\/#breadcrumb\",\"itemListElement\":[{\"@type\":\"ListItem\",\"position\":1,\"name\":\"Homepage\",\"item\":\"https:\\\/\\\/dellaroveregioielli.it\\\/fr-be\\\/\"},{\"@type\":\"ListItem\",\"position\":2,\"name\":\"Shop\",\"item\":\"https:\\\/\\\/dellaroveregioielli.it\\\/negozio\\\/\"},{\"@type\":\"ListItem\",\"position\":3,\"name\":\"Kit de th\u00e9rapie par les cristaux &#8220;Right Shape\"}]},{\"@type\":\"WebSite\",\"@id\":\"https:\\\/\\\/dellaroveregioielli.it\\\/fr-be\\\/#website\",\"url\":\"https:\\\/\\\/dellaroveregioielli.it\\\/fr-be\\\/\",\"name\":\"Della Rovere\",\"description\":\"Bijoux en argent et pierres pr\u00e9cieuses\",\"publisher\":{\"@id\":\"https:\\\/\\\/dellaroveregioielli.it\\\/fr-be\\\/#organization\"},\"potentialAction\":[{\"@type\":\"SearchAction\",\"target\":{\"@type\":\"EntryPoint\",\"urlTemplate\":\"https:\\\/\\\/dellaroveregioielli.it\\\/fr-be\\\/?s={search_term_string}\"},\"query-input\":{\"@type\":\"PropertyValueSpecification\",\"valueRequired\":true,\"valueName\":\"search_term_string\"}}],\"inLanguage\":\"fr-BE\"},{\"@type\":\"Organization\",\"@id\":\"https:\\\/\\\/dellaroveregioielli.it\\\/fr-be\\\/#organization\",\"name\":\"Della Rovere\",\"url\":\"https:\\\/\\\/dellaroveregioielli.it\\\/fr-be\\\/\",\"logo\":{\"@type\":\"ImageObject\",\"inLanguage\":\"fr-BE\",\"@id\":\"https:\\\/\\\/dellaroveregioielli.it\\\/fr-be\\\/#\\\/schema\\\/logo\\\/image\\\/\",\"url\":\"https:\\\/\\\/dellaroveregioielli.it\\\/wp-content\\\/uploads\\\/2020\\\/08\\\/logo-dellarovere-completo.png\",\"contentUrl\":\"https:\\\/\\\/dellaroveregioielli.it\\\/wp-content\\\/uploads\\\/2020\\\/08\\\/logo-dellarovere-completo.png\",\"width\":904,\"height\":199,\"caption\":\"Della Rovere\"},\"image\":{\"@id\":\"https:\\\/\\\/dellaroveregioielli.it\\\/fr-be\\\/#\\\/schema\\\/logo\\\/image\\\/\"}}]}<\/script>\n<!-- \/ Yoast SEO plugin. -->","yoast_head_json":{"title":"Kit de th\u00e9rapie par les cristaux \"Right Shape - Della Rovere","robots":{"index":"index","follow":"follow","max-snippet":"max-snippet:-1","max-image-preview":"max-image-preview:large","max-video-preview":"max-video-preview:-1"},"canonical":"https:\/\/dellaroveregioielli.it\/fr-be\/objets-et-bien-etre\/kit-de-therapie-par-les-cristaux-right-shape\/","og_locale":"fr_FR","og_type":"article","og_title":"Kit de th\u00e9rapie par les cristaux \"Right Shape - Della Rovere","og_url":"https:\/\/dellaroveregioielli.it\/fr-be\/objets-et-bien-etre\/kit-de-therapie-par-les-cristaux-right-shape\/","og_site_name":"Della Rovere","schema":{"@context":"https:\/\/schema.org","@graph":[{"@type":"WebPage","@id":"https:\/\/dellaroveregioielli.it\/fr-be\/objets-et-bien-etre\/kit-de-therapie-par-les-cristaux-right-shape\/","url":"https:\/\/dellaroveregioielli.it\/fr-be\/objets-et-bien-etre\/kit-de-therapie-par-les-cristaux-right-shape\/","name":"Kit de th\u00e9rapie par les cristaux \"Right Shape - Della Rovere","isPartOf":{"@id":"https:\/\/dellaroveregioielli.it\/fr-be\/#website"},"primaryImageOfPage":{"@id":"https:\/\/dellaroveregioielli.it\/fr-be\/objets-et-bien-etre\/kit-de-therapie-par-les-cristaux-right-shape\/#primaryimage"},"image":{"@id":"https:\/\/dellaroveregioielli.it\/fr-be\/objets-et-bien-etre\/kit-de-therapie-par-les-cristaux-right-shape\/#primaryimage"},"thumbnailUrl":"https:\/\/dellaroveregioielli.it\/wp-content\/uploads\/2024\/12\/giusta-forma-chiuso.jpg","datePublished":"2024-12-05T17:16:02+00:00","breadcrumb":{"@id":"https:\/\/dellaroveregioielli.it\/fr-be\/objets-et-bien-etre\/kit-de-therapie-par-les-cristaux-right-shape\/#breadcrumb"},"inLanguage":"fr-BE","potentialAction":[{"@type":"ReadAction","target":["https:\/\/dellaroveregioielli.it\/fr-be\/objets-et-bien-etre\/kit-de-therapie-par-les-cristaux-right-shape\/"]}]},{"@type":"ImageObject","inLanguage":"fr-BE","@id":"https:\/\/dellaroveregioielli.it\/fr-be\/objets-et-bien-etre\/kit-de-therapie-par-les-cristaux-right-shape\/#primaryimage","url":"https:\/\/dellaroveregioielli.it\/wp-content\/uploads\/2024\/12\/giusta-forma-chiuso.jpg","contentUrl":"https:\/\/dellaroveregioielli.it\/wp-content\/uploads\/2024\/12\/giusta-forma-chiuso.jpg","width":1637,"height":1637,"caption":"Kit per Cristalloterapia \"Giusta Forma\""},{"@type":"BreadcrumbList","@id":"https:\/\/dellaroveregioielli.it\/fr-be\/objets-et-bien-etre\/kit-de-therapie-par-les-cristaux-right-shape\/#breadcrumb","itemListElement":[{"@type":"ListItem","position":1,"name":"Homepage","item":"https:\/\/dellaroveregioielli.it\/fr-be\/"},{"@type":"ListItem","position":2,"name":"Shop","item":"https:\/\/dellaroveregioielli.it\/negozio\/"},{"@type":"ListItem","position":3,"name":"Kit de th\u00e9rapie par les cristaux &#8220;Right Shape"}]},{"@type":"WebSite","@id":"https:\/\/dellaroveregioielli.it\/fr-be\/#website","url":"https:\/\/dellaroveregioielli.it\/fr-be\/","name":"Della Rovere","description":"Bijoux en argent et pierres pr\u00e9cieuses","publisher":{"@id":"https:\/\/dellaroveregioielli.it\/fr-be\/#organization"},"potentialAction":[{"@type":"SearchAction","target":{"@type":"EntryPoint","urlTemplate":"https:\/\/dellaroveregioielli.it\/fr-be\/?s={search_term_string}"},"query-input":{"@type":"PropertyValueSpecification","valueRequired":true,"valueName":"search_term_string"}}],"inLanguage":"fr-BE"},{"@type":"Organization","@id":"https:\/\/dellaroveregioielli.it\/fr-be\/#organization","name":"Della Rovere","url":"https:\/\/dellaroveregioielli.it\/fr-be\/","logo":{"@type":"ImageObject","inLanguage":"fr-BE","@id":"https:\/\/dellaroveregioielli.it\/fr-be\/#\/schema\/logo\/image\/","url":"https:\/\/dellaroveregioielli.it\/wp-content\/uploads\/2020\/08\/logo-dellarovere-completo.png","contentUrl":"https:\/\/dellaroveregioielli.it\/wp-content\/uploads\/2020\/08\/logo-dellarovere-completo.png","width":904,"height":199,"caption":"Della Rovere"},"image":{"@id":"https:\/\/dellaroveregioielli.it\/fr-be\/#\/schema\/logo\/image\/"}}]}},"_links":{"self":[{"href":"https:\/\/dellaroveregioielli.it\/fr-be\/wp-json\/wp\/v2\/product\/52294","targetHints":{"allow":["GET"]}}],"collection":[{"href":"https:\/\/dellaroveregioielli.it\/fr-be\/wp-json\/wp\/v2\/product"}],"about":[{"href":"https:\/\/dellaroveregioielli.it\/fr-be\/wp-json\/wp\/v2\/types\/product"}],"replies":[{"embeddable":true,"href":"https:\/\/dellaroveregioielli.it\/fr-be\/wp-json\/wp\/v2\/comments?post=52294"}],"version-history":[{"count":0,"href":"https:\/\/dellaroveregioielli.it\/fr-be\/wp-json\/wp\/v2\/product\/52294\/revisions"}],"wp:featuredmedia":[{"embeddable":true,"href":"https:\/\/dellaroveregioielli.it\/fr-be\/wp-json\/wp\/v2\/media\/21015"}],"wp:attachment":[{"href":"https:\/\/dellaroveregioielli.it\/fr-be\/wp-json\/wp\/v2\/media?parent=52294"}],"wp:term":[{"taxonomy":"product_brand","embeddable":true,"href":"https:\/\/dellaroveregioielli.it\/fr-be\/wp-json\/wp\/v2\/product_brand?post=52294"},{"taxonomy":"product_cat","embeddable":true,"href":"https:\/\/dellaroveregioielli.it\/fr-be\/wp-json\/wp\/v2\/product_cat?post=52294"},{"taxonomy":"product_tag","embeddable":true,"href":"https:\/\/dellaroveregioielli.it\/fr-be\/wp-json\/wp\/v2\/product_tag?post=52294"}],"curies":[{"name":"wp","href":"https:\/\/api.w.org\/{rel}","templated":true}]}}