{"id":51748,"date":"2026-02-06T10:39:28","date_gmt":"2026-02-06T09:39:28","guid":{"rendered":"https:\/\/dellaroveregioielli.it\/non%20class\u00e9\/collier-en-hematite-naturelle-avec-breloques-en-forme-de-coeur-elementaire-2\/"},"modified":"2026-04-03T16:11:04","modified_gmt":"2026-04-03T14:11:04","slug":"collier-en-hematite-naturelle-avec-breloques-en-forme-de-coeur-elementaire-2","status":"publish","type":"product","link":"https:\/\/dellaroveregioielli.it\/fr-be\/colliers-de-pierres-dures\/collier-en-hematite-naturelle-avec-breloques-en-forme-de-coeur-elementaire-2\/","title":{"rendered":"Collier en h\u00e9matite naturelle avec charm en forme de c\u0153ur (longueur courte)"},"content":{"rendered":"<p>Collier ras-du-cou enfil\u00e9 en h\u00e9matite naturelle avec charm en forme de c\u0153ur en h\u00e9matite rhodi\u00e9e. Fermoir en argent 925\u2030 rhodi\u00e9.  Fabriqu\u00e9 en Italie.<\/p>\n<p><em>Longueur : 37 cm<\/em><\/p>","protected":false},"excerpt":{"rendered":"<p>Collier ras-du-cou enfil\u00e9 en h\u00e9matite naturelle avec charm en forme de c\u0153ur en h\u00e9matite rhodi\u00e9e. Fermoir en argent 925\u2030 rhodi\u00e9. Fabriqu\u00e9 en Italie. Longueur : 37 cm<\/p>","protected":false},"featured_media":30100,"comment_status":"open","ping_status":"closed","template":"","meta":[],"product_brand":[],"product_cat":[1309,1306,1314],"product_tag":[1321,1324],"class_list":{"0":"post-51748","1":"product","2":"type-product","3":"status-publish","4":"has-post-thumbnail","6":"product_cat-bijoux-en-pierres-dures","7":"product_cat-colliers-pour-femmes","8":"product_cat-colliers-de-pierres-dures","9":"product_tag-ligne-de-coeur","10":"product_tag-nouveautes-2026","12":"first","13":"instock","14":"sold-individually","15":"taxable","16":"shipping-taxable","17":"purchasable","18":"product-type-simple"},"yoast_head":"<!-- This site is optimized with the Yoast SEO plugin v27.3 - https:\/\/yoast.com\/product\/yoast-seo-wordpress\/ -->\n<title>Collier en h\u00e9matite naturelle avec charm en forme de c\u0153ur (longueur courte) - Della Rovere<\/title>\n<meta name=\"description\" content=\"Collier en h\u00e9matite naturelle avec charm en forme de c\u0153ur (longueur courte). Produits artisanaux fabriqu\u00e9s en Italie. D\u00e9couvrez notre catalogue en ligne. Livraison rapide ! Coupon de r\u00e9duction pour le premier achat.\" \/>\n<meta name=\"robots\" content=\"index, follow, max-snippet:-1, max-image-preview:large, max-video-preview:-1\" \/>\n<link rel=\"canonical\" href=\"https:\/\/dellaroveregioielli.it\/fr-be\/colliers-de-pierres-dures\/collier-en-hematite-naturelle-avec-breloques-en-forme-de-coeur-elementaire-2\/\" \/>\n<meta property=\"og:locale\" content=\"fr_FR\" \/>\n<meta property=\"og:type\" content=\"article\" \/>\n<meta property=\"og:title\" content=\"Collier en h\u00e9matite naturelle avec charm en forme de c\u0153ur (longueur courte) - Della Rovere\" \/>\n<meta property=\"og:description\" content=\"Collier en h\u00e9matite naturelle avec charm en forme de c\u0153ur (longueur courte). Produits artisanaux fabriqu\u00e9s en Italie. D\u00e9couvrez notre catalogue en ligne. Livraison rapide ! Coupon de r\u00e9duction pour le premier achat.\" \/>\n<meta property=\"og:url\" content=\"https:\/\/dellaroveregioielli.it\/fr-be\/colliers-de-pierres-dures\/collier-en-hematite-naturelle-avec-breloques-en-forme-de-coeur-elementaire-2\/\" \/>\n<meta property=\"og:site_name\" content=\"Della Rovere\" \/>\n<meta property=\"article:modified_time\" content=\"2026-04-03T14:11:04+00:00\" \/>\n<meta property=\"og:image\" content=\"https:\/\/dellaroveregioielli.it\/wp-content\/uploads\/2026\/02\/SVC9C.jpg\" \/>\n\t<meta property=\"og:image:width\" content=\"2000\" \/>\n\t<meta property=\"og:image:height\" content=\"2000\" \/>\n\t<meta property=\"og:image:type\" content=\"image\/jpeg\" \/>\n<script type=\"application\/ld+json\" class=\"yoast-schema-graph\">{\"@context\":\"https:\\\/\\\/schema.org\",\"@graph\":[{\"@type\":\"WebPage\",\"@id\":\"https:\\\/\\\/dellaroveregioielli.it\\\/fr-be\\\/colliers-de-pierres-dures\\\/collier-en-hematite-naturelle-avec-breloques-en-forme-de-coeur-elementaire-2\\\/\",\"url\":\"https:\\\/\\\/dellaroveregioielli.it\\\/fr-be\\\/colliers-de-pierres-dures\\\/collier-en-hematite-naturelle-avec-breloques-en-forme-de-coeur-elementaire-2\\\/\",\"name\":\"Collier en h\u00e9matite naturelle avec charm en forme de c\u0153ur (longueur courte) - Della Rovere\",\"isPartOf\":{\"@id\":\"https:\\\/\\\/dellaroveregioielli.it\\\/fr-be\\\/#website\"},\"primaryImageOfPage\":{\"@id\":\"https:\\\/\\\/dellaroveregioielli.it\\\/fr-be\\\/colliers-de-pierres-dures\\\/collier-en-hematite-naturelle-avec-breloques-en-forme-de-coeur-elementaire-2\\\/#primaryimage\"},\"image\":{\"@id\":\"https:\\\/\\\/dellaroveregioielli.it\\\/fr-be\\\/colliers-de-pierres-dures\\\/collier-en-hematite-naturelle-avec-breloques-en-forme-de-coeur-elementaire-2\\\/#primaryimage\"},\"thumbnailUrl\":\"https:\\\/\\\/dellaroveregioielli.it\\\/wp-content\\\/uploads\\\/2026\\\/02\\\/SVC9C.jpg\",\"datePublished\":\"2026-02-06T09:39:28+00:00\",\"dateModified\":\"2026-04-03T14:11:04+00:00\",\"description\":\"Collier en h\u00e9matite naturelle avec charm en forme de c\u0153ur (longueur courte). Produits artisanaux fabriqu\u00e9s en Italie. D\u00e9couvrez notre catalogue en ligne. Livraison rapide ! Coupon de r\u00e9duction pour le premier achat.\",\"breadcrumb\":{\"@id\":\"https:\\\/\\\/dellaroveregioielli.it\\\/fr-be\\\/colliers-de-pierres-dures\\\/collier-en-hematite-naturelle-avec-breloques-en-forme-de-coeur-elementaire-2\\\/#breadcrumb\"},\"inLanguage\":\"fr-BE\",\"potentialAction\":[{\"@type\":\"ReadAction\",\"target\":[\"https:\\\/\\\/dellaroveregioielli.it\\\/fr-be\\\/colliers-de-pierres-dures\\\/collier-en-hematite-naturelle-avec-breloques-en-forme-de-coeur-elementaire-2\\\/\"]}]},{\"@type\":\"ImageObject\",\"inLanguage\":\"fr-BE\",\"@id\":\"https:\\\/\\\/dellaroveregioielli.it\\\/fr-be\\\/colliers-de-pierres-dures\\\/collier-en-hematite-naturelle-avec-breloques-en-forme-de-coeur-elementaire-2\\\/#primaryimage\",\"url\":\"https:\\\/\\\/dellaroveregioielli.it\\\/wp-content\\\/uploads\\\/2026\\\/02\\\/SVC9C.jpg\",\"contentUrl\":\"https:\\\/\\\/dellaroveregioielli.it\\\/wp-content\\\/uploads\\\/2026\\\/02\\\/SVC9C.jpg\",\"width\":2000,\"height\":2000,\"caption\":\"Collana in Ematite Naturale con elemento Charms a Cuore\"},{\"@type\":\"BreadcrumbList\",\"@id\":\"https:\\\/\\\/dellaroveregioielli.it\\\/fr-be\\\/colliers-de-pierres-dures\\\/collier-en-hematite-naturelle-avec-breloques-en-forme-de-coeur-elementaire-2\\\/#breadcrumb\",\"itemListElement\":[{\"@type\":\"ListItem\",\"position\":1,\"name\":\"Homepage\",\"item\":\"https:\\\/\\\/dellaroveregioielli.it\\\/fr-be\\\/\"},{\"@type\":\"ListItem\",\"position\":2,\"name\":\"Shop\",\"item\":\"https:\\\/\\\/dellaroveregioielli.it\\\/negozio\\\/\"},{\"@type\":\"ListItem\",\"position\":3,\"name\":\"Collier en h\u00e9matite naturelle avec charm en forme de c\u0153ur (longueur courte)\"}]},{\"@type\":\"WebSite\",\"@id\":\"https:\\\/\\\/dellaroveregioielli.it\\\/fr-be\\\/#website\",\"url\":\"https:\\\/\\\/dellaroveregioielli.it\\\/fr-be\\\/\",\"name\":\"Della Rovere\",\"description\":\"Bijoux en argent et pierres pr\u00e9cieuses\",\"publisher\":{\"@id\":\"https:\\\/\\\/dellaroveregioielli.it\\\/fr-be\\\/#organization\"},\"potentialAction\":[{\"@type\":\"SearchAction\",\"target\":{\"@type\":\"EntryPoint\",\"urlTemplate\":\"https:\\\/\\\/dellaroveregioielli.it\\\/fr-be\\\/?s={search_term_string}\"},\"query-input\":{\"@type\":\"PropertyValueSpecification\",\"valueRequired\":true,\"valueName\":\"search_term_string\"}}],\"inLanguage\":\"fr-BE\"},{\"@type\":\"Organization\",\"@id\":\"https:\\\/\\\/dellaroveregioielli.it\\\/fr-be\\\/#organization\",\"name\":\"Della Rovere\",\"url\":\"https:\\\/\\\/dellaroveregioielli.it\\\/fr-be\\\/\",\"logo\":{\"@type\":\"ImageObject\",\"inLanguage\":\"fr-BE\",\"@id\":\"https:\\\/\\\/dellaroveregioielli.it\\\/fr-be\\\/#\\\/schema\\\/logo\\\/image\\\/\",\"url\":\"https:\\\/\\\/dellaroveregioielli.it\\\/wp-content\\\/uploads\\\/2020\\\/08\\\/logo-dellarovere-completo.png\",\"contentUrl\":\"https:\\\/\\\/dellaroveregioielli.it\\\/wp-content\\\/uploads\\\/2020\\\/08\\\/logo-dellarovere-completo.png\",\"width\":904,\"height\":199,\"caption\":\"Della Rovere\"},\"image\":{\"@id\":\"https:\\\/\\\/dellaroveregioielli.it\\\/fr-be\\\/#\\\/schema\\\/logo\\\/image\\\/\"}}]}<\/script>\n<!-- \/ Yoast SEO plugin. -->","yoast_head_json":{"title":"Collier en h\u00e9matite naturelle avec charm en forme de c\u0153ur (longueur courte) - Della Rovere","description":"Collier en h\u00e9matite naturelle avec charm en forme de c\u0153ur (longueur courte). Produits artisanaux fabriqu\u00e9s en Italie. D\u00e9couvrez notre catalogue en ligne. Livraison rapide ! Coupon de r\u00e9duction pour le premier achat.","robots":{"index":"index","follow":"follow","max-snippet":"max-snippet:-1","max-image-preview":"max-image-preview:large","max-video-preview":"max-video-preview:-1"},"canonical":"https:\/\/dellaroveregioielli.it\/fr-be\/colliers-de-pierres-dures\/collier-en-hematite-naturelle-avec-breloques-en-forme-de-coeur-elementaire-2\/","og_locale":"fr_FR","og_type":"article","og_title":"Collier en h\u00e9matite naturelle avec charm en forme de c\u0153ur (longueur courte) - Della Rovere","og_description":"Collier en h\u00e9matite naturelle avec charm en forme de c\u0153ur (longueur courte). Produits artisanaux fabriqu\u00e9s en Italie. D\u00e9couvrez notre catalogue en ligne. Livraison rapide ! Coupon de r\u00e9duction pour le premier achat.","og_url":"https:\/\/dellaroveregioielli.it\/fr-be\/colliers-de-pierres-dures\/collier-en-hematite-naturelle-avec-breloques-en-forme-de-coeur-elementaire-2\/","og_site_name":"Della Rovere","article_modified_time":"2026-04-03T14:11:04+00:00","og_image":[{"width":2000,"height":2000,"url":"https:\/\/dellaroveregioielli.it\/wp-content\/uploads\/2026\/02\/SVC9C.jpg","type":"image\/jpeg"}],"schema":{"@context":"https:\/\/schema.org","@graph":[{"@type":"WebPage","@id":"https:\/\/dellaroveregioielli.it\/fr-be\/colliers-de-pierres-dures\/collier-en-hematite-naturelle-avec-breloques-en-forme-de-coeur-elementaire-2\/","url":"https:\/\/dellaroveregioielli.it\/fr-be\/colliers-de-pierres-dures\/collier-en-hematite-naturelle-avec-breloques-en-forme-de-coeur-elementaire-2\/","name":"Collier en h\u00e9matite naturelle avec charm en forme de c\u0153ur (longueur courte) - Della Rovere","isPartOf":{"@id":"https:\/\/dellaroveregioielli.it\/fr-be\/#website"},"primaryImageOfPage":{"@id":"https:\/\/dellaroveregioielli.it\/fr-be\/colliers-de-pierres-dures\/collier-en-hematite-naturelle-avec-breloques-en-forme-de-coeur-elementaire-2\/#primaryimage"},"image":{"@id":"https:\/\/dellaroveregioielli.it\/fr-be\/colliers-de-pierres-dures\/collier-en-hematite-naturelle-avec-breloques-en-forme-de-coeur-elementaire-2\/#primaryimage"},"thumbnailUrl":"https:\/\/dellaroveregioielli.it\/wp-content\/uploads\/2026\/02\/SVC9C.jpg","datePublished":"2026-02-06T09:39:28+00:00","dateModified":"2026-04-03T14:11:04+00:00","description":"Collier en h\u00e9matite naturelle avec charm en forme de c\u0153ur (longueur courte). Produits artisanaux fabriqu\u00e9s en Italie. D\u00e9couvrez notre catalogue en ligne. Livraison rapide ! Coupon de r\u00e9duction pour le premier achat.","breadcrumb":{"@id":"https:\/\/dellaroveregioielli.it\/fr-be\/colliers-de-pierres-dures\/collier-en-hematite-naturelle-avec-breloques-en-forme-de-coeur-elementaire-2\/#breadcrumb"},"inLanguage":"fr-BE","potentialAction":[{"@type":"ReadAction","target":["https:\/\/dellaroveregioielli.it\/fr-be\/colliers-de-pierres-dures\/collier-en-hematite-naturelle-avec-breloques-en-forme-de-coeur-elementaire-2\/"]}]},{"@type":"ImageObject","inLanguage":"fr-BE","@id":"https:\/\/dellaroveregioielli.it\/fr-be\/colliers-de-pierres-dures\/collier-en-hematite-naturelle-avec-breloques-en-forme-de-coeur-elementaire-2\/#primaryimage","url":"https:\/\/dellaroveregioielli.it\/wp-content\/uploads\/2026\/02\/SVC9C.jpg","contentUrl":"https:\/\/dellaroveregioielli.it\/wp-content\/uploads\/2026\/02\/SVC9C.jpg","width":2000,"height":2000,"caption":"Collana in Ematite Naturale con elemento Charms a Cuore"},{"@type":"BreadcrumbList","@id":"https:\/\/dellaroveregioielli.it\/fr-be\/colliers-de-pierres-dures\/collier-en-hematite-naturelle-avec-breloques-en-forme-de-coeur-elementaire-2\/#breadcrumb","itemListElement":[{"@type":"ListItem","position":1,"name":"Homepage","item":"https:\/\/dellaroveregioielli.it\/fr-be\/"},{"@type":"ListItem","position":2,"name":"Shop","item":"https:\/\/dellaroveregioielli.it\/negozio\/"},{"@type":"ListItem","position":3,"name":"Collier en h\u00e9matite naturelle avec charm en forme de c\u0153ur (longueur courte)"}]},{"@type":"WebSite","@id":"https:\/\/dellaroveregioielli.it\/fr-be\/#website","url":"https:\/\/dellaroveregioielli.it\/fr-be\/","name":"Della Rovere","description":"Bijoux en argent et pierres pr\u00e9cieuses","publisher":{"@id":"https:\/\/dellaroveregioielli.it\/fr-be\/#organization"},"potentialAction":[{"@type":"SearchAction","target":{"@type":"EntryPoint","urlTemplate":"https:\/\/dellaroveregioielli.it\/fr-be\/?s={search_term_string}"},"query-input":{"@type":"PropertyValueSpecification","valueRequired":true,"valueName":"search_term_string"}}],"inLanguage":"fr-BE"},{"@type":"Organization","@id":"https:\/\/dellaroveregioielli.it\/fr-be\/#organization","name":"Della Rovere","url":"https:\/\/dellaroveregioielli.it\/fr-be\/","logo":{"@type":"ImageObject","inLanguage":"fr-BE","@id":"https:\/\/dellaroveregioielli.it\/fr-be\/#\/schema\/logo\/image\/","url":"https:\/\/dellaroveregioielli.it\/wp-content\/uploads\/2020\/08\/logo-dellarovere-completo.png","contentUrl":"https:\/\/dellaroveregioielli.it\/wp-content\/uploads\/2020\/08\/logo-dellarovere-completo.png","width":904,"height":199,"caption":"Della Rovere"},"image":{"@id":"https:\/\/dellaroveregioielli.it\/fr-be\/#\/schema\/logo\/image\/"}}]}},"_links":{"self":[{"href":"https:\/\/dellaroveregioielli.it\/fr-be\/wp-json\/wp\/v2\/product\/51748","targetHints":{"allow":["GET"]}}],"collection":[{"href":"https:\/\/dellaroveregioielli.it\/fr-be\/wp-json\/wp\/v2\/product"}],"about":[{"href":"https:\/\/dellaroveregioielli.it\/fr-be\/wp-json\/wp\/v2\/types\/product"}],"replies":[{"embeddable":true,"href":"https:\/\/dellaroveregioielli.it\/fr-be\/wp-json\/wp\/v2\/comments?post=51748"}],"version-history":[{"count":0,"href":"https:\/\/dellaroveregioielli.it\/fr-be\/wp-json\/wp\/v2\/product\/51748\/revisions"}],"wp:featuredmedia":[{"embeddable":true,"href":"https:\/\/dellaroveregioielli.it\/fr-be\/wp-json\/wp\/v2\/media\/30100"}],"wp:attachment":[{"href":"https:\/\/dellaroveregioielli.it\/fr-be\/wp-json\/wp\/v2\/media?parent=51748"}],"wp:term":[{"taxonomy":"product_brand","embeddable":true,"href":"https:\/\/dellaroveregioielli.it\/fr-be\/wp-json\/wp\/v2\/product_brand?post=51748"},{"taxonomy":"product_cat","embeddable":true,"href":"https:\/\/dellaroveregioielli.it\/fr-be\/wp-json\/wp\/v2\/product_cat?post=51748"},{"taxonomy":"product_tag","embeddable":true,"href":"https:\/\/dellaroveregioielli.it\/fr-be\/wp-json\/wp\/v2\/product_tag?post=51748"}],"curies":[{"name":"wp","href":"https:\/\/api.w.org\/{rel}","templated":true}]}}