{"id":50782,"date":"2020-06-10T15:54:54","date_gmt":"2020-06-10T13:54:54","guid":{"rendered":"https:\/\/dellaroveregioielli.it\/informations-sur-le-paiement\/"},"modified":"2026-03-31T16:59:10","modified_gmt":"2026-03-31T14:59:10","slug":"informations-sur-le-paiement","status":"publish","type":"page","link":"https:\/\/dellaroveregioielli.it\/fr-be\/service-a-la-clientele\/informations-sur-le-paiement\/","title":{"rendered":"Informations sur le paiement"},"content":{"rendered":"<p>Tous les paiements effectu\u00e9s sur dellaroveregioielli.it sont garantis et s\u00e9curis\u00e9s :  <\/p>\n\n<p>Pour les paiements par carte de cr\u00e9dit, les syst\u00e8mes <strong>Woopayments et Payplug<\/strong> garantissent la protection de vos donn\u00e9es et de votre carte de cr\u00e9dit.  <\/p>\n\n<p>Outre les paiements par Visa et Mastercard, nous mettons \u00e0 votre disposition <strong>Paypal<\/strong>, <strong>Klarna, Mybank et Ideal pour les Pays-Bas.<\/strong><\/p>\n\n<p>Dans le cas de Paypal, il vous suffit de s\u00e9lectionner l&rsquo;option pour \u00eatre redirig\u00e9 vers votre compte et terminer votre commande en quelques secondes.<\/p>\n\n<p>Dans les deux cas, d\u00e8s que le paiement est effectu\u00e9, la commande entre imm\u00e9diatement en traitement et est exp\u00e9di\u00e9e dans les meilleurs d\u00e9lais.<\/p>\n\n<p>Vous pouvez \u00e9galement choisir de payer par <strong>virement bancaire \u00e0 l&rsquo;avance<\/strong>.<\/p>\n\n<p>Lors de la confirmation de votre commande, vous recevrez les coordonn\u00e9es du compte bancaire pour le paiement, et vous devrez indiquer vos nom, pr\u00e9nom et num\u00e9ro de commande comme motif du paiement. Vous trouverez \u00e9galement ces m\u00eames donn\u00e9es dans le courrier \u00e9lectronique qui vous sera envoy\u00e9 en guise de confirmation de votre commande. <\/p>\n\n<p>D\u00e8s r\u00e9ception de votre paiement, votre commande sera exp\u00e9di\u00e9e.<\/p>\n\n<p><\/p>\n\n<p><\/p>","protected":false},"excerpt":{"rendered":"<p>Tous les paiements effectu\u00e9s sur dellaroveregioielli.it sont garantis et s\u00e9curis\u00e9s : Pour les paiements par carte de cr\u00e9dit, les syst\u00e8mes Woopayments et Payplug garantissent la protection de vos donn\u00e9es et de votre carte de cr\u00e9dit. Outre les paiements par Visa et Mastercard, nous mettons \u00e0 votre disposition Paypal, Klarna, Mybank et Ideal pour les Pays-Bas. [&hellip;]<\/p>","protected":false},"author":1,"featured_media":0,"parent":50784,"menu_order":0,"comment_status":"closed","ping_status":"closed","template":"","meta":{"footnotes":""},"class_list":["post-50782","page","type-page","status-publish","hentry"],"yoast_head":"<!-- This site is optimized with the Yoast SEO plugin v27.3 - https:\/\/yoast.com\/product\/yoast-seo-wordpress\/ -->\n<title>Informations sur le paiement - Della Rovere<\/title>\n<meta name=\"robots\" content=\"index, nofollow, max-snippet:-1, max-image-preview:large, max-video-preview:-1\" \/>\n<link rel=\"canonical\" href=\"https:\/\/dellaroveregioielli.it\/fr-be\/service-a-la-clientele\/informations-sur-le-paiement\/\" \/>\n<meta property=\"og:locale\" content=\"fr_FR\" \/>\n<meta property=\"og:type\" content=\"article\" \/>\n<meta property=\"og:title\" content=\"Informations sur le paiement - Della Rovere\" \/>\n<meta property=\"og:description\" content=\"Tous les paiements effectu\u00e9s sur dellaroveregioielli.it sont garantis et s\u00e9curis\u00e9s : Pour les paiements par carte de cr\u00e9dit, les syst\u00e8mes Woopayments et Payplug garantissent la protection de vos donn\u00e9es et de votre carte de cr\u00e9dit. Outre les paiements par Visa et Mastercard, nous mettons \u00e0 votre disposition Paypal, Klarna, Mybank et Ideal pour les Pays-Bas. [&hellip;]\" \/>\n<meta property=\"og:url\" content=\"https:\/\/dellaroveregioielli.it\/fr-be\/service-a-la-clientele\/informations-sur-le-paiement\/\" \/>\n<meta property=\"og:site_name\" content=\"Della Rovere\" \/>\n<meta property=\"article:modified_time\" content=\"2026-03-31T14:59:10+00:00\" \/>\n<script type=\"application\/ld+json\" class=\"yoast-schema-graph\">{\"@context\":\"https:\\\/\\\/schema.org\",\"@graph\":[{\"@type\":\"WebPage\",\"@id\":\"https:\\\/\\\/dellaroveregioielli.it\\\/fr-be\\\/service-a-la-clientele\\\/informations-sur-le-paiement\\\/\",\"url\":\"https:\\\/\\\/dellaroveregioielli.it\\\/fr-be\\\/service-a-la-clientele\\\/informations-sur-le-paiement\\\/\",\"name\":\"Informations sur le paiement - Della Rovere\",\"isPartOf\":{\"@id\":\"https:\\\/\\\/dellaroveregioielli.it\\\/fr-be\\\/#website\"},\"datePublished\":\"2020-06-10T13:54:54+00:00\",\"dateModified\":\"2026-03-31T14:59:10+00:00\",\"breadcrumb\":{\"@id\":\"https:\\\/\\\/dellaroveregioielli.it\\\/fr-be\\\/service-a-la-clientele\\\/informations-sur-le-paiement\\\/#breadcrumb\"},\"inLanguage\":\"fr-BE\",\"potentialAction\":[{\"@type\":\"ReadAction\",\"target\":[\"https:\\\/\\\/dellaroveregioielli.it\\\/fr-be\\\/service-a-la-clientele\\\/informations-sur-le-paiement\\\/\"]}]},{\"@type\":\"BreadcrumbList\",\"@id\":\"https:\\\/\\\/dellaroveregioielli.it\\\/fr-be\\\/service-a-la-clientele\\\/informations-sur-le-paiement\\\/#breadcrumb\",\"itemListElement\":[{\"@type\":\"ListItem\",\"position\":1,\"name\":\"Homepage\",\"item\":\"https:\\\/\\\/dellaroveregioielli.it\\\/fr-be\\\/\"},{\"@type\":\"ListItem\",\"position\":2,\"name\":\"Informations sur le paiement\"}]},{\"@type\":\"WebSite\",\"@id\":\"https:\\\/\\\/dellaroveregioielli.it\\\/fr-be\\\/#website\",\"url\":\"https:\\\/\\\/dellaroveregioielli.it\\\/fr-be\\\/\",\"name\":\"Della Rovere\",\"description\":\"Bijoux en argent et pierres pr\u00e9cieuses\",\"publisher\":{\"@id\":\"https:\\\/\\\/dellaroveregioielli.it\\\/fr-be\\\/#organization\"},\"potentialAction\":[{\"@type\":\"SearchAction\",\"target\":{\"@type\":\"EntryPoint\",\"urlTemplate\":\"https:\\\/\\\/dellaroveregioielli.it\\\/fr-be\\\/?s={search_term_string}\"},\"query-input\":{\"@type\":\"PropertyValueSpecification\",\"valueRequired\":true,\"valueName\":\"search_term_string\"}}],\"inLanguage\":\"fr-BE\"},{\"@type\":\"Organization\",\"@id\":\"https:\\\/\\\/dellaroveregioielli.it\\\/fr-be\\\/#organization\",\"name\":\"Della Rovere\",\"url\":\"https:\\\/\\\/dellaroveregioielli.it\\\/fr-be\\\/\",\"logo\":{\"@type\":\"ImageObject\",\"inLanguage\":\"fr-BE\",\"@id\":\"https:\\\/\\\/dellaroveregioielli.it\\\/fr-be\\\/#\\\/schema\\\/logo\\\/image\\\/\",\"url\":\"https:\\\/\\\/dellaroveregioielli.it\\\/wp-content\\\/uploads\\\/2020\\\/08\\\/logo-dellarovere-completo.png\",\"contentUrl\":\"https:\\\/\\\/dellaroveregioielli.it\\\/wp-content\\\/uploads\\\/2020\\\/08\\\/logo-dellarovere-completo.png\",\"width\":904,\"height\":199,\"caption\":\"Della Rovere\"},\"image\":{\"@id\":\"https:\\\/\\\/dellaroveregioielli.it\\\/fr-be\\\/#\\\/schema\\\/logo\\\/image\\\/\"}}]}<\/script>\n<!-- \/ Yoast SEO plugin. -->","yoast_head_json":{"title":"Informations sur le paiement - Della Rovere","robots":{"index":"index","follow":"nofollow","max-snippet":"max-snippet:-1","max-image-preview":"max-image-preview:large","max-video-preview":"max-video-preview:-1"},"canonical":"https:\/\/dellaroveregioielli.it\/fr-be\/service-a-la-clientele\/informations-sur-le-paiement\/","og_locale":"fr_FR","og_type":"article","og_title":"Informations sur le paiement - Della Rovere","og_description":"Tous les paiements effectu\u00e9s sur dellaroveregioielli.it sont garantis et s\u00e9curis\u00e9s : Pour les paiements par carte de cr\u00e9dit, les syst\u00e8mes Woopayments et Payplug garantissent la protection de vos donn\u00e9es et de votre carte de cr\u00e9dit. Outre les paiements par Visa et Mastercard, nous mettons \u00e0 votre disposition Paypal, Klarna, Mybank et Ideal pour les Pays-Bas. [&hellip;]","og_url":"https:\/\/dellaroveregioielli.it\/fr-be\/service-a-la-clientele\/informations-sur-le-paiement\/","og_site_name":"Della Rovere","article_modified_time":"2026-03-31T14:59:10+00:00","schema":{"@context":"https:\/\/schema.org","@graph":[{"@type":"WebPage","@id":"https:\/\/dellaroveregioielli.it\/fr-be\/service-a-la-clientele\/informations-sur-le-paiement\/","url":"https:\/\/dellaroveregioielli.it\/fr-be\/service-a-la-clientele\/informations-sur-le-paiement\/","name":"Informations sur le paiement - Della Rovere","isPartOf":{"@id":"https:\/\/dellaroveregioielli.it\/fr-be\/#website"},"datePublished":"2020-06-10T13:54:54+00:00","dateModified":"2026-03-31T14:59:10+00:00","breadcrumb":{"@id":"https:\/\/dellaroveregioielli.it\/fr-be\/service-a-la-clientele\/informations-sur-le-paiement\/#breadcrumb"},"inLanguage":"fr-BE","potentialAction":[{"@type":"ReadAction","target":["https:\/\/dellaroveregioielli.it\/fr-be\/service-a-la-clientele\/informations-sur-le-paiement\/"]}]},{"@type":"BreadcrumbList","@id":"https:\/\/dellaroveregioielli.it\/fr-be\/service-a-la-clientele\/informations-sur-le-paiement\/#breadcrumb","itemListElement":[{"@type":"ListItem","position":1,"name":"Homepage","item":"https:\/\/dellaroveregioielli.it\/fr-be\/"},{"@type":"ListItem","position":2,"name":"Informations sur le paiement"}]},{"@type":"WebSite","@id":"https:\/\/dellaroveregioielli.it\/fr-be\/#website","url":"https:\/\/dellaroveregioielli.it\/fr-be\/","name":"Della Rovere","description":"Bijoux en argent et pierres pr\u00e9cieuses","publisher":{"@id":"https:\/\/dellaroveregioielli.it\/fr-be\/#organization"},"potentialAction":[{"@type":"SearchAction","target":{"@type":"EntryPoint","urlTemplate":"https:\/\/dellaroveregioielli.it\/fr-be\/?s={search_term_string}"},"query-input":{"@type":"PropertyValueSpecification","valueRequired":true,"valueName":"search_term_string"}}],"inLanguage":"fr-BE"},{"@type":"Organization","@id":"https:\/\/dellaroveregioielli.it\/fr-be\/#organization","name":"Della Rovere","url":"https:\/\/dellaroveregioielli.it\/fr-be\/","logo":{"@type":"ImageObject","inLanguage":"fr-BE","@id":"https:\/\/dellaroveregioielli.it\/fr-be\/#\/schema\/logo\/image\/","url":"https:\/\/dellaroveregioielli.it\/wp-content\/uploads\/2020\/08\/logo-dellarovere-completo.png","contentUrl":"https:\/\/dellaroveregioielli.it\/wp-content\/uploads\/2020\/08\/logo-dellarovere-completo.png","width":904,"height":199,"caption":"Della Rovere"},"image":{"@id":"https:\/\/dellaroveregioielli.it\/fr-be\/#\/schema\/logo\/image\/"}}]}},"_links":{"self":[{"href":"https:\/\/dellaroveregioielli.it\/fr-be\/wp-json\/wp\/v2\/pages\/50782","targetHints":{"allow":["GET"]}}],"collection":[{"href":"https:\/\/dellaroveregioielli.it\/fr-be\/wp-json\/wp\/v2\/pages"}],"about":[{"href":"https:\/\/dellaroveregioielli.it\/fr-be\/wp-json\/wp\/v2\/types\/page"}],"author":[{"embeddable":true,"href":"https:\/\/dellaroveregioielli.it\/fr-be\/wp-json\/wp\/v2\/users\/1"}],"replies":[{"embeddable":true,"href":"https:\/\/dellaroveregioielli.it\/fr-be\/wp-json\/wp\/v2\/comments?post=50782"}],"version-history":[{"count":0,"href":"https:\/\/dellaroveregioielli.it\/fr-be\/wp-json\/wp\/v2\/pages\/50782\/revisions"}],"up":[{"embeddable":true,"href":"https:\/\/dellaroveregioielli.it\/fr-be\/wp-json\/wp\/v2\/pages\/50784"}],"wp:attachment":[{"href":"https:\/\/dellaroveregioielli.it\/fr-be\/wp-json\/wp\/v2\/media?parent=50782"}],"curies":[{"name":"wp","href":"https:\/\/api.w.org\/{rel}","templated":true}]}}